{"id":7835,"date":"2024-07-02T14:58:08","date_gmt":"2024-07-02T11:58:08","guid":{"rendered":"https:\/\/grup-serban.ro\/?page_id=7835"},"modified":"2024-07-05T08:25:52","modified_gmt":"2024-07-05T05:25:52","slug":"achizitii-grup-serban-holding","status":"publish","type":"page","link":"https:\/\/grup-serban.ro\/en\/achizitii-grup-serban-holding\/","title":{"rendered":"PURCHASE"},"content":{"rendered":"<div data-elementor-type=\"wp-page\" data-elementor-id=\"7835\" class=\"elementor elementor-7835\">\n\t\t\t\t\t\t<section class=\"elementor-section elementor-top-section elementor-element elementor-element-51c380c elementor-section-boxed elementor-section-height-default elementor-section-height-default\" data-id=\"51c380c\" data-element_type=\"section\" data-e-type=\"section\" data-settings=\"{&quot;background_background&quot;:&quot;classic&quot;}\">\n\t\t\t\t\t\t<div class=\"elementor-container elementor-column-gap-no\">\n\t\t\t\t\t<div class=\"elementor-column elementor-col-100 elementor-top-column elementor-element elementor-element-c8ba370\" data-id=\"c8ba370\" data-element_type=\"column\" data-e-type=\"column\">\n\t\t\t<div class=\"elementor-widget-wrap elementor-element-populated\">\n\t\t\t\t\t\t<div class=\"elementor-element elementor-element-24aff37 elementor-align-left elementor-widget elementor-widget-bdevs-banner-other\" data-id=\"24aff37\" data-element_type=\"widget\" data-e-type=\"widget\" data-widget_type=\"bdevs-banner-other.default\">\n\t\t\t\t<div class=\"elementor-widget-container\">\n\t\t\t\t\t  \r\n<section>\r\n    <div class=\"pages-hero\" style=\"background-image:url(https:\/\/grup-serban.ro\/wp-content\/uploads\/2022\/08\/Investitori.jpeg)\">\r\n        <div class=\"container\">\r\n            <div class=\"pages-title\">\r\n            \t                \t            <h1>PURCHASE<\/h1>\r\n\t            \t                            <p>We acquire cereals - vegetables - fruits - animals (cattle, sheep meat breed) - eggs<\/p>\r\n                            <\/div>\r\n        <\/div>\r\n    <\/div>\r\n<\/section>\r\n\t\t\t\t\t<\/div>\n\t\t\t\t<\/div>\n\t\t\t\t\t<\/div>\n\t\t<\/div>\n\t\t\t\t\t<\/div>\n\t\t<\/section>\n\t\t\t\t<section class=\"elementor-section elementor-top-section elementor-element elementor-element-01722ee elementor-section-boxed elementor-section-height-default elementor-section-height-default\" data-id=\"01722ee\" data-element_type=\"section\" data-e-type=\"section\">\n\t\t\t\t\t\t<div class=\"elementor-container elementor-column-gap-default\">\n\t\t\t\t\t<div class=\"elementor-column elementor-col-100 elementor-top-column elementor-element elementor-element-ceac930\" data-id=\"ceac930\" data-element_type=\"column\" data-e-type=\"column\">\n\t\t\t<div class=\"elementor-widget-wrap elementor-element-populated\">\n\t\t\t\t\t\t<div class=\"elementor-element elementor-element-b4da9fa elementor-widget elementor-widget-image\" data-id=\"b4da9fa\" data-element_type=\"widget\" data-e-type=\"widget\" data-widget_type=\"image.default\">\n\t\t\t\t\t\t\t\t\t\t\t\t\t\t\t<img fetchpriority=\"high\" decoding=\"async\" width=\"768\" height=\"952\" src=\"https:\/\/grup-serban.ro\/wp-content\/uploads\/2024\/07\/achizitionam_ENG.png\" class=\"attachment-medium_large size-medium_large wp-image-7857\" alt=\"\" srcset=\"https:\/\/grup-serban.ro\/wp-content\/uploads\/2024\/07\/achizitionam_ENG.png 2517w, https:\/\/grup-serban.ro\/wp-content\/uploads\/2024\/07\/achizitionam_ENG-242x300.png 242w, https:\/\/grup-serban.ro\/wp-content\/uploads\/2024\/07\/achizitionam_ENG-826x1024.png 826w, https:\/\/grup-serban.ro\/wp-content\/uploads\/2024\/07\/achizitionam_ENG-768x953.png 768w, https:\/\/grup-serban.ro\/wp-content\/uploads\/2024\/07\/achizitionam_ENG-1238x1536.png 1238w, https:\/\/grup-serban.ro\/wp-content\/uploads\/2024\/07\/achizitionam_ENG-1651x2048.png 1651w, https:\/\/grup-serban.ro\/wp-content\/uploads\/2024\/07\/achizitionam_ENG-10x12.png 10w\" sizes=\"(max-width: 768px) 100vw, 768px\" \/>\t\t\t\t\t\t\t\t\t\t\t\t\t\t\t<\/div>\n\t\t\t\t\t<\/div>\n\t\t<\/div>\n\t\t\t\t\t<\/div>\n\t\t<\/section>\n\t\t\t\t<\/div>","protected":false},"excerpt":{"rendered":"<p>Achizi\u021bii Achizi\u021bion\u0103m cereale &#8211; legume &#8211; fructe &#8211; animale (bovine, ovine ras\u0103 de carne) &#8211; ou\u0103<\/p>","protected":false},"author":4,"featured_media":0,"parent":0,"menu_order":0,"comment_status":"closed","ping_status":"closed","template":"","meta":{"footnotes":""},"class_list":["post-7835","page","type-page","status-publish","hentry"],"yoast_head":"<!-- This site is optimized with the Yoast SEO plugin v27.5 - https:\/\/yoast.com\/product\/yoast-seo-wordpress\/ -->\n<title>Achizi\u021bii - Grup Serban<\/title>\n<meta name=\"description\" content=\"Achizi\u021bion\u0103m cereale - legume - fructe - animale (bovine, ovine ras\u0103 de carne) - ou\u0103\" \/>\n<meta name=\"robots\" content=\"index, follow, max-snippet:-1, max-image-preview:large, max-video-preview:-1\" \/>\n<link rel=\"canonical\" href=\"https:\/\/grup-serban.ro\/en\/achizitii-grup-serban-holding\/\" \/>\n<meta property=\"og:locale\" content=\"en_US\" \/>\n<meta property=\"og:type\" content=\"article\" \/>\n<meta property=\"og:title\" content=\"ACHIZI\u021aION\u0102M!\" \/>\n<meta property=\"og:description\" content=\"Achizi\u021bion\u0103m cereale - legume - fructe - animale (bovine, ovine ras\u0103 de carne) - ou\u0103\" \/>\n<meta property=\"og:url\" content=\"https:\/\/grup-serban.ro\/en\/achizitii-grup-serban-holding\/\" \/>\n<meta property=\"og:site_name\" content=\"Grup Serban\" \/>\n<meta property=\"article:publisher\" content=\"https:\/\/www.facebook.com\/GrupSerban\/\" \/>\n<meta property=\"article:modified_time\" content=\"2024-07-05T05:25:52+00:00\" \/>\n<meta name=\"twitter:card\" content=\"summary_large_image\" \/>\n<meta name=\"twitter:image\" content=\"https:\/\/grup-serban.ro\/wp-content\/uploads\/2024\/07\/achizitionam-2-768x952.png\" \/>\n<meta name=\"twitter:label1\" content=\"Est. reading time\" \/>\n\t<meta name=\"twitter:data1\" content=\"1 minute\" \/>\n<script type=\"application\/ld+json\" class=\"yoast-schema-graph\">{\"@context\":\"https:\\\/\\\/schema.org\",\"@graph\":[{\"@type\":\"WebPage\",\"@id\":\"https:\\\/\\\/grup-serban.ro\\\/achizitii-grup-serban-holding\\\/\",\"url\":\"https:\\\/\\\/grup-serban.ro\\\/achizitii-grup-serban-holding\\\/\",\"name\":\"Achizi\u021bii - Grup Serban\",\"isPartOf\":{\"@id\":\"https:\\\/\\\/grup-serban.ro\\\/#website\"},\"primaryImageOfPage\":{\"@id\":\"https:\\\/\\\/grup-serban.ro\\\/achizitii-grup-serban-holding\\\/#primaryimage\"},\"image\":{\"@id\":\"https:\\\/\\\/grup-serban.ro\\\/achizitii-grup-serban-holding\\\/#primaryimage\"},\"thumbnailUrl\":\"https:\\\/\\\/grup-serban.ro\\\/wp-content\\\/uploads\\\/2024\\\/07\\\/achizitionam-2-768x952.png\",\"datePublished\":\"2024-07-02T11:58:08+00:00\",\"dateModified\":\"2024-07-05T05:25:52+00:00\",\"description\":\"Achizi\u021bion\u0103m cereale - legume - fructe - animale (bovine, ovine ras\u0103 de carne) - ou\u0103\",\"breadcrumb\":{\"@id\":\"https:\\\/\\\/grup-serban.ro\\\/achizitii-grup-serban-holding\\\/#breadcrumb\"},\"inLanguage\":\"en-US\",\"potentialAction\":[{\"@type\":\"ReadAction\",\"target\":[\"https:\\\/\\\/grup-serban.ro\\\/achizitii-grup-serban-holding\\\/\"]}]},{\"@type\":\"ImageObject\",\"inLanguage\":\"en-US\",\"@id\":\"https:\\\/\\\/grup-serban.ro\\\/achizitii-grup-serban-holding\\\/#primaryimage\",\"url\":\"https:\\\/\\\/grup-serban.ro\\\/wp-content\\\/uploads\\\/2024\\\/07\\\/achizitionam-2-768x952.png\",\"contentUrl\":\"https:\\\/\\\/grup-serban.ro\\\/wp-content\\\/uploads\\\/2024\\\/07\\\/achizitionam-2-768x952.png\"},{\"@type\":\"BreadcrumbList\",\"@id\":\"https:\\\/\\\/grup-serban.ro\\\/achizitii-grup-serban-holding\\\/#breadcrumb\",\"itemListElement\":[{\"@type\":\"ListItem\",\"position\":1,\"name\":\"Home\",\"item\":\"https:\\\/\\\/grup-serban.ro\\\/\"},{\"@type\":\"ListItem\",\"position\":2,\"name\":\"Achizi\u021bii\"}]},{\"@type\":\"WebSite\",\"@id\":\"https:\\\/\\\/grup-serban.ro\\\/#website\",\"url\":\"https:\\\/\\\/grup-serban.ro\\\/\",\"name\":\"Grup Serban\",\"description\":\"Cu si Despre Oameni\",\"publisher\":{\"@id\":\"https:\\\/\\\/grup-serban.ro\\\/#organization\"},\"potentialAction\":[{\"@type\":\"SearchAction\",\"target\":{\"@type\":\"EntryPoint\",\"urlTemplate\":\"https:\\\/\\\/grup-serban.ro\\\/?s={search_term_string}\"},\"query-input\":{\"@type\":\"PropertyValueSpecification\",\"valueRequired\":true,\"valueName\":\"search_term_string\"}}],\"inLanguage\":\"en-US\"},{\"@type\":\"Organization\",\"@id\":\"https:\\\/\\\/grup-serban.ro\\\/#organization\",\"name\":\"Grup Serban\",\"url\":\"https:\\\/\\\/grup-serban.ro\\\/\",\"logo\":{\"@type\":\"ImageObject\",\"inLanguage\":\"en-US\",\"@id\":\"https:\\\/\\\/grup-serban.ro\\\/#\\\/schema\\\/logo\\\/image\\\/\",\"url\":\"https:\\\/\\\/grup-serban.ro\\\/wp-content\\\/uploads\\\/2022\\\/07\\\/GS-original-300x169-1-1.png\",\"contentUrl\":\"https:\\\/\\\/grup-serban.ro\\\/wp-content\\\/uploads\\\/2022\\\/07\\\/GS-original-300x169-1-1.png\",\"width\":300,\"height\":169,\"caption\":\"Grup Serban\"},\"image\":{\"@id\":\"https:\\\/\\\/grup-serban.ro\\\/#\\\/schema\\\/logo\\\/image\\\/\"},\"sameAs\":[\"https:\\\/\\\/www.facebook.com\\\/GrupSerban\\\/\"]}]}<\/script>\n<!-- \/ Yoast SEO plugin. -->","yoast_head_json":{"title":"Achizi\u021bii - Grup Serban","description":"We acquire cereals - vegetables - fruits - animals (cattle, sheep meat breed) - eggs","robots":{"index":"index","follow":"follow","max-snippet":"max-snippet:-1","max-image-preview":"max-image-preview:large","max-video-preview":"max-video-preview:-1"},"canonical":"https:\/\/grup-serban.ro\/en\/achizitii-grup-serban-holding\/","og_locale":"en_US","og_type":"article","og_title":"ACHIZI\u021aION\u0102M!","og_description":"Achizi\u021bion\u0103m cereale - legume - fructe - animale (bovine, ovine ras\u0103 de carne) - ou\u0103","og_url":"https:\/\/grup-serban.ro\/en\/achizitii-grup-serban-holding\/","og_site_name":"Grup Serban","article_publisher":"https:\/\/www.facebook.com\/GrupSerban\/","article_modified_time":"2024-07-05T05:25:52+00:00","twitter_card":"summary_large_image","twitter_image":"https:\/\/grup-serban.ro\/wp-content\/uploads\/2024\/07\/achizitionam-2-768x952.png","twitter_misc":{"Est. reading time":"1 minute"},"schema":{"@context":"https:\/\/schema.org","@graph":[{"@type":"WebPage","@id":"https:\/\/grup-serban.ro\/achizitii-grup-serban-holding\/","url":"https:\/\/grup-serban.ro\/achizitii-grup-serban-holding\/","name":"Achizi\u021bii - Grup Serban","isPartOf":{"@id":"https:\/\/grup-serban.ro\/#website"},"primaryImageOfPage":{"@id":"https:\/\/grup-serban.ro\/achizitii-grup-serban-holding\/#primaryimage"},"image":{"@id":"https:\/\/grup-serban.ro\/achizitii-grup-serban-holding\/#primaryimage"},"thumbnailUrl":"https:\/\/grup-serban.ro\/wp-content\/uploads\/2024\/07\/achizitionam-2-768x952.png","datePublished":"2024-07-02T11:58:08+00:00","dateModified":"2024-07-05T05:25:52+00:00","description":"We acquire cereals - vegetables - fruits - animals (cattle, sheep meat breed) - eggs","breadcrumb":{"@id":"https:\/\/grup-serban.ro\/achizitii-grup-serban-holding\/#breadcrumb"},"inLanguage":"en-US","potentialAction":[{"@type":"ReadAction","target":["https:\/\/grup-serban.ro\/achizitii-grup-serban-holding\/"]}]},{"@type":"ImageObject","inLanguage":"en-US","@id":"https:\/\/grup-serban.ro\/achizitii-grup-serban-holding\/#primaryimage","url":"https:\/\/grup-serban.ro\/wp-content\/uploads\/2024\/07\/achizitionam-2-768x952.png","contentUrl":"https:\/\/grup-serban.ro\/wp-content\/uploads\/2024\/07\/achizitionam-2-768x952.png"},{"@type":"BreadcrumbList","@id":"https:\/\/grup-serban.ro\/achizitii-grup-serban-holding\/#breadcrumb","itemListElement":[{"@type":"ListItem","position":1,"name":"Home","item":"https:\/\/grup-serban.ro\/"},{"@type":"ListItem","position":2,"name":"Achizi\u021bii"}]},{"@type":"WebSite","@id":"https:\/\/grup-serban.ro\/#website","url":"https:\/\/grup-serban.ro\/","name":"Grup Serban","description":"Cu si Despre Oameni","publisher":{"@id":"https:\/\/grup-serban.ro\/#organization"},"potentialAction":[{"@type":"SearchAction","target":{"@type":"EntryPoint","urlTemplate":"https:\/\/grup-serban.ro\/?s={search_term_string}"},"query-input":{"@type":"PropertyValueSpecification","valueRequired":true,"valueName":"search_term_string"}}],"inLanguage":"en-US"},{"@type":"Organization","@id":"https:\/\/grup-serban.ro\/#organization","name":"Grup Serban","url":"https:\/\/grup-serban.ro\/","logo":{"@type":"ImageObject","inLanguage":"en-US","@id":"https:\/\/grup-serban.ro\/#\/schema\/logo\/image\/","url":"https:\/\/grup-serban.ro\/wp-content\/uploads\/2022\/07\/GS-original-300x169-1-1.png","contentUrl":"https:\/\/grup-serban.ro\/wp-content\/uploads\/2022\/07\/GS-original-300x169-1-1.png","width":300,"height":169,"caption":"Grup Serban"},"image":{"@id":"https:\/\/grup-serban.ro\/#\/schema\/logo\/image\/"},"sameAs":["https:\/\/www.facebook.com\/GrupSerban\/"]}]}},"_links":{"self":[{"href":"https:\/\/grup-serban.ro\/en\/wp-json\/wp\/v2\/pages\/7835","targetHints":{"allow":["GET"]}}],"collection":[{"href":"https:\/\/grup-serban.ro\/en\/wp-json\/wp\/v2\/pages"}],"about":[{"href":"https:\/\/grup-serban.ro\/en\/wp-json\/wp\/v2\/types\/page"}],"author":[{"embeddable":true,"href":"https:\/\/grup-serban.ro\/en\/wp-json\/wp\/v2\/users\/4"}],"replies":[{"embeddable":true,"href":"https:\/\/grup-serban.ro\/en\/wp-json\/wp\/v2\/comments?post=7835"}],"version-history":[{"count":0,"href":"https:\/\/grup-serban.ro\/en\/wp-json\/wp\/v2\/pages\/7835\/revisions"}],"wp:attachment":[{"href":"https:\/\/grup-serban.ro\/en\/wp-json\/wp\/v2\/media?parent=7835"}],"curies":[{"name":"wp","href":"https:\/\/api.w.org\/{rel}","templated":true}]}}