{"id":717,"date":"2022-07-22T11:20:51","date_gmt":"2022-07-22T08:20:51","guid":{"rendered":"https:\/\/grup-serban.ro\/?page_id=717"},"modified":"2024-06-03T18:03:54","modified_gmt":"2024-06-03T15:03:54","slug":"actiuni-gsh","status":"publish","type":"page","link":"https:\/\/grup-serban.ro\/en\/actiuni-gsh\/","title":{"rendered":"Ac\u021biuni Gsh"},"content":{"rendered":"\t\t<div data-elementor-type=\"wp-page\" data-elementor-id=\"717\" class=\"elementor elementor-717\">\n\t\t\t\t\t\t<section class=\"elementor-section elementor-top-section elementor-element elementor-element-0ff14d8 elementor-section-boxed elementor-section-height-default elementor-section-height-default\" data-id=\"0ff14d8\" data-element_type=\"section\" data-e-type=\"section\" data-settings=\"{&quot;background_background&quot;:&quot;classic&quot;}\">\n\t\t\t\t\t\t<div class=\"elementor-container elementor-column-gap-no\">\n\t\t\t\t\t<div class=\"elementor-column elementor-col-100 elementor-top-column elementor-element elementor-element-af60e2e\" data-id=\"af60e2e\" data-element_type=\"column\" data-e-type=\"column\">\n\t\t\t<div class=\"elementor-widget-wrap elementor-element-populated\">\n\t\t\t\t\t\t<div class=\"elementor-element elementor-element-aba0a61 elementor-align-left elementor-widget elementor-widget-bdevs-banner-other\" data-id=\"aba0a61\" data-element_type=\"widget\" data-e-type=\"widget\" data-widget_type=\"bdevs-banner-other.default\">\n\t\t\t\t<div class=\"elementor-widget-container\">\n\t\t\t\t\t  \r\n<section>\r\n    <div class=\"pages-hero\" style=\"background-image:url(https:\/\/grup-serban.ro\/wp-content\/uploads\/2022\/08\/Investitori.jpeg)\">\r\n        <div class=\"container\">\r\n            <div class=\"pages-title\">\r\n            \t                \t                        <\/div>\r\n        <\/div>\r\n    <\/div>\r\n<\/section>\r\n\t\t\t\t\t<\/div>\n\t\t\t\t<\/div>\n\t\t\t\t\t<\/div>\n\t\t<\/div>\n\t\t\t\t\t<\/div>\n\t\t<\/section>\n\t\t\t\t<section class=\"elementor-section elementor-top-section elementor-element elementor-element-94f8383 elementor-section-boxed elementor-section-height-default elementor-section-height-default\" data-id=\"94f8383\" data-element_type=\"section\" data-e-type=\"section\">\n\t\t\t\t\t\t<div class=\"elementor-container elementor-column-gap-default\">\n\t\t\t\t\t<div class=\"elementor-column elementor-col-50 elementor-top-column elementor-element elementor-element-bb2ef5d\" data-id=\"bb2ef5d\" data-element_type=\"column\" data-e-type=\"column\">\n\t\t\t<div class=\"elementor-widget-wrap elementor-element-populated\">\n\t\t\t\t\t\t<div class=\"elementor-element elementor-element-92f59d8 elementor-widget elementor-widget-text-editor\" data-id=\"92f59d8\" data-element_type=\"widget\" data-e-type=\"widget\" data-widget_type=\"text-editor.default\">\n\t\t\t\t\t\t\t\t\t<p style=\"box-sizing: border-box; margin: 1.5em 0px 10px; color: #333333; font-family: 'Helvetica Neue', Helvetica, Arial, sans-serif; font-size: 14px; font-weight: 400; background-color: #ffffff;\"><strong>Despre GSH\u00a0 \u00a0 \u00a0 \u00a0 \u00a0 \u00a0 \u00a0 \u00a0 \u00a0 \u00a0 \u00a0 \u00a0 \u00a0 \u00a0 \u00a0 \u00a0 \u00a0 \u00a0 \u00a0 \u00a0 \u00a0 \u00a0 \u00a0 \u00a0 \u00a0 \u00a0 \u00a0 \u00a0 \u00a0 \u00a0 \u00a0 \u00a0 \u00a0 \u00a0 \u00a0 \u00a0 \u00a0 \u00a0 \u00a0 \u00a0 \u00a0 \u00a0 \u00a0 \u00a0 \u00a0 \u00a0 \u00a0 \u00a0 \u00a0 \u00a0 \u00a0 \u00a0 \u00a0 \u00a0 \u00a0 \u00a0 \u00a0 \u00a0 \u00a0 \u00a0 \u00a0 \u00a0 \u00a0 \u00a0 \u00a0 \u00a0 \u00a0 \u00a0 \u00a0 \u00a0 \u00a0 \u00a0 \u00a0 \u00a0 \u00a0 \u00a0 \u00a0 <\/strong><span style=\"color: #1f2223; font-family: Jost; font-size: 15px; font-style: normal; font-variant-ligatures: normal; font-variant-caps: normal; font-weight: 400; letter-spacing: 0px;\">Grup \u0218erban Holding este una dintre cele mai dinamice companii prezente \u00een pia\u021ba de agribusiness din Rom\u00e2nia. GSH este un grup de firme cu capital rom\u00e2nesc, \u00een plin\u0103 expansiune. Structura grupului este integrat\u0103 \u0219i are urm\u0103toarele domenii de activitate: Agribusiness (cultura cerealelor \u0219i a legumelor, comer\u021b cu cereale, plante oleaginoase \u0219i legume), Zootehnie (ferm\u0103 bovine Angus \u0219i ovine Ile de France), Panifica\u021bie, Patiserie-cofet\u0103rie, Alimenta\u021bie Public\u0103, Prest\u0103ri Servicii (distribu\u021bie \u0219i transport).<\/span><\/p><p><strong>Plasament privat<\/strong><\/p><p>Anterior list\u0103rii pe pia\u021ba AeRO a Bursei de Valori Bucure\u0219ti, Grup \u0218erban Holding a \u00eenchis cu succes un plasament privat pentru ac\u021biunile sale \u0219i a atras peste 12,7 milioane de lei de la investitori. \u00cen cadrul plasamentului privat un total de aproape 6 milioane de ac\u021biuni au fost v\u00e2ndute investitorilor la un pre\u021b de 2,12 lei pe ac\u021biune.<\/p><p><strong>Ac\u021biuni GSH<\/strong><\/p><p>Ac\u021biunile companiei au intrat la tranzac\u021bionare pe pia\u021ba AeRO a Bursei de Valori Bucure\u0219ti \u00een data de 28 februarie 2022 sub simbolul #GSH. Pentru informa\u021bii mai detaliate cu privire la evolu\u021bia noastr\u0103 pe pia\u021ba de capital v\u0103 invit\u0103m s\u0103 urm\u0103ri\u021bi\u00a0<a href=\"https:\/\/bvb.ro\/FinancialInstruments\/Details\/FinancialInstrumentsDetails.aspx?s=gsh\" target=\"_blank\" rel=\"noopener\">AICI<\/a>\u00a0profilul nostru de pe site-ul Bursei de Valori Bucure\u0219ti.<\/p>\t\t\t\t\t\t\t\t<\/div>\n\t\t\t\t\t<\/div>\n\t\t<\/div>\n\t\t\t\t<div class=\"elementor-column elementor-col-50 elementor-top-column elementor-element elementor-element-7d11fca\" data-id=\"7d11fca\" data-element_type=\"column\" data-e-type=\"column\">\n\t\t\t<div class=\"elementor-widget-wrap elementor-element-populated\">\n\t\t\t\t\t\t<div class=\"elementor-element elementor-element-ac33944 elementor-widget elementor-widget-pie_chart\" data-id=\"ac33944\" data-element_type=\"widget\" data-e-type=\"widget\" data-widget_type=\"pie_chart.default\">\n\t\t\t\t<div class=\"elementor-widget-container\">\n\t\t\t\t\t<div role=\"img\" class=\"chart-card\">\n\t<div>\n\t\t\t\t\t<h4 class=\"heading graphina-chart-heading\">\n\t\t\t\tAc\u021biuni GSH\t\t\t<\/h4>\n\t\t\n\t\t\t<\/div>\n\t\n<div class=\"chart-box\">\n    <div class=\"graphina-elementor-chart \"\n        data-common_filter_id=\"\"\n        data-chart_type=\"pie\"\n        data-element_id=\"ac33944\"\n        data-chart_options=\"{&quot;series&quot;:[162425624,6494523,576000],&quot;chart&quot;:{&quot;id&quot;:&quot;ac33944&quot;,&quot;background&quot;:&quot;&quot;,&quot;height&quot;:350,&quot;type&quot;:&quot;pie&quot;,&quot;toolbar&quot;:{&quot;offsetX&quot;:0,&quot;offsetY&quot;:0,&quot;show&quot;:false,&quot;export&quot;:{&quot;csv&quot;:{&quot;filename&quot;:&quot;&quot;},&quot;svg&quot;:{&quot;filename&quot;:&quot;&quot;},&quot;png&quot;:{&quot;filename&quot;:&quot;&quot;}},&quot;tools&quot;:{&quot;download&quot;:false}},&quot;dropShadow&quot;:{&quot;enabled&quot;:false,&quot;top&quot;:0,&quot;left&quot;:0,&quot;blur&quot;:0,&quot;color&quot;:&quot;&quot;,&quot;opacity&quot;:0},&quot;animations&quot;:{&quot;enabled&quot;:true,&quot;speed&quot;:800,&quot;delay&quot;:150},&quot;locales&quot;:[{&quot;name&quot;:&quot;en_US&quot;,&quot;options&quot;:{&quot;toolbar&quot;:{&quot;download&quot;:&quot;Download SVG&quot;,&quot;selection&quot;:&quot;Selection&quot;,&quot;selectionZoom&quot;:&quot;Selection Zoom&quot;,&quot;zoomIn&quot;:&quot;Zoom In&quot;,&quot;zoomOut&quot;:&quot;Zoom Out&quot;,&quot;pan&quot;:&quot;Panning&quot;,&quot;reset&quot;:&quot;Reset Zoom&quot;,&quot;menu&quot;:&quot;Menu&quot;,&quot;exportToSVG&quot;:&quot;Download SVG&quot;,&quot;exportToPNG&quot;:&quot;Download PNG&quot;,&quot;exportToCSV&quot;:&quot;Download CSV&quot;},&quot;months&quot;:[&quot;January&quot;,&quot;February&quot;,&quot;March&quot;,&quot;April&quot;,&quot;May&quot;,&quot;June&quot;,&quot;July&quot;,&quot;August&quot;,&quot;September&quot;,&quot;October&quot;,&quot;November&quot;,&quot;December&quot;],&quot;shortMonths&quot;:[&quot;Jan&quot;,&quot;Feb&quot;,&quot;Mar&quot;,&quot;Apr&quot;,&quot;May&quot;,&quot;Jun&quot;,&quot;Jul&quot;,&quot;Aug&quot;,&quot;Sep&quot;,&quot;Oct&quot;,&quot;Nov&quot;,&quot;Dec&quot;],&quot;days&quot;:[&quot;Sunday&quot;,&quot;Monday&quot;,&quot;Tuesday&quot;,&quot;Wednesday&quot;,&quot;Thursday&quot;,&quot;Friday&quot;,&quot;Saturday&quot;],&quot;shortDays&quot;:[&quot;Sun&quot;,&quot;Mon&quot;,&quot;Tue&quot;,&quot;Wed&quot;,&quot;Thu&quot;,&quot;Fri&quot;,&quot;Sat&quot;]}}],&quot;defaultLocale&quot;:&quot;en_US&quot;},&quot;xaxis&quot;:{&quot;categories&quot;:[&quot;Serban Lucian Nicolae&quot;,&quot;Alti actionari persoane fizice&quot;,&quot;Alti actionari persoane juridice&quot;],&quot;tickPlacement&quot;:&quot;&quot;,&quot;position&quot;:&quot;buttom&quot;,&quot;labels&quot;:{&quot;show&quot;:false,&quot;rotateAlways&quot;:false,&quot;rotate&quot;:0,&quot;offsetX&quot;:0,&quot;offsetY&quot;:0,&quot;trim&quot;:true,&quot;style&quot;:{&quot;colors&quot;:&quot;#000000&quot;,&quot;fontSize&quot;:&quot;12px&quot;,&quot;fontFamily&quot;:&quot;Jost&quot;,&quot;fontWeight&quot;:&quot;&quot;}},&quot;tooltip&quot;:{&quot;enabled&quot;:false},&quot;crosshairs&quot;:{&quot;show&quot;:false}},&quot;colors&quot;:[&quot;#B61426&quot;,&quot;#8C8A7A&quot;,&quot;#000000&quot;],&quot;yaxis&quot;:{&quot;tickAmount&quot;:6,&quot;decimalsInFloat&quot;:1,&quot;labels&quot;:{&quot;show&quot;:false,&quot;offsetX&quot;:0,&quot;offsetY&quot;:0,&quot;style&quot;:{&quot;colors&quot;:&quot;#000000&quot;,&quot;fontSize&quot;:&quot;12px&quot;,&quot;fontFamily&quot;:&quot;Jost&quot;,&quot;fontWeight&quot;:&quot;&quot;}},&quot;tooltip&quot;:{&quot;enabled&quot;:false},&quot;crosshairs&quot;:{&quot;show&quot;:false}},&quot;legend&quot;:{&quot;showForSingleSeries&quot;:true,&quot;show&quot;:true,&quot;horizontalAlign&quot;:&quot;center&quot;,&quot;fontSize&quot;:&quot;12px&quot;,&quot;fontFamily&quot;:&quot;Jost&quot;,&quot;fontWeight&quot;:&quot;&quot;,&quot;labels&quot;:{&quot;colors&quot;:&quot;#000000&quot;},&quot;position&quot;:&quot;bottom&quot;},&quot;dataLabels&quot;:{&quot;enabled&quot;:false,&quot;style&quot;:{&quot;fontSize&quot;:&quot;12px&quot;,&quot;fontFamily&quot;:&quot;Jost&quot;,&quot;fontWeight&quot;:&quot;&quot;,&quot;colors&quot;:[null]},&quot;background&quot;:{&quot;enabled&quot;:false,&quot;borderRadius&quot;:0,&quot;foreColor&quot;:&quot;#ffffff&quot;,&quot;borderWidth&quot;:1,&quot;borderColor&quot;:&quot;#ffffff&quot;},&quot;dropShadow&quot;:{&quot;enabled&quot;:false}},&quot;noData&quot;:{&quot;text&quot;:&quot;No Data Available&quot;,&quot;align&quot;:&quot;center&quot;,&quot;verticalAlign&quot;:&quot;middle&quot;,&quot;style&quot;:{&quot;fontSize&quot;:&quot;12px&quot;,&quot;fontFamily&quot;:&quot;Jost&quot;,&quot;color&quot;:&quot;#000000&quot;}},&quot;tooltip&quot;:{&quot;enabled&quot;:true,&quot;theme&quot;:&quot;light&quot;,&quot;style&quot;:{&quot;fontSize&quot;:&quot;12px&quot;,&quot;fontFamily&quot;:&quot;Jost&quot;},&quot;y&quot;:[]},&quot;responsive&quot;:[{&quot;breakpoint&quot;:1024,&quot;options&quot;:{&quot;chart&quot;:{&quot;height&quot;:350},&quot;dataLabels&quot;:{&quot;enabled&quot;:false,&quot;style&quot;:{&quot;fontSize&quot;:&quot;12px&quot;,&quot;fontWeight&quot;:&quot;&quot;,&quot;colors&quot;:[null]},&quot;background&quot;:{&quot;enabled&quot;:false,&quot;borderRadius&quot;:0,&quot;foreColor&quot;:&quot;#ffffff&quot;,&quot;borderWidth&quot;:1,&quot;borderColor&quot;:&quot;#ffffff&quot;}},&quot;legend&quot;:{&quot;showForSingleSeries&quot;:true,&quot;fontSize&quot;:&quot;12px&quot;,&quot;fontWeight&quot;:&quot;&quot;,&quot;position&quot;:&quot;bottom&quot;,&quot;horizontalAlign&quot;:&quot;center&quot;,&quot;labels&quot;:{&quot;colors&quot;:&quot;#000000&quot;}}}},{&quot;breakpoint&quot;:767,&quot;options&quot;:{&quot;chart&quot;:{&quot;height&quot;:350},&quot;dataLabels&quot;:{&quot;enabled&quot;:false,&quot;style&quot;:{&quot;fontSize&quot;:&quot;12px&quot;,&quot;fontWeight&quot;:&quot;&quot;,&quot;colors&quot;:[null]},&quot;background&quot;:{&quot;enabled&quot;:false,&quot;borderRadius&quot;:0,&quot;foreColor&quot;:&quot;#ffffff&quot;,&quot;borderWidth&quot;:1,&quot;borderColor&quot;:&quot;#ffffff&quot;}},&quot;legend&quot;:{&quot;showForSingleSeries&quot;:true,&quot;fontSize&quot;:&quot;12px&quot;,&quot;fontWeight&quot;:&quot;&quot;,&quot;position&quot;:&quot;bottom&quot;,&quot;horizontalAlign&quot;:&quot;center&quot;,&quot;labels&quot;:{&quot;colors&quot;:&quot;#000000&quot;}}}}],&quot;stroke&quot;:{&quot;show&quot;:false,&quot;width&quot;:0},&quot;plotOptions&quot;:{&quot;pie&quot;:{&quot;show&quot;:false,&quot;startAngle&quot;:0,&quot;endAngle&quot;:360,&quot;donut&quot;:{&quot;fontSize&quot;:&quot;12px&quot;,&quot;labels&quot;:{&quot;show&quot;:false,&quot;valueInStringShow&quot;:&quot;no&quot;,&quot;valueInStringValue&quot;:0,&quot;showlabel&quot;:&quot;no&quot;,&quot;showValue&quot;:&quot;no&quot;,&quot;value&quot;:{&quot;fontFamily&quot;:&quot;Jost&quot;,&quot;fontWeight&quot;:&quot;&quot;,&quot;color&quot;:&quot;#000000&quot;,&quot;fontSize&quot;:&quot;12px&quot;},&quot;total&quot;:{&quot;show&quot;:false,&quot;showAlways&quot;:false,&quot;label&quot;:&quot;Total&quot;,&quot;fontFamily&quot;:&quot;Jost&quot;,&quot;fontWeight&quot;:&quot;&quot;,&quot;color&quot;:&quot;#000000&quot;}}}}},&quot;fill&quot;:{&quot;type&quot;:&quot;classic&quot;,&quot;opacity&quot;:1,&quot;colors&quot;:[&quot;#B61426&quot;,&quot;#8C8A7A&quot;,&quot;#000000&quot;],&quot;gradient&quot;:{&quot;gradientToColors&quot;:[&quot;#B61426&quot;,&quot;#8C8A7A&quot;,&quot;#000000&quot;],&quot;type&quot;:&quot;vertical&quot;,&quot;inverseColors&quot;:false,&quot;opacityFrom&quot;:0,&quot;opacityTo&quot;:0},&quot;pattern&quot;:{&quot;style&quot;:[&quot;&quot;,&quot;&quot;,&quot;&quot;],&quot;width&quot;:6,&quot;height&quot;:6,&quot;strokeWidth&quot;:2}},&quot;labels&quot;:[&quot;Serban Lucian Nicolae&quot;,&quot;Alti actionari persoane fizice&quot;,&quot;Alti actionari persoane juridice&quot;]}\"\n        data-responsive_options=\"[{&quot;breakpoint&quot;:1024,&quot;options&quot;:{&quot;chart&quot;:{&quot;height&quot;:350},&quot;xaxis&quot;:{&quot;title&quot;:{&quot;style&quot;:{&quot;fontSize&quot;:&quot;12px&quot;}},&quot;labels&quot;:{&quot;style&quot;:{&quot;fontSize&quot;:&quot;12px&quot;}}},&quot;yaxis&quot;:{&quot;title&quot;:{&quot;style&quot;:{&quot;fontSize&quot;:&quot;12px&quot;}},&quot;labels&quot;:{&quot;style&quot;:{&quot;fontSize&quot;:&quot;12px&quot;}}},&quot;legend&quot;:{&quot;fontSize&quot;:&quot;12px&quot;,&quot;position&quot;:&quot;bottom&quot;,&quot;horizontalAlign&quot;:&quot;center&quot;},&quot;dataLabels&quot;:{&quot;style&quot;:{&quot;fontSize&quot;:&quot;12px&quot;}}}},{&quot;breakpoint&quot;:674,&quot;options&quot;:{&quot;chart&quot;:{&quot;height&quot;:350},&quot;xaxis&quot;:{&quot;title&quot;:{&quot;style&quot;:{&quot;fontSize&quot;:&quot;12px&quot;}},&quot;labels&quot;:{&quot;style&quot;:{&quot;fontSize&quot;:&quot;12px&quot;}}},&quot;yaxis&quot;:{&quot;title&quot;:{&quot;style&quot;:{&quot;fontSize&quot;:&quot;12px&quot;}},&quot;labels&quot;:{&quot;style&quot;:{&quot;fontSize&quot;:&quot;12px&quot;}}},&quot;legend&quot;:{&quot;fontSize&quot;:&quot;12px&quot;,&quot;position&quot;:&quot;bottom&quot;,&quot;horizontalAlign&quot;:&quot;center&quot;},&quot;dataLabels&quot;:{&quot;style&quot;:{&quot;fontSize&quot;:&quot;12px&quot;}}}}]\"\n        data-extra_data=\"{&quot;no_data_text&quot;:&quot;No Data Available&quot;,&quot;legend_show_series_value&quot;:false,&quot;xaxis_label_prefix_show&quot;:false,&quot;xaxis_label_prefix&quot;:&quot;&quot;,&quot;xaxis_label_postfix&quot;:&quot;&quot;,&quot;xaxis_show_time&quot;:false,&quot;xaxis_show_date&quot;:false,&quot;yaxis_label_prefix_show&quot;:false,&quot;yaxis_label_format&quot;:false,&quot;yaxis_label_prefix&quot;:&quot;&quot;,&quot;yaxis_label_postfix&quot;:&quot;&quot;,&quot;decimal_in_float&quot;:0,&quot;chart_datalabel_decimals_in_float&quot;:0,&quot;chart_number_format_commas&quot;:false,&quot;chart_yaxis_label_pointer&quot;:false,&quot;chart_yaxis_label_pointer_number&quot;:0,&quot;chart_opposite_yaxis_title_enable&quot;:false,&quot;chart_opposite_yaxis_format_number&quot;:false,&quot;chart_opposite_yaxis_label_show&quot;:false,&quot;chart_opposite_yaxis_label_prefix&quot;:&quot;&quot;,&quot;chart_opposite_yaxis_label_postfix&quot;:&quot;&quot;,&quot;chart_datalabel_prefix&quot;:&quot;&quot;,&quot;chart_tooltip_prefix_val&quot;:&quot;&quot;,&quot;chart_datalabel_postfix&quot;:&quot;&quot;,&quot;chart_tooltip_postfix_val&quot;:&quot;&quot;,&quot;chart_data_option&quot;:false,&quot;dynamic_type&quot;:&quot;manual&quot;,&quot;chart_dynamic_data_option&quot;:&quot;&quot;,&quot;chart_data_series_count_dynamic&quot;:3,&quot;chart_csv_column_wise_enable&quot;:false,&quot;chart_csv_x_columns&quot;:&quot;&quot;,&quot;chart_csv_y_columns&quot;:&quot;&quot;,&quot;chart_csv_x_columns_sql&quot;:&quot;&quot;,&quot;chart_csv_y_columns_sql&quot;:&quot;&quot;,&quot;can_chart_reload_ajax&quot;:false,&quot;interval_data_refresh&quot;:15,&quot;is_chart_horizontal&quot;:false,&quot;current_post_id&quot;:717,&quot;graphina_prefix&quot;:&quot;iq_&quot;,&quot;chart_data_label_pointer&quot;:false,&quot;chart_legend_show_series_postfix&quot;:&quot;&quot;,&quot;chart_legend_show_series_prefix&quot;:&quot;&quot;,&quot;chart_datalabels_format_showValue&quot;:false,&quot;chart_datalabels_format_showlabel&quot;:false}\"\n        data-settings=\"[]\"\n        style=\"height: 350px;\"\n    >\n    <\/div>\n<\/div>\n<script>\n    (function($) {\n        'use strict';\n        $(document).ready(function() {\n            if (window.graphinaPieChart && typeof window.graphinaPieChart.observeChartElement === 'function') {\n                window.graphinaPieChart.observeChartElement($('.graphina-elementor-chart[data-element_id=\"ac33944\"]'), 'pie');\n            }\n        });\n    })(jQuery);\n<\/script>\t<div class=\"graphina-filter-notext graphina-ac33944-notext\" style=\"display: none; height:350px; align-content:center\">\n\t\t<p class=\"graphina-filter-notext\" style=\"text-align: center;\">\n\t\t\tNo Data Found\t\t<\/p>\n\t<\/div>\n\n<\/div>\t\t\t\t<\/div>\n\t\t\t\t<\/div>\n\t\t\t\t\t<\/div>\n\t\t<\/div>\n\t\t\t\t\t<\/div>\n\t\t<\/section>\n\t\t\t\t<\/div>\n\t\t","protected":false},"excerpt":{"rendered":"<p>Despre GSH\u00a0 \u00a0 \u00a0 \u00a0 \u00a0 \u00a0 \u00a0 \u00a0 \u00a0 \u00a0 \u00a0 \u00a0 \u00a0 \u00a0 \u00a0 \u00a0 \u00a0 \u00a0 \u00a0 \u00a0 \u00a0 \u00a0 \u00a0 \u00a0 \u00a0 \u00a0 \u00a0 \u00a0 \u00a0 \u00a0 \u00a0 \u00a0 \u00a0 \u00a0 \u00a0 \u00a0 \u00a0 \u00a0 \u00a0 \u00a0 \u00a0 \u00a0 \u00a0 \u00a0 \u00a0 \u00a0 \u00a0 \u00a0 \u00a0 \u00a0 \u00a0 \u00a0 \u00a0 \u00a0 [&hellip;]<\/p>\n","protected":false},"author":1,"featured_media":0,"parent":0,"menu_order":0,"comment_status":"closed","ping_status":"closed","template":"","meta":{"footnotes":""},"class_list":["post-717","page","type-page","status-publish","hentry"],"yoast_head":"<!-- This site is optimized with the Yoast SEO plugin v27.5 - https:\/\/yoast.com\/product\/yoast-seo-wordpress\/ -->\n<title>Ac\u021biuni Gsh - Grup Serban<\/title>\n<meta name=\"robots\" content=\"index, follow, max-snippet:-1, max-image-preview:large, max-video-preview:-1\" \/>\n<link rel=\"canonical\" href=\"https:\/\/grup-serban.ro\/en\/actiuni-gsh\/\" \/>\n<meta property=\"og:locale\" content=\"en_US\" \/>\n<meta property=\"og:type\" content=\"article\" \/>\n<meta property=\"og:title\" content=\"Ac\u021biuni Gsh - Grup Serban\" \/>\n<meta property=\"og:description\" content=\"Despre GSH\u00a0 \u00a0 \u00a0 \u00a0 \u00a0 \u00a0 \u00a0 \u00a0 \u00a0 \u00a0 \u00a0 \u00a0 \u00a0 \u00a0 \u00a0 \u00a0 \u00a0 \u00a0 \u00a0 \u00a0 \u00a0 \u00a0 \u00a0 \u00a0 \u00a0 \u00a0 \u00a0 \u00a0 \u00a0 \u00a0 \u00a0 \u00a0 \u00a0 \u00a0 \u00a0 \u00a0 \u00a0 \u00a0 \u00a0 \u00a0 \u00a0 \u00a0 \u00a0 \u00a0 \u00a0 \u00a0 \u00a0 \u00a0 \u00a0 \u00a0 \u00a0 \u00a0 \u00a0 \u00a0 [&hellip;]\" \/>\n<meta property=\"og:url\" content=\"https:\/\/grup-serban.ro\/en\/actiuni-gsh\/\" \/>\n<meta property=\"og:site_name\" content=\"Grup Serban\" \/>\n<meta property=\"article:publisher\" content=\"https:\/\/www.facebook.com\/GrupSerban\/\" \/>\n<meta property=\"article:modified_time\" content=\"2024-06-03T15:03:54+00:00\" \/>\n<meta name=\"twitter:card\" content=\"summary_large_image\" \/>\n<meta name=\"twitter:label1\" content=\"Est. reading time\" \/>\n\t<meta name=\"twitter:data1\" content=\"2 minutes\" \/>\n<script type=\"application\/ld+json\" class=\"yoast-schema-graph\">{\"@context\":\"https:\\\/\\\/schema.org\",\"@graph\":[{\"@type\":\"WebPage\",\"@id\":\"https:\\\/\\\/grup-serban.ro\\\/actiuni-gsh\\\/\",\"url\":\"https:\\\/\\\/grup-serban.ro\\\/actiuni-gsh\\\/\",\"name\":\"Ac\u021biuni Gsh - Grup Serban\",\"isPartOf\":{\"@id\":\"https:\\\/\\\/grup-serban.ro\\\/#website\"},\"datePublished\":\"2022-07-22T08:20:51+00:00\",\"dateModified\":\"2024-06-03T15:03:54+00:00\",\"breadcrumb\":{\"@id\":\"https:\\\/\\\/grup-serban.ro\\\/actiuni-gsh\\\/#breadcrumb\"},\"inLanguage\":\"en-US\",\"potentialAction\":[{\"@type\":\"ReadAction\",\"target\":[\"https:\\\/\\\/grup-serban.ro\\\/actiuni-gsh\\\/\"]}]},{\"@type\":\"BreadcrumbList\",\"@id\":\"https:\\\/\\\/grup-serban.ro\\\/actiuni-gsh\\\/#breadcrumb\",\"itemListElement\":[{\"@type\":\"ListItem\",\"position\":1,\"name\":\"Home\",\"item\":\"https:\\\/\\\/grup-serban.ro\\\/\"},{\"@type\":\"ListItem\",\"position\":2,\"name\":\"Ac\u021biuni Gsh\"}]},{\"@type\":\"WebSite\",\"@id\":\"https:\\\/\\\/grup-serban.ro\\\/#website\",\"url\":\"https:\\\/\\\/grup-serban.ro\\\/\",\"name\":\"Grup Serban\",\"description\":\"Cu si Despre Oameni\",\"publisher\":{\"@id\":\"https:\\\/\\\/grup-serban.ro\\\/#organization\"},\"potentialAction\":[{\"@type\":\"SearchAction\",\"target\":{\"@type\":\"EntryPoint\",\"urlTemplate\":\"https:\\\/\\\/grup-serban.ro\\\/?s={search_term_string}\"},\"query-input\":{\"@type\":\"PropertyValueSpecification\",\"valueRequired\":true,\"valueName\":\"search_term_string\"}}],\"inLanguage\":\"en-US\"},{\"@type\":\"Organization\",\"@id\":\"https:\\\/\\\/grup-serban.ro\\\/#organization\",\"name\":\"Grup Serban\",\"url\":\"https:\\\/\\\/grup-serban.ro\\\/\",\"logo\":{\"@type\":\"ImageObject\",\"inLanguage\":\"en-US\",\"@id\":\"https:\\\/\\\/grup-serban.ro\\\/#\\\/schema\\\/logo\\\/image\\\/\",\"url\":\"https:\\\/\\\/grup-serban.ro\\\/wp-content\\\/uploads\\\/2022\\\/07\\\/GS-original-300x169-1-1.png\",\"contentUrl\":\"https:\\\/\\\/grup-serban.ro\\\/wp-content\\\/uploads\\\/2022\\\/07\\\/GS-original-300x169-1-1.png\",\"width\":300,\"height\":169,\"caption\":\"Grup Serban\"},\"image\":{\"@id\":\"https:\\\/\\\/grup-serban.ro\\\/#\\\/schema\\\/logo\\\/image\\\/\"},\"sameAs\":[\"https:\\\/\\\/www.facebook.com\\\/GrupSerban\\\/\"]}]}<\/script>\n<!-- \/ Yoast SEO plugin. -->","yoast_head_json":{"title":"Ac\u021biuni Gsh - Grup Serban","robots":{"index":"index","follow":"follow","max-snippet":"max-snippet:-1","max-image-preview":"max-image-preview:large","max-video-preview":"max-video-preview:-1"},"canonical":"https:\/\/grup-serban.ro\/en\/actiuni-gsh\/","og_locale":"en_US","og_type":"article","og_title":"Ac\u021biuni Gsh - Grup Serban","og_description":"Despre GSH\u00a0 \u00a0 \u00a0 \u00a0 \u00a0 \u00a0 \u00a0 \u00a0 \u00a0 \u00a0 \u00a0 \u00a0 \u00a0 \u00a0 \u00a0 \u00a0 \u00a0 \u00a0 \u00a0 \u00a0 \u00a0 \u00a0 \u00a0 \u00a0 \u00a0 \u00a0 \u00a0 \u00a0 \u00a0 \u00a0 \u00a0 \u00a0 \u00a0 \u00a0 \u00a0 \u00a0 \u00a0 \u00a0 \u00a0 \u00a0 \u00a0 \u00a0 \u00a0 \u00a0 \u00a0 \u00a0 \u00a0 \u00a0 \u00a0 \u00a0 \u00a0 \u00a0 \u00a0 \u00a0 [&hellip;]","og_url":"https:\/\/grup-serban.ro\/en\/actiuni-gsh\/","og_site_name":"Grup Serban","article_publisher":"https:\/\/www.facebook.com\/GrupSerban\/","article_modified_time":"2024-06-03T15:03:54+00:00","twitter_card":"summary_large_image","twitter_misc":{"Est. reading time":"2 minutes"},"schema":{"@context":"https:\/\/schema.org","@graph":[{"@type":"WebPage","@id":"https:\/\/grup-serban.ro\/actiuni-gsh\/","url":"https:\/\/grup-serban.ro\/actiuni-gsh\/","name":"Ac\u021biuni Gsh - Grup Serban","isPartOf":{"@id":"https:\/\/grup-serban.ro\/#website"},"datePublished":"2022-07-22T08:20:51+00:00","dateModified":"2024-06-03T15:03:54+00:00","breadcrumb":{"@id":"https:\/\/grup-serban.ro\/actiuni-gsh\/#breadcrumb"},"inLanguage":"en-US","potentialAction":[{"@type":"ReadAction","target":["https:\/\/grup-serban.ro\/actiuni-gsh\/"]}]},{"@type":"BreadcrumbList","@id":"https:\/\/grup-serban.ro\/actiuni-gsh\/#breadcrumb","itemListElement":[{"@type":"ListItem","position":1,"name":"Home","item":"https:\/\/grup-serban.ro\/"},{"@type":"ListItem","position":2,"name":"Ac\u021biuni Gsh"}]},{"@type":"WebSite","@id":"https:\/\/grup-serban.ro\/#website","url":"https:\/\/grup-serban.ro\/","name":"Grup Serban","description":"Cu si Despre Oameni","publisher":{"@id":"https:\/\/grup-serban.ro\/#organization"},"potentialAction":[{"@type":"SearchAction","target":{"@type":"EntryPoint","urlTemplate":"https:\/\/grup-serban.ro\/?s={search_term_string}"},"query-input":{"@type":"PropertyValueSpecification","valueRequired":true,"valueName":"search_term_string"}}],"inLanguage":"en-US"},{"@type":"Organization","@id":"https:\/\/grup-serban.ro\/#organization","name":"Grup Serban","url":"https:\/\/grup-serban.ro\/","logo":{"@type":"ImageObject","inLanguage":"en-US","@id":"https:\/\/grup-serban.ro\/#\/schema\/logo\/image\/","url":"https:\/\/grup-serban.ro\/wp-content\/uploads\/2022\/07\/GS-original-300x169-1-1.png","contentUrl":"https:\/\/grup-serban.ro\/wp-content\/uploads\/2022\/07\/GS-original-300x169-1-1.png","width":300,"height":169,"caption":"Grup Serban"},"image":{"@id":"https:\/\/grup-serban.ro\/#\/schema\/logo\/image\/"},"sameAs":["https:\/\/www.facebook.com\/GrupSerban\/"]}]}},"_links":{"self":[{"href":"https:\/\/grup-serban.ro\/en\/wp-json\/wp\/v2\/pages\/717","targetHints":{"allow":["GET"]}}],"collection":[{"href":"https:\/\/grup-serban.ro\/en\/wp-json\/wp\/v2\/pages"}],"about":[{"href":"https:\/\/grup-serban.ro\/en\/wp-json\/wp\/v2\/types\/page"}],"author":[{"embeddable":true,"href":"https:\/\/grup-serban.ro\/en\/wp-json\/wp\/v2\/users\/1"}],"replies":[{"embeddable":true,"href":"https:\/\/grup-serban.ro\/en\/wp-json\/wp\/v2\/comments?post=717"}],"version-history":[{"count":0,"href":"https:\/\/grup-serban.ro\/en\/wp-json\/wp\/v2\/pages\/717\/revisions"}],"wp:attachment":[{"href":"https:\/\/grup-serban.ro\/en\/wp-json\/wp\/v2\/media?parent=717"}],"curies":[{"name":"wp","href":"https:\/\/api.w.org\/{rel}","templated":true}]}}