{"id":6635,"date":"2024-04-30T14:46:48","date_gmt":"2024-04-30T11:46:48","guid":{"rendered":"https:\/\/grup-serban.ro\/?page_id=6635"},"modified":"2024-05-24T11:45:19","modified_gmt":"2024-05-24T08:45:19","slug":"alimentatie-publica","status":"publish","type":"page","link":"https:\/\/grup-serban.ro\/en\/alimentatie-publica\/","title":{"rendered":"Public Food Services"},"content":{"rendered":"<div data-elementor-type=\"wp-page\" data-elementor-id=\"6635\" class=\"elementor elementor-6635\">\n\t\t\t\t\t\t<section class=\"elementor-section elementor-top-section elementor-element elementor-element-375d19f elementor-section-full_width elementor-section-stretched elementor-section-height-default elementor-section-height-default\" data-id=\"375d19f\" data-element_type=\"section\" data-e-type=\"section\" data-settings=\"{&quot;stretch_section&quot;:&quot;section-stretched&quot;}\">\n\t\t\t\t\t\t<div class=\"elementor-container elementor-column-gap-no\">\n\t\t\t\t\t<div class=\"elementor-column elementor-col-100 elementor-top-column elementor-element elementor-element-ad43ee1\" data-id=\"ad43ee1\" data-element_type=\"column\" data-e-type=\"column\">\n\t\t\t<div class=\"elementor-widget-wrap elementor-element-populated\">\n\t\t\t\t\t\t<div class=\"elementor-element elementor-element-be8be24 elementor-align-left elementor-widget elementor-widget-bdevs-banner-other\" data-id=\"be8be24\" data-element_type=\"widget\" data-e-type=\"widget\" data-widget_type=\"bdevs-banner-other.default\">\n\t\t\t\t<div class=\"elementor-widget-container\">\n\t\t\t\t\t  \r\n<section>\r\n    <div class=\"pages-hero\" style=\"background-image:url(https:\/\/grup-serban.ro\/wp-content\/uploads\/2024\/04\/header-site-2.png)\">\r\n        <div class=\"container\">\r\n            <div class=\"pages-title\">\r\n            \t                \t            <h1>Public Food Services<\/h1>\r\n\t            \t                        <\/div>\r\n        <\/div>\r\n    <\/div>\r\n<\/section>\r\n\t\t\t\t\t<\/div>\n\t\t\t\t<\/div>\n\t\t\t\t\t<\/div>\n\t\t<\/div>\n\t\t\t\t\t<\/div>\n\t\t<\/section>\n\t\t\t\t<section class=\"elementor-section elementor-top-section elementor-element elementor-element-a16d776 elementor-section-boxed elementor-section-height-default elementor-section-height-default\" data-id=\"a16d776\" data-element_type=\"section\" data-e-type=\"section\">\n\t\t\t\t\t\t<div class=\"elementor-container elementor-column-gap-default\">\n\t\t\t\t\t<div class=\"elementor-column elementor-col-33 elementor-top-column elementor-element elementor-element-c685a3b\" data-id=\"c685a3b\" data-element_type=\"column\" data-e-type=\"column\">\n\t\t\t<div class=\"elementor-widget-wrap elementor-element-populated\">\n\t\t\t\t\t\t<div class=\"elementor-element elementor-element-d6fc5ac elementor-widget elementor-widget-image\" data-id=\"d6fc5ac\" data-element_type=\"widget\" data-e-type=\"widget\" data-widget_type=\"image.default\">\n\t\t\t\t\t\t\t\t\t\t\t\t\t\t\t\t<a href=\"https:\/\/grup-serban.ro\/en\/panificatie-2\/\">\n\t\t\t\t\t\t\t<img fetchpriority=\"high\" decoding=\"async\" width=\"865\" height=\"1024\" src=\"https:\/\/grup-serban.ro\/wp-content\/uploads\/2024\/05\/panificatie-865x1024.png\" class=\"attachment-large size-large wp-image-7124\" alt=\"\" srcset=\"https:\/\/grup-serban.ro\/wp-content\/uploads\/2024\/05\/panificatie-865x1024.png 865w, https:\/\/grup-serban.ro\/wp-content\/uploads\/2024\/05\/panificatie-253x300.png 253w, https:\/\/grup-serban.ro\/wp-content\/uploads\/2024\/05\/panificatie-768x910.png 768w, https:\/\/grup-serban.ro\/wp-content\/uploads\/2024\/05\/panificatie-1297x1536.png 1297w, https:\/\/grup-serban.ro\/wp-content\/uploads\/2024\/05\/panificatie-10x12.png 10w, https:\/\/grup-serban.ro\/wp-content\/uploads\/2024\/05\/panificatie.png 1356w\" sizes=\"(max-width: 865px) 100vw, 865px\" \/>\t\t\t\t\t\t\t\t<\/a>\n\t\t\t\t\t\t\t\t\t\t\t\t\t\t\t<\/div>\n\t\t\t\t<div class=\"elementor-element elementor-element-bd33105 elementor-widget elementor-widget-text-editor\" data-id=\"bd33105\" data-element_type=\"widget\" data-e-type=\"widget\" data-widget_type=\"text-editor.default\">\n\t\t\t\t\t\t\t\t\t<h3><a href=\"https:\/\/grup-serban.ro\/en\/panificatie-2\/\" target=\"_blank\" rel=\"noopener\">BAKERY<\/a><\/h3>\t\t\t\t\t\t\t\t<\/div>\n\t\t\t\t<div class=\"elementor-element elementor-element-92ecf00 elementor-widget elementor-widget-text-editor\" data-id=\"92ecf00\" data-element_type=\"widget\" data-e-type=\"widget\" data-widget_type=\"text-editor.default\">\n\t\t\t\t\t\t\t\t\t<a href=\"https:\/\/grup-serban.ro\/en\/panificatie-2\/\">In line with market trends, we offer consumers the possibility to choose bakery products that meet their needs and preferences by producing various assortments of products. We constantly monitor trends in the bakery industry and continuously invest in innovative technologies and management strategies. The bakery products are available under the GRANERO brand, both in our own chain of stores, B\u0103c\u0103niile \u0218erban, and in partner supermarkets nationwide (Selgros, Mega Image, Kaufland, Carrefour, Penny, Profi, Cora, Auchan, Lidl).<\/a>\t\t\t\t\t\t\t\t<\/div>\n\t\t\t\t\t<\/div>\n\t\t<\/div>\n\t\t\t\t<div class=\"elementor-column elementor-col-33 elementor-top-column elementor-element elementor-element-77343aa\" data-id=\"77343aa\" data-element_type=\"column\" data-e-type=\"column\">\n\t\t\t<div class=\"elementor-widget-wrap elementor-element-populated\">\n\t\t\t\t\t\t<div class=\"elementor-element elementor-element-c7b1783 elementor-widget elementor-widget-image\" data-id=\"c7b1783\" data-element_type=\"widget\" data-e-type=\"widget\" data-widget_type=\"image.default\">\n\t\t\t\t\t\t\t\t\t\t\t\t\t\t\t\t<a href=\"https:\/\/www.facebook.com\/LuMaCreatorDeGust\/\">\n\t\t\t\t\t\t\t<img decoding=\"async\" width=\"865\" height=\"1024\" src=\"https:\/\/grup-serban.ro\/wp-content\/uploads\/2024\/05\/gbdfhf-865x1024.png\" class=\"attachment-large size-large wp-image-7126\" alt=\"\" srcset=\"https:\/\/grup-serban.ro\/wp-content\/uploads\/2024\/05\/gbdfhf-865x1024.png 865w, https:\/\/grup-serban.ro\/wp-content\/uploads\/2024\/05\/gbdfhf-253x300.png 253w, https:\/\/grup-serban.ro\/wp-content\/uploads\/2024\/05\/gbdfhf-768x910.png 768w, https:\/\/grup-serban.ro\/wp-content\/uploads\/2024\/05\/gbdfhf-1297x1536.png 1297w, https:\/\/grup-serban.ro\/wp-content\/uploads\/2024\/05\/gbdfhf-10x12.png 10w, https:\/\/grup-serban.ro\/wp-content\/uploads\/2024\/05\/gbdfhf.png 1356w\" sizes=\"(max-width: 865px) 100vw, 865px\" \/>\t\t\t\t\t\t\t\t<\/a>\n\t\t\t\t\t\t\t\t\t\t\t\t\t\t\t<\/div>\n\t\t\t\t<div class=\"elementor-element elementor-element-562ec5c elementor-widget elementor-widget-text-editor\" data-id=\"562ec5c\" data-element_type=\"widget\" data-e-type=\"widget\" data-widget_type=\"text-editor.default\">\n\t\t\t\t\t\t\t\t\t<h3><a href=\"https:\/\/www.facebook.com\/LuMaCreatorDeGust\/\" target=\"_blank\" rel=\"noopener\">LuMa Cafe<\/a><\/h3>\t\t\t\t\t\t\t\t<\/div>\n\t\t\t\t<div class=\"elementor-element elementor-element-c6974aa elementor-widget elementor-widget-text-editor\" data-id=\"c6974aa\" data-element_type=\"widget\" data-e-type=\"widget\" data-widget_type=\"text-editor.default\">\n\t\t\t\t\t\t\t\t\t<a href=\"https:\/\/www.facebook.com\/LuMaCreatorDeGust\/\">LuMa means taste, refinement, unforgettable magical moments, pastel colors, fulfilled desires, and friendship! Our skilled pastry chefs prepare unique cakes and pastries from premium, natural ingredients, which will be showcased in our cafeteria. In the display cases, you will find both modern recipe cakes and products reinterpreted from classic recipes. You will surely discover your favorite pastries and fall in love with the presented flavors. The LuMa space is a magical place where the smell of sweets blends perfectly with the aroma of coffee. It is a friendly space for work and socializing, relaxing and Instagrammable, where you will definitely feel good!<\/a>\t\t\t\t\t\t\t\t<\/div>\n\t\t\t\t\t<\/div>\n\t\t<\/div>\n\t\t\t\t<div class=\"elementor-column elementor-col-33 elementor-top-column elementor-element elementor-element-0b3ca7c\" data-id=\"0b3ca7c\" data-element_type=\"column\" data-e-type=\"column\">\n\t\t\t<div class=\"elementor-widget-wrap elementor-element-populated\">\n\t\t\t\t\t\t<div class=\"elementor-element elementor-element-fb5617b elementor-widget elementor-widget-image\" data-id=\"fb5617b\" data-element_type=\"widget\" data-e-type=\"widget\" data-widget_type=\"image.default\">\n\t\t\t\t\t\t\t\t\t\t\t\t\t\t\t\t<a href=\"https:\/\/grup-serban.ro\/en\/bacania-serban\/\">\n\t\t\t\t\t\t\t<img decoding=\"async\" width=\"768\" height=\"1024\" src=\"https:\/\/grup-serban.ro\/wp-content\/uploads\/2024\/04\/WhatsApp-Image-2024-04-30-at-14.44.36_55018a65-768x1024.jpg\" class=\"attachment-large size-large wp-image-6637\" alt=\"\" srcset=\"https:\/\/grup-serban.ro\/wp-content\/uploads\/2024\/04\/WhatsApp-Image-2024-04-30-at-14.44.36_55018a65-768x1024.jpg 768w, https:\/\/grup-serban.ro\/wp-content\/uploads\/2024\/04\/WhatsApp-Image-2024-04-30-at-14.44.36_55018a65-225x300.jpg 225w, https:\/\/grup-serban.ro\/wp-content\/uploads\/2024\/04\/WhatsApp-Image-2024-04-30-at-14.44.36_55018a65-1152x1536.jpg 1152w, https:\/\/grup-serban.ro\/wp-content\/uploads\/2024\/04\/WhatsApp-Image-2024-04-30-at-14.44.36_55018a65-9x12.jpg 9w, https:\/\/grup-serban.ro\/wp-content\/uploads\/2024\/04\/WhatsApp-Image-2024-04-30-at-14.44.36_55018a65.jpg 1200w\" sizes=\"(max-width: 768px) 100vw, 768px\" \/>\t\t\t\t\t\t\t\t<\/a>\n\t\t\t\t\t\t\t\t\t\t\t\t\t\t\t<\/div>\n\t\t\t\t<div class=\"elementor-element elementor-element-31f9ab4 elementor-widget elementor-widget-text-editor\" data-id=\"31f9ab4\" data-element_type=\"widget\" data-e-type=\"widget\" data-widget_type=\"text-editor.default\">\n\t\t\t\t\t\t\t\t\t<h3><a href=\"https:\/\/grup-serban.ro\/en\/bacania-serban\/\" target=\"_blank\" rel=\"noopener\">B\u0102C\u0102NIA \u0218ERBAN (BUTCHER SHOP)<\/a><\/h3>\t\t\t\t\t\t\t\t<\/div>\n\t\t\t\t<div class=\"elementor-element elementor-element-2654265 elementor-widget elementor-widget-text-editor\" data-id=\"2654265\" data-element_type=\"widget\" data-e-type=\"widget\" data-widget_type=\"text-editor.default\">\n\t\t\t\t\t\t\t\t\t<a href=\"https:\/\/grup-serban.ro\/en\/bacania-serban\/\">B\u0103c\u0103niile \u0218erban is a chain of five stores in One\u0219ti, Bac\u0103u County. The design, decorative accessories, \"reuse\" elements, and products offered in B\u0103c\u0103nii have been carefully chosen to build loyalty and bring customers closer to the services provided, in a warm and familiar environment. Even though B\u0103c\u0103niile share the same design concept, they differ from one another in small details related to the main sales activity of the area where they are located. B\u0103c\u0103niile delight customers with a variety of selected products. Most of the products are of their own production: breads for all tastes, refined and vanilla pastries and confectionery products, carefully grown and harvested fresh vegetables, and poultry meat under the Serban brand. Additionally, they build customer loyalty with meat preparations and various traditional products from the Moldova region.<\/a>\t\t\t\t\t\t\t\t<\/div>\n\t\t\t\t\t<\/div>\n\t\t<\/div>\n\t\t\t\t\t<\/div>\n\t\t<\/section>\n\t\t\t\t<\/div>","protected":false},"excerpt":{"rendered":"<p>Alimenta\u021bie Public\u0103 PANIFICA\u021aIE\u00cen trend cu pia\u021ba, \u00eei oferim consumatorului posibilitatea s\u0103 aleag\u0103 produse de panifica\u021bie care se pliaz\u0103 pe nevoile \u0219i preferin\u021bele lui, produc\u00e2nd diferite sortimente de produse. Urm\u0103rim constant tendin\u021bele \u00een industria de panifica\u021bie \u0219i investim continuu \u00een tehnologii inovatoare \u0219i strategii de management. Produsele de panifica\u021bie se g\u0103sesc sub brandul GRANERO, at\u00e2t \u00een [&hellip;]<\/p>\n","protected":false},"author":1,"featured_media":0,"parent":0,"menu_order":0,"comment_status":"closed","ping_status":"closed","template":"","meta":{"footnotes":""},"class_list":["post-6635","page","type-page","status-publish","hentry"],"yoast_head":"<!-- This site is optimized with the Yoast SEO plugin v27.3 - https:\/\/yoast.com\/product\/yoast-seo-wordpress\/ -->\n<title>Alimenta\u021bie Public\u0103 - Grup Serban<\/title>\n<meta name=\"robots\" content=\"index, follow, max-snippet:-1, max-image-preview:large, max-video-preview:-1\" \/>\n<link rel=\"canonical\" href=\"https:\/\/grup-serban.ro\/en\/alimentatie-publica\/\" \/>\n<meta property=\"og:locale\" content=\"en_US\" \/>\n<meta property=\"og:type\" content=\"article\" \/>\n<meta property=\"og:title\" content=\"Alimenta\u021bie Public\u0103 - Grup Serban\" \/>\n<meta property=\"og:description\" content=\"Alimenta\u021bie Public\u0103 PANIFICA\u021aIE\u00cen trend cu pia\u021ba, \u00eei oferim consumatorului posibilitatea s\u0103 aleag\u0103 produse de panifica\u021bie care se pliaz\u0103 pe nevoile \u0219i preferin\u021bele lui, produc\u00e2nd diferite sortimente de produse. Urm\u0103rim constant tendin\u021bele \u00een industria de panifica\u021bie \u0219i investim continuu \u00een tehnologii inovatoare \u0219i strategii de management. Produsele de panifica\u021bie se g\u0103sesc sub brandul GRANERO, at\u00e2t \u00een [&hellip;]\" \/>\n<meta property=\"og:url\" content=\"https:\/\/grup-serban.ro\/en\/alimentatie-publica\/\" \/>\n<meta property=\"og:site_name\" content=\"Grup Serban\" \/>\n<meta property=\"article:publisher\" content=\"https:\/\/www.facebook.com\/GrupSerban\/\" \/>\n<meta property=\"article:modified_time\" content=\"2024-05-24T08:45:19+00:00\" \/>\n<meta property=\"og:image\" content=\"https:\/\/grup-serban.ro\/wp-content\/uploads\/2024\/05\/panificatie-865x1024.png\" \/>\n<meta name=\"twitter:card\" content=\"summary_large_image\" \/>\n<meta name=\"twitter:label1\" content=\"Est. reading time\" \/>\n\t<meta name=\"twitter:data1\" content=\"2 minutes\" \/>\n<script type=\"application\/ld+json\" class=\"yoast-schema-graph\">{\"@context\":\"https:\\\/\\\/schema.org\",\"@graph\":[{\"@type\":\"WebPage\",\"@id\":\"https:\\\/\\\/grup-serban.ro\\\/alimentatie-publica\\\/\",\"url\":\"https:\\\/\\\/grup-serban.ro\\\/alimentatie-publica\\\/\",\"name\":\"Alimenta\u021bie Public\u0103 - Grup Serban\",\"isPartOf\":{\"@id\":\"https:\\\/\\\/grup-serban.ro\\\/#website\"},\"primaryImageOfPage\":{\"@id\":\"https:\\\/\\\/grup-serban.ro\\\/alimentatie-publica\\\/#primaryimage\"},\"image\":{\"@id\":\"https:\\\/\\\/grup-serban.ro\\\/alimentatie-publica\\\/#primaryimage\"},\"thumbnailUrl\":\"https:\\\/\\\/grup-serban.ro\\\/wp-content\\\/uploads\\\/2024\\\/05\\\/panificatie-865x1024.png\",\"datePublished\":\"2024-04-30T11:46:48+00:00\",\"dateModified\":\"2024-05-24T08:45:19+00:00\",\"breadcrumb\":{\"@id\":\"https:\\\/\\\/grup-serban.ro\\\/alimentatie-publica\\\/#breadcrumb\"},\"inLanguage\":\"en-US\",\"potentialAction\":[{\"@type\":\"ReadAction\",\"target\":[\"https:\\\/\\\/grup-serban.ro\\\/alimentatie-publica\\\/\"]}]},{\"@type\":\"ImageObject\",\"inLanguage\":\"en-US\",\"@id\":\"https:\\\/\\\/grup-serban.ro\\\/alimentatie-publica\\\/#primaryimage\",\"url\":\"https:\\\/\\\/grup-serban.ro\\\/wp-content\\\/uploads\\\/2024\\\/05\\\/panificatie-865x1024.png\",\"contentUrl\":\"https:\\\/\\\/grup-serban.ro\\\/wp-content\\\/uploads\\\/2024\\\/05\\\/panificatie-865x1024.png\"},{\"@type\":\"BreadcrumbList\",\"@id\":\"https:\\\/\\\/grup-serban.ro\\\/alimentatie-publica\\\/#breadcrumb\",\"itemListElement\":[{\"@type\":\"ListItem\",\"position\":1,\"name\":\"Home\",\"item\":\"https:\\\/\\\/grup-serban.ro\\\/\"},{\"@type\":\"ListItem\",\"position\":2,\"name\":\"Alimenta\u021bie Public\u0103\"}]},{\"@type\":\"WebSite\",\"@id\":\"https:\\\/\\\/grup-serban.ro\\\/#website\",\"url\":\"https:\\\/\\\/grup-serban.ro\\\/\",\"name\":\"Grup Serban\",\"description\":\"Cu si Despre Oameni\",\"publisher\":{\"@id\":\"https:\\\/\\\/grup-serban.ro\\\/#organization\"},\"potentialAction\":[{\"@type\":\"SearchAction\",\"target\":{\"@type\":\"EntryPoint\",\"urlTemplate\":\"https:\\\/\\\/grup-serban.ro\\\/?s={search_term_string}\"},\"query-input\":{\"@type\":\"PropertyValueSpecification\",\"valueRequired\":true,\"valueName\":\"search_term_string\"}}],\"inLanguage\":\"en-US\"},{\"@type\":\"Organization\",\"@id\":\"https:\\\/\\\/grup-serban.ro\\\/#organization\",\"name\":\"Grup Serban\",\"url\":\"https:\\\/\\\/grup-serban.ro\\\/\",\"logo\":{\"@type\":\"ImageObject\",\"inLanguage\":\"en-US\",\"@id\":\"https:\\\/\\\/grup-serban.ro\\\/#\\\/schema\\\/logo\\\/image\\\/\",\"url\":\"https:\\\/\\\/grup-serban.ro\\\/wp-content\\\/uploads\\\/2022\\\/07\\\/GS-original-300x169-1-1.png\",\"contentUrl\":\"https:\\\/\\\/grup-serban.ro\\\/wp-content\\\/uploads\\\/2022\\\/07\\\/GS-original-300x169-1-1.png\",\"width\":300,\"height\":169,\"caption\":\"Grup Serban\"},\"image\":{\"@id\":\"https:\\\/\\\/grup-serban.ro\\\/#\\\/schema\\\/logo\\\/image\\\/\"},\"sameAs\":[\"https:\\\/\\\/www.facebook.com\\\/GrupSerban\\\/\"]}]}<\/script>\n<!-- \/ Yoast SEO plugin. -->","yoast_head_json":{"title":"Alimenta\u021bie Public\u0103 - Grup Serban","robots":{"index":"index","follow":"follow","max-snippet":"max-snippet:-1","max-image-preview":"max-image-preview:large","max-video-preview":"max-video-preview:-1"},"canonical":"https:\/\/grup-serban.ro\/en\/alimentatie-publica\/","og_locale":"en_US","og_type":"article","og_title":"Alimenta\u021bie Public\u0103 - Grup Serban","og_description":"Alimenta\u021bie Public\u0103 PANIFICA\u021aIE\u00cen trend cu pia\u021ba, \u00eei oferim consumatorului posibilitatea s\u0103 aleag\u0103 produse de panifica\u021bie care se pliaz\u0103 pe nevoile \u0219i preferin\u021bele lui, produc\u00e2nd diferite sortimente de produse. Urm\u0103rim constant tendin\u021bele \u00een industria de panifica\u021bie \u0219i investim continuu \u00een tehnologii inovatoare \u0219i strategii de management. Produsele de panifica\u021bie se g\u0103sesc sub brandul GRANERO, at\u00e2t \u00een [&hellip;]","og_url":"https:\/\/grup-serban.ro\/en\/alimentatie-publica\/","og_site_name":"Grup Serban","article_publisher":"https:\/\/www.facebook.com\/GrupSerban\/","article_modified_time":"2024-05-24T08:45:19+00:00","og_image":[{"url":"https:\/\/grup-serban.ro\/wp-content\/uploads\/2024\/05\/panificatie-865x1024.png","type":"","width":"","height":""}],"twitter_card":"summary_large_image","twitter_misc":{"Est. reading time":"2 minutes"},"schema":{"@context":"https:\/\/schema.org","@graph":[{"@type":"WebPage","@id":"https:\/\/grup-serban.ro\/alimentatie-publica\/","url":"https:\/\/grup-serban.ro\/alimentatie-publica\/","name":"Alimenta\u021bie Public\u0103 - Grup Serban","isPartOf":{"@id":"https:\/\/grup-serban.ro\/#website"},"primaryImageOfPage":{"@id":"https:\/\/grup-serban.ro\/alimentatie-publica\/#primaryimage"},"image":{"@id":"https:\/\/grup-serban.ro\/alimentatie-publica\/#primaryimage"},"thumbnailUrl":"https:\/\/grup-serban.ro\/wp-content\/uploads\/2024\/05\/panificatie-865x1024.png","datePublished":"2024-04-30T11:46:48+00:00","dateModified":"2024-05-24T08:45:19+00:00","breadcrumb":{"@id":"https:\/\/grup-serban.ro\/alimentatie-publica\/#breadcrumb"},"inLanguage":"en-US","potentialAction":[{"@type":"ReadAction","target":["https:\/\/grup-serban.ro\/alimentatie-publica\/"]}]},{"@type":"ImageObject","inLanguage":"en-US","@id":"https:\/\/grup-serban.ro\/alimentatie-publica\/#primaryimage","url":"https:\/\/grup-serban.ro\/wp-content\/uploads\/2024\/05\/panificatie-865x1024.png","contentUrl":"https:\/\/grup-serban.ro\/wp-content\/uploads\/2024\/05\/panificatie-865x1024.png"},{"@type":"BreadcrumbList","@id":"https:\/\/grup-serban.ro\/alimentatie-publica\/#breadcrumb","itemListElement":[{"@type":"ListItem","position":1,"name":"Home","item":"https:\/\/grup-serban.ro\/"},{"@type":"ListItem","position":2,"name":"Alimenta\u021bie Public\u0103"}]},{"@type":"WebSite","@id":"https:\/\/grup-serban.ro\/#website","url":"https:\/\/grup-serban.ro\/","name":"Grup Serban","description":"Cu si Despre Oameni","publisher":{"@id":"https:\/\/grup-serban.ro\/#organization"},"potentialAction":[{"@type":"SearchAction","target":{"@type":"EntryPoint","urlTemplate":"https:\/\/grup-serban.ro\/?s={search_term_string}"},"query-input":{"@type":"PropertyValueSpecification","valueRequired":true,"valueName":"search_term_string"}}],"inLanguage":"en-US"},{"@type":"Organization","@id":"https:\/\/grup-serban.ro\/#organization","name":"Grup Serban","url":"https:\/\/grup-serban.ro\/","logo":{"@type":"ImageObject","inLanguage":"en-US","@id":"https:\/\/grup-serban.ro\/#\/schema\/logo\/image\/","url":"https:\/\/grup-serban.ro\/wp-content\/uploads\/2022\/07\/GS-original-300x169-1-1.png","contentUrl":"https:\/\/grup-serban.ro\/wp-content\/uploads\/2022\/07\/GS-original-300x169-1-1.png","width":300,"height":169,"caption":"Grup Serban"},"image":{"@id":"https:\/\/grup-serban.ro\/#\/schema\/logo\/image\/"},"sameAs":["https:\/\/www.facebook.com\/GrupSerban\/"]}]}},"_links":{"self":[{"href":"https:\/\/grup-serban.ro\/en\/wp-json\/wp\/v2\/pages\/6635","targetHints":{"allow":["GET"]}}],"collection":[{"href":"https:\/\/grup-serban.ro\/en\/wp-json\/wp\/v2\/pages"}],"about":[{"href":"https:\/\/grup-serban.ro\/en\/wp-json\/wp\/v2\/types\/page"}],"author":[{"embeddable":true,"href":"https:\/\/grup-serban.ro\/en\/wp-json\/wp\/v2\/users\/1"}],"replies":[{"embeddable":true,"href":"https:\/\/grup-serban.ro\/en\/wp-json\/wp\/v2\/comments?post=6635"}],"version-history":[{"count":0,"href":"https:\/\/grup-serban.ro\/en\/wp-json\/wp\/v2\/pages\/6635\/revisions"}],"wp:attachment":[{"href":"https:\/\/grup-serban.ro\/en\/wp-json\/wp\/v2\/media?parent=6635"}],"curies":[{"name":"wp","href":"https:\/\/api.w.org\/{rel}","templated":true}]}}