{"id":6269,"date":"2024-04-26T12:03:54","date_gmt":"2024-04-26T09:03:54","guid":{"rendered":"https:\/\/grup-serban.ro\/?page_id=6269"},"modified":"2024-05-31T11:31:41","modified_gmt":"2024-05-31T08:31:41","slug":"legume","status":"publish","type":"page","link":"https:\/\/grup-serban.ro\/en\/legume\/","title":{"rendered":"VEGETABLES"},"content":{"rendered":"<div data-elementor-type=\"wp-page\" data-elementor-id=\"6269\" class=\"elementor elementor-6269\">\n\t\t\t\t\t\t<section class=\"elementor-section elementor-top-section elementor-element elementor-element-ab98315 elementor-section-height-min-height elementor-section-full_width elementor-section-height-default elementor-section-items-middle\" data-id=\"ab98315\" data-element_type=\"section\" data-e-type=\"section\">\n\t\t\t\t\t\t<div class=\"elementor-container elementor-column-gap-no\">\n\t\t\t\t\t<div class=\"elementor-column elementor-col-100 elementor-top-column elementor-element elementor-element-41ba370\" data-id=\"41ba370\" data-element_type=\"column\" data-e-type=\"column\">\n\t\t\t<div class=\"elementor-widget-wrap elementor-element-populated\">\n\t\t\t\t\t\t<div class=\"elementor-element elementor-element-84804cd elementor-align-left elementor-widget elementor-widget-bdevs-banner-other\" data-id=\"84804cd\" data-element_type=\"widget\" data-e-type=\"widget\" data-widget_type=\"bdevs-banner-other.default\">\n\t\t\t\t<div class=\"elementor-widget-container\">\n\t\t\t\t\t  \r\n<section>\r\n    <div class=\"pages-hero\" style=\"background-image:url(https:\/\/grup-serban.ro\/wp-content\/uploads\/2024\/04\/header-site-2.png)\">\r\n        <div class=\"container\">\r\n            <div class=\"pages-title\">\r\n            \t                <h5>VEGETABLE FARM<\/h5>\r\n                                \t            <h1>Vegetables<\/h1>\r\n\t            \t                            <p>The field is our home!<\/p>\r\n                            <\/div>\r\n        <\/div>\r\n    <\/div>\r\n<\/section>\r\n\t\t\t\t\t<\/div>\n\t\t\t\t<\/div>\n\t\t\t\t\t<\/div>\n\t\t<\/div>\n\t\t\t\t\t<\/div>\n\t\t<\/section>\n\t\t\t\t<section class=\"elementor-section elementor-top-section elementor-element elementor-element-4d6bc89 elementor-section-boxed elementor-section-height-default elementor-section-height-default\" data-id=\"4d6bc89\" data-element_type=\"section\" data-e-type=\"section\">\n\t\t\t\t\t\t<div class=\"elementor-container elementor-column-gap-default\">\n\t\t\t\t\t<div class=\"elementor-column elementor-col-33 elementor-top-column elementor-element elementor-element-e278ce5\" data-id=\"e278ce5\" data-element_type=\"column\" data-e-type=\"column\">\n\t\t\t<div class=\"elementor-widget-wrap elementor-element-populated\">\n\t\t\t\t\t\t<div class=\"elementor-element elementor-element-4c4531c elementor-widget elementor-widget-image\" data-id=\"4c4531c\" data-element_type=\"widget\" data-e-type=\"widget\" data-widget_type=\"image.default\">\n\t\t\t\t\t\t\t\t\t\t\t\t\t\t\t<img fetchpriority=\"high\" decoding=\"async\" width=\"600\" height=\"600\" src=\"https:\/\/grup-serban.ro\/wp-content\/uploads\/2024\/05\/dennree-cartofi-bio.jpg\" class=\"attachment-full size-full wp-image-7130\" alt=\"\" srcset=\"https:\/\/grup-serban.ro\/wp-content\/uploads\/2024\/05\/dennree-cartofi-bio.jpg 600w, https:\/\/grup-serban.ro\/wp-content\/uploads\/2024\/05\/dennree-cartofi-bio-300x300.jpg 300w, https:\/\/grup-serban.ro\/wp-content\/uploads\/2024\/05\/dennree-cartofi-bio-150x150.jpg 150w, https:\/\/grup-serban.ro\/wp-content\/uploads\/2024\/05\/dennree-cartofi-bio-12x12.jpg 12w\" sizes=\"(max-width: 600px) 100vw, 600px\" \/>\t\t\t\t\t\t\t\t\t\t\t\t\t\t\t<\/div>\n\t\t\t\t<div class=\"elementor-element elementor-element-7ca199a elementor-widget elementor-widget-text-editor\" data-id=\"7ca199a\" data-element_type=\"widget\" data-e-type=\"widget\" data-widget_type=\"text-editor.default\">\n\t\t\t\t\t\t\t\t\t<h4>RED AND WHITE POTATOES<\/h4>\t\t\t\t\t\t\t\t<\/div>\n\t\t\t\t\t<\/div>\n\t\t<\/div>\n\t\t\t\t<div class=\"elementor-column elementor-col-33 elementor-top-column elementor-element elementor-element-b688d10\" data-id=\"b688d10\" data-element_type=\"column\" data-e-type=\"column\">\n\t\t\t<div class=\"elementor-widget-wrap elementor-element-populated\">\n\t\t\t\t\t\t<div class=\"elementor-element elementor-element-13fb03b elementor-widget elementor-widget-image\" data-id=\"13fb03b\" data-element_type=\"widget\" data-e-type=\"widget\" data-widget_type=\"image.default\">\n\t\t\t\t\t\t\t\t\t\t\t\t\t\t\t<img decoding=\"async\" width=\"1140\" height=\"1139\" src=\"https:\/\/grup-serban.ro\/wp-content\/uploads\/2024\/05\/WhatsApp-Image-2022-08-11-at-16.05.49.jpeg\" class=\"attachment-full size-full wp-image-7134\" alt=\"\" srcset=\"https:\/\/grup-serban.ro\/wp-content\/uploads\/2024\/05\/WhatsApp-Image-2022-08-11-at-16.05.49.jpeg 1140w, https:\/\/grup-serban.ro\/wp-content\/uploads\/2024\/05\/WhatsApp-Image-2022-08-11-at-16.05.49-300x300.jpeg 300w, https:\/\/grup-serban.ro\/wp-content\/uploads\/2024\/05\/WhatsApp-Image-2022-08-11-at-16.05.49-1024x1024.jpeg 1024w, https:\/\/grup-serban.ro\/wp-content\/uploads\/2024\/05\/WhatsApp-Image-2022-08-11-at-16.05.49-150x150.jpeg 150w, https:\/\/grup-serban.ro\/wp-content\/uploads\/2024\/05\/WhatsApp-Image-2022-08-11-at-16.05.49-768x767.jpeg 768w, https:\/\/grup-serban.ro\/wp-content\/uploads\/2024\/05\/WhatsApp-Image-2022-08-11-at-16.05.49-12x12.jpeg 12w\" sizes=\"(max-width: 1140px) 100vw, 1140px\" \/>\t\t\t\t\t\t\t\t\t\t\t\t\t\t\t<\/div>\n\t\t\t\t<div class=\"elementor-element elementor-element-47852fc elementor-widget elementor-widget-text-editor\" data-id=\"47852fc\" data-element_type=\"widget\" data-e-type=\"widget\" data-widget_type=\"text-editor.default\">\n\t\t\t\t\t\t\t\t\t<h4>CHIPS POTATOES<\/h4>\t\t\t\t\t\t\t\t<\/div>\n\t\t\t\t\t<\/div>\n\t\t<\/div>\n\t\t\t\t<div class=\"elementor-column elementor-col-33 elementor-top-column elementor-element elementor-element-6376746\" data-id=\"6376746\" data-element_type=\"column\" data-e-type=\"column\">\n\t\t\t<div class=\"elementor-widget-wrap elementor-element-populated\">\n\t\t\t\t\t\t<div class=\"elementor-element elementor-element-2f42281 elementor-widget elementor-widget-image\" data-id=\"2f42281\" data-element_type=\"widget\" data-e-type=\"widget\" data-widget_type=\"image.default\">\n\t\t\t\t\t\t\t\t\t\t\t\t\t\t\t<img decoding=\"async\" width=\"1139\" height=\"1139\" src=\"https:\/\/grup-serban.ro\/wp-content\/uploads\/2024\/05\/WhatsApp-Image-2022-08-11-at-16.05.49-2.jpeg\" class=\"attachment-full size-full wp-image-7135\" alt=\"\" srcset=\"https:\/\/grup-serban.ro\/wp-content\/uploads\/2024\/05\/WhatsApp-Image-2022-08-11-at-16.05.49-2.jpeg 1139w, https:\/\/grup-serban.ro\/wp-content\/uploads\/2024\/05\/WhatsApp-Image-2022-08-11-at-16.05.49-2-300x300.jpeg 300w, https:\/\/grup-serban.ro\/wp-content\/uploads\/2024\/05\/WhatsApp-Image-2022-08-11-at-16.05.49-2-1024x1024.jpeg 1024w, https:\/\/grup-serban.ro\/wp-content\/uploads\/2024\/05\/WhatsApp-Image-2022-08-11-at-16.05.49-2-150x150.jpeg 150w, https:\/\/grup-serban.ro\/wp-content\/uploads\/2024\/05\/WhatsApp-Image-2022-08-11-at-16.05.49-2-768x768.jpeg 768w, https:\/\/grup-serban.ro\/wp-content\/uploads\/2024\/05\/WhatsApp-Image-2022-08-11-at-16.05.49-2-12x12.jpeg 12w\" sizes=\"(max-width: 1139px) 100vw, 1139px\" \/>\t\t\t\t\t\t\t\t\t\t\t\t\t\t\t<\/div>\n\t\t\t\t<div class=\"elementor-element elementor-element-1f5076a elementor-widget elementor-widget-text-editor\" data-id=\"1f5076a\" data-element_type=\"widget\" data-e-type=\"widget\" data-widget_type=\"text-editor.default\">\n\t\t\t\t\t\t\t\t\t<h4>WHITE ONION<\/h4>\t\t\t\t\t\t\t\t<\/div>\n\t\t\t\t\t<\/div>\n\t\t<\/div>\n\t\t\t\t\t<\/div>\n\t\t<\/section>\n\t\t\t\t<\/div>","protected":false},"excerpt":{"rendered":"<p>FERM\u0102 VEGETAL\u0102 Legume C\u00e2mpul este casa noastr\u0103! CARTOFI RO\u0218II \u0218I ALBI CARTOFI DE CHIPS CEAP\u0102 ALB\u0102<\/p>","protected":false},"author":1,"featured_media":0,"parent":0,"menu_order":0,"comment_status":"closed","ping_status":"closed","template":"","meta":{"footnotes":""},"class_list":["post-6269","page","type-page","status-publish","hentry"],"yoast_head":"<!-- This site is optimized with the Yoast SEO plugin v27.5 - https:\/\/yoast.com\/product\/yoast-seo-wordpress\/ -->\n<title>LEGUME - Grup Serban<\/title>\n<meta name=\"robots\" content=\"index, follow, max-snippet:-1, max-image-preview:large, max-video-preview:-1\" \/>\n<link rel=\"canonical\" href=\"https:\/\/grup-serban.ro\/en\/legume\/\" \/>\n<meta property=\"og:locale\" content=\"en_US\" \/>\n<meta property=\"og:type\" content=\"article\" \/>\n<meta property=\"og:title\" content=\"LEGUME - Grup Serban\" \/>\n<meta property=\"og:description\" content=\"FERM\u0102 VEGETAL\u0102 Legume C\u00e2mpul este casa noastr\u0103! CARTOFI RO\u0218II \u0218I ALBI CARTOFI DE CHIPS CEAP\u0102 ALB\u0102\" \/>\n<meta property=\"og:url\" content=\"https:\/\/grup-serban.ro\/en\/legume\/\" \/>\n<meta property=\"og:site_name\" content=\"Grup Serban\" \/>\n<meta property=\"article:publisher\" content=\"https:\/\/www.facebook.com\/GrupSerban\/\" \/>\n<meta property=\"article:modified_time\" content=\"2024-05-31T08:31:41+00:00\" \/>\n<meta property=\"og:image\" content=\"https:\/\/grup-serban.ro\/wp-content\/uploads\/2024\/05\/dennree-cartofi-bio.jpg\" \/>\n<meta name=\"twitter:card\" content=\"summary_large_image\" \/>\n<meta name=\"twitter:label1\" content=\"Est. reading time\" \/>\n\t<meta name=\"twitter:data1\" content=\"1 minute\" \/>\n<script type=\"application\/ld+json\" class=\"yoast-schema-graph\">{\"@context\":\"https:\\\/\\\/schema.org\",\"@graph\":[{\"@type\":\"WebPage\",\"@id\":\"https:\\\/\\\/grup-serban.ro\\\/legume\\\/\",\"url\":\"https:\\\/\\\/grup-serban.ro\\\/legume\\\/\",\"name\":\"LEGUME - Grup Serban\",\"isPartOf\":{\"@id\":\"https:\\\/\\\/grup-serban.ro\\\/#website\"},\"primaryImageOfPage\":{\"@id\":\"https:\\\/\\\/grup-serban.ro\\\/legume\\\/#primaryimage\"},\"image\":{\"@id\":\"https:\\\/\\\/grup-serban.ro\\\/legume\\\/#primaryimage\"},\"thumbnailUrl\":\"https:\\\/\\\/grup-serban.ro\\\/wp-content\\\/uploads\\\/2024\\\/05\\\/dennree-cartofi-bio.jpg\",\"datePublished\":\"2024-04-26T09:03:54+00:00\",\"dateModified\":\"2024-05-31T08:31:41+00:00\",\"breadcrumb\":{\"@id\":\"https:\\\/\\\/grup-serban.ro\\\/legume\\\/#breadcrumb\"},\"inLanguage\":\"en-US\",\"potentialAction\":[{\"@type\":\"ReadAction\",\"target\":[\"https:\\\/\\\/grup-serban.ro\\\/legume\\\/\"]}]},{\"@type\":\"ImageObject\",\"inLanguage\":\"en-US\",\"@id\":\"https:\\\/\\\/grup-serban.ro\\\/legume\\\/#primaryimage\",\"url\":\"https:\\\/\\\/grup-serban.ro\\\/wp-content\\\/uploads\\\/2024\\\/05\\\/dennree-cartofi-bio.jpg\",\"contentUrl\":\"https:\\\/\\\/grup-serban.ro\\\/wp-content\\\/uploads\\\/2024\\\/05\\\/dennree-cartofi-bio.jpg\"},{\"@type\":\"BreadcrumbList\",\"@id\":\"https:\\\/\\\/grup-serban.ro\\\/legume\\\/#breadcrumb\",\"itemListElement\":[{\"@type\":\"ListItem\",\"position\":1,\"name\":\"Home\",\"item\":\"https:\\\/\\\/grup-serban.ro\\\/\"},{\"@type\":\"ListItem\",\"position\":2,\"name\":\"LEGUME\"}]},{\"@type\":\"WebSite\",\"@id\":\"https:\\\/\\\/grup-serban.ro\\\/#website\",\"url\":\"https:\\\/\\\/grup-serban.ro\\\/\",\"name\":\"Grup Serban\",\"description\":\"Cu si Despre Oameni\",\"publisher\":{\"@id\":\"https:\\\/\\\/grup-serban.ro\\\/#organization\"},\"potentialAction\":[{\"@type\":\"SearchAction\",\"target\":{\"@type\":\"EntryPoint\",\"urlTemplate\":\"https:\\\/\\\/grup-serban.ro\\\/?s={search_term_string}\"},\"query-input\":{\"@type\":\"PropertyValueSpecification\",\"valueRequired\":true,\"valueName\":\"search_term_string\"}}],\"inLanguage\":\"en-US\"},{\"@type\":\"Organization\",\"@id\":\"https:\\\/\\\/grup-serban.ro\\\/#organization\",\"name\":\"Grup Serban\",\"url\":\"https:\\\/\\\/grup-serban.ro\\\/\",\"logo\":{\"@type\":\"ImageObject\",\"inLanguage\":\"en-US\",\"@id\":\"https:\\\/\\\/grup-serban.ro\\\/#\\\/schema\\\/logo\\\/image\\\/\",\"url\":\"https:\\\/\\\/grup-serban.ro\\\/wp-content\\\/uploads\\\/2022\\\/07\\\/GS-original-300x169-1-1.png\",\"contentUrl\":\"https:\\\/\\\/grup-serban.ro\\\/wp-content\\\/uploads\\\/2022\\\/07\\\/GS-original-300x169-1-1.png\",\"width\":300,\"height\":169,\"caption\":\"Grup Serban\"},\"image\":{\"@id\":\"https:\\\/\\\/grup-serban.ro\\\/#\\\/schema\\\/logo\\\/image\\\/\"},\"sameAs\":[\"https:\\\/\\\/www.facebook.com\\\/GrupSerban\\\/\"]}]}<\/script>\n<!-- \/ Yoast SEO plugin. -->","yoast_head_json":{"title":"LEGUME - Grup Serban","robots":{"index":"index","follow":"follow","max-snippet":"max-snippet:-1","max-image-preview":"max-image-preview:large","max-video-preview":"max-video-preview:-1"},"canonical":"https:\/\/grup-serban.ro\/en\/legume\/","og_locale":"en_US","og_type":"article","og_title":"LEGUME - Grup Serban","og_description":"FERM\u0102 VEGETAL\u0102 Legume C\u00e2mpul este casa noastr\u0103! CARTOFI RO\u0218II \u0218I ALBI CARTOFI DE CHIPS CEAP\u0102 ALB\u0102","og_url":"https:\/\/grup-serban.ro\/en\/legume\/","og_site_name":"Grup Serban","article_publisher":"https:\/\/www.facebook.com\/GrupSerban\/","article_modified_time":"2024-05-31T08:31:41+00:00","og_image":[{"url":"https:\/\/grup-serban.ro\/wp-content\/uploads\/2024\/05\/dennree-cartofi-bio.jpg","type":"","width":"","height":""}],"twitter_card":"summary_large_image","twitter_misc":{"Est. reading time":"1 minute"},"schema":{"@context":"https:\/\/schema.org","@graph":[{"@type":"WebPage","@id":"https:\/\/grup-serban.ro\/legume\/","url":"https:\/\/grup-serban.ro\/legume\/","name":"LEGUME - Grup Serban","isPartOf":{"@id":"https:\/\/grup-serban.ro\/#website"},"primaryImageOfPage":{"@id":"https:\/\/grup-serban.ro\/legume\/#primaryimage"},"image":{"@id":"https:\/\/grup-serban.ro\/legume\/#primaryimage"},"thumbnailUrl":"https:\/\/grup-serban.ro\/wp-content\/uploads\/2024\/05\/dennree-cartofi-bio.jpg","datePublished":"2024-04-26T09:03:54+00:00","dateModified":"2024-05-31T08:31:41+00:00","breadcrumb":{"@id":"https:\/\/grup-serban.ro\/legume\/#breadcrumb"},"inLanguage":"en-US","potentialAction":[{"@type":"ReadAction","target":["https:\/\/grup-serban.ro\/legume\/"]}]},{"@type":"ImageObject","inLanguage":"en-US","@id":"https:\/\/grup-serban.ro\/legume\/#primaryimage","url":"https:\/\/grup-serban.ro\/wp-content\/uploads\/2024\/05\/dennree-cartofi-bio.jpg","contentUrl":"https:\/\/grup-serban.ro\/wp-content\/uploads\/2024\/05\/dennree-cartofi-bio.jpg"},{"@type":"BreadcrumbList","@id":"https:\/\/grup-serban.ro\/legume\/#breadcrumb","itemListElement":[{"@type":"ListItem","position":1,"name":"Home","item":"https:\/\/grup-serban.ro\/"},{"@type":"ListItem","position":2,"name":"LEGUME"}]},{"@type":"WebSite","@id":"https:\/\/grup-serban.ro\/#website","url":"https:\/\/grup-serban.ro\/","name":"Grup Serban","description":"Cu si Despre Oameni","publisher":{"@id":"https:\/\/grup-serban.ro\/#organization"},"potentialAction":[{"@type":"SearchAction","target":{"@type":"EntryPoint","urlTemplate":"https:\/\/grup-serban.ro\/?s={search_term_string}"},"query-input":{"@type":"PropertyValueSpecification","valueRequired":true,"valueName":"search_term_string"}}],"inLanguage":"en-US"},{"@type":"Organization","@id":"https:\/\/grup-serban.ro\/#organization","name":"Grup Serban","url":"https:\/\/grup-serban.ro\/","logo":{"@type":"ImageObject","inLanguage":"en-US","@id":"https:\/\/grup-serban.ro\/#\/schema\/logo\/image\/","url":"https:\/\/grup-serban.ro\/wp-content\/uploads\/2022\/07\/GS-original-300x169-1-1.png","contentUrl":"https:\/\/grup-serban.ro\/wp-content\/uploads\/2022\/07\/GS-original-300x169-1-1.png","width":300,"height":169,"caption":"Grup Serban"},"image":{"@id":"https:\/\/grup-serban.ro\/#\/schema\/logo\/image\/"},"sameAs":["https:\/\/www.facebook.com\/GrupSerban\/"]}]}},"_links":{"self":[{"href":"https:\/\/grup-serban.ro\/en\/wp-json\/wp\/v2\/pages\/6269","targetHints":{"allow":["GET"]}}],"collection":[{"href":"https:\/\/grup-serban.ro\/en\/wp-json\/wp\/v2\/pages"}],"about":[{"href":"https:\/\/grup-serban.ro\/en\/wp-json\/wp\/v2\/types\/page"}],"author":[{"embeddable":true,"href":"https:\/\/grup-serban.ro\/en\/wp-json\/wp\/v2\/users\/1"}],"replies":[{"embeddable":true,"href":"https:\/\/grup-serban.ro\/en\/wp-json\/wp\/v2\/comments?post=6269"}],"version-history":[{"count":0,"href":"https:\/\/grup-serban.ro\/en\/wp-json\/wp\/v2\/pages\/6269\/revisions"}],"wp:attachment":[{"href":"https:\/\/grup-serban.ro\/en\/wp-json\/wp\/v2\/media?parent=6269"}],"curies":[{"name":"wp","href":"https:\/\/api.w.org\/{rel}","templated":true}]}}