{"id":6265,"date":"2024-04-26T11:57:06","date_gmt":"2024-04-26T08:57:06","guid":{"rendered":"https:\/\/grup-serban.ro\/?page_id=6265"},"modified":"2024-05-24T11:30:22","modified_gmt":"2024-05-24T08:30:22","slug":"cercetare-si-dezvoltare","status":"publish","type":"page","link":"https:\/\/grup-serban.ro\/en\/cercetare-si-dezvoltare\/","title":{"rendered":"Research and Development"},"content":{"rendered":"<div data-elementor-type=\"wp-page\" data-elementor-id=\"6265\" class=\"elementor elementor-6265\">\n\t\t\t\t\t\t<section class=\"elementor-section elementor-top-section elementor-element elementor-element-88b2a81 elementor-section-full_width elementor-section-stretched elementor-section-height-default elementor-section-height-default\" data-id=\"88b2a81\" data-element_type=\"section\" data-e-type=\"section\" data-settings=\"{&quot;stretch_section&quot;:&quot;section-stretched&quot;}\">\n\t\t\t\t\t\t<div class=\"elementor-container elementor-column-gap-no\">\n\t\t\t\t\t<div class=\"elementor-column elementor-col-100 elementor-top-column elementor-element elementor-element-4fb5c49\" data-id=\"4fb5c49\" data-element_type=\"column\" data-e-type=\"column\">\n\t\t\t<div class=\"elementor-widget-wrap elementor-element-populated\">\n\t\t\t\t\t\t<div class=\"elementor-element elementor-element-bbb59ef elementor-align-left elementor-widget elementor-widget-bdevs-banner-other\" data-id=\"bbb59ef\" data-element_type=\"widget\" data-e-type=\"widget\" data-widget_type=\"bdevs-banner-other.default\">\n\t\t\t\t<div class=\"elementor-widget-container\">\n\t\t\t\t\t  \r\n<section>\r\n    <div class=\"pages-hero\" style=\"background-image:url(https:\/\/grup-serban.ro\/wp-content\/uploads\/2024\/04\/header-site-2.png)\">\r\n        <div class=\"container\">\r\n            <div class=\"pages-title\">\r\n            \t                \t            <h1>Research and Development<\/h1>\r\n\t            \t                            <p>The central aspect of our research is the implementation of no-till technology<\/p>\r\n                            <\/div>\r\n        <\/div>\r\n    <\/div>\r\n<\/section>\r\n\t\t\t\t\t<\/div>\n\t\t\t\t<\/div>\n\t\t\t\t\t<\/div>\n\t\t<\/div>\n\t\t\t\t\t<\/div>\n\t\t<\/section>\n\t\t\t\t<section class=\"elementor-section elementor-top-section elementor-element elementor-element-f3de006 elementor-section-boxed elementor-section-height-default elementor-section-height-default\" data-id=\"f3de006\" data-element_type=\"section\" data-e-type=\"section\">\n\t\t\t\t\t\t<div class=\"elementor-container elementor-column-gap-default\">\n\t\t\t\t\t<div class=\"elementor-column elementor-col-50 elementor-top-column elementor-element elementor-element-86ef359\" data-id=\"86ef359\" data-element_type=\"column\" data-e-type=\"column\">\n\t\t\t<div class=\"elementor-widget-wrap elementor-element-populated\">\n\t\t\t\t\t\t<div class=\"elementor-element elementor-element-69e3295 elementor-widget elementor-widget-text-editor\" data-id=\"69e3295\" data-element_type=\"widget\" data-e-type=\"widget\" data-widget_type=\"text-editor.default\">\n\t\t\t\t\t\t\t\t\tWe base the technological plan corresponding to soil types and crops on pedological studies specific to the activity area, updated every 4 years.\n<br>\n<br>\n\nThrough the team of specialists within the group, organized in an Agro-food Analysis and Plant Nutrition Innovation Laboratory, in collaboration with experts and specialized institutes, we analyze the soil microbiology in our area of activity.\n\n<br>\n<br>\nOur laboratory is dedicated to exploring the interactions between soil microorganisms and plants, aiming to optimize crop health and productivity while simultaneously promoting agricultural practices that support and conserve soil biodiversity.\n\n<br>\n<br>\n\nThe central aspect of our research is the implementation and promotion of no-till agricultural technology. We optimize nutrient application by primarily using natural fertilizers and minimizing the use of fertilizers, herbicides, insecticides, and chemical fertilizers.\n\n<br>\n<br>\n\nThrough detailed analyses of the soil and fertilizers we conduct, we ensure that the natural fertilizers used are superior, providing more sustainable and efficient agriculture.\t\t\t\t\t\t\t\t<\/div>\n\t\t\t\t\t<\/div>\n\t\t<\/div>\n\t\t\t\t<div class=\"elementor-column elementor-col-50 elementor-top-column elementor-element elementor-element-50e15fe\" data-id=\"50e15fe\" data-element_type=\"column\" data-e-type=\"column\">\n\t\t\t<div class=\"elementor-widget-wrap elementor-element-populated\">\n\t\t\t\t\t\t<div class=\"elementor-element elementor-element-746d19e elementor-widget elementor-widget-image\" data-id=\"746d19e\" data-element_type=\"widget\" data-e-type=\"widget\" data-widget_type=\"image.default\">\n\t\t\t\t\t\t\t\t\t\t\t\t\t\t\t<img fetchpriority=\"high\" decoding=\"async\" width=\"900\" height=\"506\" src=\"https:\/\/grup-serban.ro\/wp-content\/uploads\/2024\/05\/Microscop-1024x576.jpg\" class=\"attachment-large size-large wp-image-7113\" alt=\"\" srcset=\"https:\/\/grup-serban.ro\/wp-content\/uploads\/2024\/05\/Microscop-1024x576.jpg 1024w, https:\/\/grup-serban.ro\/wp-content\/uploads\/2024\/05\/Microscop-300x169.jpg 300w, https:\/\/grup-serban.ro\/wp-content\/uploads\/2024\/05\/Microscop-768x432.jpg 768w, https:\/\/grup-serban.ro\/wp-content\/uploads\/2024\/05\/Microscop-1536x864.jpg 1536w, https:\/\/grup-serban.ro\/wp-content\/uploads\/2024\/05\/Microscop-18x10.jpg 18w, https:\/\/grup-serban.ro\/wp-content\/uploads\/2024\/05\/Microscop.jpg 1920w\" sizes=\"(max-width: 900px) 100vw, 900px\" \/>\t\t\t\t\t\t\t\t\t\t\t\t\t\t\t<\/div>\n\t\t\t\t\t<\/div>\n\t\t<\/div>\n\t\t\t\t\t<\/div>\n\t\t<\/section>\n\t\t\t\t<section class=\"elementor-section elementor-top-section elementor-element elementor-element-fe0e824 elementor-section-boxed elementor-section-height-default elementor-section-height-default\" data-id=\"fe0e824\" data-element_type=\"section\" data-e-type=\"section\">\n\t\t\t\t\t\t<div class=\"elementor-container elementor-column-gap-default\">\n\t\t\t\t\t<div class=\"elementor-column elementor-col-100 elementor-top-column elementor-element elementor-element-4d6bae8\" data-id=\"4d6bae8\" data-element_type=\"column\" data-e-type=\"column\">\n\t\t\t<div class=\"elementor-widget-wrap\">\n\t\t\t\t\t\t\t<\/div>\n\t\t<\/div>\n\t\t\t\t\t<\/div>\n\t\t<\/section>\n\t\t\t\t<\/div>","protected":false},"excerpt":{"rendered":"<p>Cercetare \u0219i Dezvoltare Aspectul central al cercet\u0103rii noastre \u00eel constituie implementarea tehnologiei no-till. Fundament\u0103m planul tehnologic corespunz\u0103tor tipurilor de sol \u0219i culturi pe baza studiilor pedologice specifice zonei de activitate, actualizate la 4 ani. Prin intermediul echipei\u00a0 de speciali\u0219ti din cadrul grupului, organiza\u021bi \u00eentr-un Laborator de Inovat\u0326ie i\u0302n Analiza\u0306 Agroalimentara\u0306 s\u0326i Nutrit\u0326ie a Plantelor, \u00een [&hellip;]<\/p>\n","protected":false},"author":1,"featured_media":0,"parent":0,"menu_order":0,"comment_status":"closed","ping_status":"closed","template":"","meta":{"footnotes":""},"class_list":["post-6265","page","type-page","status-publish","hentry"],"yoast_head":"<!-- This site is optimized with the Yoast SEO plugin v27.3 - https:\/\/yoast.com\/product\/yoast-seo-wordpress\/ -->\n<title>Cercetare \u0219i Dezvoltare - Grup Serban<\/title>\n<meta name=\"robots\" content=\"index, follow, max-snippet:-1, max-image-preview:large, max-video-preview:-1\" \/>\n<link rel=\"canonical\" href=\"https:\/\/grup-serban.ro\/en\/cercetare-si-dezvoltare\/\" \/>\n<meta property=\"og:locale\" content=\"en_US\" \/>\n<meta property=\"og:type\" content=\"article\" \/>\n<meta property=\"og:title\" content=\"Cercetare \u0219i Dezvoltare - Grup Serban\" \/>\n<meta property=\"og:description\" content=\"Cercetare \u0219i Dezvoltare Aspectul central al cercet\u0103rii noastre \u00eel constituie implementarea tehnologiei no-till. Fundament\u0103m planul tehnologic corespunz\u0103tor tipurilor de sol \u0219i culturi pe baza studiilor pedologice specifice zonei de activitate, actualizate la 4 ani. Prin intermediul echipei\u00a0 de speciali\u0219ti din cadrul grupului, organiza\u021bi \u00eentr-un Laborator de Inovat\u0326ie i\u0302n Analiza\u0306 Agroalimentara\u0306 s\u0326i Nutrit\u0326ie a Plantelor, \u00een [&hellip;]\" \/>\n<meta property=\"og:url\" content=\"https:\/\/grup-serban.ro\/en\/cercetare-si-dezvoltare\/\" \/>\n<meta property=\"og:site_name\" content=\"Grup Serban\" \/>\n<meta property=\"article:publisher\" content=\"https:\/\/www.facebook.com\/GrupSerban\/\" \/>\n<meta property=\"article:modified_time\" content=\"2024-05-24T08:30:22+00:00\" \/>\n<meta name=\"twitter:card\" content=\"summary_large_image\" \/>\n<script type=\"application\/ld+json\" class=\"yoast-schema-graph\">{\"@context\":\"https:\\\/\\\/schema.org\",\"@graph\":[{\"@type\":\"WebPage\",\"@id\":\"https:\\\/\\\/grup-serban.ro\\\/cercetare-si-dezvoltare\\\/\",\"url\":\"https:\\\/\\\/grup-serban.ro\\\/cercetare-si-dezvoltare\\\/\",\"name\":\"Cercetare \u0219i Dezvoltare - Grup Serban\",\"isPartOf\":{\"@id\":\"https:\\\/\\\/grup-serban.ro\\\/#website\"},\"primaryImageOfPage\":{\"@id\":\"https:\\\/\\\/grup-serban.ro\\\/cercetare-si-dezvoltare\\\/#primaryimage\"},\"image\":{\"@id\":\"https:\\\/\\\/grup-serban.ro\\\/cercetare-si-dezvoltare\\\/#primaryimage\"},\"thumbnailUrl\":\"https:\\\/\\\/grup-serban.ro\\\/wp-content\\\/uploads\\\/2024\\\/05\\\/Microscop-1024x576.jpg\",\"datePublished\":\"2024-04-26T08:57:06+00:00\",\"dateModified\":\"2024-05-24T08:30:22+00:00\",\"breadcrumb\":{\"@id\":\"https:\\\/\\\/grup-serban.ro\\\/cercetare-si-dezvoltare\\\/#breadcrumb\"},\"inLanguage\":\"en-US\",\"potentialAction\":[{\"@type\":\"ReadAction\",\"target\":[\"https:\\\/\\\/grup-serban.ro\\\/cercetare-si-dezvoltare\\\/\"]}]},{\"@type\":\"ImageObject\",\"inLanguage\":\"en-US\",\"@id\":\"https:\\\/\\\/grup-serban.ro\\\/cercetare-si-dezvoltare\\\/#primaryimage\",\"url\":\"https:\\\/\\\/grup-serban.ro\\\/wp-content\\\/uploads\\\/2024\\\/05\\\/Microscop-1024x576.jpg\",\"contentUrl\":\"https:\\\/\\\/grup-serban.ro\\\/wp-content\\\/uploads\\\/2024\\\/05\\\/Microscop-1024x576.jpg\"},{\"@type\":\"BreadcrumbList\",\"@id\":\"https:\\\/\\\/grup-serban.ro\\\/cercetare-si-dezvoltare\\\/#breadcrumb\",\"itemListElement\":[{\"@type\":\"ListItem\",\"position\":1,\"name\":\"Home\",\"item\":\"https:\\\/\\\/grup-serban.ro\\\/\"},{\"@type\":\"ListItem\",\"position\":2,\"name\":\"Cercetare \u0219i Dezvoltare\"}]},{\"@type\":\"WebSite\",\"@id\":\"https:\\\/\\\/grup-serban.ro\\\/#website\",\"url\":\"https:\\\/\\\/grup-serban.ro\\\/\",\"name\":\"Grup Serban\",\"description\":\"Cu si Despre Oameni\",\"publisher\":{\"@id\":\"https:\\\/\\\/grup-serban.ro\\\/#organization\"},\"potentialAction\":[{\"@type\":\"SearchAction\",\"target\":{\"@type\":\"EntryPoint\",\"urlTemplate\":\"https:\\\/\\\/grup-serban.ro\\\/?s={search_term_string}\"},\"query-input\":{\"@type\":\"PropertyValueSpecification\",\"valueRequired\":true,\"valueName\":\"search_term_string\"}}],\"inLanguage\":\"en-US\"},{\"@type\":\"Organization\",\"@id\":\"https:\\\/\\\/grup-serban.ro\\\/#organization\",\"name\":\"Grup Serban\",\"url\":\"https:\\\/\\\/grup-serban.ro\\\/\",\"logo\":{\"@type\":\"ImageObject\",\"inLanguage\":\"en-US\",\"@id\":\"https:\\\/\\\/grup-serban.ro\\\/#\\\/schema\\\/logo\\\/image\\\/\",\"url\":\"https:\\\/\\\/grup-serban.ro\\\/wp-content\\\/uploads\\\/2022\\\/07\\\/GS-original-300x169-1-1.png\",\"contentUrl\":\"https:\\\/\\\/grup-serban.ro\\\/wp-content\\\/uploads\\\/2022\\\/07\\\/GS-original-300x169-1-1.png\",\"width\":300,\"height\":169,\"caption\":\"Grup Serban\"},\"image\":{\"@id\":\"https:\\\/\\\/grup-serban.ro\\\/#\\\/schema\\\/logo\\\/image\\\/\"},\"sameAs\":[\"https:\\\/\\\/www.facebook.com\\\/GrupSerban\\\/\"]}]}<\/script>\n<!-- \/ Yoast SEO plugin. -->","yoast_head_json":{"title":"Cercetare \u0219i Dezvoltare - Grup Serban","robots":{"index":"index","follow":"follow","max-snippet":"max-snippet:-1","max-image-preview":"max-image-preview:large","max-video-preview":"max-video-preview:-1"},"canonical":"https:\/\/grup-serban.ro\/en\/cercetare-si-dezvoltare\/","og_locale":"en_US","og_type":"article","og_title":"Cercetare \u0219i Dezvoltare - Grup Serban","og_description":"Cercetare \u0219i Dezvoltare Aspectul central al cercet\u0103rii noastre \u00eel constituie implementarea tehnologiei no-till. Fundament\u0103m planul tehnologic corespunz\u0103tor tipurilor de sol \u0219i culturi pe baza studiilor pedologice specifice zonei de activitate, actualizate la 4 ani. Prin intermediul echipei\u00a0 de speciali\u0219ti din cadrul grupului, organiza\u021bi \u00eentr-un Laborator de Inovat\u0326ie i\u0302n Analiza\u0306 Agroalimentara\u0306 s\u0326i Nutrit\u0326ie a Plantelor, \u00een [&hellip;]","og_url":"https:\/\/grup-serban.ro\/en\/cercetare-si-dezvoltare\/","og_site_name":"Grup Serban","article_publisher":"https:\/\/www.facebook.com\/GrupSerban\/","article_modified_time":"2024-05-24T08:30:22+00:00","twitter_card":"summary_large_image","schema":{"@context":"https:\/\/schema.org","@graph":[{"@type":"WebPage","@id":"https:\/\/grup-serban.ro\/cercetare-si-dezvoltare\/","url":"https:\/\/grup-serban.ro\/cercetare-si-dezvoltare\/","name":"Cercetare \u0219i Dezvoltare - Grup Serban","isPartOf":{"@id":"https:\/\/grup-serban.ro\/#website"},"primaryImageOfPage":{"@id":"https:\/\/grup-serban.ro\/cercetare-si-dezvoltare\/#primaryimage"},"image":{"@id":"https:\/\/grup-serban.ro\/cercetare-si-dezvoltare\/#primaryimage"},"thumbnailUrl":"https:\/\/grup-serban.ro\/wp-content\/uploads\/2024\/05\/Microscop-1024x576.jpg","datePublished":"2024-04-26T08:57:06+00:00","dateModified":"2024-05-24T08:30:22+00:00","breadcrumb":{"@id":"https:\/\/grup-serban.ro\/cercetare-si-dezvoltare\/#breadcrumb"},"inLanguage":"en-US","potentialAction":[{"@type":"ReadAction","target":["https:\/\/grup-serban.ro\/cercetare-si-dezvoltare\/"]}]},{"@type":"ImageObject","inLanguage":"en-US","@id":"https:\/\/grup-serban.ro\/cercetare-si-dezvoltare\/#primaryimage","url":"https:\/\/grup-serban.ro\/wp-content\/uploads\/2024\/05\/Microscop-1024x576.jpg","contentUrl":"https:\/\/grup-serban.ro\/wp-content\/uploads\/2024\/05\/Microscop-1024x576.jpg"},{"@type":"BreadcrumbList","@id":"https:\/\/grup-serban.ro\/cercetare-si-dezvoltare\/#breadcrumb","itemListElement":[{"@type":"ListItem","position":1,"name":"Home","item":"https:\/\/grup-serban.ro\/"},{"@type":"ListItem","position":2,"name":"Cercetare \u0219i Dezvoltare"}]},{"@type":"WebSite","@id":"https:\/\/grup-serban.ro\/#website","url":"https:\/\/grup-serban.ro\/","name":"Grup Serban","description":"Cu si Despre Oameni","publisher":{"@id":"https:\/\/grup-serban.ro\/#organization"},"potentialAction":[{"@type":"SearchAction","target":{"@type":"EntryPoint","urlTemplate":"https:\/\/grup-serban.ro\/?s={search_term_string}"},"query-input":{"@type":"PropertyValueSpecification","valueRequired":true,"valueName":"search_term_string"}}],"inLanguage":"en-US"},{"@type":"Organization","@id":"https:\/\/grup-serban.ro\/#organization","name":"Grup Serban","url":"https:\/\/grup-serban.ro\/","logo":{"@type":"ImageObject","inLanguage":"en-US","@id":"https:\/\/grup-serban.ro\/#\/schema\/logo\/image\/","url":"https:\/\/grup-serban.ro\/wp-content\/uploads\/2022\/07\/GS-original-300x169-1-1.png","contentUrl":"https:\/\/grup-serban.ro\/wp-content\/uploads\/2022\/07\/GS-original-300x169-1-1.png","width":300,"height":169,"caption":"Grup Serban"},"image":{"@id":"https:\/\/grup-serban.ro\/#\/schema\/logo\/image\/"},"sameAs":["https:\/\/www.facebook.com\/GrupSerban\/"]}]}},"_links":{"self":[{"href":"https:\/\/grup-serban.ro\/en\/wp-json\/wp\/v2\/pages\/6265","targetHints":{"allow":["GET"]}}],"collection":[{"href":"https:\/\/grup-serban.ro\/en\/wp-json\/wp\/v2\/pages"}],"about":[{"href":"https:\/\/grup-serban.ro\/en\/wp-json\/wp\/v2\/types\/page"}],"author":[{"embeddable":true,"href":"https:\/\/grup-serban.ro\/en\/wp-json\/wp\/v2\/users\/1"}],"replies":[{"embeddable":true,"href":"https:\/\/grup-serban.ro\/en\/wp-json\/wp\/v2\/comments?post=6265"}],"version-history":[{"count":0,"href":"https:\/\/grup-serban.ro\/en\/wp-json\/wp\/v2\/pages\/6265\/revisions"}],"wp:attachment":[{"href":"https:\/\/grup-serban.ro\/en\/wp-json\/wp\/v2\/media?parent=6265"}],"curies":[{"name":"wp","href":"https:\/\/api.w.org\/{rel}","templated":true}]}}