{"id":6245,"date":"2024-04-26T11:39:01","date_gmt":"2024-04-26T08:39:01","guid":{"rendered":"https:\/\/grup-serban.ro\/?page_id=6245"},"modified":"2024-05-22T11:05:12","modified_gmt":"2024-05-22T08:05:12","slug":"viziune-si-obiectiv","status":"publish","type":"page","link":"https:\/\/grup-serban.ro\/en\/viziune-si-obiectiv\/","title":{"rendered":"Viziune \u0219i Obiectiv"},"content":{"rendered":"<div data-elementor-type=\"wp-page\" data-elementor-id=\"6245\" class=\"elementor elementor-6245\">\n\t\t\t\t\t\t<section class=\"elementor-section elementor-top-section elementor-element elementor-element-eb1e297 elementor-section-full_width elementor-section-height-default elementor-section-height-default\" data-id=\"eb1e297\" data-element_type=\"section\" data-e-type=\"section\">\n\t\t\t\t\t\t<div class=\"elementor-container elementor-column-gap-no\">\n\t\t\t\t\t<div class=\"elementor-column elementor-col-100 elementor-top-column elementor-element elementor-element-c4ef255\" data-id=\"c4ef255\" data-element_type=\"column\" data-e-type=\"column\">\n\t\t\t<div class=\"elementor-widget-wrap elementor-element-populated\">\n\t\t\t\t\t\t<div class=\"elementor-element elementor-element-5e5196e elementor-align-left elementor-widget elementor-widget-bdevs-banner-other\" data-id=\"5e5196e\" data-element_type=\"widget\" data-e-type=\"widget\" data-widget_type=\"bdevs-banner-other.default\">\n\t\t\t\t<div class=\"elementor-widget-container\">\n\t\t\t\t\t  \r\n<section>\r\n    <div class=\"pages-hero\" style=\"background-image:url(https:\/\/shtheme.org\/demosd\/farmey\/wp-content\/uploads\/2021\/10\/pages-bg.jpg)\">\r\n        <div class=\"container\">\r\n            <div class=\"pages-title\">\r\n            \t                <h5>Agribusiness<\/h5>\r\n                                \t            <h1>Vision Mission Objectives<\/h1>\r\n\t            \t                        <\/div>\r\n        <\/div>\r\n    <\/div>\r\n<\/section>\r\n\t\t\t\t\t<\/div>\n\t\t\t\t<\/div>\n\t\t\t\t\t<\/div>\n\t\t<\/div>\n\t\t\t\t\t<\/div>\n\t\t<\/section>\n\t\t\t\t<section class=\"elementor-section elementor-top-section elementor-element elementor-element-62eeae8 elementor-section-boxed elementor-section-height-default elementor-section-height-default\" data-id=\"62eeae8\" data-element_type=\"section\" data-e-type=\"section\">\n\t\t\t\t\t\t<div class=\"elementor-container elementor-column-gap-default\">\n\t\t\t\t\t<div class=\"elementor-column elementor-col-33 elementor-top-column elementor-element elementor-element-fe8377f\" data-id=\"fe8377f\" data-element_type=\"column\" data-e-type=\"column\">\n\t\t\t<div class=\"elementor-widget-wrap elementor-element-populated\">\n\t\t\t\t\t\t<div class=\"elementor-element elementor-element-b5eb12a elementor-widget elementor-widget-heading\" data-id=\"b5eb12a\" data-element_type=\"widget\" data-e-type=\"widget\" data-widget_type=\"heading.default\">\n\t\t\t\t\t<h2 class=\"elementor-heading-title elementor-size-default\">Vision<\/h2>\t\t\t\t<\/div>\n\t\t\t\t<div class=\"elementor-element elementor-element-bac26c2 elementor-widget elementor-widget-text-editor\" data-id=\"bac26c2\" data-element_type=\"widget\" data-e-type=\"widget\" data-widget_type=\"text-editor.default\">\n\t\t\t\t\t\t\t\t\tThe group's vision is grounded in adopting a holistic, integrated, and synergistic approach in managing the main exploited resources, with the aim of maximizing the added value. In any context, EBITDA (Earnings before Interest, Taxes, Depreciation, and Amortization) represents the primary indicator used to evaluate our performance, being analyzed both at the group level and at each business line level, thus consolidating our competitive position. Our main area of \u200b\u200bactivity, from the perspective of contributing to the group's operational gross margin value, is agriculture, encompassing both crop cultivation and vegetable production.\t\t\t\t\t\t\t\t<\/div>\n\t\t\t\t\t<\/div>\n\t\t<\/div>\n\t\t\t\t<div class=\"elementor-column elementor-col-33 elementor-top-column elementor-element elementor-element-65234f0\" data-id=\"65234f0\" data-element_type=\"column\" data-e-type=\"column\">\n\t\t\t<div class=\"elementor-widget-wrap elementor-element-populated\">\n\t\t\t\t\t\t<div class=\"elementor-element elementor-element-8a659c4 elementor-widget elementor-widget-heading\" data-id=\"8a659c4\" data-element_type=\"widget\" data-e-type=\"widget\" data-widget_type=\"heading.default\">\n\t\t\t\t\t<h2 class=\"elementor-heading-title elementor-size-default\">Mision<\/h2>\t\t\t\t<\/div>\n\t\t\t\t<div class=\"elementor-element elementor-element-fd596fc elementor-widget elementor-widget-text-editor\" data-id=\"fd596fc\" data-element_type=\"widget\" data-e-type=\"widget\" data-widget_type=\"text-editor.default\">\n\t\t\t\t\t\t\t\t\tOur aspiration is to be a significant and renowned player at the national level, a role model in terms of best practices and innovation in our field. Our commercial and competitive policy is based on strong partnerships with major retailers, traders, and processors.\t\t\t\t\t\t\t\t<\/div>\n\t\t\t\t\t<\/div>\n\t\t<\/div>\n\t\t\t\t<div class=\"elementor-column elementor-col-33 elementor-top-column elementor-element elementor-element-c24b39e\" data-id=\"c24b39e\" data-element_type=\"column\" data-e-type=\"column\">\n\t\t\t<div class=\"elementor-widget-wrap elementor-element-populated\">\n\t\t\t\t\t\t<div class=\"elementor-element elementor-element-c2c2ea8 elementor-widget elementor-widget-heading\" data-id=\"c2c2ea8\" data-element_type=\"widget\" data-e-type=\"widget\" data-widget_type=\"heading.default\">\n\t\t\t\t\t<h2 class=\"elementor-heading-title elementor-size-default\">Objectives<\/h2>\t\t\t\t<\/div>\n\t\t\t\t<div class=\"elementor-element elementor-element-0146c8f elementor-widget elementor-widget-text-editor\" data-id=\"0146c8f\" data-element_type=\"widget\" data-e-type=\"widget\" data-widget_type=\"text-editor.default\">\n\t\t\t\t\t\t\t\t\tThe main objective of the Group is to complete as many stages as possible in the processing of agricultural production, both primary and secondary products, with the shortest possible supply chain, in the spirit of circular economy and retaining within the group the highest possible percentage of the margin, related to the value chain, by establishing a final customer culture. The Group does not aim to exploit the production immediately after harvest, but to process, store, and enhance it through products with higher added value, thus increasing competitiveness.\t\t\t\t\t\t\t\t<\/div>\n\t\t\t\t\t<\/div>\n\t\t<\/div>\n\t\t\t\t\t<\/div>\n\t\t<\/section>\n\t\t\t\t<\/div>","protected":false},"excerpt":{"rendered":"<p>Agribusiness Viziune Misiune Obiectiv Viziune Viziunea grupului se fundamenteaz\u0103 pe adoptarea unei abord\u0103ri holistice, integrate \u0219i sinergice \u00een gestionarea principalelor resurse exploatate, cu scopul de a maximiza valoarea adus\u0103. \u00cen orice context, EBITDA (Earnings before Interest, Taxes, Depreciation, and Amortization) reprezint\u0103 primul indicator utilizat pentru evaluarea performan\u021bei noastre, fiind analizat at\u00e2t la nivelul \u00eentregului grup, [&hellip;]<\/p>\n","protected":false},"author":1,"featured_media":0,"parent":0,"menu_order":0,"comment_status":"closed","ping_status":"closed","template":"","meta":{"footnotes":""},"class_list":["post-6245","page","type-page","status-publish","hentry"],"yoast_head":"<!-- This site is optimized with the Yoast SEO plugin v27.3 - https:\/\/yoast.com\/product\/yoast-seo-wordpress\/ -->\n<title>Viziune \u0219i Obiectiv - Grup Serban<\/title>\n<meta name=\"robots\" content=\"index, follow, max-snippet:-1, max-image-preview:large, max-video-preview:-1\" \/>\n<link rel=\"canonical\" href=\"https:\/\/grup-serban.ro\/en\/viziune-si-obiectiv\/\" \/>\n<meta property=\"og:locale\" content=\"en_US\" \/>\n<meta property=\"og:type\" content=\"article\" \/>\n<meta property=\"og:title\" content=\"Viziune \u0219i Obiectiv - Grup Serban\" \/>\n<meta property=\"og:description\" content=\"Agribusiness Viziune Misiune Obiectiv Viziune Viziunea grupului se fundamenteaz\u0103 pe adoptarea unei abord\u0103ri holistice, integrate \u0219i sinergice \u00een gestionarea principalelor resurse exploatate, cu scopul de a maximiza valoarea adus\u0103. \u00cen orice context, EBITDA (Earnings before Interest, Taxes, Depreciation, and Amortization) reprezint\u0103 primul indicator utilizat pentru evaluarea performan\u021bei noastre, fiind analizat at\u00e2t la nivelul \u00eentregului grup, [&hellip;]\" \/>\n<meta property=\"og:url\" content=\"https:\/\/grup-serban.ro\/en\/viziune-si-obiectiv\/\" \/>\n<meta property=\"og:site_name\" content=\"Grup Serban\" \/>\n<meta property=\"article:publisher\" content=\"https:\/\/www.facebook.com\/GrupSerban\/\" \/>\n<meta property=\"article:modified_time\" content=\"2024-05-22T08:05:12+00:00\" \/>\n<meta name=\"twitter:card\" content=\"summary_large_image\" \/>\n<meta name=\"twitter:label1\" content=\"Est. reading time\" \/>\n\t<meta name=\"twitter:data1\" content=\"2 minutes\" \/>\n<script type=\"application\/ld+json\" class=\"yoast-schema-graph\">{\"@context\":\"https:\\\/\\\/schema.org\",\"@graph\":[{\"@type\":\"WebPage\",\"@id\":\"https:\\\/\\\/grup-serban.ro\\\/viziune-si-obiectiv\\\/\",\"url\":\"https:\\\/\\\/grup-serban.ro\\\/viziune-si-obiectiv\\\/\",\"name\":\"Viziune \u0219i Obiectiv - Grup Serban\",\"isPartOf\":{\"@id\":\"https:\\\/\\\/grup-serban.ro\\\/#website\"},\"datePublished\":\"2024-04-26T08:39:01+00:00\",\"dateModified\":\"2024-05-22T08:05:12+00:00\",\"breadcrumb\":{\"@id\":\"https:\\\/\\\/grup-serban.ro\\\/viziune-si-obiectiv\\\/#breadcrumb\"},\"inLanguage\":\"en-US\",\"potentialAction\":[{\"@type\":\"ReadAction\",\"target\":[\"https:\\\/\\\/grup-serban.ro\\\/viziune-si-obiectiv\\\/\"]}]},{\"@type\":\"BreadcrumbList\",\"@id\":\"https:\\\/\\\/grup-serban.ro\\\/viziune-si-obiectiv\\\/#breadcrumb\",\"itemListElement\":[{\"@type\":\"ListItem\",\"position\":1,\"name\":\"Home\",\"item\":\"https:\\\/\\\/grup-serban.ro\\\/\"},{\"@type\":\"ListItem\",\"position\":2,\"name\":\"Viziune \u0219i Obiectiv\"}]},{\"@type\":\"WebSite\",\"@id\":\"https:\\\/\\\/grup-serban.ro\\\/#website\",\"url\":\"https:\\\/\\\/grup-serban.ro\\\/\",\"name\":\"Grup Serban\",\"description\":\"Cu si Despre Oameni\",\"publisher\":{\"@id\":\"https:\\\/\\\/grup-serban.ro\\\/#organization\"},\"potentialAction\":[{\"@type\":\"SearchAction\",\"target\":{\"@type\":\"EntryPoint\",\"urlTemplate\":\"https:\\\/\\\/grup-serban.ro\\\/?s={search_term_string}\"},\"query-input\":{\"@type\":\"PropertyValueSpecification\",\"valueRequired\":true,\"valueName\":\"search_term_string\"}}],\"inLanguage\":\"en-US\"},{\"@type\":\"Organization\",\"@id\":\"https:\\\/\\\/grup-serban.ro\\\/#organization\",\"name\":\"Grup Serban\",\"url\":\"https:\\\/\\\/grup-serban.ro\\\/\",\"logo\":{\"@type\":\"ImageObject\",\"inLanguage\":\"en-US\",\"@id\":\"https:\\\/\\\/grup-serban.ro\\\/#\\\/schema\\\/logo\\\/image\\\/\",\"url\":\"https:\\\/\\\/grup-serban.ro\\\/wp-content\\\/uploads\\\/2022\\\/07\\\/GS-original-300x169-1-1.png\",\"contentUrl\":\"https:\\\/\\\/grup-serban.ro\\\/wp-content\\\/uploads\\\/2022\\\/07\\\/GS-original-300x169-1-1.png\",\"width\":300,\"height\":169,\"caption\":\"Grup Serban\"},\"image\":{\"@id\":\"https:\\\/\\\/grup-serban.ro\\\/#\\\/schema\\\/logo\\\/image\\\/\"},\"sameAs\":[\"https:\\\/\\\/www.facebook.com\\\/GrupSerban\\\/\"]}]}<\/script>\n<!-- \/ Yoast SEO plugin. -->","yoast_head_json":{"title":"Viziune \u0219i Obiectiv - Grup Serban","robots":{"index":"index","follow":"follow","max-snippet":"max-snippet:-1","max-image-preview":"max-image-preview:large","max-video-preview":"max-video-preview:-1"},"canonical":"https:\/\/grup-serban.ro\/en\/viziune-si-obiectiv\/","og_locale":"en_US","og_type":"article","og_title":"Viziune \u0219i Obiectiv - Grup Serban","og_description":"Agribusiness Viziune Misiune Obiectiv Viziune Viziunea grupului se fundamenteaz\u0103 pe adoptarea unei abord\u0103ri holistice, integrate \u0219i sinergice \u00een gestionarea principalelor resurse exploatate, cu scopul de a maximiza valoarea adus\u0103. \u00cen orice context, EBITDA (Earnings before Interest, Taxes, Depreciation, and Amortization) reprezint\u0103 primul indicator utilizat pentru evaluarea performan\u021bei noastre, fiind analizat at\u00e2t la nivelul \u00eentregului grup, [&hellip;]","og_url":"https:\/\/grup-serban.ro\/en\/viziune-si-obiectiv\/","og_site_name":"Grup Serban","article_publisher":"https:\/\/www.facebook.com\/GrupSerban\/","article_modified_time":"2024-05-22T08:05:12+00:00","twitter_card":"summary_large_image","twitter_misc":{"Est. reading time":"2 minutes"},"schema":{"@context":"https:\/\/schema.org","@graph":[{"@type":"WebPage","@id":"https:\/\/grup-serban.ro\/viziune-si-obiectiv\/","url":"https:\/\/grup-serban.ro\/viziune-si-obiectiv\/","name":"Viziune \u0219i Obiectiv - Grup Serban","isPartOf":{"@id":"https:\/\/grup-serban.ro\/#website"},"datePublished":"2024-04-26T08:39:01+00:00","dateModified":"2024-05-22T08:05:12+00:00","breadcrumb":{"@id":"https:\/\/grup-serban.ro\/viziune-si-obiectiv\/#breadcrumb"},"inLanguage":"en-US","potentialAction":[{"@type":"ReadAction","target":["https:\/\/grup-serban.ro\/viziune-si-obiectiv\/"]}]},{"@type":"BreadcrumbList","@id":"https:\/\/grup-serban.ro\/viziune-si-obiectiv\/#breadcrumb","itemListElement":[{"@type":"ListItem","position":1,"name":"Home","item":"https:\/\/grup-serban.ro\/"},{"@type":"ListItem","position":2,"name":"Viziune \u0219i Obiectiv"}]},{"@type":"WebSite","@id":"https:\/\/grup-serban.ro\/#website","url":"https:\/\/grup-serban.ro\/","name":"Grup Serban","description":"Cu si Despre Oameni","publisher":{"@id":"https:\/\/grup-serban.ro\/#organization"},"potentialAction":[{"@type":"SearchAction","target":{"@type":"EntryPoint","urlTemplate":"https:\/\/grup-serban.ro\/?s={search_term_string}"},"query-input":{"@type":"PropertyValueSpecification","valueRequired":true,"valueName":"search_term_string"}}],"inLanguage":"en-US"},{"@type":"Organization","@id":"https:\/\/grup-serban.ro\/#organization","name":"Grup Serban","url":"https:\/\/grup-serban.ro\/","logo":{"@type":"ImageObject","inLanguage":"en-US","@id":"https:\/\/grup-serban.ro\/#\/schema\/logo\/image\/","url":"https:\/\/grup-serban.ro\/wp-content\/uploads\/2022\/07\/GS-original-300x169-1-1.png","contentUrl":"https:\/\/grup-serban.ro\/wp-content\/uploads\/2022\/07\/GS-original-300x169-1-1.png","width":300,"height":169,"caption":"Grup Serban"},"image":{"@id":"https:\/\/grup-serban.ro\/#\/schema\/logo\/image\/"},"sameAs":["https:\/\/www.facebook.com\/GrupSerban\/"]}]}},"_links":{"self":[{"href":"https:\/\/grup-serban.ro\/en\/wp-json\/wp\/v2\/pages\/6245","targetHints":{"allow":["GET"]}}],"collection":[{"href":"https:\/\/grup-serban.ro\/en\/wp-json\/wp\/v2\/pages"}],"about":[{"href":"https:\/\/grup-serban.ro\/en\/wp-json\/wp\/v2\/types\/page"}],"author":[{"embeddable":true,"href":"https:\/\/grup-serban.ro\/en\/wp-json\/wp\/v2\/users\/1"}],"replies":[{"embeddable":true,"href":"https:\/\/grup-serban.ro\/en\/wp-json\/wp\/v2\/comments?post=6245"}],"version-history":[{"count":0,"href":"https:\/\/grup-serban.ro\/en\/wp-json\/wp\/v2\/pages\/6245\/revisions"}],"wp:attachment":[{"href":"https:\/\/grup-serban.ro\/en\/wp-json\/wp\/v2\/media?parent=6245"}],"curies":[{"name":"wp","href":"https:\/\/api.w.org\/{rel}","templated":true}]}}