{"id":6020,"date":"2024-02-15T08:43:30","date_gmt":"2024-02-15T06:43:30","guid":{"rendered":"https:\/\/grup-serban.ro\/?page_id=6020"},"modified":"2025-05-14T12:44:01","modified_gmt":"2025-05-14T09:44:01","slug":"ferme","status":"publish","type":"page","link":"https:\/\/grup-serban.ro\/en\/ferme\/","title":{"rendered":"Farms"},"content":{"rendered":"<div data-elementor-type=\"wp-page\" data-elementor-id=\"6020\" class=\"elementor elementor-6020\">\n\t\t\t\t\t\t<section class=\"elementor-section elementor-top-section elementor-element elementor-element-47447a3 elementor-section-full_width elementor-section-stretched elementor-section-height-default elementor-section-height-default\" data-id=\"47447a3\" data-element_type=\"section\" data-e-type=\"section\" data-settings=\"{&quot;stretch_section&quot;:&quot;section-stretched&quot;}\">\n\t\t\t\t\t\t<div class=\"elementor-container elementor-column-gap-no\">\n\t\t\t\t\t<div class=\"elementor-column elementor-col-100 elementor-top-column elementor-element elementor-element-0414b38\" data-id=\"0414b38\" data-element_type=\"column\" data-e-type=\"column\">\n\t\t\t<div class=\"elementor-widget-wrap elementor-element-populated\">\n\t\t\t\t\t\t<div class=\"elementor-element elementor-element-2a0a8ed elementor-align-left elementor-widget elementor-widget-bdevs-banner-other\" data-id=\"2a0a8ed\" data-element_type=\"widget\" data-e-type=\"widget\" data-widget_type=\"bdevs-banner-other.default\">\n\t\t\t\t<div class=\"elementor-widget-container\">\n\t\t\t\t\t  \r\n<section>\r\n    <div class=\"pages-hero\" style=\"background-image:url(https:\/\/grup-serban.ro\/wp-content\/uploads\/2024\/04\/header-site-2.png)\">\r\n        <div class=\"container\">\r\n            <div class=\"pages-title\">\r\n            \t                <h5>Farms<\/h5>\r\n                                \t            <h1>Animal husbandry<\/h1>\r\n\t            \t                            <p>We continuously monitor the growth and development of cattle and sheep<\/p>\r\n                            <\/div>\r\n        <\/div>\r\n    <\/div>\r\n<\/section>\r\n\t\t\t\t\t<\/div>\n\t\t\t\t<\/div>\n\t\t\t\t\t<\/div>\n\t\t<\/div>\n\t\t\t\t\t<\/div>\n\t\t<\/section>\n\t\t\t\t<section class=\"elementor-section elementor-top-section elementor-element elementor-element-30656e4 elementor-section-boxed elementor-section-height-default elementor-section-height-default\" data-id=\"30656e4\" data-element_type=\"section\" data-e-type=\"section\">\n\t\t\t\t\t\t<div class=\"elementor-container elementor-column-gap-default\">\n\t\t\t\t\t<div class=\"elementor-column elementor-col-100 elementor-top-column elementor-element elementor-element-ed1e6df\" data-id=\"ed1e6df\" data-element_type=\"column\" data-e-type=\"column\">\n\t\t\t<div class=\"elementor-widget-wrap elementor-element-populated\">\n\t\t\t\t\t\t<div class=\"elementor-element elementor-element-dc439ad elementor-widget elementor-widget-text-editor\" data-id=\"dc439ad\" data-element_type=\"widget\" data-e-type=\"widget\" data-widget_type=\"text-editor.default\">\n\t\t\t\t\t\t\t\t\tThe group is increasingly defining the Zootechnical field as a strategic line and takes as a starting point the maximum valorization of coarse products resulting from the large-scale cereal cultivation, the establishment of secondary crops in the same agricultural year on irrigated agricultural lands (fodder corn), and the operation of the Feed and Compound Fodder Unit with a production capacity of 7 tons of fodder per hour.\t\t\t\t\t\t\t\t<\/div>\n\t\t\t\t\t<\/div>\n\t\t<\/div>\n\t\t\t\t\t<\/div>\n\t\t<\/section>\n\t\t\t\t<section class=\"elementor-section elementor-top-section elementor-element elementor-element-567a585 elementor-section-boxed elementor-section-height-default elementor-section-height-default\" data-id=\"567a585\" data-element_type=\"section\" data-e-type=\"section\">\n\t\t\t\t\t\t<div class=\"elementor-container elementor-column-gap-default\">\n\t\t\t\t\t<div class=\"elementor-column elementor-col-50 elementor-top-column elementor-element elementor-element-eebaeaa\" data-id=\"eebaeaa\" data-element_type=\"column\" data-e-type=\"column\">\n\t\t\t<div class=\"elementor-widget-wrap elementor-element-populated\">\n\t\t\t\t\t\t<div class=\"elementor-element elementor-element-93b887e elementor-widget elementor-widget-heading\" data-id=\"93b887e\" data-element_type=\"widget\" data-e-type=\"widget\" data-widget_type=\"heading.default\">\n\t\t\t\t\t<h2 class=\"elementor-heading-title elementor-size-default\">Farms Capacities:<\/h2>\t\t\t\t<\/div>\n\t\t\t\t<div class=\"elementor-element elementor-element-8766e58 elementor-widget elementor-widget-text-editor\" data-id=\"8766e58\" data-element_type=\"widget\" data-e-type=\"widget\" data-widget_type=\"text-editor.default\">\n\t\t\t\t\t\t\t\t\t<ul><li>\/<strong>1.500<\/strong>\u00a0heads of Angus cattle used for meat<\/li><li>\/<strong>1.500<\/strong>\u00a0heads of Ile de France sheep for meat<\/li><li>\/<strong>5.600<\/strong>\u00a0heads of lamb<\/li><\/ul>\t\t\t\t\t\t\t\t<\/div>\n\t\t\t\t\t<\/div>\n\t\t<\/div>\n\t\t\t\t<div class=\"elementor-column elementor-col-50 elementor-top-column elementor-element elementor-element-0003d53\" data-id=\"0003d53\" data-element_type=\"column\" data-e-type=\"column\">\n\t\t\t<div class=\"elementor-widget-wrap elementor-element-populated\">\n\t\t\t\t\t\t<div class=\"elementor-element elementor-element-f760ad6 elementor-widget elementor-widget-heading\" data-id=\"f760ad6\" data-element_type=\"widget\" data-e-type=\"widget\" data-widget_type=\"heading.default\">\n\t\t\t\t\t<h2 class=\"elementor-heading-title elementor-size-default\">Projects in Development:<\/h2>\t\t\t\t<\/div>\n\t\t\t\t<div class=\"elementor-element elementor-element-7818a80 elementor-widget elementor-widget-text-editor\" data-id=\"7818a80\" data-element_type=\"widget\" data-e-type=\"widget\" data-widget_type=\"text-editor.default\">\n\t\t\t\t\t\t\t\t\t<ul><li>\/<strong>160.000<\/strong> heads of egg-laying hens, <strong>40.000<\/strong> heads of chicks and production of <strong>million eggs\/year<\/strong><\/li><\/ul>\t\t\t\t\t\t\t\t<\/div>\n\t\t\t\t\t<\/div>\n\t\t<\/div>\n\t\t\t\t\t<\/div>\n\t\t<\/section>\n\t\t\t\t<section class=\"elementor-section elementor-top-section elementor-element elementor-element-ca432e3 elementor-section-boxed elementor-section-height-default elementor-section-height-default\" data-id=\"ca432e3\" data-element_type=\"section\" data-e-type=\"section\">\n\t\t\t\t\t\t<div class=\"elementor-container elementor-column-gap-default\">\n\t\t\t\t\t<div class=\"elementor-column elementor-col-33 elementor-top-column elementor-element elementor-element-ea76bae\" data-id=\"ea76bae\" data-element_type=\"column\" data-e-type=\"column\">\n\t\t\t<div class=\"elementor-widget-wrap elementor-element-populated\">\n\t\t\t\t\t\t<div class=\"elementor-element elementor-element-7a7b9fe elementor-widget elementor-widget-heading\" data-id=\"7a7b9fe\" data-element_type=\"widget\" data-e-type=\"widget\" data-widget_type=\"heading.default\">\n\t\t\t\t\t<h2 class=\"elementor-heading-title elementor-size-default\">Three Farms:<\/h2>\t\t\t\t<\/div>\n\t\t\t\t<div class=\"elementor-element elementor-element-e0b5b87 elementor-widget elementor-widget-html\" data-id=\"e0b5b87\" data-element_type=\"widget\" data-e-type=\"widget\" data-widget_type=\"html.default\">\n\t\t\t\t\t<html lang=\"en\">\r\n<head>\r\n<meta charset=\"UTF-8\">\r\n<meta name=\"viewport\" content=\"width=device-width, initial-scale=1.0\">\r\n<title>HTML List with SVG Bullet Points<\/title>\r\n\r\n<\/head>\r\n<body>\r\n\r\n\r\n<ul class=\"custom-list\">\r\n  <li class=\"custom-item\">Farm dedicated to raising Aberdeen Angus cattle, with a capacity of <strong>1.500 de capete<\/strong><\/li>\r\n  <li class=\"custom-item\">Farm dedicated to raising \u00cele de France sheep, with a capacity of <strong>1.500 de capete<\/strong>\r\n  \r\n and a farm dedicated to raising lambs with a capacity of <strong>5.600 de capete<\/strong><\/li>\r\n  <li class=\"custom-item translation-block\">The third zootechnical farm, under development, is <strong>a farm for floor-raised laying hens<\/strong>: <strong>10 fully automated laying hen halls<\/strong>, with a housing capacity of <strong>160,000 laying hens<\/strong> and <strong>40,000 pullets<\/strong> and a production capacity of <strong>50 million eggs per year<\/strong>.<\/li>\r\n<\/ul>\r\n\r\n<\/body>\r\n<\/html>\t\t\t\t<\/div>\n\t\t\t\t\t<\/div>\n\t\t<\/div>\n\t\t\t\t<div class=\"elementor-column elementor-col-66 elementor-top-column elementor-element elementor-element-ef322b3\" data-id=\"ef322b3\" data-element_type=\"column\" data-e-type=\"column\">\n\t\t\t<div class=\"elementor-widget-wrap elementor-element-populated\">\n\t\t\t\t\t\t<div class=\"elementor-element elementor-element-5e9734b elementor-arrows-position-inside elementor-pagination-position-outside elementor-widget elementor-widget-image-carousel\" data-id=\"5e9734b\" data-element_type=\"widget\" data-e-type=\"widget\" data-settings=\"{&quot;slides_to_show&quot;:&quot;2&quot;,&quot;navigation&quot;:&quot;both&quot;,&quot;autoplay&quot;:&quot;yes&quot;,&quot;pause_on_hover&quot;:&quot;yes&quot;,&quot;pause_on_interaction&quot;:&quot;yes&quot;,&quot;autoplay_speed&quot;:5000,&quot;infinite&quot;:&quot;yes&quot;,&quot;speed&quot;:500}\" data-widget_type=\"image-carousel.default\">\n\t\t\t\t\t\t\t<div class=\"elementor-image-carousel-wrapper swiper\" role=\"region\" aria-roledescription=\"carousel\" aria-label=\"Carusel de imagini\" dir=\"ltr\">\n\t\t\t<div class=\"elementor-image-carousel swiper-wrapper\" aria-live=\"off\">\n\t\t\t\t\t\t\t\t<div class=\"swiper-slide\" role=\"group\" aria-roledescription=\"slide\" aria-label=\"1 of 5\"><figure class=\"swiper-slide-inner\"><img decoding=\"async\" class=\"swiper-slide-image\" src=\"https:\/\/grup-serban.ro\/wp-content\/uploads\/2024\/05\/vaci-3.png\" alt=\"vaci 3\" \/><\/figure><\/div><div class=\"swiper-slide\" role=\"group\" aria-roledescription=\"slide\" aria-label=\"2 of 5\"><figure class=\"swiper-slide-inner\"><img decoding=\"async\" class=\"swiper-slide-image\" src=\"https:\/\/grup-serban.ro\/wp-content\/uploads\/2024\/05\/vaci-2.png\" alt=\"vaci 2\" \/><\/figure><\/div><div class=\"swiper-slide\" role=\"group\" aria-roledescription=\"slide\" aria-label=\"3 of 5\"><figure class=\"swiper-slide-inner\"><img decoding=\"async\" class=\"swiper-slide-image\" src=\"https:\/\/grup-serban.ro\/wp-content\/uploads\/2024\/05\/vaci-1.png\" alt=\"vaci 1\" \/><\/figure><\/div><div class=\"swiper-slide\" role=\"group\" aria-roledescription=\"slide\" aria-label=\"4 of 5\"><figure class=\"swiper-slide-inner\"><img decoding=\"async\" class=\"swiper-slide-image\" src=\"https:\/\/grup-serban.ro\/wp-content\/uploads\/2024\/05\/oi1.png\" alt=\"oi1\" \/><\/figure><\/div><div class=\"swiper-slide\" role=\"group\" aria-roledescription=\"slide\" aria-label=\"5 of 5\"><figure class=\"swiper-slide-inner\"><img decoding=\"async\" class=\"swiper-slide-image\" src=\"https:\/\/grup-serban.ro\/wp-content\/uploads\/2024\/05\/oaie2.png\" alt=\"oaie2\" \/><\/figure><\/div>\t\t\t<\/div>\n\t\t\t\t\t\t\t\t\t\t\t\t<div class=\"elementor-swiper-button elementor-swiper-button-prev\" role=\"button\" tabindex=\"0\">\n\t\t\t\t\t\t<svg aria-hidden=\"true\" class=\"e-font-icon-svg e-eicon-chevron-left\" viewbox=\"0 0 1000 1000\" xmlns=\"http:\/\/www.w3.org\/2000\/svg\"><path d=\"M646 125C629 125 613 133 604 142L308 442C296 454 292 471 292 487 292 504 296 521 308 533L604 854C617 867 629 875 646 875 663 875 679 871 692 858 704 846 713 829 713 812 713 796 708 779 692 767L438 487 692 225C700 217 708 204 708 187 708 171 704 154 692 142 675 129 663 125 646 125Z\"><\/path><\/svg>\t\t\t\t\t<\/div>\n\t\t\t\t\t<div class=\"elementor-swiper-button elementor-swiper-button-next\" role=\"button\" tabindex=\"0\">\n\t\t\t\t\t\t<svg aria-hidden=\"true\" class=\"e-font-icon-svg e-eicon-chevron-right\" viewbox=\"0 0 1000 1000\" xmlns=\"http:\/\/www.w3.org\/2000\/svg\"><path d=\"M696 533C708 521 713 504 713 487 713 471 708 454 696 446L400 146C388 133 375 125 354 125 338 125 325 129 313 142 300 154 292 171 292 187 292 204 296 221 308 233L563 492 304 771C292 783 288 800 288 817 288 833 296 850 308 863 321 871 338 875 354 875 371 875 388 867 400 854L696 533Z\"><\/path><\/svg>\t\t\t\t\t<\/div>\n\t\t\t\t\n\t\t\t\t\t\t\t\t\t<div class=\"swiper-pagination\"><\/div>\n\t\t\t\t\t\t\t\t\t<\/div>\n\t\t\t\t\t\t<\/div>\n\t\t\t\t\t<\/div>\n\t\t<\/div>\n\t\t\t\t\t<\/div>\n\t\t<\/section>\n\t\t\t\t<section class=\"elementor-section elementor-top-section elementor-element elementor-element-befae96 elementor-section-boxed elementor-section-height-default elementor-section-height-default\" data-id=\"befae96\" data-element_type=\"section\" data-e-type=\"section\">\n\t\t\t\t\t\t<div class=\"elementor-container elementor-column-gap-default\">\n\t\t\t\t\t<div class=\"elementor-column elementor-col-100 elementor-top-column elementor-element elementor-element-09405b3\" data-id=\"09405b3\" data-element_type=\"column\" data-e-type=\"column\">\n\t\t\t<div class=\"elementor-widget-wrap elementor-element-populated\">\n\t\t\t\t\t\t<div class=\"elementor-element elementor-element-d4ec928 elementor-widget elementor-widget-text-editor\" data-id=\"d4ec928\" data-element_type=\"widget\" data-e-type=\"widget\" data-widget_type=\"text-editor.default\">\n\t\t\t\t\t\t\t\t\tCompania practic\u0103 un p\u0103\u0219unat ra\u021bional, cu un grad de tehnicitate ridicat.\n\nPrima metod\u0103 de p\u0103\u0219unat o reprezint\u0103 culturile de acoperire \u2018\u2019<strong>cover crops<\/strong>\u2019\u2019. Cealalt\u0103 metod\u0103, folosit\u0103 la islaz, const\u0103 \u00een rotirea periodic\u0103 \u0219i irigarea terenului, \u00een mai multe compartimente. Pentru cre\u0219terea produc\u021biei de mas\u0103 verde \u0219i \u00eembun\u0103t\u0103\u021birea paji\u0219tilor naturale \u00een vederea p\u0103\u0219unatului rational \u00eengrijim permanent suprafe\u021bele de p\u0103\u0219une.\n\nAmbele ferme permit cre\u0219terea animalelor at\u00e2t \u00een stabula\u021bie, c\u00e2t \u0219i pe p\u0103\u0219une (<strong>2.100 ha \u0219i 150 ha islaz<\/strong>).\n\nZootehnia permite transformarea unor marje mici ce se ob\u021bin de regul\u0103 din comercializarea cerealelor \u0219i furajelor ca atare \u00een produse cu marje semnificative prin comercializare carcase de carne.\t\t\t\t\t\t\t\t<\/div>\n\t\t\t\t\t<\/div>\n\t\t<\/div>\n\t\t\t\t\t<\/div>\n\t\t<\/section>\n\t\t\t\t<section class=\"elementor-section elementor-top-section elementor-element elementor-element-8d2f33e elementor-section-boxed elementor-section-height-default elementor-section-height-default\" data-id=\"8d2f33e\" data-element_type=\"section\" data-e-type=\"section\">\n\t\t\t\t\t\t<div class=\"elementor-container elementor-column-gap-default\">\n\t\t\t\t\t<div class=\"elementor-column elementor-col-100 elementor-top-column elementor-element elementor-element-1e53667\" data-id=\"1e53667\" data-element_type=\"column\" data-e-type=\"column\">\n\t\t\t<div class=\"elementor-widget-wrap\">\n\t\t\t\t\t\t\t<\/div>\n\t\t<\/div>\n\t\t\t\t\t<\/div>\n\t\t<\/section>\n\t\t\t\t<\/div>","protected":false},"excerpt":{"rendered":"<p>Ferme Zootehnie Monitoriz\u0103m \u00een permanen\u021b\u0103 cre\u0219terea \u0219i dezvoltarea bovinelor \u0219i ovinelor Grupul defineste tot mai clar domeniul Zootehnic ca linie strategic\u0103 \u0219i are ca punct de plecare valorificarea la maximum a produselor grosiere rezultate din cultura mare de cereale, \u00eenfiin\u021barea culturilor secundare \u00een acela\u0219i an agricol pe terenurile agricole irigate (porumb furaj) \u0219i exploatarea unit\u0103\u021bii [&hellip;]<\/p>\n","protected":false},"author":1,"featured_media":0,"parent":0,"menu_order":0,"comment_status":"closed","ping_status":"closed","template":"","meta":{"footnotes":""},"class_list":["post-6020","page","type-page","status-publish","hentry"],"yoast_head":"<!-- This site is optimized with the Yoast SEO plugin v27.3 - https:\/\/yoast.com\/product\/yoast-seo-wordpress\/ -->\n<title>Ferme - Grup Serban<\/title>\n<meta name=\"robots\" content=\"index, follow, max-snippet:-1, max-image-preview:large, max-video-preview:-1\" \/>\n<link rel=\"canonical\" href=\"https:\/\/grup-serban.ro\/en\/ferme\/\" \/>\n<meta property=\"og:locale\" content=\"en_US\" \/>\n<meta property=\"og:type\" content=\"article\" \/>\n<meta property=\"og:title\" content=\"Ferme - Grup Serban\" \/>\n<meta property=\"og:description\" content=\"Ferme Zootehnie Monitoriz\u0103m \u00een permanen\u021b\u0103 cre\u0219terea \u0219i dezvoltarea bovinelor \u0219i ovinelor Grupul defineste tot mai clar domeniul Zootehnic ca linie strategic\u0103 \u0219i are ca punct de plecare valorificarea la maximum a produselor grosiere rezultate din cultura mare de cereale, \u00eenfiin\u021barea culturilor secundare \u00een acela\u0219i an agricol pe terenurile agricole irigate (porumb furaj) \u0219i exploatarea unit\u0103\u021bii [&hellip;]\" \/>\n<meta property=\"og:url\" content=\"https:\/\/grup-serban.ro\/en\/ferme\/\" \/>\n<meta property=\"og:site_name\" content=\"Grup Serban\" \/>\n<meta property=\"article:publisher\" content=\"https:\/\/www.facebook.com\/GrupSerban\/\" \/>\n<meta property=\"article:modified_time\" content=\"2025-05-14T09:44:01+00:00\" \/>\n<meta property=\"og:image\" content=\"https:\/\/grup-serban.ro\/wp-content\/uploads\/2024\/05\/vaci-3.png\" \/>\n<meta name=\"twitter:card\" content=\"summary_large_image\" \/>\n<meta name=\"twitter:label1\" content=\"Est. reading time\" \/>\n\t<meta name=\"twitter:data1\" content=\"1 minute\" \/>\n<script type=\"application\/ld+json\" class=\"yoast-schema-graph\">{\"@context\":\"https:\\\/\\\/schema.org\",\"@graph\":[{\"@type\":\"WebPage\",\"@id\":\"https:\\\/\\\/grup-serban.ro\\\/ferme\\\/\",\"url\":\"https:\\\/\\\/grup-serban.ro\\\/ferme\\\/\",\"name\":\"Ferme - Grup Serban\",\"isPartOf\":{\"@id\":\"https:\\\/\\\/grup-serban.ro\\\/#website\"},\"primaryImageOfPage\":{\"@id\":\"https:\\\/\\\/grup-serban.ro\\\/ferme\\\/#primaryimage\"},\"image\":{\"@id\":\"https:\\\/\\\/grup-serban.ro\\\/ferme\\\/#primaryimage\"},\"thumbnailUrl\":\"https:\\\/\\\/grup-serban.ro\\\/wp-content\\\/uploads\\\/2024\\\/05\\\/vaci-3.png\",\"datePublished\":\"2024-02-15T06:43:30+00:00\",\"dateModified\":\"2025-05-14T09:44:01+00:00\",\"breadcrumb\":{\"@id\":\"https:\\\/\\\/grup-serban.ro\\\/ferme\\\/#breadcrumb\"},\"inLanguage\":\"en-US\",\"potentialAction\":[{\"@type\":\"ReadAction\",\"target\":[\"https:\\\/\\\/grup-serban.ro\\\/ferme\\\/\"]}]},{\"@type\":\"ImageObject\",\"inLanguage\":\"en-US\",\"@id\":\"https:\\\/\\\/grup-serban.ro\\\/ferme\\\/#primaryimage\",\"url\":\"https:\\\/\\\/grup-serban.ro\\\/wp-content\\\/uploads\\\/2024\\\/05\\\/vaci-3.png\",\"contentUrl\":\"https:\\\/\\\/grup-serban.ro\\\/wp-content\\\/uploads\\\/2024\\\/05\\\/vaci-3.png\"},{\"@type\":\"BreadcrumbList\",\"@id\":\"https:\\\/\\\/grup-serban.ro\\\/ferme\\\/#breadcrumb\",\"itemListElement\":[{\"@type\":\"ListItem\",\"position\":1,\"name\":\"Home\",\"item\":\"https:\\\/\\\/grup-serban.ro\\\/\"},{\"@type\":\"ListItem\",\"position\":2,\"name\":\"Ferme\"}]},{\"@type\":\"WebSite\",\"@id\":\"https:\\\/\\\/grup-serban.ro\\\/#website\",\"url\":\"https:\\\/\\\/grup-serban.ro\\\/\",\"name\":\"Grup Serban\",\"description\":\"Cu si Despre Oameni\",\"publisher\":{\"@id\":\"https:\\\/\\\/grup-serban.ro\\\/#organization\"},\"potentialAction\":[{\"@type\":\"SearchAction\",\"target\":{\"@type\":\"EntryPoint\",\"urlTemplate\":\"https:\\\/\\\/grup-serban.ro\\\/?s={search_term_string}\"},\"query-input\":{\"@type\":\"PropertyValueSpecification\",\"valueRequired\":true,\"valueName\":\"search_term_string\"}}],\"inLanguage\":\"en-US\"},{\"@type\":\"Organization\",\"@id\":\"https:\\\/\\\/grup-serban.ro\\\/#organization\",\"name\":\"Grup Serban\",\"url\":\"https:\\\/\\\/grup-serban.ro\\\/\",\"logo\":{\"@type\":\"ImageObject\",\"inLanguage\":\"en-US\",\"@id\":\"https:\\\/\\\/grup-serban.ro\\\/#\\\/schema\\\/logo\\\/image\\\/\",\"url\":\"https:\\\/\\\/grup-serban.ro\\\/wp-content\\\/uploads\\\/2022\\\/07\\\/GS-original-300x169-1-1.png\",\"contentUrl\":\"https:\\\/\\\/grup-serban.ro\\\/wp-content\\\/uploads\\\/2022\\\/07\\\/GS-original-300x169-1-1.png\",\"width\":300,\"height\":169,\"caption\":\"Grup Serban\"},\"image\":{\"@id\":\"https:\\\/\\\/grup-serban.ro\\\/#\\\/schema\\\/logo\\\/image\\\/\"},\"sameAs\":[\"https:\\\/\\\/www.facebook.com\\\/GrupSerban\\\/\"]}]}<\/script>\n<!-- \/ Yoast SEO plugin. -->","yoast_head_json":{"title":"Ferme - Grup Serban","robots":{"index":"index","follow":"follow","max-snippet":"max-snippet:-1","max-image-preview":"max-image-preview:large","max-video-preview":"max-video-preview:-1"},"canonical":"https:\/\/grup-serban.ro\/en\/ferme\/","og_locale":"en_US","og_type":"article","og_title":"Ferme - Grup Serban","og_description":"Ferme Zootehnie Monitoriz\u0103m \u00een permanen\u021b\u0103 cre\u0219terea \u0219i dezvoltarea bovinelor \u0219i ovinelor Grupul defineste tot mai clar domeniul Zootehnic ca linie strategic\u0103 \u0219i are ca punct de plecare valorificarea la maximum a produselor grosiere rezultate din cultura mare de cereale, \u00eenfiin\u021barea culturilor secundare \u00een acela\u0219i an agricol pe terenurile agricole irigate (porumb furaj) \u0219i exploatarea unit\u0103\u021bii [&hellip;]","og_url":"https:\/\/grup-serban.ro\/en\/ferme\/","og_site_name":"Grup Serban","article_publisher":"https:\/\/www.facebook.com\/GrupSerban\/","article_modified_time":"2025-05-14T09:44:01+00:00","og_image":[{"url":"https:\/\/grup-serban.ro\/wp-content\/uploads\/2024\/05\/vaci-3.png","type":"","width":"","height":""}],"twitter_card":"summary_large_image","twitter_misc":{"Est. reading time":"1 minute"},"schema":{"@context":"https:\/\/schema.org","@graph":[{"@type":"WebPage","@id":"https:\/\/grup-serban.ro\/ferme\/","url":"https:\/\/grup-serban.ro\/ferme\/","name":"Ferme - Grup Serban","isPartOf":{"@id":"https:\/\/grup-serban.ro\/#website"},"primaryImageOfPage":{"@id":"https:\/\/grup-serban.ro\/ferme\/#primaryimage"},"image":{"@id":"https:\/\/grup-serban.ro\/ferme\/#primaryimage"},"thumbnailUrl":"https:\/\/grup-serban.ro\/wp-content\/uploads\/2024\/05\/vaci-3.png","datePublished":"2024-02-15T06:43:30+00:00","dateModified":"2025-05-14T09:44:01+00:00","breadcrumb":{"@id":"https:\/\/grup-serban.ro\/ferme\/#breadcrumb"},"inLanguage":"en-US","potentialAction":[{"@type":"ReadAction","target":["https:\/\/grup-serban.ro\/ferme\/"]}]},{"@type":"ImageObject","inLanguage":"en-US","@id":"https:\/\/grup-serban.ro\/ferme\/#primaryimage","url":"https:\/\/grup-serban.ro\/wp-content\/uploads\/2024\/05\/vaci-3.png","contentUrl":"https:\/\/grup-serban.ro\/wp-content\/uploads\/2024\/05\/vaci-3.png"},{"@type":"BreadcrumbList","@id":"https:\/\/grup-serban.ro\/ferme\/#breadcrumb","itemListElement":[{"@type":"ListItem","position":1,"name":"Home","item":"https:\/\/grup-serban.ro\/"},{"@type":"ListItem","position":2,"name":"Ferme"}]},{"@type":"WebSite","@id":"https:\/\/grup-serban.ro\/#website","url":"https:\/\/grup-serban.ro\/","name":"Grup Serban","description":"Cu si Despre Oameni","publisher":{"@id":"https:\/\/grup-serban.ro\/#organization"},"potentialAction":[{"@type":"SearchAction","target":{"@type":"EntryPoint","urlTemplate":"https:\/\/grup-serban.ro\/?s={search_term_string}"},"query-input":{"@type":"PropertyValueSpecification","valueRequired":true,"valueName":"search_term_string"}}],"inLanguage":"en-US"},{"@type":"Organization","@id":"https:\/\/grup-serban.ro\/#organization","name":"Grup Serban","url":"https:\/\/grup-serban.ro\/","logo":{"@type":"ImageObject","inLanguage":"en-US","@id":"https:\/\/grup-serban.ro\/#\/schema\/logo\/image\/","url":"https:\/\/grup-serban.ro\/wp-content\/uploads\/2022\/07\/GS-original-300x169-1-1.png","contentUrl":"https:\/\/grup-serban.ro\/wp-content\/uploads\/2022\/07\/GS-original-300x169-1-1.png","width":300,"height":169,"caption":"Grup Serban"},"image":{"@id":"https:\/\/grup-serban.ro\/#\/schema\/logo\/image\/"},"sameAs":["https:\/\/www.facebook.com\/GrupSerban\/"]}]}},"_links":{"self":[{"href":"https:\/\/grup-serban.ro\/en\/wp-json\/wp\/v2\/pages\/6020","targetHints":{"allow":["GET"]}}],"collection":[{"href":"https:\/\/grup-serban.ro\/en\/wp-json\/wp\/v2\/pages"}],"about":[{"href":"https:\/\/grup-serban.ro\/en\/wp-json\/wp\/v2\/types\/page"}],"author":[{"embeddable":true,"href":"https:\/\/grup-serban.ro\/en\/wp-json\/wp\/v2\/users\/1"}],"replies":[{"embeddable":true,"href":"https:\/\/grup-serban.ro\/en\/wp-json\/wp\/v2\/comments?post=6020"}],"version-history":[{"count":12,"href":"https:\/\/grup-serban.ro\/en\/wp-json\/wp\/v2\/pages\/6020\/revisions"}],"predecessor-version":[{"id":9113,"href":"https:\/\/grup-serban.ro\/en\/wp-json\/wp\/v2\/pages\/6020\/revisions\/9113"}],"wp:attachment":[{"href":"https:\/\/grup-serban.ro\/en\/wp-json\/wp\/v2\/media?parent=6020"}],"curies":[{"name":"wp","href":"https:\/\/api.w.org\/{rel}","templated":true}]}}