{"id":5629,"date":"2023-11-02T15:36:41","date_gmt":"2023-11-02T13:36:41","guid":{"rendered":"https:\/\/grup-serban.ro\/?page_id=5629"},"modified":"2023-11-03T09:56:39","modified_gmt":"2023-11-03T07:56:39","slug":"termeni-si-conditii","status":"publish","type":"page","link":"https:\/\/grup-serban.ro\/en\/termeni-si-conditii\/","title":{"rendered":"Termeni \u0219i condi\u021bii"},"content":{"rendered":"<div data-elementor-type=\"wp-page\" data-elementor-id=\"5629\" class=\"elementor elementor-5629\">\n\t\t\t\t\t\t<section class=\"elementor-section elementor-top-section elementor-element elementor-element-4077445 elementor-section-boxed elementor-section-height-default elementor-section-height-default\" data-id=\"4077445\" data-element_type=\"section\" data-e-type=\"section\" data-settings=\"{&quot;background_background&quot;:&quot;classic&quot;}\">\n\t\t\t\t\t\t<div class=\"elementor-container elementor-column-gap-no\">\n\t\t\t\t\t<div class=\"elementor-column elementor-col-100 elementor-top-column elementor-element elementor-element-24ca0b1\" data-id=\"24ca0b1\" data-element_type=\"column\" data-e-type=\"column\">\n\t\t\t<div class=\"elementor-widget-wrap elementor-element-populated\">\n\t\t\t\t\t\t<div class=\"elementor-element elementor-element-f8c36d3 elementor-align-left elementor-widget elementor-widget-bdevs-banner-other\" data-id=\"f8c36d3\" data-element_type=\"widget\" data-e-type=\"widget\" data-widget_type=\"bdevs-banner-other.default\">\n\t\t\t\t<div class=\"elementor-widget-container\">\n\t\t\t\t\t  \r\n<section>\r\n    <div class=\"pages-hero\" style=\"background-image:url(https:\/\/grup-serban.ro\/wp-content\/uploads\/2022\/08\/Investitori.jpeg)\">\r\n        <div class=\"container\">\r\n            <div class=\"pages-title\">\r\n            \t                \t            <h1>Termeni \u0219i condi\u021bii<\/h1>\r\n\t            \t                        <\/div>\r\n        <\/div>\r\n    <\/div>\r\n<\/section>\r\n\t\t\t\t\t<\/div>\n\t\t\t\t<\/div>\n\t\t\t\t\t<\/div>\n\t\t<\/div>\n\t\t\t\t\t<\/div>\n\t\t<\/section>\n\t\t\t\t<section class=\"elementor-section elementor-top-section elementor-element elementor-element-84c4372 elementor-section-boxed elementor-section-height-default elementor-section-height-default\" data-id=\"84c4372\" data-element_type=\"section\" data-e-type=\"section\">\n\t\t\t\t\t\t<div class=\"elementor-container elementor-column-gap-default\">\n\t\t\t\t\t<div class=\"elementor-column elementor-col-100 elementor-top-column elementor-element elementor-element-527d62c\" data-id=\"527d62c\" data-element_type=\"column\" data-e-type=\"column\">\n\t\t\t<div class=\"elementor-widget-wrap elementor-element-populated\">\n\t\t\t\t\t\t<div class=\"elementor-element elementor-element-b0b028c elementor-widget elementor-widget-text-editor\" data-id=\"b0b028c\" data-element_type=\"widget\" data-e-type=\"widget\" data-widget_type=\"text-editor.default\">\n\t\t\t\t\t\t\t\t\t<h3><strong>Capitolul I \u2013 Dispozi\u021bii generale<\/strong><\/h3><ol><li><h4><strong>1. \u00cen\u021belesul unor termeni<\/strong><\/h4><\/li><\/ol><p>1.1. Termenii folosi\u021bi \u00een continuare, dac\u0103 nu rezult\u0103 altfel din context, au urm\u0103torul \u00een\u021beles:<\/p><ul><li>Noi \u00eenseamn\u0103: GRUP \u0218ERBAN HOLDING S.A. (sau \u201eGSH\u201d, sau \u201cGrup Serban\u201d, sau \u201eSocietatea\u201d), o societate comercial\u0103 \u00eenfiin\u021bat\u0103 \u00een baza \u0219i supus\u0103 legilor din Rom\u00e2nia, av\u00e2nd sediul social \u00een sat Filipe\u0219ti, comuna Bogd\u0103ne\u0219ti, Jude\u021bul Bac\u0103u, \u0219i num\u0103rul de identificare fiscal\u0103 RO40006886, \u00eenregistrat\u0103 la Registrul Comer\u021bului sub num\u0103rul J4\/1556\/2018, e-mail:\u00a0<a href=\"mailto:office@grup-serban.ro\">office@grup-serban.ro<\/a>, telefon: +0234322165;<\/li><li>Dumneavoastr\u0103\/Utilizatorul \u00eenseamn\u0103: persoana fizic\u0103 sau juridic\u0103 ce acceseaz\u0103 \u0219i navigheaz\u0103 Website-ul;<\/li><li>Website-ul \u00eenseamn\u0103: paginile de internet disponibile la adresa\u00a0<a href=\"https:\/\/grup-serban.ro\/en\/\">https:\/\/grup-serban.ro\/<\/a>\u00eempreun\u0103 cu toate subpaginile lor;<\/li><li>Servicii \u00eenseamn\u0103: Serviciile prezentate pe Website, pe care Noi le prest\u0103m \u00een baza unui contract de prest\u0103ri servicii \u00eencheiat \u00een conformitate cu dispozi\u021biile legale;<\/li><li>Termeni \u0219i condi\u021bii \u00eenseamn\u0103: toate dispozi\u021biile prezentate \u00een continuare ce se aplic\u0103 rela\u021biei dintre Noi \u0219i Dumneavoastr\u0103, atunci c\u00e2nd accesa\u021bi sau utiliza\u021bi Website-ul;<\/li><li>Politica de confiden\u021bialitate \u00eenseamn\u0103: Politica privind prelucrarea datelor cu caracter personal \u0219i politica privind modulele cookie;<\/li><\/ul><h3><strong>Capitolul II &#8211; Aplicabilitate<\/strong><\/h3><ol start=\"2\"><li><h4><strong>2. Aplicabilitate Termeni \u0219i condi\u021bii. For\u021b\u0103 obligatorie<\/strong><\/h4><\/li><\/ol><p>2.1. Ace\u0219ti Termeni \u0219i condi\u021bii, \u00eempreun\u0103 cu Politica de confiden\u021bialitate, se aplic\u0103 de fiecare dat\u0103 c\u00e2nd Dumneavoastr\u0103 accesa\u021bi \u0219i utiliza\u021bi Website-ul. Astfel, \u00een m\u0103sura \u00een care naviga\u021bi \u0219i utiliza\u021bi Website-ul, \u00een\u021belege\u021bi \u0219i accepta\u021bi c\u0103 raportul dintre Dumneavoastr\u0103 \u0219i Noi va fi supus acestor Termeni \u0219i condi\u021bii \u0219i Politicilor GDPR, dispozi\u021biile prezentate av\u00e2nd for\u021b\u0103 juridic\u0103 obligatorie. Altfel spus, accesarea \u0219i navigarea pe Website reprezint\u0103 acordul Dumnevoastr\u0103 cu privire la aplicarea acestor Termeni \u0219i condi\u021bii.<\/p><p>2.2. \u00cen m\u0103sura \u00een care nu sunte\u021bi de acord cu ace\u0219ti Termeni \u0219i condi\u021bii sau cu Politica de confiden\u021bialitate, v\u0103 rug\u0103m s\u0103 nu mai utiliza\u021bi Website-ul.<\/p><p>2.3. Totodat\u0103, prin accesarea \u0219i utilizarea Website-ului declara\u021bi c\u0103 \u00eendeplini\u021bi toate condi\u021biile legale pentru emiterea acordului prev\u0103zut mai sus \u0219i c\u0103 nu exist\u0103 niciun alt impediment legal care s\u0103 atrag\u0103 neaplicarea acestor Termeni \u0219i condi\u021bii. Noi nu ne asum\u0103m nicio r\u0103spundere \u00een cazul \u00een care informa\u021biile furnizate de Dumneavoastr\u0103 nu sunt corecte.<\/p><p>2.4. \u00cen sensul dispozi\u021biilor men\u021bionate la pct. 2.3., pentru cet\u0103\u021benii rom\u00e2ni, v\u00e2rsta la care pute\u021bi, de principiu, emite consim\u021b\u0103m\u00e2ntul \u00een mod valabil este de 18 ani. \u00cen cazul \u00een care nu sunte\u021bi cet\u0103\u021bean rom\u00e2n, este necesar s\u0103 verifica\u021bi \u00een legisla\u021bia de na\u021bionalitate condi\u021biile \u00een care pute\u021bi emite un consim\u021b\u0103m\u00e2nt valabil, \u00eenainte de a utiliza Website-ul.<\/p><p>2.5. Prin acceptarea Termenilor \u0219i Condi\u021biilor trebuie s\u0103 ave\u021bi \u00een vedere c\u0103 \u00eentre Noi \u0219i Dumneavoastr\u0103 nu se \u00eencheie un contract de prest\u0103ri servicii.<\/p><h3><strong>Capitolul III \u2013 Informa\u021biile prezentate pe Website<\/strong><\/h3><ol start=\"3\"><li><h4><strong>3. Articolele de specialitate<\/strong><\/h4><\/li><\/ol><p>3.1. Pe Website sunt prezentate unele articole de specialitate din domeniul agro si alimentar. Aceste articole au un rol pur informativ, nereprezent\u00e2nd asisten\u021b\u0103 sau consultan\u021b\u0103 pe subiectele prezentate.<\/p><p>3.2. Consultan\u021ba este furnizat\u0103 numai \u00een baza unui contract de prest\u0103ri servicii \u00eencheiat \u00eentre Dumneavoastr\u0103 \u0219i Noi, \u00een conformitate cu dispozi\u021biile legale.<\/p><p>3.3. Astfel, nu ne asum\u0103m nicio r\u0103spundere cu privire la modalitatea \u00een care utiliza\u021bi informa\u021biile prezentate pe Website. Dumneavoastr\u0103 \u00een\u021belege\u021bi \u0219i accepta\u021bi c\u0103 Noi nu putem fi \u021binu\u021bi responsabili pentru eventualele prejudicii pe care le-a\u021bi putea suferi din utilizarea necorespunz\u0103toare a informa\u021biilor prezentate pe Website.<\/p><h3><strong>Capitolul IV &#8211; Servicii<\/strong><\/h3><ol start=\"4\"><li><h4><strong>4. Prezentarea Serviciilor<\/strong><\/h4><\/li><\/ol><p>4.1. Pe Website sunt prezentate o parte din Serviciile furnizate de Noi. Dac\u0103 dori\u021bi contractarea acestora, s\u0103 ne contacta\u021bi prin sec\u021biunea de contact sau prin celelalte mijloace disponibile.<\/p><p>4.2. S\u0103 nu ne transmite\u021bi documente \u0219i informa\u021bii confiden\u021biale c\u00e2t timp nu a\u021bi \u00eencheiat un contract de prest\u0103ri servicii.<\/p><p>4.3 Sa nu transmiteti date sau informatii (documente, fisiere, scripturi, cod, links, etc) ce nu sunt legale sau au scopul sau intentia de a comite o infractiune conform legilor in viguare de pe teritoriul Romaniei.<\/p><h3><strong>Capitolul V \u2013 Proprietatea intelectual\u0103<\/strong><\/h3><ol start=\"5\"><li><h4><strong>5.Dispozi\u021bii generale<\/strong><\/h4><\/li><\/ol><p>5.1. \u00centregul con\u021binut disponibil pe Website este protejat prin intermediul drepturilor de proprietate intelectual\u0103. Este interzis\u0103 orice copiere, \u00eenregistrare, desc\u0103rcare, transmitere, reproducere, distribuire \u0219i orice alte opera\u021biuni similare a con\u021binutului Website-ului f\u0103cute \u00een alte condi\u021bii dec\u00e2t cele permise de lege \u0219i ar\u0103tate \u00een continuare.<\/p><p>5.2. Articolele de specialitate pot fi distribuite, \u00een integralitate, numai prin func\u021bionalitatea Website-ului, respectiv prin butonul distribuie. De asemenea, este permis\u0103 copierea adresei web la care se afl\u0103 articolul \u0219i distribuirea acesteia.<\/p><p>5.3. Pot fi distribuite, reproduse, copiate sau transmise anumite sec\u021biuni sau paragrafe ale articolelor prezentate pe Website numai cu indicarea sursei \u0219i a autorului.<\/p><p>5.4. Sub nicio form\u0103 nu este permis\u0103 distribuirea, copierea, desc\u0103rcarea, transmiterea, reproducerea \u0219i alte opera\u021biuni similiare a articolelor prezentate pe Website, \u00een integralitate sau \u00een parte, f\u0103r\u0103 indicarea sursei sau autorului. Ne rezerv\u0103m dreptul s\u0103 sesiz\u0103m toate institu\u021biile abilitate pentru orice \u00eenc\u0103lcare a drepturilor de proprietate intelectual\u0103.<\/p><p>5.5. Toate celelalte elemente ale Website-ului, semne grafice, design, descrierea serviciilor, inclusiv Politica de confiden\u021bialitate \u0219i ace\u0219ti Termeni \u0219i condi\u021bii, sunt protejate prin intermediul drepturilor de proprietate intelectual\u0103 \u0219i nu pot fi copiate, \u00eenregistrate, desc\u0103rcate, transmise, reproduse, distribuite sau supuse oric\u0103ror opera\u021biuni similare.<\/p><h4><strong>Capitolul VI \u2013 Declinarea de r\u0103spundere<\/strong><\/h4><ol start=\"6\"><li><h4><strong>6. Dispozi\u021bii generale<\/strong><\/h4><\/li><\/ol><p>6.1. Noi nu ne asum\u0103m nicio r\u0103spundere cu privire la modalitatea \u00een care Dumneavoastr\u0103 utiliza\u021bi Website-ul. Astfel, nu garant\u0103m niciun rezultat cu privire la utilizarea Website-ului \u0219i nu puteam fi \u021binu\u021bi responsabili pentru orice prejudicii pe care le-a\u021bi putea suferi din utilizarea sau utilizarea necorespunz\u0103toare a Website-ului \u0219i a informa\u021biilor prezentate pe acesta.<\/p><p>6.2. Noi nu ne asum\u0103m nicio r\u0103spundere cu privire la nefunc\u021bionalitatea Website-ului sau la imposibilitatea de accesare a acestuia. Website-ul este furnizat \u201ea\u0219a cum este\u201d neav\u00e2nd nici-o obliga\u021bie cu privire asigurarea func\u021bionalit\u0103\u021bii Website-ului.<\/p><p>6.3. Astfel, \u00een\u021belege\u021bi \u0219i accepta\u021bi c\u0103 nu pute\u021bi formula nicio preten\u021bie \u00eempotriva noastr\u0103 pentru orice nepl\u0103ceri sau prejudicii pe care le-a\u021bi putea suferi, a\u0219a cum au fost descrise \u00een aceast\u0103 sec\u021biune.<\/p><h3><strong>Capitolul VII \u2013 Prevederi finale<\/strong><\/h3><ol start=\"7\"><li><p>7. Prin acceptarea Termenilor \u0219i Condi\u021biilor \u00een\u021belege\u021bi \u0219i accepta\u021bi ca legea aplicabil\u0103 acestora s\u0103 fie legea rom\u00e2n\u0103, at\u00e2t \u00een ceea ce prive\u0219te condi\u021biile de fond, c\u00e2t \u0219i cele de form\u0103.<\/p><\/li><li>8. Locul accept\u0103rii Termenilor \u0219i Condi\u021biilor este considerat a fi Bac\u0103u, Rom\u00e2nia.<\/li><li>9. Noi ne rezerv\u0103m dreptul de a modifica ace\u0219ti Termeni \u0219i condi\u021bii dup\u0103 cum vom considera necesar. \u00cen m\u0103sura \u00een care, dup\u0103 efectuarea acestor modific\u0103ri, nu sunte\u021bi de acord cu noile dispozi\u021bii, v\u0103 rug\u0103m s\u0103 nu mai accesa\u021bi \u0219i utiliza\u021bi Website-ul.<\/li><li>10. \u00cen cazul \u00een care o clauz\u0103 din ace\u0219ti Termeni \u0219i condi\u021bii nu se pot aplica, din orice motive, clauza respectiv\u0103 va fi \u00eenlocuit\u0103 cu dispozi\u021bia legal\u0103 relevant\u0103 situa\u021biei pentru care fusese prev\u0103zut\u0103 clauza \u0219i care se apropie cel mai mult de sensul clauzei inaplicabile.<\/li><li>11. Prin acceptarea acestor Termeni \u0219i condi\u021bii sunte\u021bi de acord ca orice litigii ap\u0103rute \u00eentre Dumneavoastr\u0103 \u0219i Noi s\u0103 fie solu\u021bionate de instan\u021bele de judecat\u0103 din Rom\u00e2nia.<\/li><\/ol><h6>\u00cen cazul unor conflicte de interpretare \u00eentre versiunile lingvistice ale acestui document, va avea prioritate versiunea \u00een limba rom\u00e2n\u0103.<\/h6>\t\t\t\t\t\t\t\t<\/div>\n\t\t\t\t\t<\/div>\n\t\t<\/div>\n\t\t\t\t\t<\/div>\n\t\t<\/section>\n\t\t\t\t<\/div>","protected":false},"excerpt":{"rendered":"<p>Termeni \u0219i condi\u021bii Capitolul I \u2013 Dispozi\u021bii generale1. \u00cen\u021belesul unor termeni1.1. Termenii folosi\u021bi \u00een continuare, dac\u0103 nu rezult\u0103 altfel din context, au urm\u0103torul \u00een\u021beles:Noi \u00eenseamn\u0103: GRUP \u0218ERBAN HOLDING S.A. (sau \u201eGSH\u201d, sau \u201cGrup Serban\u201d, sau \u201eSocietatea\u201d), o societate comercial\u0103 \u00eenfiin\u021bat\u0103 \u00een baza \u0219i supus\u0103 legilor din Rom\u00e2nia, av\u00e2nd sediul social \u00een sat Filipe\u0219ti, comuna Bogd\u0103ne\u0219ti, [&hellip;]<\/p>\n","protected":false},"author":1,"featured_media":0,"parent":0,"menu_order":0,"comment_status":"closed","ping_status":"closed","template":"","meta":{"footnotes":""},"class_list":["post-5629","page","type-page","status-publish","hentry"],"yoast_head":"<!-- This site is optimized with the Yoast SEO plugin v27.3 - https:\/\/yoast.com\/product\/yoast-seo-wordpress\/ -->\n<title>Termeni \u0219i condi\u021bii - Grup Serban<\/title>\n<meta name=\"robots\" content=\"index, follow, max-snippet:-1, max-image-preview:large, max-video-preview:-1\" \/>\n<link rel=\"canonical\" href=\"https:\/\/grup-serban.ro\/en\/termeni-si-conditii\/\" \/>\n<meta property=\"og:locale\" content=\"en_US\" \/>\n<meta property=\"og:type\" content=\"article\" \/>\n<meta property=\"og:title\" content=\"Termeni \u0219i condi\u021bii - Grup Serban\" \/>\n<meta property=\"og:description\" content=\"Termeni \u0219i condi\u021bii Capitolul I \u2013 Dispozi\u021bii generale1. \u00cen\u021belesul unor termeni1.1. Termenii folosi\u021bi \u00een continuare, dac\u0103 nu rezult\u0103 altfel din context, au urm\u0103torul \u00een\u021beles:Noi \u00eenseamn\u0103: GRUP \u0218ERBAN HOLDING S.A. (sau \u201eGSH\u201d, sau \u201cGrup Serban\u201d, sau \u201eSocietatea\u201d), o societate comercial\u0103 \u00eenfiin\u021bat\u0103 \u00een baza \u0219i supus\u0103 legilor din Rom\u00e2nia, av\u00e2nd sediul social \u00een sat Filipe\u0219ti, comuna Bogd\u0103ne\u0219ti, [&hellip;]\" \/>\n<meta property=\"og:url\" content=\"https:\/\/grup-serban.ro\/en\/termeni-si-conditii\/\" \/>\n<meta property=\"og:site_name\" content=\"Grup Serban\" \/>\n<meta property=\"article:publisher\" content=\"https:\/\/www.facebook.com\/GrupSerban\/\" \/>\n<meta property=\"article:modified_time\" content=\"2023-11-03T07:56:39+00:00\" \/>\n<meta name=\"twitter:card\" content=\"summary_large_image\" \/>\n<meta name=\"twitter:label1\" content=\"Est. reading time\" \/>\n\t<meta name=\"twitter:data1\" content=\"6 minutes\" \/>\n<script type=\"application\/ld+json\" class=\"yoast-schema-graph\">{\"@context\":\"https:\\\/\\\/schema.org\",\"@graph\":[{\"@type\":\"WebPage\",\"@id\":\"https:\\\/\\\/grup-serban.ro\\\/termeni-si-conditii\\\/\",\"url\":\"https:\\\/\\\/grup-serban.ro\\\/termeni-si-conditii\\\/\",\"name\":\"Termeni \u0219i condi\u021bii - Grup Serban\",\"isPartOf\":{\"@id\":\"https:\\\/\\\/grup-serban.ro\\\/#website\"},\"datePublished\":\"2023-11-02T13:36:41+00:00\",\"dateModified\":\"2023-11-03T07:56:39+00:00\",\"breadcrumb\":{\"@id\":\"https:\\\/\\\/grup-serban.ro\\\/termeni-si-conditii\\\/#breadcrumb\"},\"inLanguage\":\"en-US\",\"potentialAction\":[{\"@type\":\"ReadAction\",\"target\":[\"https:\\\/\\\/grup-serban.ro\\\/termeni-si-conditii\\\/\"]}]},{\"@type\":\"BreadcrumbList\",\"@id\":\"https:\\\/\\\/grup-serban.ro\\\/termeni-si-conditii\\\/#breadcrumb\",\"itemListElement\":[{\"@type\":\"ListItem\",\"position\":1,\"name\":\"Home\",\"item\":\"https:\\\/\\\/grup-serban.ro\\\/\"},{\"@type\":\"ListItem\",\"position\":2,\"name\":\"Termeni \u0219i condi\u021bii\"}]},{\"@type\":\"WebSite\",\"@id\":\"https:\\\/\\\/grup-serban.ro\\\/#website\",\"url\":\"https:\\\/\\\/grup-serban.ro\\\/\",\"name\":\"Grup Serban\",\"description\":\"Cu si Despre Oameni\",\"publisher\":{\"@id\":\"https:\\\/\\\/grup-serban.ro\\\/#organization\"},\"potentialAction\":[{\"@type\":\"SearchAction\",\"target\":{\"@type\":\"EntryPoint\",\"urlTemplate\":\"https:\\\/\\\/grup-serban.ro\\\/?s={search_term_string}\"},\"query-input\":{\"@type\":\"PropertyValueSpecification\",\"valueRequired\":true,\"valueName\":\"search_term_string\"}}],\"inLanguage\":\"en-US\"},{\"@type\":\"Organization\",\"@id\":\"https:\\\/\\\/grup-serban.ro\\\/#organization\",\"name\":\"Grup Serban\",\"url\":\"https:\\\/\\\/grup-serban.ro\\\/\",\"logo\":{\"@type\":\"ImageObject\",\"inLanguage\":\"en-US\",\"@id\":\"https:\\\/\\\/grup-serban.ro\\\/#\\\/schema\\\/logo\\\/image\\\/\",\"url\":\"https:\\\/\\\/grup-serban.ro\\\/wp-content\\\/uploads\\\/2022\\\/07\\\/GS-original-300x169-1-1.png\",\"contentUrl\":\"https:\\\/\\\/grup-serban.ro\\\/wp-content\\\/uploads\\\/2022\\\/07\\\/GS-original-300x169-1-1.png\",\"width\":300,\"height\":169,\"caption\":\"Grup Serban\"},\"image\":{\"@id\":\"https:\\\/\\\/grup-serban.ro\\\/#\\\/schema\\\/logo\\\/image\\\/\"},\"sameAs\":[\"https:\\\/\\\/www.facebook.com\\\/GrupSerban\\\/\"]}]}<\/script>\n<!-- \/ Yoast SEO plugin. -->","yoast_head_json":{"title":"Termeni \u0219i condi\u021bii - Grup Serban","robots":{"index":"index","follow":"follow","max-snippet":"max-snippet:-1","max-image-preview":"max-image-preview:large","max-video-preview":"max-video-preview:-1"},"canonical":"https:\/\/grup-serban.ro\/en\/termeni-si-conditii\/","og_locale":"en_US","og_type":"article","og_title":"Termeni \u0219i condi\u021bii - Grup Serban","og_description":"Termeni \u0219i condi\u021bii Capitolul I \u2013 Dispozi\u021bii generale1. \u00cen\u021belesul unor termeni1.1. Termenii folosi\u021bi \u00een continuare, dac\u0103 nu rezult\u0103 altfel din context, au urm\u0103torul \u00een\u021beles:Noi \u00eenseamn\u0103: GRUP \u0218ERBAN HOLDING S.A. (sau \u201eGSH\u201d, sau \u201cGrup Serban\u201d, sau \u201eSocietatea\u201d), o societate comercial\u0103 \u00eenfiin\u021bat\u0103 \u00een baza \u0219i supus\u0103 legilor din Rom\u00e2nia, av\u00e2nd sediul social \u00een sat Filipe\u0219ti, comuna Bogd\u0103ne\u0219ti, [&hellip;]","og_url":"https:\/\/grup-serban.ro\/en\/termeni-si-conditii\/","og_site_name":"Grup Serban","article_publisher":"https:\/\/www.facebook.com\/GrupSerban\/","article_modified_time":"2023-11-03T07:56:39+00:00","twitter_card":"summary_large_image","twitter_misc":{"Est. reading time":"6 minutes"},"schema":{"@context":"https:\/\/schema.org","@graph":[{"@type":"WebPage","@id":"https:\/\/grup-serban.ro\/termeni-si-conditii\/","url":"https:\/\/grup-serban.ro\/termeni-si-conditii\/","name":"Termeni \u0219i condi\u021bii - Grup Serban","isPartOf":{"@id":"https:\/\/grup-serban.ro\/#website"},"datePublished":"2023-11-02T13:36:41+00:00","dateModified":"2023-11-03T07:56:39+00:00","breadcrumb":{"@id":"https:\/\/grup-serban.ro\/termeni-si-conditii\/#breadcrumb"},"inLanguage":"en-US","potentialAction":[{"@type":"ReadAction","target":["https:\/\/grup-serban.ro\/termeni-si-conditii\/"]}]},{"@type":"BreadcrumbList","@id":"https:\/\/grup-serban.ro\/termeni-si-conditii\/#breadcrumb","itemListElement":[{"@type":"ListItem","position":1,"name":"Home","item":"https:\/\/grup-serban.ro\/"},{"@type":"ListItem","position":2,"name":"Termeni \u0219i condi\u021bii"}]},{"@type":"WebSite","@id":"https:\/\/grup-serban.ro\/#website","url":"https:\/\/grup-serban.ro\/","name":"Grup Serban","description":"Cu si Despre Oameni","publisher":{"@id":"https:\/\/grup-serban.ro\/#organization"},"potentialAction":[{"@type":"SearchAction","target":{"@type":"EntryPoint","urlTemplate":"https:\/\/grup-serban.ro\/?s={search_term_string}"},"query-input":{"@type":"PropertyValueSpecification","valueRequired":true,"valueName":"search_term_string"}}],"inLanguage":"en-US"},{"@type":"Organization","@id":"https:\/\/grup-serban.ro\/#organization","name":"Grup Serban","url":"https:\/\/grup-serban.ro\/","logo":{"@type":"ImageObject","inLanguage":"en-US","@id":"https:\/\/grup-serban.ro\/#\/schema\/logo\/image\/","url":"https:\/\/grup-serban.ro\/wp-content\/uploads\/2022\/07\/GS-original-300x169-1-1.png","contentUrl":"https:\/\/grup-serban.ro\/wp-content\/uploads\/2022\/07\/GS-original-300x169-1-1.png","width":300,"height":169,"caption":"Grup Serban"},"image":{"@id":"https:\/\/grup-serban.ro\/#\/schema\/logo\/image\/"},"sameAs":["https:\/\/www.facebook.com\/GrupSerban\/"]}]}},"_links":{"self":[{"href":"https:\/\/grup-serban.ro\/en\/wp-json\/wp\/v2\/pages\/5629","targetHints":{"allow":["GET"]}}],"collection":[{"href":"https:\/\/grup-serban.ro\/en\/wp-json\/wp\/v2\/pages"}],"about":[{"href":"https:\/\/grup-serban.ro\/en\/wp-json\/wp\/v2\/types\/page"}],"author":[{"embeddable":true,"href":"https:\/\/grup-serban.ro\/en\/wp-json\/wp\/v2\/users\/1"}],"replies":[{"embeddable":true,"href":"https:\/\/grup-serban.ro\/en\/wp-json\/wp\/v2\/comments?post=5629"}],"version-history":[{"count":0,"href":"https:\/\/grup-serban.ro\/en\/wp-json\/wp\/v2\/pages\/5629\/revisions"}],"wp:attachment":[{"href":"https:\/\/grup-serban.ro\/en\/wp-json\/wp\/v2\/media?parent=5629"}],"curies":[{"name":"wp","href":"https:\/\/api.w.org\/{rel}","templated":true}]}}