{"id":5624,"date":"2023-11-02T15:33:24","date_gmt":"2023-11-02T13:33:24","guid":{"rendered":"https:\/\/grup-serban.ro\/?page_id=5624"},"modified":"2023-11-02T15:35:07","modified_gmt":"2023-11-02T13:35:07","slug":"privacy","status":"publish","type":"page","link":"https:\/\/grup-serban.ro\/en\/privacy\/","title":{"rendered":"Privacy"},"content":{"rendered":"<div data-elementor-type=\"wp-page\" data-elementor-id=\"5624\" class=\"elementor elementor-5624\">\n\t\t\t\t\t\t<section class=\"elementor-section elementor-top-section elementor-element elementor-element-0fd88b4 elementor-section-boxed elementor-section-height-default elementor-section-height-default\" data-id=\"0fd88b4\" data-element_type=\"section\" data-e-type=\"section\" data-settings=\"{&quot;background_background&quot;:&quot;classic&quot;}\">\n\t\t\t\t\t\t<div class=\"elementor-container elementor-column-gap-no\">\n\t\t\t\t\t<div class=\"elementor-column elementor-col-100 elementor-top-column elementor-element elementor-element-4d4bf3c\" data-id=\"4d4bf3c\" data-element_type=\"column\" data-e-type=\"column\">\n\t\t\t<div class=\"elementor-widget-wrap elementor-element-populated\">\n\t\t\t\t\t\t<div class=\"elementor-element elementor-element-ca29bb1 elementor-align-left elementor-widget elementor-widget-bdevs-banner-other\" data-id=\"ca29bb1\" data-element_type=\"widget\" data-e-type=\"widget\" data-widget_type=\"bdevs-banner-other.default\">\n\t\t\t\t<div class=\"elementor-widget-container\">\n\t\t\t\t\t  \r\n<section>\r\n    <div class=\"pages-hero\" style=\"background-image:url(https:\/\/grup-serban.ro\/wp-content\/uploads\/2022\/08\/Investitori.jpeg)\">\r\n        <div class=\"container\">\r\n            <div class=\"pages-title\">\r\n            \t                \t            <h1>Privacy<\/h1>\r\n\t            \t                        <\/div>\r\n        <\/div>\r\n    <\/div>\r\n<\/section>\r\n\t\t\t\t\t<\/div>\n\t\t\t\t<\/div>\n\t\t\t\t\t<\/div>\n\t\t<\/div>\n\t\t\t\t\t<\/div>\n\t\t<\/section>\n\t\t\t\t<section class=\"elementor-section elementor-top-section elementor-element elementor-element-701155f elementor-section-boxed elementor-section-height-default elementor-section-height-default\" data-id=\"701155f\" data-element_type=\"section\" data-e-type=\"section\">\n\t\t\t\t\t\t<div class=\"elementor-container elementor-column-gap-default\">\n\t\t\t\t\t<div class=\"elementor-column elementor-col-100 elementor-top-column elementor-element elementor-element-9c20cf4\" data-id=\"9c20cf4\" data-element_type=\"column\" data-e-type=\"column\">\n\t\t\t<div class=\"elementor-widget-wrap elementor-element-populated\">\n\t\t\t\t\t\t<div class=\"elementor-element elementor-element-3f063ee elementor-widget elementor-widget-text-editor\" data-id=\"3f063ee\" data-element_type=\"widget\" data-e-type=\"widget\" data-widget_type=\"text-editor.default\">\n\t\t\t\t\t\t\t\t\t<h2>Cine suntem<\/h2><p>Adresa site-ului nostru web este: https:\/\/grup-serban.ro.<\/p><h2>Comentarii<\/h2><p>C\u00e2nd vizitatorii las\u0103 comentarii pe site, colect\u0103m datele afi\u0219ate \u00een formularul de comentarii, precum \u0219i adresa IP a vizitatorului \u0219i \u0219irul agentului utilizator al browserului pentru a ajuta la detectarea spamului.<\/p><p>Un \u0219ir anonimizat creat din adresa dvs. de e-mail (numit \u0219i hash) poate fi furnizat serviciului Gravatar pentru a verifica dac\u0103 \u00eel utiliza\u021bi. Politica de confiden\u021bialitate a serviciului Gravatar este disponibil\u0103 aici: https:\/\/automattic.com\/privacy\/. Dup\u0103 aprobarea comentariului dvs., fotografia de profil este vizibil\u0103 publicului \u00een contextul comentariului dvs.<\/p><h2>Media<\/h2><p>Dac\u0103 \u00eenc\u0103rca\u021bi imagini pe site, ar trebui s\u0103 evita\u021bi s\u0103 \u00eenc\u0103rca\u021bi imagini cu date de localizare \u00eencorporate (EXIF GPS) incluse. Vizitatorii site-ului pot desc\u0103rca \u0219i extrage orice date de localizare din imagini de pe site.<\/p><h2>Cookies<\/h2><p>Dac\u0103 l\u0103sa\u021bi un comentariu pe site-ul nostru, pute\u021bi opta s\u0103 v\u0103 salva\u021bi numele, adresa de e-mail \u0219i site-ul web \u00een cookie-uri. Acestea sunt pentru confortul dvs., astfel \u00eenc\u00e2t s\u0103 nu mai trebuie s\u0103 completa\u021bi detaliile dvs. atunci c\u00e2nd l\u0103sa\u021bi alt comentariu. Aceste cookie-uri vor dura un an.<\/p><p>Dac\u0103 vizita\u021bi pagina noastr\u0103 de autentificare, vom seta un cookie temporar pentru a determina dac\u0103 browserul dvs. accept\u0103 cookie-uri. Acest cookie nu con\u021bine date personale \u0219i este eliminat c\u00e2nd \u00eenchide\u021bi browserul.<\/p><p>Atunci c\u00e2nd v\u0103 autentifica\u021bi, vom seta \u0219i mai multe cookie-uri pentru a v\u0103 salva informa\u021biile de autentificare \u0219i op\u021biunile afi\u0219\u0103rii ecranului. Cookie-urile de autentificare dureaz\u0103 dou\u0103 zile, iar cookie-urile pentru op\u021biunile ecranului dureaz\u0103 un an. Dac\u0103 selecta\u021bi &#8222;\u021aine-m\u0103 minte&#8221;, autentificarea dvs. va persista timp de dou\u0103 s\u0103pt\u0103m\u00e2ni. Dac\u0103 v\u0103 deconecta\u021bi de pe contul dvs., cookie-urile de autentificare vor fi eliminate.<\/p><p>Dac\u0103 edita\u021bi sau publica\u021bi un articol, \u00een browserul dvs. va fi salvat un cookie suplimentar. Acest cookie nu con\u021bine date personale \u0219i indic\u0103 doar ID-ul articolului pe care l-a\u021bi editat. Expir\u0103 dup\u0103 1 zi.<\/p><h2>Con\u021binut \u00eencorporat de pe alte site-uri web<\/h2><p>Articolele de pe acest site pot include con\u021binut \u00eencorporat (de exemplu, videoclipuri, imagini, articole etc.). Con\u021binutul \u00eencorporat de pe alte site-uri web se comport\u0103 exact la fel ca \u0219i cum vizitatorul ar fi vizitat alt site web.<\/p><p>Aceste site-uri web pot colecta date despre dvs., utiliza cookie-uri, \u00eencorpora\u021bi urm\u0103rirea ter\u021bilor \u0219i monitoriza\u021bi interac\u021biunea dvs. cu con\u021binutul \u00eencorporat respectiv, inclusiv urm\u0103rirea interac\u021biunii dvs. cu con\u021binutul \u00eencorporat dac\u0103 ave\u021bi un cont \u0219i sunte\u021bi autentificat pe acel site.<\/p><h2>Cu cine \u00eemp\u0103rt\u0103\u0219im datele dvs.<\/h2><p>Dac\u0103 solicita\u021bi o resetare a parolei, adresa IP va fi inclus\u0103 \u00een e-mailul de resetare.<\/p><h2>C\u00e2t timp p\u0103str\u0103m datele dvs.<\/h2><p>Dac\u0103 l\u0103sa\u021bi un comentariu, comentariul \u0219i metadatele sale sunt p\u0103strate pe termen nelimitat. Acest lucru se face pentru a putea recunoa\u0219te \u0219i aproba automat orice comentarii ulterioare \u00een loc s\u0103 le \u021binem \u00eentr-o coad\u0103 de moderare.<\/p><p>Pentru utilizatorii care se \u00eenregistreaz\u0103 pe site-ul nostru web (dac\u0103 exist\u0103 vreunul), stoc\u0103m \u0219i informa\u021biile personale pe care le furnizeaz\u0103 \u00een profilul lor de utilizator. To\u021bi utilizatorii pot vedea, edita sau \u0219terge informa\u021biile personale \u00een orice moment (cu excep\u021bia numelui de utilizator, pe care nu-l pot schimba). Administratorii site-ului web pot, de asemenea, s\u0103 vad\u0103 \u0219i s\u0103 editeze aceste informa\u021bii.<\/p><p>Ce drepturi ave\u021bi asupra datelor dvs.<\/p><p>Dac\u0103 ave\u021bi un cont pe acest site sau a\u021bi l\u0103sat comentarii, pute\u021bi solicita s\u0103 primi\u021bi un fi\u0219ier exportat cu datele personale pe care le de\u021binem despre dvs., inclusiv orice date pe care le-a\u021bi furnizat. Pute\u021bi, de asemenea, s\u0103 solicita\u021bi \u0219tergerea oric\u0103ror date personale pe care le de\u021binem despre dvs. Acest lucru nu include nicio dat\u0103 pe care suntem obliga\u021bi s\u0103 o p\u0103str\u0103m din motive administrative, legale sau de securitate.<\/p><h2>Unde se trimit datele dvs.<\/h2><p>Comentariile vizitatorilor pot fi verificate printr-un serviciu automat de detectare\u00a0a\u00a0spamului.<\/p>\t\t\t\t\t\t\t\t<\/div>\n\t\t\t\t\t<\/div>\n\t\t<\/div>\n\t\t\t\t\t<\/div>\n\t\t<\/section>\n\t\t\t\t<\/div>","protected":false},"excerpt":{"rendered":"<p>Privacy Cine suntemAdresa site-ului nostru web este: https:\/\/grup-serban.ro.ComentariiC\u00e2nd vizitatorii las\u0103 comentarii pe site, colect\u0103m datele afi\u0219ate \u00een formularul de comentarii, precum \u0219i adresa IP a vizitatorului \u0219i \u0219irul agentului utilizator al browserului pentru a ajuta la detectarea spamului.Un \u0219ir anonimizat creat din adresa dvs. de e-mail (numit \u0219i hash) poate fi furnizat serviciului Gravatar pentru [&hellip;]<\/p>\n","protected":false},"author":1,"featured_media":0,"parent":0,"menu_order":0,"comment_status":"closed","ping_status":"closed","template":"","meta":{"footnotes":""},"class_list":["post-5624","page","type-page","status-publish","hentry"],"yoast_head":"<!-- This site is optimized with the Yoast SEO plugin v27.3 - https:\/\/yoast.com\/product\/yoast-seo-wordpress\/ -->\n<title>Privacy - Grup Serban<\/title>\n<meta name=\"robots\" content=\"index, follow, max-snippet:-1, max-image-preview:large, max-video-preview:-1\" \/>\n<link rel=\"canonical\" href=\"https:\/\/grup-serban.ro\/en\/privacy\/\" \/>\n<meta property=\"og:locale\" content=\"en_US\" \/>\n<meta property=\"og:type\" content=\"article\" \/>\n<meta property=\"og:title\" content=\"Privacy - Grup Serban\" \/>\n<meta property=\"og:description\" content=\"Privacy Cine suntemAdresa site-ului nostru web este: https:\/\/grup-serban.ro.ComentariiC\u00e2nd vizitatorii las\u0103 comentarii pe site, colect\u0103m datele afi\u0219ate \u00een formularul de comentarii, precum \u0219i adresa IP a vizitatorului \u0219i \u0219irul agentului utilizator al browserului pentru a ajuta la detectarea spamului.Un \u0219ir anonimizat creat din adresa dvs. de e-mail (numit \u0219i hash) poate fi furnizat serviciului Gravatar pentru [&hellip;]\" \/>\n<meta property=\"og:url\" content=\"https:\/\/grup-serban.ro\/en\/privacy\/\" \/>\n<meta property=\"og:site_name\" content=\"Grup Serban\" \/>\n<meta property=\"article:publisher\" content=\"https:\/\/www.facebook.com\/GrupSerban\/\" \/>\n<meta property=\"article:modified_time\" content=\"2023-11-02T13:35:07+00:00\" \/>\n<meta name=\"twitter:card\" content=\"summary_large_image\" \/>\n<meta name=\"twitter:label1\" content=\"Est. reading time\" \/>\n\t<meta name=\"twitter:data1\" content=\"4 minutes\" \/>\n<script type=\"application\/ld+json\" class=\"yoast-schema-graph\">{\"@context\":\"https:\\\/\\\/schema.org\",\"@graph\":[{\"@type\":\"WebPage\",\"@id\":\"https:\\\/\\\/grup-serban.ro\\\/privacy\\\/\",\"url\":\"https:\\\/\\\/grup-serban.ro\\\/privacy\\\/\",\"name\":\"Privacy - Grup Serban\",\"isPartOf\":{\"@id\":\"https:\\\/\\\/grup-serban.ro\\\/#website\"},\"datePublished\":\"2023-11-02T13:33:24+00:00\",\"dateModified\":\"2023-11-02T13:35:07+00:00\",\"breadcrumb\":{\"@id\":\"https:\\\/\\\/grup-serban.ro\\\/privacy\\\/#breadcrumb\"},\"inLanguage\":\"en-US\",\"potentialAction\":[{\"@type\":\"ReadAction\",\"target\":[\"https:\\\/\\\/grup-serban.ro\\\/privacy\\\/\"]}]},{\"@type\":\"BreadcrumbList\",\"@id\":\"https:\\\/\\\/grup-serban.ro\\\/privacy\\\/#breadcrumb\",\"itemListElement\":[{\"@type\":\"ListItem\",\"position\":1,\"name\":\"Home\",\"item\":\"https:\\\/\\\/grup-serban.ro\\\/\"},{\"@type\":\"ListItem\",\"position\":2,\"name\":\"Privacy\"}]},{\"@type\":\"WebSite\",\"@id\":\"https:\\\/\\\/grup-serban.ro\\\/#website\",\"url\":\"https:\\\/\\\/grup-serban.ro\\\/\",\"name\":\"Grup Serban\",\"description\":\"Cu si Despre Oameni\",\"publisher\":{\"@id\":\"https:\\\/\\\/grup-serban.ro\\\/#organization\"},\"potentialAction\":[{\"@type\":\"SearchAction\",\"target\":{\"@type\":\"EntryPoint\",\"urlTemplate\":\"https:\\\/\\\/grup-serban.ro\\\/?s={search_term_string}\"},\"query-input\":{\"@type\":\"PropertyValueSpecification\",\"valueRequired\":true,\"valueName\":\"search_term_string\"}}],\"inLanguage\":\"en-US\"},{\"@type\":\"Organization\",\"@id\":\"https:\\\/\\\/grup-serban.ro\\\/#organization\",\"name\":\"Grup Serban\",\"url\":\"https:\\\/\\\/grup-serban.ro\\\/\",\"logo\":{\"@type\":\"ImageObject\",\"inLanguage\":\"en-US\",\"@id\":\"https:\\\/\\\/grup-serban.ro\\\/#\\\/schema\\\/logo\\\/image\\\/\",\"url\":\"https:\\\/\\\/grup-serban.ro\\\/wp-content\\\/uploads\\\/2022\\\/07\\\/GS-original-300x169-1-1.png\",\"contentUrl\":\"https:\\\/\\\/grup-serban.ro\\\/wp-content\\\/uploads\\\/2022\\\/07\\\/GS-original-300x169-1-1.png\",\"width\":300,\"height\":169,\"caption\":\"Grup Serban\"},\"image\":{\"@id\":\"https:\\\/\\\/grup-serban.ro\\\/#\\\/schema\\\/logo\\\/image\\\/\"},\"sameAs\":[\"https:\\\/\\\/www.facebook.com\\\/GrupSerban\\\/\"]}]}<\/script>\n<!-- \/ Yoast SEO plugin. -->","yoast_head_json":{"title":"Privacy - Grup Serban","robots":{"index":"index","follow":"follow","max-snippet":"max-snippet:-1","max-image-preview":"max-image-preview:large","max-video-preview":"max-video-preview:-1"},"canonical":"https:\/\/grup-serban.ro\/en\/privacy\/","og_locale":"en_US","og_type":"article","og_title":"Privacy - Grup Serban","og_description":"Privacy Cine suntemAdresa site-ului nostru web este: https:\/\/grup-serban.ro.ComentariiC\u00e2nd vizitatorii las\u0103 comentarii pe site, colect\u0103m datele afi\u0219ate \u00een formularul de comentarii, precum \u0219i adresa IP a vizitatorului \u0219i \u0219irul agentului utilizator al browserului pentru a ajuta la detectarea spamului.Un \u0219ir anonimizat creat din adresa dvs. de e-mail (numit \u0219i hash) poate fi furnizat serviciului Gravatar pentru [&hellip;]","og_url":"https:\/\/grup-serban.ro\/en\/privacy\/","og_site_name":"Grup Serban","article_publisher":"https:\/\/www.facebook.com\/GrupSerban\/","article_modified_time":"2023-11-02T13:35:07+00:00","twitter_card":"summary_large_image","twitter_misc":{"Est. reading time":"4 minutes"},"schema":{"@context":"https:\/\/schema.org","@graph":[{"@type":"WebPage","@id":"https:\/\/grup-serban.ro\/privacy\/","url":"https:\/\/grup-serban.ro\/privacy\/","name":"Privacy - Grup Serban","isPartOf":{"@id":"https:\/\/grup-serban.ro\/#website"},"datePublished":"2023-11-02T13:33:24+00:00","dateModified":"2023-11-02T13:35:07+00:00","breadcrumb":{"@id":"https:\/\/grup-serban.ro\/privacy\/#breadcrumb"},"inLanguage":"en-US","potentialAction":[{"@type":"ReadAction","target":["https:\/\/grup-serban.ro\/privacy\/"]}]},{"@type":"BreadcrumbList","@id":"https:\/\/grup-serban.ro\/privacy\/#breadcrumb","itemListElement":[{"@type":"ListItem","position":1,"name":"Home","item":"https:\/\/grup-serban.ro\/"},{"@type":"ListItem","position":2,"name":"Privacy"}]},{"@type":"WebSite","@id":"https:\/\/grup-serban.ro\/#website","url":"https:\/\/grup-serban.ro\/","name":"Grup Serban","description":"Cu si Despre Oameni","publisher":{"@id":"https:\/\/grup-serban.ro\/#organization"},"potentialAction":[{"@type":"SearchAction","target":{"@type":"EntryPoint","urlTemplate":"https:\/\/grup-serban.ro\/?s={search_term_string}"},"query-input":{"@type":"PropertyValueSpecification","valueRequired":true,"valueName":"search_term_string"}}],"inLanguage":"en-US"},{"@type":"Organization","@id":"https:\/\/grup-serban.ro\/#organization","name":"Grup Serban","url":"https:\/\/grup-serban.ro\/","logo":{"@type":"ImageObject","inLanguage":"en-US","@id":"https:\/\/grup-serban.ro\/#\/schema\/logo\/image\/","url":"https:\/\/grup-serban.ro\/wp-content\/uploads\/2022\/07\/GS-original-300x169-1-1.png","contentUrl":"https:\/\/grup-serban.ro\/wp-content\/uploads\/2022\/07\/GS-original-300x169-1-1.png","width":300,"height":169,"caption":"Grup Serban"},"image":{"@id":"https:\/\/grup-serban.ro\/#\/schema\/logo\/image\/"},"sameAs":["https:\/\/www.facebook.com\/GrupSerban\/"]}]}},"_links":{"self":[{"href":"https:\/\/grup-serban.ro\/en\/wp-json\/wp\/v2\/pages\/5624","targetHints":{"allow":["GET"]}}],"collection":[{"href":"https:\/\/grup-serban.ro\/en\/wp-json\/wp\/v2\/pages"}],"about":[{"href":"https:\/\/grup-serban.ro\/en\/wp-json\/wp\/v2\/types\/page"}],"author":[{"embeddable":true,"href":"https:\/\/grup-serban.ro\/en\/wp-json\/wp\/v2\/users\/1"}],"replies":[{"embeddable":true,"href":"https:\/\/grup-serban.ro\/en\/wp-json\/wp\/v2\/comments?post=5624"}],"version-history":[{"count":0,"href":"https:\/\/grup-serban.ro\/en\/wp-json\/wp\/v2\/pages\/5624\/revisions"}],"wp:attachment":[{"href":"https:\/\/grup-serban.ro\/en\/wp-json\/wp\/v2\/media?parent=5624"}],"curies":[{"name":"wp","href":"https:\/\/api.w.org\/{rel}","templated":true}]}}