{"id":2958,"date":"2022-08-10T10:55:48","date_gmt":"2022-08-10T07:55:48","guid":{"rendered":"https:\/\/grup-serban.ro\/?page_id=2958"},"modified":"2024-04-30T14:05:15","modified_gmt":"2024-04-30T11:05:15","slug":"bacania-serban","status":"publish","type":"page","link":"https:\/\/grup-serban.ro\/en\/bacania-serban\/","title":{"rendered":"B\u0103c\u0103nia \u0218erban"},"content":{"rendered":"<div data-elementor-type=\"wp-page\" data-elementor-id=\"2958\" class=\"elementor elementor-2958\">\n\t\t\t\t\t\t<section class=\"elementor-section elementor-top-section elementor-element elementor-element-61d17c8 elementor-section-height-min-height elementor-section-boxed elementor-section-height-default elementor-section-items-middle\" data-id=\"61d17c8\" data-element_type=\"section\" data-e-type=\"section\">\n\t\t\t\t\t\t<div class=\"elementor-container elementor-column-gap-no\">\n\t\t\t\t\t<div class=\"elementor-column elementor-col-100 elementor-top-column elementor-element elementor-element-0ee5a32\" data-id=\"0ee5a32\" data-element_type=\"column\" data-e-type=\"column\">\n\t\t\t<div class=\"elementor-widget-wrap elementor-element-populated\">\n\t\t\t\t\t\t<div class=\"elementor-element elementor-element-f0acc25 elementor-align-left elementor-widget elementor-widget-bdevs-banner-other\" data-id=\"f0acc25\" data-element_type=\"widget\" data-e-type=\"widget\" data-widget_type=\"bdevs-banner-other.default\">\n\t\t\t\t<div class=\"elementor-widget-container\">\n\t\t\t\t\t  \r\n<section>\r\n    <div class=\"pages-hero\" style=\"background-image:url(https:\/\/grup-serban.ro\/wp-content\/uploads\/2024\/04\/IMG_8239-scaled.jpg)\">\r\n        <div class=\"container\">\r\n            <div class=\"pages-title\">\r\n            \t                <h5>You'll feel good with us!<\/h5>\r\n                                \t            <h1>B\u0103c\u0103niile \u0218erban<\/h1>\r\n\t            \t                            <p>We serve you with carefully selected and prepared products of our own production. \nTaste, not words!<\/p>\r\n                            <\/div>\r\n        <\/div>\r\n    <\/div>\r\n<\/section>\r\n\t\t\t\t\t<\/div>\n\t\t\t\t<\/div>\n\t\t\t\t\t<\/div>\n\t\t<\/div>\n\t\t\t\t\t<\/div>\n\t\t<\/section>\n\t\t\t\t<section class=\"elementor-section elementor-top-section elementor-element elementor-element-fc1cc76 elementor-section-boxed elementor-section-height-default elementor-section-height-default\" data-id=\"fc1cc76\" data-element_type=\"section\" data-e-type=\"section\">\n\t\t\t\t\t\t<div class=\"elementor-container elementor-column-gap-default\">\n\t\t\t\t\t<div class=\"elementor-column elementor-col-100 elementor-top-column elementor-element elementor-element-4e02995\" data-id=\"4e02995\" data-element_type=\"column\" data-e-type=\"column\">\n\t\t\t<div class=\"elementor-widget-wrap elementor-element-populated\">\n\t\t\t\t\t\t<div class=\"elementor-element elementor-element-682b9a2 elementor-widget elementor-widget-heading\" data-id=\"682b9a2\" data-element_type=\"widget\" data-e-type=\"widget\" data-widget_type=\"heading.default\">\n\t\t\t\t\t<h2 class=\"elementor-heading-title elementor-size-default\">B\u0103c\u0103nia \u0218erban delights you with products of your choice!<\/h2>\t\t\t\t<\/div>\n\t\t\t\t\t<\/div>\n\t\t<\/div>\n\t\t\t\t\t<\/div>\n\t\t<\/section>\n\t\t\t\t<section class=\"elementor-section elementor-top-section elementor-element elementor-element-30fa7df elementor-section-boxed elementor-section-height-default elementor-section-height-default\" data-id=\"30fa7df\" data-element_type=\"section\" data-e-type=\"section\">\n\t\t\t\t\t\t<div class=\"elementor-container elementor-column-gap-default\">\n\t\t\t\t\t<div class=\"elementor-column elementor-col-50 elementor-top-column elementor-element elementor-element-7ef4824\" data-id=\"7ef4824\" data-element_type=\"column\" data-e-type=\"column\">\n\t\t\t<div class=\"elementor-widget-wrap elementor-element-populated\">\n\t\t\t\t\t\t<div class=\"elementor-element elementor-element-020640d elementor-widget elementor-widget-text-editor\" data-id=\"020640d\" data-element_type=\"widget\" data-e-type=\"widget\" data-widget_type=\"text-editor.default\">\n\t\t\t\t\t\t\t\t\t<p>B\u0103c\u0103niile \u015eerban is a chain of five stores in the city of One\u0219ti, Jud. Bac\u0103u<\/p><p>The design, the decorative accessories, the \"reused\" elements and the products offered in B\u0103c\u0103nii, have been carefully chosen and aim to \ufb01delicate and bring customers closer to the services offered, in an environment as warm and familiar as possible.<\/p><p>Even though B\u0103c\u0103niile have the same design concept, they differ from each other in small details related to the main sales activity of the area in which they are located.<\/p><p>B\u0103c\u0103niile delight customers with their choice of products. Most of the products are home-made: breads for all tastes, refined and vanilla pastries and confectionery, carefully grown and harvested fresh vegetables, poultry under the Serban brand. In addition, it keeps customers coming back with meat dishes and various traditional products from the Moldavian region.<\/p><p>One of the B\u0103c\u0103nii differs from the rest in that it has a street vending point in the form of a cart, called \"C\u0103ru\u0163a cu Bucate\" and sells grilled menus. In front of B\u0103c\u0103niei \u015eerban and C\u0103ru\u0163ei cu Bucate is a small terrace with bar tables made from wine barrels, where you can enjoy either your chosen menu or your favourite pastry with a yoghurt.<\/p>\t\t\t\t\t\t\t\t<\/div>\n\t\t\t\t\t<\/div>\n\t\t<\/div>\n\t\t\t\t<div class=\"elementor-column elementor-col-50 elementor-top-column elementor-element elementor-element-8bb3d09\" data-id=\"8bb3d09\" data-element_type=\"column\" data-e-type=\"column\">\n\t\t\t<div class=\"elementor-widget-wrap elementor-element-populated\">\n\t\t\t\t\t\t<div class=\"elementor-element elementor-element-90501c2 elementor-widget elementor-widget-image\" data-id=\"90501c2\" data-element_type=\"widget\" data-e-type=\"widget\" data-widget_type=\"image.default\">\n\t\t\t\t\t\t\t\t\t\t\t\t\t\t\t<img fetchpriority=\"high\" decoding=\"async\" width=\"900\" height=\"674\" src=\"https:\/\/grup-serban.ro\/wp-content\/uploads\/2022\/08\/57540227_2040130032954997_5841907554153660416_o-1024x767.jpg\" class=\"attachment-large size-large wp-image-3176\" alt=\"\" srcset=\"https:\/\/grup-serban.ro\/wp-content\/uploads\/2022\/08\/57540227_2040130032954997_5841907554153660416_o-1024x767.jpg 1024w, https:\/\/grup-serban.ro\/wp-content\/uploads\/2022\/08\/57540227_2040130032954997_5841907554153660416_o-300x225.jpg 300w, https:\/\/grup-serban.ro\/wp-content\/uploads\/2022\/08\/57540227_2040130032954997_5841907554153660416_o-768x575.jpg 768w, https:\/\/grup-serban.ro\/wp-content\/uploads\/2022\/08\/57540227_2040130032954997_5841907554153660416_o-16x12.jpg 16w, https:\/\/grup-serban.ro\/wp-content\/uploads\/2022\/08\/57540227_2040130032954997_5841907554153660416_o.jpg 1080w\" sizes=\"(max-width: 900px) 100vw, 900px\" \/>\t\t\t\t\t\t\t\t\t\t\t\t\t\t\t<\/div>\n\t\t\t\t\t<\/div>\n\t\t<\/div>\n\t\t\t\t\t<\/div>\n\t\t<\/section>\n\t\t\t\t<section class=\"elementor-section elementor-top-section elementor-element elementor-element-9a35459 elementor-section-boxed elementor-section-height-default elementor-section-height-default\" data-id=\"9a35459\" data-element_type=\"section\" data-e-type=\"section\">\n\t\t\t\t\t\t<div class=\"elementor-container elementor-column-gap-default\">\n\t\t\t\t\t<div class=\"elementor-column elementor-col-33 elementor-top-column elementor-element elementor-element-4f65402\" data-id=\"4f65402\" data-element_type=\"column\" data-e-type=\"column\">\n\t\t\t<div class=\"elementor-widget-wrap elementor-element-populated\">\n\t\t\t\t\t\t<div class=\"elementor-element elementor-element-ce4a374 elementor-widget elementor-widget-image\" data-id=\"ce4a374\" data-element_type=\"widget\" data-e-type=\"widget\" data-widget_type=\"image.default\">\n\t\t\t\t\t\t\t\t\t\t\t\t\t\t\t<img decoding=\"async\" width=\"900\" height=\"599\" src=\"https:\/\/grup-serban.ro\/wp-content\/uploads\/2022\/08\/Bacania-Serban-208-1024x681.jpg\" class=\"attachment-large size-large wp-image-3184\" alt=\"\" srcset=\"https:\/\/grup-serban.ro\/wp-content\/uploads\/2022\/08\/Bacania-Serban-208-1024x681.jpg 1024w, https:\/\/grup-serban.ro\/wp-content\/uploads\/2022\/08\/Bacania-Serban-208-300x199.jpg 300w, https:\/\/grup-serban.ro\/wp-content\/uploads\/2022\/08\/Bacania-Serban-208-768x511.jpg 768w, https:\/\/grup-serban.ro\/wp-content\/uploads\/2022\/08\/Bacania-Serban-208-1536x1021.jpg 1536w, https:\/\/grup-serban.ro\/wp-content\/uploads\/2022\/08\/Bacania-Serban-208-2048x1362.jpg 2048w, https:\/\/grup-serban.ro\/wp-content\/uploads\/2022\/08\/Bacania-Serban-208-18x12.jpg 18w\" sizes=\"(max-width: 900px) 100vw, 900px\" \/>\t\t\t\t\t\t\t\t\t\t\t\t\t\t\t<\/div>\n\t\t\t\t\t<\/div>\n\t\t<\/div>\n\t\t\t\t<div class=\"elementor-column elementor-col-33 elementor-top-column elementor-element elementor-element-5818403\" data-id=\"5818403\" data-element_type=\"column\" data-e-type=\"column\">\n\t\t\t<div class=\"elementor-widget-wrap elementor-element-populated\">\n\t\t\t\t\t\t<div class=\"elementor-element elementor-element-f4d3232 elementor-widget elementor-widget-image\" data-id=\"f4d3232\" data-element_type=\"widget\" data-e-type=\"widget\" data-widget_type=\"image.default\">\n\t\t\t\t\t\t\t\t\t\t\t\t\t\t\t<img decoding=\"async\" width=\"900\" height=\"599\" src=\"https:\/\/grup-serban.ro\/wp-content\/uploads\/2022\/08\/Bacania-Serban-154-1024x681.jpg\" class=\"attachment-large size-large wp-image-3185\" alt=\"\" srcset=\"https:\/\/grup-serban.ro\/wp-content\/uploads\/2022\/08\/Bacania-Serban-154-1024x681.jpg 1024w, https:\/\/grup-serban.ro\/wp-content\/uploads\/2022\/08\/Bacania-Serban-154-300x199.jpg 300w, https:\/\/grup-serban.ro\/wp-content\/uploads\/2022\/08\/Bacania-Serban-154-768x511.jpg 768w, https:\/\/grup-serban.ro\/wp-content\/uploads\/2022\/08\/Bacania-Serban-154-1536x1021.jpg 1536w, https:\/\/grup-serban.ro\/wp-content\/uploads\/2022\/08\/Bacania-Serban-154-2048x1362.jpg 2048w, https:\/\/grup-serban.ro\/wp-content\/uploads\/2022\/08\/Bacania-Serban-154-18x12.jpg 18w\" sizes=\"(max-width: 900px) 100vw, 900px\" \/>\t\t\t\t\t\t\t\t\t\t\t\t\t\t\t<\/div>\n\t\t\t\t\t<\/div>\n\t\t<\/div>\n\t\t\t\t<div class=\"elementor-column elementor-col-33 elementor-top-column elementor-element elementor-element-6a47638\" data-id=\"6a47638\" data-element_type=\"column\" data-e-type=\"column\">\n\t\t\t<div class=\"elementor-widget-wrap elementor-element-populated\">\n\t\t\t\t\t\t<div class=\"elementor-element elementor-element-381c213 elementor-widget elementor-widget-image\" data-id=\"381c213\" data-element_type=\"widget\" data-e-type=\"widget\" data-widget_type=\"image.default\">\n\t\t\t\t\t\t\t\t\t\t\t\t\t\t\t<img loading=\"lazy\" decoding=\"async\" width=\"900\" height=\"600\" src=\"https:\/\/grup-serban.ro\/wp-content\/uploads\/2022\/08\/40441124_2118231741522964_9025941628732309504_o-1024x683.jpg\" class=\"attachment-large size-large wp-image-3187\" alt=\"\" srcset=\"https:\/\/grup-serban.ro\/wp-content\/uploads\/2022\/08\/40441124_2118231741522964_9025941628732309504_o-1024x683.jpg 1024w, https:\/\/grup-serban.ro\/wp-content\/uploads\/2022\/08\/40441124_2118231741522964_9025941628732309504_o-300x200.jpg 300w, https:\/\/grup-serban.ro\/wp-content\/uploads\/2022\/08\/40441124_2118231741522964_9025941628732309504_o-768x512.jpg 768w, https:\/\/grup-serban.ro\/wp-content\/uploads\/2022\/08\/40441124_2118231741522964_9025941628732309504_o-1536x1024.jpg 1536w, https:\/\/grup-serban.ro\/wp-content\/uploads\/2022\/08\/40441124_2118231741522964_9025941628732309504_o-18x12.jpg 18w, https:\/\/grup-serban.ro\/wp-content\/uploads\/2022\/08\/40441124_2118231741522964_9025941628732309504_o.jpg 1944w\" sizes=\"(max-width: 900px) 100vw, 900px\" \/>\t\t\t\t\t\t\t\t\t\t\t\t\t\t\t<\/div>\n\t\t\t\t\t<\/div>\n\t\t<\/div>\n\t\t\t\t\t<\/div>\n\t\t<\/section>\n\t\t\t\t<section class=\"elementor-section elementor-top-section elementor-element elementor-element-675c8f3 elementor-section-boxed elementor-section-height-default elementor-section-height-default\" data-id=\"675c8f3\" data-element_type=\"section\" data-e-type=\"section\">\n\t\t\t\t\t\t<div class=\"elementor-container elementor-column-gap-default\">\n\t\t\t\t\t<div class=\"elementor-column elementor-col-50 elementor-top-column elementor-element elementor-element-737b8e5\" data-id=\"737b8e5\" data-element_type=\"column\" data-e-type=\"column\">\n\t\t\t<div class=\"elementor-widget-wrap elementor-element-populated\">\n\t\t\t\t\t\t<div class=\"elementor-element elementor-element-6d94dac elementor-widget elementor-widget-image\" data-id=\"6d94dac\" data-element_type=\"widget\" data-e-type=\"widget\" data-widget_type=\"image.default\">\n\t\t\t\t\t\t\t\t\t\t\t\t\t\t\t<img loading=\"lazy\" decoding=\"async\" width=\"852\" height=\"640\" src=\"https:\/\/grup-serban.ro\/wp-content\/uploads\/2022\/08\/14264062_1334442049901941_6078171914767253473_n.jpg\" class=\"attachment-large size-large wp-image-3930\" alt=\"\" srcset=\"https:\/\/grup-serban.ro\/wp-content\/uploads\/2022\/08\/14264062_1334442049901941_6078171914767253473_n.jpg 852w, https:\/\/grup-serban.ro\/wp-content\/uploads\/2022\/08\/14264062_1334442049901941_6078171914767253473_n-300x225.jpg 300w, https:\/\/grup-serban.ro\/wp-content\/uploads\/2022\/08\/14264062_1334442049901941_6078171914767253473_n-768x577.jpg 768w, https:\/\/grup-serban.ro\/wp-content\/uploads\/2022\/08\/14264062_1334442049901941_6078171914767253473_n-16x12.jpg 16w\" sizes=\"(max-width: 852px) 100vw, 852px\" \/>\t\t\t\t\t\t\t\t\t\t\t\t\t\t\t<\/div>\n\t\t\t\t\t<\/div>\n\t\t<\/div>\n\t\t\t\t<div class=\"elementor-column elementor-col-50 elementor-top-column elementor-element elementor-element-b9dc4f5\" data-id=\"b9dc4f5\" data-element_type=\"column\" data-e-type=\"column\">\n\t\t\t<div class=\"elementor-widget-wrap elementor-element-populated\">\n\t\t\t\t\t\t<div class=\"elementor-element elementor-element-10f22ca elementor-widget elementor-widget-image\" data-id=\"10f22ca\" data-element_type=\"widget\" data-e-type=\"widget\" data-widget_type=\"image.default\">\n\t\t\t\t\t\t\t\t\t\t\t\t\t\t\t<img loading=\"lazy\" decoding=\"async\" width=\"768\" height=\"768\" src=\"https:\/\/grup-serban.ro\/wp-content\/uploads\/2022\/08\/40417626_2116850231661115_6570533796548968448_n-768x768.jpg\" class=\"attachment-medium_large size-medium_large wp-image-3931\" alt=\"\" srcset=\"https:\/\/grup-serban.ro\/wp-content\/uploads\/2022\/08\/40417626_2116850231661115_6570533796548968448_n-768x768.jpg 768w, https:\/\/grup-serban.ro\/wp-content\/uploads\/2022\/08\/40417626_2116850231661115_6570533796548968448_n-300x300.jpg 300w, https:\/\/grup-serban.ro\/wp-content\/uploads\/2022\/08\/40417626_2116850231661115_6570533796548968448_n-1024x1024.jpg 1024w, https:\/\/grup-serban.ro\/wp-content\/uploads\/2022\/08\/40417626_2116850231661115_6570533796548968448_n-150x150.jpg 150w, https:\/\/grup-serban.ro\/wp-content\/uploads\/2022\/08\/40417626_2116850231661115_6570533796548968448_n-12x12.jpg 12w, https:\/\/grup-serban.ro\/wp-content\/uploads\/2022\/08\/40417626_2116850231661115_6570533796548968448_n.jpg 1365w\" sizes=\"(max-width: 768px) 100vw, 768px\" \/>\t\t\t\t\t\t\t\t\t\t\t\t\t\t\t<\/div>\n\t\t\t\t\t<\/div>\n\t\t<\/div>\n\t\t\t\t\t<\/div>\n\t\t<\/section>\n\t\t\t\t<\/div>","protected":false},"excerpt":{"rendered":"<p>La noi te simti bine! B\u0103c\u0103niile \u0218erban Te servim cu produse din produc\u021bie proprie atent selectate \u0219i preparate. Gust, nu vorbe! B\u0103c\u0103nia \u0218erban te \u00eenc\u00e2nt\u0103 cu produse pe alese! B\u0103c\u0103niile \u015eerban sunt un lan\u021b de cinci magazine \u00een ora\u015ful One\u015fti, Jud. Bac\u0103u.Designul, accesoriile decorative, elemntele \u201ereuse\u201d \u015fi produsele oferite \u00een\u00a0 B\u0103c\u0103nii, au fost atent alese [&hellip;]<\/p>\n","protected":false},"author":1,"featured_media":0,"parent":0,"menu_order":0,"comment_status":"closed","ping_status":"closed","template":"","meta":{"footnotes":""},"class_list":["post-2958","page","type-page","status-publish","hentry"],"yoast_head":"<!-- This site is optimized with the Yoast SEO plugin v27.3 - https:\/\/yoast.com\/product\/yoast-seo-wordpress\/ -->\n<title>B\u0103c\u0103nia \u0218erban - Grup Serban<\/title>\n<meta name=\"robots\" content=\"index, follow, max-snippet:-1, max-image-preview:large, max-video-preview:-1\" \/>\n<link rel=\"canonical\" href=\"https:\/\/grup-serban.ro\/en\/bacania-serban\/\" \/>\n<meta property=\"og:locale\" content=\"en_US\" \/>\n<meta property=\"og:type\" content=\"article\" \/>\n<meta property=\"og:title\" content=\"B\u0103c\u0103nia \u0218erban - Grup Serban\" \/>\n<meta property=\"og:description\" content=\"La noi te simti bine! B\u0103c\u0103niile \u0218erban Te servim cu produse din produc\u021bie proprie atent selectate \u0219i preparate. Gust, nu vorbe! B\u0103c\u0103nia \u0218erban te \u00eenc\u00e2nt\u0103 cu produse pe alese! B\u0103c\u0103niile \u015eerban sunt un lan\u021b de cinci magazine \u00een ora\u015ful One\u015fti, Jud. Bac\u0103u.Designul, accesoriile decorative, elemntele \u201ereuse\u201d \u015fi produsele oferite \u00een\u00a0 B\u0103c\u0103nii, au fost atent alese [&hellip;]\" \/>\n<meta property=\"og:url\" content=\"https:\/\/grup-serban.ro\/en\/bacania-serban\/\" \/>\n<meta property=\"og:site_name\" content=\"Grup Serban\" \/>\n<meta property=\"article:publisher\" content=\"https:\/\/www.facebook.com\/GrupSerban\/\" \/>\n<meta property=\"article:modified_time\" content=\"2024-04-30T11:05:15+00:00\" \/>\n<meta property=\"og:image\" content=\"https:\/\/grup-serban.ro\/wp-content\/uploads\/2022\/08\/57540227_2040130032954997_5841907554153660416_o-1024x767.jpg\" \/>\n<meta name=\"twitter:card\" content=\"summary_large_image\" \/>\n<meta name=\"twitter:label1\" content=\"Est. reading time\" \/>\n\t<meta name=\"twitter:data1\" content=\"1 minute\" \/>\n<script type=\"application\/ld+json\" class=\"yoast-schema-graph\">{\"@context\":\"https:\\\/\\\/schema.org\",\"@graph\":[{\"@type\":\"WebPage\",\"@id\":\"https:\\\/\\\/grup-serban.ro\\\/bacania-serban\\\/\",\"url\":\"https:\\\/\\\/grup-serban.ro\\\/bacania-serban\\\/\",\"name\":\"B\u0103c\u0103nia \u0218erban - Grup Serban\",\"isPartOf\":{\"@id\":\"https:\\\/\\\/grup-serban.ro\\\/#website\"},\"primaryImageOfPage\":{\"@id\":\"https:\\\/\\\/grup-serban.ro\\\/bacania-serban\\\/#primaryimage\"},\"image\":{\"@id\":\"https:\\\/\\\/grup-serban.ro\\\/bacania-serban\\\/#primaryimage\"},\"thumbnailUrl\":\"https:\\\/\\\/grup-serban.ro\\\/wp-content\\\/uploads\\\/2022\\\/08\\\/57540227_2040130032954997_5841907554153660416_o-1024x767.jpg\",\"datePublished\":\"2022-08-10T07:55:48+00:00\",\"dateModified\":\"2024-04-30T11:05:15+00:00\",\"breadcrumb\":{\"@id\":\"https:\\\/\\\/grup-serban.ro\\\/bacania-serban\\\/#breadcrumb\"},\"inLanguage\":\"en-US\",\"potentialAction\":[{\"@type\":\"ReadAction\",\"target\":[\"https:\\\/\\\/grup-serban.ro\\\/bacania-serban\\\/\"]}]},{\"@type\":\"ImageObject\",\"inLanguage\":\"en-US\",\"@id\":\"https:\\\/\\\/grup-serban.ro\\\/bacania-serban\\\/#primaryimage\",\"url\":\"https:\\\/\\\/grup-serban.ro\\\/wp-content\\\/uploads\\\/2022\\\/08\\\/57540227_2040130032954997_5841907554153660416_o-1024x767.jpg\",\"contentUrl\":\"https:\\\/\\\/grup-serban.ro\\\/wp-content\\\/uploads\\\/2022\\\/08\\\/57540227_2040130032954997_5841907554153660416_o-1024x767.jpg\"},{\"@type\":\"BreadcrumbList\",\"@id\":\"https:\\\/\\\/grup-serban.ro\\\/bacania-serban\\\/#breadcrumb\",\"itemListElement\":[{\"@type\":\"ListItem\",\"position\":1,\"name\":\"Home\",\"item\":\"https:\\\/\\\/grup-serban.ro\\\/\"},{\"@type\":\"ListItem\",\"position\":2,\"name\":\"B\u0103c\u0103nia \u0218erban\"}]},{\"@type\":\"WebSite\",\"@id\":\"https:\\\/\\\/grup-serban.ro\\\/#website\",\"url\":\"https:\\\/\\\/grup-serban.ro\\\/\",\"name\":\"Grup Serban\",\"description\":\"Cu si Despre Oameni\",\"publisher\":{\"@id\":\"https:\\\/\\\/grup-serban.ro\\\/#organization\"},\"potentialAction\":[{\"@type\":\"SearchAction\",\"target\":{\"@type\":\"EntryPoint\",\"urlTemplate\":\"https:\\\/\\\/grup-serban.ro\\\/?s={search_term_string}\"},\"query-input\":{\"@type\":\"PropertyValueSpecification\",\"valueRequired\":true,\"valueName\":\"search_term_string\"}}],\"inLanguage\":\"en-US\"},{\"@type\":\"Organization\",\"@id\":\"https:\\\/\\\/grup-serban.ro\\\/#organization\",\"name\":\"Grup Serban\",\"url\":\"https:\\\/\\\/grup-serban.ro\\\/\",\"logo\":{\"@type\":\"ImageObject\",\"inLanguage\":\"en-US\",\"@id\":\"https:\\\/\\\/grup-serban.ro\\\/#\\\/schema\\\/logo\\\/image\\\/\",\"url\":\"https:\\\/\\\/grup-serban.ro\\\/wp-content\\\/uploads\\\/2022\\\/07\\\/GS-original-300x169-1-1.png\",\"contentUrl\":\"https:\\\/\\\/grup-serban.ro\\\/wp-content\\\/uploads\\\/2022\\\/07\\\/GS-original-300x169-1-1.png\",\"width\":300,\"height\":169,\"caption\":\"Grup Serban\"},\"image\":{\"@id\":\"https:\\\/\\\/grup-serban.ro\\\/#\\\/schema\\\/logo\\\/image\\\/\"},\"sameAs\":[\"https:\\\/\\\/www.facebook.com\\\/GrupSerban\\\/\"]}]}<\/script>\n<!-- \/ Yoast SEO plugin. -->","yoast_head_json":{"title":"B\u0103c\u0103nia \u0218erban - Grup Serban","robots":{"index":"index","follow":"follow","max-snippet":"max-snippet:-1","max-image-preview":"max-image-preview:large","max-video-preview":"max-video-preview:-1"},"canonical":"https:\/\/grup-serban.ro\/en\/bacania-serban\/","og_locale":"en_US","og_type":"article","og_title":"B\u0103c\u0103nia \u0218erban - Grup Serban","og_description":"La noi te simti bine! B\u0103c\u0103niile \u0218erban Te servim cu produse din produc\u021bie proprie atent selectate \u0219i preparate. Gust, nu vorbe! B\u0103c\u0103nia \u0218erban te \u00eenc\u00e2nt\u0103 cu produse pe alese! B\u0103c\u0103niile \u015eerban sunt un lan\u021b de cinci magazine \u00een ora\u015ful One\u015fti, Jud. Bac\u0103u.Designul, accesoriile decorative, elemntele \u201ereuse\u201d \u015fi produsele oferite \u00een\u00a0 B\u0103c\u0103nii, au fost atent alese [&hellip;]","og_url":"https:\/\/grup-serban.ro\/en\/bacania-serban\/","og_site_name":"Grup Serban","article_publisher":"https:\/\/www.facebook.com\/GrupSerban\/","article_modified_time":"2024-04-30T11:05:15+00:00","og_image":[{"url":"https:\/\/grup-serban.ro\/wp-content\/uploads\/2022\/08\/57540227_2040130032954997_5841907554153660416_o-1024x767.jpg","type":"","width":"","height":""}],"twitter_card":"summary_large_image","twitter_misc":{"Est. reading time":"1 minute"},"schema":{"@context":"https:\/\/schema.org","@graph":[{"@type":"WebPage","@id":"https:\/\/grup-serban.ro\/bacania-serban\/","url":"https:\/\/grup-serban.ro\/bacania-serban\/","name":"B\u0103c\u0103nia \u0218erban - Grup Serban","isPartOf":{"@id":"https:\/\/grup-serban.ro\/#website"},"primaryImageOfPage":{"@id":"https:\/\/grup-serban.ro\/bacania-serban\/#primaryimage"},"image":{"@id":"https:\/\/grup-serban.ro\/bacania-serban\/#primaryimage"},"thumbnailUrl":"https:\/\/grup-serban.ro\/wp-content\/uploads\/2022\/08\/57540227_2040130032954997_5841907554153660416_o-1024x767.jpg","datePublished":"2022-08-10T07:55:48+00:00","dateModified":"2024-04-30T11:05:15+00:00","breadcrumb":{"@id":"https:\/\/grup-serban.ro\/bacania-serban\/#breadcrumb"},"inLanguage":"en-US","potentialAction":[{"@type":"ReadAction","target":["https:\/\/grup-serban.ro\/bacania-serban\/"]}]},{"@type":"ImageObject","inLanguage":"en-US","@id":"https:\/\/grup-serban.ro\/bacania-serban\/#primaryimage","url":"https:\/\/grup-serban.ro\/wp-content\/uploads\/2022\/08\/57540227_2040130032954997_5841907554153660416_o-1024x767.jpg","contentUrl":"https:\/\/grup-serban.ro\/wp-content\/uploads\/2022\/08\/57540227_2040130032954997_5841907554153660416_o-1024x767.jpg"},{"@type":"BreadcrumbList","@id":"https:\/\/grup-serban.ro\/bacania-serban\/#breadcrumb","itemListElement":[{"@type":"ListItem","position":1,"name":"Home","item":"https:\/\/grup-serban.ro\/"},{"@type":"ListItem","position":2,"name":"B\u0103c\u0103nia \u0218erban"}]},{"@type":"WebSite","@id":"https:\/\/grup-serban.ro\/#website","url":"https:\/\/grup-serban.ro\/","name":"Grup Serban","description":"Cu si Despre Oameni","publisher":{"@id":"https:\/\/grup-serban.ro\/#organization"},"potentialAction":[{"@type":"SearchAction","target":{"@type":"EntryPoint","urlTemplate":"https:\/\/grup-serban.ro\/?s={search_term_string}"},"query-input":{"@type":"PropertyValueSpecification","valueRequired":true,"valueName":"search_term_string"}}],"inLanguage":"en-US"},{"@type":"Organization","@id":"https:\/\/grup-serban.ro\/#organization","name":"Grup Serban","url":"https:\/\/grup-serban.ro\/","logo":{"@type":"ImageObject","inLanguage":"en-US","@id":"https:\/\/grup-serban.ro\/#\/schema\/logo\/image\/","url":"https:\/\/grup-serban.ro\/wp-content\/uploads\/2022\/07\/GS-original-300x169-1-1.png","contentUrl":"https:\/\/grup-serban.ro\/wp-content\/uploads\/2022\/07\/GS-original-300x169-1-1.png","width":300,"height":169,"caption":"Grup Serban"},"image":{"@id":"https:\/\/grup-serban.ro\/#\/schema\/logo\/image\/"},"sameAs":["https:\/\/www.facebook.com\/GrupSerban\/"]}]}},"_links":{"self":[{"href":"https:\/\/grup-serban.ro\/en\/wp-json\/wp\/v2\/pages\/2958","targetHints":{"allow":["GET"]}}],"collection":[{"href":"https:\/\/grup-serban.ro\/en\/wp-json\/wp\/v2\/pages"}],"about":[{"href":"https:\/\/grup-serban.ro\/en\/wp-json\/wp\/v2\/types\/page"}],"author":[{"embeddable":true,"href":"https:\/\/grup-serban.ro\/en\/wp-json\/wp\/v2\/users\/1"}],"replies":[{"embeddable":true,"href":"https:\/\/grup-serban.ro\/en\/wp-json\/wp\/v2\/comments?post=2958"}],"version-history":[{"count":0,"href":"https:\/\/grup-serban.ro\/en\/wp-json\/wp\/v2\/pages\/2958\/revisions"}],"wp:attachment":[{"href":"https:\/\/grup-serban.ro\/en\/wp-json\/wp\/v2\/media?parent=2958"}],"curies":[{"name":"wp","href":"https:\/\/api.w.org\/{rel}","templated":true}]}}