{"id":2831,"date":"2022-08-09T09:49:21","date_gmt":"2022-08-09T06:49:21","guid":{"rendered":"https:\/\/grup-serban.ro\/?page_id=2831"},"modified":"2022-10-31T10:48:07","modified_gmt":"2022-10-31T08:48:07","slug":"paine-alba","status":"publish","type":"page","link":"https:\/\/grup-serban.ro\/en\/panificatie\/gama-super\/paine-alba\/","title":{"rendered":"P\u00e2ine Alb\u0103"},"content":{"rendered":"<div data-elementor-type=\"wp-page\" data-elementor-id=\"2831\" class=\"elementor elementor-2831\">\n\t\t\t\t\t\t<section class=\"elementor-section elementor-top-section elementor-element elementor-element-201c741 elementor-section-height-min-height elementor-section-boxed elementor-section-height-default elementor-section-items-middle\" data-id=\"201c741\" data-element_type=\"section\" data-e-type=\"section\">\n\t\t\t\t\t\t<div class=\"elementor-container elementor-column-gap-no\">\n\t\t\t\t\t<div class=\"elementor-column elementor-col-100 elementor-top-column elementor-element elementor-element-602ffaa\" data-id=\"602ffaa\" data-element_type=\"column\" data-e-type=\"column\">\n\t\t\t<div class=\"elementor-widget-wrap elementor-element-populated\">\n\t\t\t\t\t\t<div class=\"elementor-element elementor-element-a1006dc elementor-align-left elementor-widget elementor-widget-bdevs-banner-other\" data-id=\"a1006dc\" data-element_type=\"widget\" data-e-type=\"widget\" data-widget_type=\"bdevs-banner-other.default\">\n\t\t\t\t<div class=\"elementor-widget-container\">\n\t\t\t\t\t  \r\n<section>\r\n    <div class=\"pages-hero\" style=\"background-image:url(https:\/\/grup-serban.ro\/wp-content\/uploads\/2022\/08\/image00003-scaled.jpeg)\">\r\n        <div class=\"container\">\r\n            <div class=\"pages-title\">\r\n            \t                <h5>Granero<\/h5>\r\n                                \t            <h1>Bakery<\/h1>\r\n\t            \t                            <p>Good bread is created in time!<\/p>\r\n                            <\/div>\r\n        <\/div>\r\n    <\/div>\r\n<\/section>\r\n\t\t\t\t\t<\/div>\n\t\t\t\t<\/div>\n\t\t\t\t\t<\/div>\n\t\t<\/div>\n\t\t\t\t\t<\/div>\n\t\t<\/section>\n\t\t\t\t<section class=\"elementor-section elementor-top-section elementor-element elementor-element-1b7badf elementor-section-boxed elementor-section-height-default elementor-section-height-default\" data-id=\"1b7badf\" data-element_type=\"section\" data-e-type=\"section\">\n\t\t\t\t\t\t<div class=\"elementor-container elementor-column-gap-default\">\n\t\t\t\t\t<div class=\"elementor-column elementor-col-50 elementor-top-column elementor-element elementor-element-76fe510\" data-id=\"76fe510\" data-element_type=\"column\" data-e-type=\"column\">\n\t\t\t<div class=\"elementor-widget-wrap elementor-element-populated\">\n\t\t\t\t\t\t<div class=\"elementor-element elementor-element-68fd6c0 elementor-widget elementor-widget-image\" data-id=\"68fd6c0\" data-element_type=\"widget\" data-e-type=\"widget\" data-widget_type=\"image.default\">\n\t\t\t\t\t\t\t\t\t\t\t\t\t\t\t<img fetchpriority=\"high\" decoding=\"async\" width=\"387\" height=\"1024\" src=\"https:\/\/grup-serban.ro\/wp-content\/uploads\/2022\/10\/alba-387x1024.jpg\" class=\"attachment-large size-large wp-image-4376\" alt=\"\" srcset=\"https:\/\/grup-serban.ro\/wp-content\/uploads\/2022\/10\/alba-387x1024.jpg 387w, https:\/\/grup-serban.ro\/wp-content\/uploads\/2022\/10\/alba-113x300.jpg 113w, https:\/\/grup-serban.ro\/wp-content\/uploads\/2022\/10\/alba-768x2032.jpg 768w, https:\/\/grup-serban.ro\/wp-content\/uploads\/2022\/10\/alba-580x1536.jpg 580w, https:\/\/grup-serban.ro\/wp-content\/uploads\/2022\/10\/alba-774x2048.jpg 774w, https:\/\/grup-serban.ro\/wp-content\/uploads\/2022\/10\/alba-5x12.jpg 5w, https:\/\/grup-serban.ro\/wp-content\/uploads\/2022\/10\/alba-scaled.jpg 967w\" sizes=\"(max-width: 387px) 100vw, 387px\" \/>\t\t\t\t\t\t\t\t\t\t\t\t\t\t\t<\/div>\n\t\t\t\t\t<\/div>\n\t\t<\/div>\n\t\t\t\t<div class=\"elementor-column elementor-col-50 elementor-top-column elementor-element elementor-element-be990b4\" data-id=\"be990b4\" data-element_type=\"column\" data-e-type=\"column\">\n\t\t\t<div class=\"elementor-widget-wrap elementor-element-populated\">\n\t\t\t\t\t\t<div class=\"elementor-element elementor-element-38dae7d elementor-widget elementor-widget-heading\" data-id=\"38dae7d\" data-element_type=\"widget\" data-e-type=\"widget\" data-widget_type=\"heading.default\">\n\t\t\t\t\t<h2 class=\"elementor-heading-title elementor-size-default\">Super cu f\u0103in\u0103 alb\u0103 600 g<\/h2>\t\t\t\t<\/div>\n\t\t\t\t<div class=\"elementor-element elementor-element-3ac4cd7 elementor-widget elementor-widget-text-editor\" data-id=\"3ac4cd7\" data-element_type=\"widget\" data-e-type=\"widget\" data-widget_type=\"text-editor.default\">\n\t\t\t\t\t\t\t\t\t<p>Super cu f\u0103in\u0103 alb\u0103 este o p\u00e2ine alb\u0103, pufoas\u0103, cu 40% maia din gr\u00e2u autentic rom\u00e2nesc.<\/p><p>Sourdough bread has a low glycemic index, does not create intolerances or allergies and is not bloated because the yeast  predigests the dough.<\/p>\t\t\t\t\t\t\t\t<\/div>\n\t\t\t\t\t<\/div>\n\t\t<\/div>\n\t\t\t\t\t<\/div>\n\t\t<\/section>\n\t\t\t\t<\/div>","protected":false},"excerpt":{"rendered":"<p>Granero Panifica\u021bie O p\u00e2ine bun\u0103 se creeaz\u0103 \u00een timp! Super cu f\u0103in\u0103 alb\u0103 600 g Super cu f\u0103in\u0103 alb\u0103 este o p\u00e2ine alb\u0103, pufoas\u0103, cu 40% maia din gr\u00e2u autentic rom\u00e2nesc.P\u00e2inea cu maia are un indice glicemic mic, nu creeaz\u0103 intoleran\u021be sau alergii \u0219i nu baloneaz\u0103, deoarece maiaua prediger\u0103 aluatul.<\/p>","protected":false},"author":1,"featured_media":0,"parent":1721,"menu_order":0,"comment_status":"closed","ping_status":"closed","template":"","meta":{"footnotes":""},"class_list":["post-2831","page","type-page","status-publish","hentry"],"yoast_head":"<!-- This site is optimized with the Yoast SEO plugin v27.5 - https:\/\/yoast.com\/product\/yoast-seo-wordpress\/ -->\n<title>P\u00e2ine Alb\u0103 - Grup Serban<\/title>\n<meta name=\"robots\" content=\"index, follow, max-snippet:-1, max-image-preview:large, max-video-preview:-1\" \/>\n<link rel=\"canonical\" href=\"https:\/\/grup-serban.ro\/en\/panificatie\/gama-super\/paine-alba\/\" \/>\n<meta property=\"og:locale\" content=\"en_US\" \/>\n<meta property=\"og:type\" content=\"article\" \/>\n<meta property=\"og:title\" content=\"P\u00e2ine Alb\u0103 - Grup Serban\" \/>\n<meta property=\"og:description\" content=\"Granero Panifica\u021bie O p\u00e2ine bun\u0103 se creeaz\u0103 \u00een timp! Super cu f\u0103in\u0103 alb\u0103 600 g Super cu f\u0103in\u0103 alb\u0103 este o p\u00e2ine alb\u0103, pufoas\u0103, cu 40% maia din gr\u00e2u autentic rom\u00e2nesc.P\u00e2inea cu maia are un indice glicemic mic, nu creeaz\u0103 intoleran\u021be sau alergii \u0219i nu baloneaz\u0103, deoarece maiaua prediger\u0103 aluatul.\" \/>\n<meta property=\"og:url\" content=\"https:\/\/grup-serban.ro\/en\/panificatie\/gama-super\/paine-alba\/\" \/>\n<meta property=\"og:site_name\" content=\"Grup Serban\" \/>\n<meta property=\"article:publisher\" content=\"https:\/\/www.facebook.com\/GrupSerban\/\" \/>\n<meta property=\"article:modified_time\" content=\"2022-10-31T08:48:07+00:00\" \/>\n<meta property=\"og:image\" content=\"https:\/\/grup-serban.ro\/wp-content\/uploads\/2022\/08\/alba-390x1024.png\" \/>\n<meta name=\"twitter:card\" content=\"summary_large_image\" \/>\n<script type=\"application\/ld+json\" class=\"yoast-schema-graph\">{\"@context\":\"https:\\\/\\\/schema.org\",\"@graph\":[{\"@type\":\"WebPage\",\"@id\":\"https:\\\/\\\/grup-serban.ro\\\/panificatie\\\/gama-super\\\/paine-alba\\\/\",\"url\":\"https:\\\/\\\/grup-serban.ro\\\/panificatie\\\/gama-super\\\/paine-alba\\\/\",\"name\":\"P\u00e2ine Alb\u0103 - Grup Serban\",\"isPartOf\":{\"@id\":\"https:\\\/\\\/grup-serban.ro\\\/#website\"},\"primaryImageOfPage\":{\"@id\":\"https:\\\/\\\/grup-serban.ro\\\/panificatie\\\/gama-super\\\/paine-alba\\\/#primaryimage\"},\"image\":{\"@id\":\"https:\\\/\\\/grup-serban.ro\\\/panificatie\\\/gama-super\\\/paine-alba\\\/#primaryimage\"},\"thumbnailUrl\":\"https:\\\/\\\/grup-serban.ro\\\/wp-content\\\/uploads\\\/2022\\\/10\\\/alba-387x1024.jpg\",\"datePublished\":\"2022-08-09T06:49:21+00:00\",\"dateModified\":\"2022-10-31T08:48:07+00:00\",\"breadcrumb\":{\"@id\":\"https:\\\/\\\/grup-serban.ro\\\/panificatie\\\/gama-super\\\/paine-alba\\\/#breadcrumb\"},\"inLanguage\":\"en-US\",\"potentialAction\":[{\"@type\":\"ReadAction\",\"target\":[\"https:\\\/\\\/grup-serban.ro\\\/panificatie\\\/gama-super\\\/paine-alba\\\/\"]}]},{\"@type\":\"ImageObject\",\"inLanguage\":\"en-US\",\"@id\":\"https:\\\/\\\/grup-serban.ro\\\/panificatie\\\/gama-super\\\/paine-alba\\\/#primaryimage\",\"url\":\"https:\\\/\\\/grup-serban.ro\\\/wp-content\\\/uploads\\\/2022\\\/10\\\/alba-387x1024.jpg\",\"contentUrl\":\"https:\\\/\\\/grup-serban.ro\\\/wp-content\\\/uploads\\\/2022\\\/10\\\/alba-387x1024.jpg\"},{\"@type\":\"BreadcrumbList\",\"@id\":\"https:\\\/\\\/grup-serban.ro\\\/panificatie\\\/gama-super\\\/paine-alba\\\/#breadcrumb\",\"itemListElement\":[{\"@type\":\"ListItem\",\"position\":1,\"name\":\"Home\",\"item\":\"https:\\\/\\\/grup-serban.ro\\\/\"},{\"@type\":\"ListItem\",\"position\":2,\"name\":\"Panificatie\",\"item\":\"https:\\\/\\\/grup-serban.ro\\\/panificatie\\\/\"},{\"@type\":\"ListItem\",\"position\":3,\"name\":\"Gama Super\",\"item\":\"https:\\\/\\\/grup-serban.ro\\\/panificatie\\\/gama-super\\\/\"},{\"@type\":\"ListItem\",\"position\":4,\"name\":\"P\u00e2ine Alb\u0103\"}]},{\"@type\":\"WebSite\",\"@id\":\"https:\\\/\\\/grup-serban.ro\\\/#website\",\"url\":\"https:\\\/\\\/grup-serban.ro\\\/\",\"name\":\"Grup Serban\",\"description\":\"Cu si Despre Oameni\",\"publisher\":{\"@id\":\"https:\\\/\\\/grup-serban.ro\\\/#organization\"},\"potentialAction\":[{\"@type\":\"SearchAction\",\"target\":{\"@type\":\"EntryPoint\",\"urlTemplate\":\"https:\\\/\\\/grup-serban.ro\\\/?s={search_term_string}\"},\"query-input\":{\"@type\":\"PropertyValueSpecification\",\"valueRequired\":true,\"valueName\":\"search_term_string\"}}],\"inLanguage\":\"en-US\"},{\"@type\":\"Organization\",\"@id\":\"https:\\\/\\\/grup-serban.ro\\\/#organization\",\"name\":\"Grup Serban\",\"url\":\"https:\\\/\\\/grup-serban.ro\\\/\",\"logo\":{\"@type\":\"ImageObject\",\"inLanguage\":\"en-US\",\"@id\":\"https:\\\/\\\/grup-serban.ro\\\/#\\\/schema\\\/logo\\\/image\\\/\",\"url\":\"https:\\\/\\\/grup-serban.ro\\\/wp-content\\\/uploads\\\/2022\\\/07\\\/GS-original-300x169-1-1.png\",\"contentUrl\":\"https:\\\/\\\/grup-serban.ro\\\/wp-content\\\/uploads\\\/2022\\\/07\\\/GS-original-300x169-1-1.png\",\"width\":300,\"height\":169,\"caption\":\"Grup Serban\"},\"image\":{\"@id\":\"https:\\\/\\\/grup-serban.ro\\\/#\\\/schema\\\/logo\\\/image\\\/\"},\"sameAs\":[\"https:\\\/\\\/www.facebook.com\\\/GrupSerban\\\/\"]}]}<\/script>\n<!-- \/ Yoast SEO plugin. -->","yoast_head_json":{"title":"P\u00e2ine Alb\u0103 - Grup Serban","robots":{"index":"index","follow":"follow","max-snippet":"max-snippet:-1","max-image-preview":"max-image-preview:large","max-video-preview":"max-video-preview:-1"},"canonical":"https:\/\/grup-serban.ro\/en\/panificatie\/gama-super\/paine-alba\/","og_locale":"en_US","og_type":"article","og_title":"P\u00e2ine Alb\u0103 - Grup Serban","og_description":"Granero Panifica\u021bie O p\u00e2ine bun\u0103 se creeaz\u0103 \u00een timp! Super cu f\u0103in\u0103 alb\u0103 600 g Super cu f\u0103in\u0103 alb\u0103 este o p\u00e2ine alb\u0103, pufoas\u0103, cu 40% maia din gr\u00e2u autentic rom\u00e2nesc.P\u00e2inea cu maia are un indice glicemic mic, nu creeaz\u0103 intoleran\u021be sau alergii \u0219i nu baloneaz\u0103, deoarece maiaua prediger\u0103 aluatul.","og_url":"https:\/\/grup-serban.ro\/en\/panificatie\/gama-super\/paine-alba\/","og_site_name":"Grup Serban","article_publisher":"https:\/\/www.facebook.com\/GrupSerban\/","article_modified_time":"2022-10-31T08:48:07+00:00","og_image":[{"url":"https:\/\/grup-serban.ro\/wp-content\/uploads\/2022\/08\/alba-390x1024.png","type":"","width":"","height":""}],"twitter_card":"summary_large_image","schema":{"@context":"https:\/\/schema.org","@graph":[{"@type":"WebPage","@id":"https:\/\/grup-serban.ro\/panificatie\/gama-super\/paine-alba\/","url":"https:\/\/grup-serban.ro\/panificatie\/gama-super\/paine-alba\/","name":"P\u00e2ine Alb\u0103 - Grup Serban","isPartOf":{"@id":"https:\/\/grup-serban.ro\/#website"},"primaryImageOfPage":{"@id":"https:\/\/grup-serban.ro\/panificatie\/gama-super\/paine-alba\/#primaryimage"},"image":{"@id":"https:\/\/grup-serban.ro\/panificatie\/gama-super\/paine-alba\/#primaryimage"},"thumbnailUrl":"https:\/\/grup-serban.ro\/wp-content\/uploads\/2022\/10\/alba-387x1024.jpg","datePublished":"2022-08-09T06:49:21+00:00","dateModified":"2022-10-31T08:48:07+00:00","breadcrumb":{"@id":"https:\/\/grup-serban.ro\/panificatie\/gama-super\/paine-alba\/#breadcrumb"},"inLanguage":"en-US","potentialAction":[{"@type":"ReadAction","target":["https:\/\/grup-serban.ro\/panificatie\/gama-super\/paine-alba\/"]}]},{"@type":"ImageObject","inLanguage":"en-US","@id":"https:\/\/grup-serban.ro\/panificatie\/gama-super\/paine-alba\/#primaryimage","url":"https:\/\/grup-serban.ro\/wp-content\/uploads\/2022\/10\/alba-387x1024.jpg","contentUrl":"https:\/\/grup-serban.ro\/wp-content\/uploads\/2022\/10\/alba-387x1024.jpg"},{"@type":"BreadcrumbList","@id":"https:\/\/grup-serban.ro\/panificatie\/gama-super\/paine-alba\/#breadcrumb","itemListElement":[{"@type":"ListItem","position":1,"name":"Home","item":"https:\/\/grup-serban.ro\/"},{"@type":"ListItem","position":2,"name":"Panificatie","item":"https:\/\/grup-serban.ro\/panificatie\/"},{"@type":"ListItem","position":3,"name":"Gama Super","item":"https:\/\/grup-serban.ro\/panificatie\/gama-super\/"},{"@type":"ListItem","position":4,"name":"P\u00e2ine Alb\u0103"}]},{"@type":"WebSite","@id":"https:\/\/grup-serban.ro\/#website","url":"https:\/\/grup-serban.ro\/","name":"Grup Serban","description":"Cu si Despre Oameni","publisher":{"@id":"https:\/\/grup-serban.ro\/#organization"},"potentialAction":[{"@type":"SearchAction","target":{"@type":"EntryPoint","urlTemplate":"https:\/\/grup-serban.ro\/?s={search_term_string}"},"query-input":{"@type":"PropertyValueSpecification","valueRequired":true,"valueName":"search_term_string"}}],"inLanguage":"en-US"},{"@type":"Organization","@id":"https:\/\/grup-serban.ro\/#organization","name":"Grup Serban","url":"https:\/\/grup-serban.ro\/","logo":{"@type":"ImageObject","inLanguage":"en-US","@id":"https:\/\/grup-serban.ro\/#\/schema\/logo\/image\/","url":"https:\/\/grup-serban.ro\/wp-content\/uploads\/2022\/07\/GS-original-300x169-1-1.png","contentUrl":"https:\/\/grup-serban.ro\/wp-content\/uploads\/2022\/07\/GS-original-300x169-1-1.png","width":300,"height":169,"caption":"Grup Serban"},"image":{"@id":"https:\/\/grup-serban.ro\/#\/schema\/logo\/image\/"},"sameAs":["https:\/\/www.facebook.com\/GrupSerban\/"]}]}},"_links":{"self":[{"href":"https:\/\/grup-serban.ro\/en\/wp-json\/wp\/v2\/pages\/2831","targetHints":{"allow":["GET"]}}],"collection":[{"href":"https:\/\/grup-serban.ro\/en\/wp-json\/wp\/v2\/pages"}],"about":[{"href":"https:\/\/grup-serban.ro\/en\/wp-json\/wp\/v2\/types\/page"}],"author":[{"embeddable":true,"href":"https:\/\/grup-serban.ro\/en\/wp-json\/wp\/v2\/users\/1"}],"replies":[{"embeddable":true,"href":"https:\/\/grup-serban.ro\/en\/wp-json\/wp\/v2\/comments?post=2831"}],"version-history":[{"count":0,"href":"https:\/\/grup-serban.ro\/en\/wp-json\/wp\/v2\/pages\/2831\/revisions"}],"up":[{"embeddable":true,"href":"https:\/\/grup-serban.ro\/en\/wp-json\/wp\/v2\/pages\/1721"}],"wp:attachment":[{"href":"https:\/\/grup-serban.ro\/en\/wp-json\/wp\/v2\/media?parent=2831"}],"curies":[{"name":"wp","href":"https:\/\/api.w.org\/{rel}","templated":true}]}}