{"id":2819,"date":"2022-08-09T09:27:45","date_gmt":"2022-08-09T06:27:45","guid":{"rendered":"https:\/\/grup-serban.ro\/?page_id=2819"},"modified":"2022-10-31T10:37:50","modified_gmt":"2022-10-31T08:37:50","slug":"razesi-cu-tarate-si-secara","status":"publish","type":"page","link":"https:\/\/grup-serban.ro\/en\/panificatie\/gama-razesi\/razesi-cu-tarate-si-secara\/","title":{"rendered":"R\u0103ze\u0219i cu T\u0103r\u00e2\u021be \u0219i Secar\u0103"},"content":{"rendered":"<div data-elementor-type=\"wp-page\" data-elementor-id=\"2819\" class=\"elementor elementor-2819\">\n\t\t\t\t\t\t<section class=\"elementor-section elementor-top-section elementor-element elementor-element-313db0e elementor-section-height-min-height elementor-section-boxed elementor-section-height-default elementor-section-items-middle\" data-id=\"313db0e\" data-element_type=\"section\" data-e-type=\"section\">\n\t\t\t\t\t\t<div class=\"elementor-container elementor-column-gap-no\">\n\t\t\t\t\t<div class=\"elementor-column elementor-col-100 elementor-top-column elementor-element elementor-element-cf740cf\" data-id=\"cf740cf\" data-element_type=\"column\" data-e-type=\"column\">\n\t\t\t<div class=\"elementor-widget-wrap elementor-element-populated\">\n\t\t\t\t\t\t<div class=\"elementor-element elementor-element-a468d0b elementor-align-left elementor-widget elementor-widget-bdevs-banner-other\" data-id=\"a468d0b\" data-element_type=\"widget\" data-e-type=\"widget\" data-widget_type=\"bdevs-banner-other.default\">\n\t\t\t\t<div class=\"elementor-widget-container\">\n\t\t\t\t\t  \r\n<section>\r\n    <div class=\"pages-hero\" style=\"background-image:url(https:\/\/grup-serban.ro\/wp-content\/uploads\/2022\/08\/image00003-scaled.jpeg)\">\r\n        <div class=\"container\">\r\n            <div class=\"pages-title\">\r\n            \t                <h5>Granero<\/h5>\r\n                                \t            <h1>Bakery<\/h1>\r\n\t            \t                            <p>Good bread is created in time!<\/p>\r\n                            <\/div>\r\n        <\/div>\r\n    <\/div>\r\n<\/section>\r\n\t\t\t\t\t<\/div>\n\t\t\t\t<\/div>\n\t\t\t\t\t<\/div>\n\t\t<\/div>\n\t\t\t\t\t<\/div>\n\t\t<\/section>\n\t\t\t\t<section class=\"elementor-section elementor-top-section elementor-element elementor-element-7fdeb64 elementor-section-boxed elementor-section-height-default elementor-section-height-default\" data-id=\"7fdeb64\" data-element_type=\"section\" data-e-type=\"section\">\n\t\t\t\t\t\t<div class=\"elementor-container elementor-column-gap-default\">\n\t\t\t\t\t<div class=\"elementor-column elementor-col-50 elementor-top-column elementor-element elementor-element-f95d7fb\" data-id=\"f95d7fb\" data-element_type=\"column\" data-e-type=\"column\">\n\t\t\t<div class=\"elementor-widget-wrap elementor-element-populated\">\n\t\t\t\t\t\t<div class=\"elementor-element elementor-element-c651fa8 elementor-widget elementor-widget-image\" data-id=\"c651fa8\" data-element_type=\"widget\" data-e-type=\"widget\" data-widget_type=\"image.default\">\n\t\t\t\t\t\t\t\t\t\t\t\t\t\t\t<img fetchpriority=\"high\" decoding=\"async\" width=\"479\" height=\"1024\" src=\"https:\/\/grup-serban.ro\/wp-content\/uploads\/2022\/10\/tarate-479x1024.jpg\" class=\"attachment-large size-large wp-image-4352\" alt=\"\" srcset=\"https:\/\/grup-serban.ro\/wp-content\/uploads\/2022\/10\/tarate-479x1024.jpg 479w, https:\/\/grup-serban.ro\/wp-content\/uploads\/2022\/10\/tarate-140x300.jpg 140w, https:\/\/grup-serban.ro\/wp-content\/uploads\/2022\/10\/tarate-768x1642.jpg 768w, https:\/\/grup-serban.ro\/wp-content\/uploads\/2022\/10\/tarate-719x1536.jpg 719w, https:\/\/grup-serban.ro\/wp-content\/uploads\/2022\/10\/tarate-958x2048.jpg 958w, https:\/\/grup-serban.ro\/wp-content\/uploads\/2022\/10\/tarate-6x12.jpg 6w, https:\/\/grup-serban.ro\/wp-content\/uploads\/2022\/10\/tarate-scaled.jpg 1198w\" sizes=\"(max-width: 479px) 100vw, 479px\" \/>\t\t\t\t\t\t\t\t\t\t\t\t\t\t\t<\/div>\n\t\t\t\t\t<\/div>\n\t\t<\/div>\n\t\t\t\t<div class=\"elementor-column elementor-col-50 elementor-top-column elementor-element elementor-element-e1330db\" data-id=\"e1330db\" data-element_type=\"column\" data-e-type=\"column\">\n\t\t\t<div class=\"elementor-widget-wrap elementor-element-populated\">\n\t\t\t\t\t\t<div class=\"elementor-element elementor-element-a03acf0 elementor-widget elementor-widget-heading\" data-id=\"a03acf0\" data-element_type=\"widget\" data-e-type=\"widget\" data-widget_type=\"heading.default\">\n\t\t\t\t\t<h2 class=\"elementor-heading-title elementor-size-default\">R\u0103ze\u0219i cu t\u0103r\u00e2\u021be \u0219i secar\u0103 600 g<\/h2>\t\t\t\t<\/div>\n\t\t\t\t<div class=\"elementor-element elementor-element-3c6180f elementor-widget elementor-widget-text-editor\" data-id=\"3c6180f\" data-element_type=\"widget\" data-e-type=\"widget\" data-widget_type=\"text-editor.default\">\n\t\t\t\t\t\t\t\t\t<p>R\u0103ze\u0219i cu t\u0103r\u00e2\u021be \u0219i secar\u0103 is a well-liked and healthy bread.<\/p><p>Rye flour contains a high amount of nutrients and is suitable for people who want to adopt a healthy diet and for those who want to lose weight.\u00a0<\/p>\t\t\t\t\t\t\t\t<\/div>\n\t\t\t\t\t<\/div>\n\t\t<\/div>\n\t\t\t\t\t<\/div>\n\t\t<\/section>\n\t\t\t\t<\/div>","protected":false},"excerpt":{"rendered":"<p>Granero Panifica\u021bie O p\u00e2ine bun\u0103 se creeaz\u0103 \u00een timp! R\u0103ze\u0219i cu t\u0103r\u00e2\u021be \u0219i secar\u0103 600 g R\u0103ze\u0219i cu t\u0103r\u00e2\u021be \u0219i secar\u0103 este o p\u00e2ine apreciat\u0103 \u0219i s\u0103n\u0103toas\u0103.F\u0103ina de secar\u0103 con\u021bine o cantitate mare de substan\u021be nutritive, fiind indicat\u0103 persoanelor care vor s\u0103 adopte o diet\u0103 s\u0103n\u0103toas\u0103 dar \u0219i celor ce vor s\u0103 sl\u0103beasc\u0103.\u00a0<\/p>","protected":false},"author":1,"featured_media":0,"parent":1714,"menu_order":0,"comment_status":"closed","ping_status":"closed","template":"","meta":{"footnotes":""},"class_list":["post-2819","page","type-page","status-publish","hentry"],"yoast_head":"<!-- This site is optimized with the Yoast SEO plugin v27.5 - https:\/\/yoast.com\/product\/yoast-seo-wordpress\/ -->\n<title>R\u0103ze\u0219i cu T\u0103r\u00e2\u021be \u0219i Secar\u0103 - Grup Serban<\/title>\n<meta name=\"robots\" content=\"index, follow, max-snippet:-1, max-image-preview:large, max-video-preview:-1\" \/>\n<link rel=\"canonical\" href=\"https:\/\/grup-serban.ro\/en\/panificatie\/gama-razesi\/razesi-cu-tarate-si-secara\/\" \/>\n<meta property=\"og:locale\" content=\"en_US\" \/>\n<meta property=\"og:type\" content=\"article\" \/>\n<meta property=\"og:title\" content=\"R\u0103ze\u0219i cu T\u0103r\u00e2\u021be \u0219i Secar\u0103 - Grup Serban\" \/>\n<meta property=\"og:description\" content=\"Granero Panifica\u021bie O p\u00e2ine bun\u0103 se creeaz\u0103 \u00een timp! R\u0103ze\u0219i cu t\u0103r\u00e2\u021be \u0219i secar\u0103 600 g R\u0103ze\u0219i cu t\u0103r\u00e2\u021be \u0219i secar\u0103 este o p\u00e2ine apreciat\u0103 \u0219i s\u0103n\u0103toas\u0103.F\u0103ina de secar\u0103 con\u021bine o cantitate mare de substan\u021be nutritive, fiind indicat\u0103 persoanelor care vor s\u0103 adopte o diet\u0103 s\u0103n\u0103toas\u0103 dar \u0219i celor ce vor s\u0103 sl\u0103beasc\u0103.\u00a0\" \/>\n<meta property=\"og:url\" content=\"https:\/\/grup-serban.ro\/en\/panificatie\/gama-razesi\/razesi-cu-tarate-si-secara\/\" \/>\n<meta property=\"og:site_name\" content=\"Grup Serban\" \/>\n<meta property=\"article:publisher\" content=\"https:\/\/www.facebook.com\/GrupSerban\/\" \/>\n<meta property=\"article:modified_time\" content=\"2022-10-31T08:37:50+00:00\" \/>\n<meta property=\"og:image\" content=\"https:\/\/grup-serban.ro\/wp-content\/uploads\/2022\/08\/RAZESI-TARATE-SI-SECARA-593x1024.png\" \/>\n<meta name=\"twitter:card\" content=\"summary_large_image\" \/>\n<script type=\"application\/ld+json\" class=\"yoast-schema-graph\">{\"@context\":\"https:\\\/\\\/schema.org\",\"@graph\":[{\"@type\":\"WebPage\",\"@id\":\"https:\\\/\\\/grup-serban.ro\\\/panificatie\\\/gama-razesi\\\/razesi-cu-tarate-si-secara\\\/\",\"url\":\"https:\\\/\\\/grup-serban.ro\\\/panificatie\\\/gama-razesi\\\/razesi-cu-tarate-si-secara\\\/\",\"name\":\"R\u0103ze\u0219i cu T\u0103r\u00e2\u021be \u0219i Secar\u0103 - Grup Serban\",\"isPartOf\":{\"@id\":\"https:\\\/\\\/grup-serban.ro\\\/#website\"},\"primaryImageOfPage\":{\"@id\":\"https:\\\/\\\/grup-serban.ro\\\/panificatie\\\/gama-razesi\\\/razesi-cu-tarate-si-secara\\\/#primaryimage\"},\"image\":{\"@id\":\"https:\\\/\\\/grup-serban.ro\\\/panificatie\\\/gama-razesi\\\/razesi-cu-tarate-si-secara\\\/#primaryimage\"},\"thumbnailUrl\":\"https:\\\/\\\/grup-serban.ro\\\/wp-content\\\/uploads\\\/2022\\\/10\\\/tarate-479x1024.jpg\",\"datePublished\":\"2022-08-09T06:27:45+00:00\",\"dateModified\":\"2022-10-31T08:37:50+00:00\",\"breadcrumb\":{\"@id\":\"https:\\\/\\\/grup-serban.ro\\\/panificatie\\\/gama-razesi\\\/razesi-cu-tarate-si-secara\\\/#breadcrumb\"},\"inLanguage\":\"en-US\",\"potentialAction\":[{\"@type\":\"ReadAction\",\"target\":[\"https:\\\/\\\/grup-serban.ro\\\/panificatie\\\/gama-razesi\\\/razesi-cu-tarate-si-secara\\\/\"]}]},{\"@type\":\"ImageObject\",\"inLanguage\":\"en-US\",\"@id\":\"https:\\\/\\\/grup-serban.ro\\\/panificatie\\\/gama-razesi\\\/razesi-cu-tarate-si-secara\\\/#primaryimage\",\"url\":\"https:\\\/\\\/grup-serban.ro\\\/wp-content\\\/uploads\\\/2022\\\/10\\\/tarate-479x1024.jpg\",\"contentUrl\":\"https:\\\/\\\/grup-serban.ro\\\/wp-content\\\/uploads\\\/2022\\\/10\\\/tarate-479x1024.jpg\"},{\"@type\":\"BreadcrumbList\",\"@id\":\"https:\\\/\\\/grup-serban.ro\\\/panificatie\\\/gama-razesi\\\/razesi-cu-tarate-si-secara\\\/#breadcrumb\",\"itemListElement\":[{\"@type\":\"ListItem\",\"position\":1,\"name\":\"Home\",\"item\":\"https:\\\/\\\/grup-serban.ro\\\/\"},{\"@type\":\"ListItem\",\"position\":2,\"name\":\"Panificatie\",\"item\":\"https:\\\/\\\/grup-serban.ro\\\/panificatie\\\/\"},{\"@type\":\"ListItem\",\"position\":3,\"name\":\"Gama R\u0103ze\u0219i\",\"item\":\"https:\\\/\\\/grup-serban.ro\\\/panificatie\\\/gama-razesi\\\/\"},{\"@type\":\"ListItem\",\"position\":4,\"name\":\"R\u0103ze\u0219i cu T\u0103r\u00e2\u021be \u0219i Secar\u0103\"}]},{\"@type\":\"WebSite\",\"@id\":\"https:\\\/\\\/grup-serban.ro\\\/#website\",\"url\":\"https:\\\/\\\/grup-serban.ro\\\/\",\"name\":\"Grup Serban\",\"description\":\"Cu si Despre Oameni\",\"publisher\":{\"@id\":\"https:\\\/\\\/grup-serban.ro\\\/#organization\"},\"potentialAction\":[{\"@type\":\"SearchAction\",\"target\":{\"@type\":\"EntryPoint\",\"urlTemplate\":\"https:\\\/\\\/grup-serban.ro\\\/?s={search_term_string}\"},\"query-input\":{\"@type\":\"PropertyValueSpecification\",\"valueRequired\":true,\"valueName\":\"search_term_string\"}}],\"inLanguage\":\"en-US\"},{\"@type\":\"Organization\",\"@id\":\"https:\\\/\\\/grup-serban.ro\\\/#organization\",\"name\":\"Grup Serban\",\"url\":\"https:\\\/\\\/grup-serban.ro\\\/\",\"logo\":{\"@type\":\"ImageObject\",\"inLanguage\":\"en-US\",\"@id\":\"https:\\\/\\\/grup-serban.ro\\\/#\\\/schema\\\/logo\\\/image\\\/\",\"url\":\"https:\\\/\\\/grup-serban.ro\\\/wp-content\\\/uploads\\\/2022\\\/07\\\/GS-original-300x169-1-1.png\",\"contentUrl\":\"https:\\\/\\\/grup-serban.ro\\\/wp-content\\\/uploads\\\/2022\\\/07\\\/GS-original-300x169-1-1.png\",\"width\":300,\"height\":169,\"caption\":\"Grup Serban\"},\"image\":{\"@id\":\"https:\\\/\\\/grup-serban.ro\\\/#\\\/schema\\\/logo\\\/image\\\/\"},\"sameAs\":[\"https:\\\/\\\/www.facebook.com\\\/GrupSerban\\\/\"]}]}<\/script>\n<!-- \/ Yoast SEO plugin. -->","yoast_head_json":{"title":"R\u0103ze\u0219i cu T\u0103r\u00e2\u021be \u0219i Secar\u0103 - Grup Serban","robots":{"index":"index","follow":"follow","max-snippet":"max-snippet:-1","max-image-preview":"max-image-preview:large","max-video-preview":"max-video-preview:-1"},"canonical":"https:\/\/grup-serban.ro\/en\/panificatie\/gama-razesi\/razesi-cu-tarate-si-secara\/","og_locale":"en_US","og_type":"article","og_title":"R\u0103ze\u0219i cu T\u0103r\u00e2\u021be \u0219i Secar\u0103 - Grup Serban","og_description":"Granero Panifica\u021bie O p\u00e2ine bun\u0103 se creeaz\u0103 \u00een timp! R\u0103ze\u0219i cu t\u0103r\u00e2\u021be \u0219i secar\u0103 600 g R\u0103ze\u0219i cu t\u0103r\u00e2\u021be \u0219i secar\u0103 este o p\u00e2ine apreciat\u0103 \u0219i s\u0103n\u0103toas\u0103.F\u0103ina de secar\u0103 con\u021bine o cantitate mare de substan\u021be nutritive, fiind indicat\u0103 persoanelor care vor s\u0103 adopte o diet\u0103 s\u0103n\u0103toas\u0103 dar \u0219i celor ce vor s\u0103 sl\u0103beasc\u0103.\u00a0","og_url":"https:\/\/grup-serban.ro\/en\/panificatie\/gama-razesi\/razesi-cu-tarate-si-secara\/","og_site_name":"Grup Serban","article_publisher":"https:\/\/www.facebook.com\/GrupSerban\/","article_modified_time":"2022-10-31T08:37:50+00:00","og_image":[{"url":"https:\/\/grup-serban.ro\/wp-content\/uploads\/2022\/08\/RAZESI-TARATE-SI-SECARA-593x1024.png","type":"","width":"","height":""}],"twitter_card":"summary_large_image","schema":{"@context":"https:\/\/schema.org","@graph":[{"@type":"WebPage","@id":"https:\/\/grup-serban.ro\/panificatie\/gama-razesi\/razesi-cu-tarate-si-secara\/","url":"https:\/\/grup-serban.ro\/panificatie\/gama-razesi\/razesi-cu-tarate-si-secara\/","name":"R\u0103ze\u0219i cu T\u0103r\u00e2\u021be \u0219i Secar\u0103 - Grup Serban","isPartOf":{"@id":"https:\/\/grup-serban.ro\/#website"},"primaryImageOfPage":{"@id":"https:\/\/grup-serban.ro\/panificatie\/gama-razesi\/razesi-cu-tarate-si-secara\/#primaryimage"},"image":{"@id":"https:\/\/grup-serban.ro\/panificatie\/gama-razesi\/razesi-cu-tarate-si-secara\/#primaryimage"},"thumbnailUrl":"https:\/\/grup-serban.ro\/wp-content\/uploads\/2022\/10\/tarate-479x1024.jpg","datePublished":"2022-08-09T06:27:45+00:00","dateModified":"2022-10-31T08:37:50+00:00","breadcrumb":{"@id":"https:\/\/grup-serban.ro\/panificatie\/gama-razesi\/razesi-cu-tarate-si-secara\/#breadcrumb"},"inLanguage":"en-US","potentialAction":[{"@type":"ReadAction","target":["https:\/\/grup-serban.ro\/panificatie\/gama-razesi\/razesi-cu-tarate-si-secara\/"]}]},{"@type":"ImageObject","inLanguage":"en-US","@id":"https:\/\/grup-serban.ro\/panificatie\/gama-razesi\/razesi-cu-tarate-si-secara\/#primaryimage","url":"https:\/\/grup-serban.ro\/wp-content\/uploads\/2022\/10\/tarate-479x1024.jpg","contentUrl":"https:\/\/grup-serban.ro\/wp-content\/uploads\/2022\/10\/tarate-479x1024.jpg"},{"@type":"BreadcrumbList","@id":"https:\/\/grup-serban.ro\/panificatie\/gama-razesi\/razesi-cu-tarate-si-secara\/#breadcrumb","itemListElement":[{"@type":"ListItem","position":1,"name":"Home","item":"https:\/\/grup-serban.ro\/"},{"@type":"ListItem","position":2,"name":"Panificatie","item":"https:\/\/grup-serban.ro\/panificatie\/"},{"@type":"ListItem","position":3,"name":"Gama R\u0103ze\u0219i","item":"https:\/\/grup-serban.ro\/panificatie\/gama-razesi\/"},{"@type":"ListItem","position":4,"name":"R\u0103ze\u0219i cu T\u0103r\u00e2\u021be \u0219i Secar\u0103"}]},{"@type":"WebSite","@id":"https:\/\/grup-serban.ro\/#website","url":"https:\/\/grup-serban.ro\/","name":"Grup Serban","description":"Cu si Despre Oameni","publisher":{"@id":"https:\/\/grup-serban.ro\/#organization"},"potentialAction":[{"@type":"SearchAction","target":{"@type":"EntryPoint","urlTemplate":"https:\/\/grup-serban.ro\/?s={search_term_string}"},"query-input":{"@type":"PropertyValueSpecification","valueRequired":true,"valueName":"search_term_string"}}],"inLanguage":"en-US"},{"@type":"Organization","@id":"https:\/\/grup-serban.ro\/#organization","name":"Grup Serban","url":"https:\/\/grup-serban.ro\/","logo":{"@type":"ImageObject","inLanguage":"en-US","@id":"https:\/\/grup-serban.ro\/#\/schema\/logo\/image\/","url":"https:\/\/grup-serban.ro\/wp-content\/uploads\/2022\/07\/GS-original-300x169-1-1.png","contentUrl":"https:\/\/grup-serban.ro\/wp-content\/uploads\/2022\/07\/GS-original-300x169-1-1.png","width":300,"height":169,"caption":"Grup Serban"},"image":{"@id":"https:\/\/grup-serban.ro\/#\/schema\/logo\/image\/"},"sameAs":["https:\/\/www.facebook.com\/GrupSerban\/"]}]}},"_links":{"self":[{"href":"https:\/\/grup-serban.ro\/en\/wp-json\/wp\/v2\/pages\/2819","targetHints":{"allow":["GET"]}}],"collection":[{"href":"https:\/\/grup-serban.ro\/en\/wp-json\/wp\/v2\/pages"}],"about":[{"href":"https:\/\/grup-serban.ro\/en\/wp-json\/wp\/v2\/types\/page"}],"author":[{"embeddable":true,"href":"https:\/\/grup-serban.ro\/en\/wp-json\/wp\/v2\/users\/1"}],"replies":[{"embeddable":true,"href":"https:\/\/grup-serban.ro\/en\/wp-json\/wp\/v2\/comments?post=2819"}],"version-history":[{"count":0,"href":"https:\/\/grup-serban.ro\/en\/wp-json\/wp\/v2\/pages\/2819\/revisions"}],"up":[{"embeddable":true,"href":"https:\/\/grup-serban.ro\/en\/wp-json\/wp\/v2\/pages\/1714"}],"wp:attachment":[{"href":"https:\/\/grup-serban.ro\/en\/wp-json\/wp\/v2\/media?parent=2819"}],"curies":[{"name":"wp","href":"https:\/\/api.w.org\/{rel}","templated":true}]}}