{"id":2800,"date":"2022-08-09T09:20:34","date_gmt":"2022-08-09T06:20:34","guid":{"rendered":"https:\/\/grup-serban.ro\/?page_id=2800"},"modified":"2023-01-05T10:44:08","modified_gmt":"2023-01-05T08:44:08","slug":"razesi-cu-porumb","status":"publish","type":"page","link":"https:\/\/grup-serban.ro\/en\/panificatie\/gama-razesi\/razesi-cu-porumb\/","title":{"rendered":"R\u0103ze\u0219i cu Porumb"},"content":{"rendered":"<div data-elementor-type=\"wp-page\" data-elementor-id=\"2800\" class=\"elementor elementor-2800\">\n\t\t\t\t\t\t<section class=\"elementor-section elementor-top-section elementor-element elementor-element-93a9862 elementor-section-height-min-height elementor-section-boxed elementor-section-height-default elementor-section-items-middle\" data-id=\"93a9862\" data-element_type=\"section\" data-e-type=\"section\">\n\t\t\t\t\t\t<div class=\"elementor-container elementor-column-gap-no\">\n\t\t\t\t\t<div class=\"elementor-column elementor-col-100 elementor-top-column elementor-element elementor-element-d2c18e2\" data-id=\"d2c18e2\" data-element_type=\"column\" data-e-type=\"column\">\n\t\t\t<div class=\"elementor-widget-wrap elementor-element-populated\">\n\t\t\t\t\t\t<div class=\"elementor-element elementor-element-3f6bdcf elementor-align-left elementor-widget elementor-widget-bdevs-banner-other\" data-id=\"3f6bdcf\" data-element_type=\"widget\" data-e-type=\"widget\" data-widget_type=\"bdevs-banner-other.default\">\n\t\t\t\t<div class=\"elementor-widget-container\">\n\t\t\t\t\t  \r\n<section>\r\n    <div class=\"pages-hero\" style=\"background-image:url(https:\/\/grup-serban.ro\/wp-content\/uploads\/2022\/08\/image00003-scaled.jpeg)\">\r\n        <div class=\"container\">\r\n            <div class=\"pages-title\">\r\n            \t                <h5>Granero<\/h5>\r\n                                \t            <h1>Bakery<\/h1>\r\n\t            \t                            <p>Good bread is created in time!<\/p>\r\n                            <\/div>\r\n        <\/div>\r\n    <\/div>\r\n<\/section>\r\n\t\t\t\t\t<\/div>\n\t\t\t\t<\/div>\n\t\t\t\t\t<\/div>\n\t\t<\/div>\n\t\t\t\t\t<\/div>\n\t\t<\/section>\n\t\t\t\t<section class=\"elementor-section elementor-top-section elementor-element elementor-element-3e7d8ba elementor-section-boxed elementor-section-height-default elementor-section-height-default\" data-id=\"3e7d8ba\" data-element_type=\"section\" data-e-type=\"section\">\n\t\t\t\t\t\t<div class=\"elementor-container elementor-column-gap-default\">\n\t\t\t\t\t<div class=\"elementor-column elementor-col-50 elementor-top-column elementor-element elementor-element-b0a991d\" data-id=\"b0a991d\" data-element_type=\"column\" data-e-type=\"column\">\n\t\t\t<div class=\"elementor-widget-wrap elementor-element-populated\">\n\t\t\t\t\t\t<div class=\"elementor-element elementor-element-ae44044 elementor-widget elementor-widget-image\" data-id=\"ae44044\" data-element_type=\"widget\" data-e-type=\"widget\" data-widget_type=\"image.default\">\n\t\t\t\t\t\t\t\t\t\t\t\t\t\t\t<img fetchpriority=\"high\" decoding=\"async\" width=\"382\" height=\"1024\" src=\"https:\/\/grup-serban.ro\/wp-content\/uploads\/2023\/01\/RAZESI-PORUMB-382x1024.png\" class=\"attachment-large size-large wp-image-5017\" alt=\"\" srcset=\"https:\/\/grup-serban.ro\/wp-content\/uploads\/2023\/01\/RAZESI-PORUMB-382x1024.png 382w, https:\/\/grup-serban.ro\/wp-content\/uploads\/2023\/01\/RAZESI-PORUMB-112x300.png 112w, https:\/\/grup-serban.ro\/wp-content\/uploads\/2023\/01\/RAZESI-PORUMB-768x2059.png 768w, https:\/\/grup-serban.ro\/wp-content\/uploads\/2023\/01\/RAZESI-PORUMB-573x1536.png 573w, https:\/\/grup-serban.ro\/wp-content\/uploads\/2023\/01\/RAZESI-PORUMB-764x2048.png 764w, https:\/\/grup-serban.ro\/wp-content\/uploads\/2023\/01\/RAZESI-PORUMB-4x12.png 4w, https:\/\/grup-serban.ro\/wp-content\/uploads\/2023\/01\/RAZESI-PORUMB.png 1408w\" sizes=\"(max-width: 382px) 100vw, 382px\" \/>\t\t\t\t\t\t\t\t\t\t\t\t\t\t\t<\/div>\n\t\t\t\t\t<\/div>\n\t\t<\/div>\n\t\t\t\t<div class=\"elementor-column elementor-col-50 elementor-top-column elementor-element elementor-element-f7aaa9d\" data-id=\"f7aaa9d\" data-element_type=\"column\" data-e-type=\"column\">\n\t\t\t<div class=\"elementor-widget-wrap elementor-element-populated\">\n\t\t\t\t\t\t<div class=\"elementor-element elementor-element-7ee9e84 elementor-widget elementor-widget-heading\" data-id=\"7ee9e84\" data-element_type=\"widget\" data-e-type=\"widget\" data-widget_type=\"heading.default\">\n\t\t\t\t\t<h2 class=\"elementor-heading-title elementor-size-default\">R\u0103ze\u0219i cu porumb 600 g<\/h2>\t\t\t\t<\/div>\n\t\t\t\t<div class=\"elementor-element elementor-element-cdfbaa8 elementor-widget elementor-widget-text-editor\" data-id=\"cdfbaa8\" data-element_type=\"widget\" data-e-type=\"widget\" data-widget_type=\"text-editor.default\">\n\t\t\t\t\t\t\t\t\t<p>R\u0103ze\u0219i cu Porumb is a bread with wheat and rye grains, baked on the hearth.<\/p><p>The composition of potatoes and corn makes this bread fluffy, dense and special.<\/p>\t\t\t\t\t\t\t\t<\/div>\n\t\t\t\t\t<\/div>\n\t\t<\/div>\n\t\t\t\t\t<\/div>\n\t\t<\/section>\n\t\t\t\t<\/div>","protected":false},"excerpt":{"rendered":"<p>Granero Panifica\u021bie O p\u00e2ine bun\u0103 se creeaz\u0103 \u00een timp! R\u0103ze\u0219i cu porumb 600 g R\u0103ze\u0219i cu porumb este o p\u00e2ine cu maiele de gr\u00e2u \u0219i secar\u0103, coapt\u0103 pe vatr\u0103.Compozi\u021bia de cartofi \u0219i porumb face ca aceast\u0103 p\u00e2ine s\u0103 fie pufoas\u0103, dens\u0103 \u0219i deosebit\u0103.<\/p>","protected":false},"author":1,"featured_media":0,"parent":1714,"menu_order":0,"comment_status":"closed","ping_status":"closed","template":"","meta":{"footnotes":""},"class_list":["post-2800","page","type-page","status-publish","hentry"],"yoast_head":"<!-- This site is optimized with the Yoast SEO plugin v27.5 - https:\/\/yoast.com\/product\/yoast-seo-wordpress\/ -->\n<title>R\u0103ze\u0219i cu Porumb - Grup Serban<\/title>\n<meta name=\"robots\" content=\"index, follow, max-snippet:-1, max-image-preview:large, max-video-preview:-1\" \/>\n<link rel=\"canonical\" href=\"https:\/\/grup-serban.ro\/en\/panificatie\/gama-razesi\/razesi-cu-porumb\/\" \/>\n<meta property=\"og:locale\" content=\"en_US\" \/>\n<meta property=\"og:type\" content=\"article\" \/>\n<meta property=\"og:title\" content=\"R\u0103ze\u0219i cu Porumb - Grup Serban\" \/>\n<meta property=\"og:description\" content=\"Granero Panifica\u021bie O p\u00e2ine bun\u0103 se creeaz\u0103 \u00een timp! R\u0103ze\u0219i cu porumb 600 g R\u0103ze\u0219i cu porumb este o p\u00e2ine cu maiele de gr\u00e2u \u0219i secar\u0103, coapt\u0103 pe vatr\u0103.Compozi\u021bia de cartofi \u0219i porumb face ca aceast\u0103 p\u00e2ine s\u0103 fie pufoas\u0103, dens\u0103 \u0219i deosebit\u0103.\" \/>\n<meta property=\"og:url\" content=\"https:\/\/grup-serban.ro\/en\/panificatie\/gama-razesi\/razesi-cu-porumb\/\" \/>\n<meta property=\"og:site_name\" content=\"Grup Serban\" \/>\n<meta property=\"article:publisher\" content=\"https:\/\/www.facebook.com\/GrupSerban\/\" \/>\n<meta property=\"article:modified_time\" content=\"2023-01-05T08:44:08+00:00\" \/>\n<meta property=\"og:image\" content=\"https:\/\/grup-serban.ro\/wp-content\/uploads\/2022\/08\/RAZESI-PORUMB-404x1024.png\" \/>\n<meta name=\"twitter:card\" content=\"summary_large_image\" \/>\n<script type=\"application\/ld+json\" class=\"yoast-schema-graph\">{\"@context\":\"https:\\\/\\\/schema.org\",\"@graph\":[{\"@type\":\"WebPage\",\"@id\":\"https:\\\/\\\/grup-serban.ro\\\/panificatie\\\/gama-razesi\\\/razesi-cu-porumb\\\/\",\"url\":\"https:\\\/\\\/grup-serban.ro\\\/panificatie\\\/gama-razesi\\\/razesi-cu-porumb\\\/\",\"name\":\"R\u0103ze\u0219i cu Porumb - Grup Serban\",\"isPartOf\":{\"@id\":\"https:\\\/\\\/grup-serban.ro\\\/#website\"},\"primaryImageOfPage\":{\"@id\":\"https:\\\/\\\/grup-serban.ro\\\/panificatie\\\/gama-razesi\\\/razesi-cu-porumb\\\/#primaryimage\"},\"image\":{\"@id\":\"https:\\\/\\\/grup-serban.ro\\\/panificatie\\\/gama-razesi\\\/razesi-cu-porumb\\\/#primaryimage\"},\"thumbnailUrl\":\"https:\\\/\\\/grup-serban.ro\\\/wp-content\\\/uploads\\\/2023\\\/01\\\/RAZESI-PORUMB-382x1024.png\",\"datePublished\":\"2022-08-09T06:20:34+00:00\",\"dateModified\":\"2023-01-05T08:44:08+00:00\",\"breadcrumb\":{\"@id\":\"https:\\\/\\\/grup-serban.ro\\\/panificatie\\\/gama-razesi\\\/razesi-cu-porumb\\\/#breadcrumb\"},\"inLanguage\":\"en-US\",\"potentialAction\":[{\"@type\":\"ReadAction\",\"target\":[\"https:\\\/\\\/grup-serban.ro\\\/panificatie\\\/gama-razesi\\\/razesi-cu-porumb\\\/\"]}]},{\"@type\":\"ImageObject\",\"inLanguage\":\"en-US\",\"@id\":\"https:\\\/\\\/grup-serban.ro\\\/panificatie\\\/gama-razesi\\\/razesi-cu-porumb\\\/#primaryimage\",\"url\":\"https:\\\/\\\/grup-serban.ro\\\/wp-content\\\/uploads\\\/2023\\\/01\\\/RAZESI-PORUMB-382x1024.png\",\"contentUrl\":\"https:\\\/\\\/grup-serban.ro\\\/wp-content\\\/uploads\\\/2023\\\/01\\\/RAZESI-PORUMB-382x1024.png\"},{\"@type\":\"BreadcrumbList\",\"@id\":\"https:\\\/\\\/grup-serban.ro\\\/panificatie\\\/gama-razesi\\\/razesi-cu-porumb\\\/#breadcrumb\",\"itemListElement\":[{\"@type\":\"ListItem\",\"position\":1,\"name\":\"Home\",\"item\":\"https:\\\/\\\/grup-serban.ro\\\/\"},{\"@type\":\"ListItem\",\"position\":2,\"name\":\"Panificatie\",\"item\":\"https:\\\/\\\/grup-serban.ro\\\/panificatie\\\/\"},{\"@type\":\"ListItem\",\"position\":3,\"name\":\"Gama R\u0103ze\u0219i\",\"item\":\"https:\\\/\\\/grup-serban.ro\\\/panificatie\\\/gama-razesi\\\/\"},{\"@type\":\"ListItem\",\"position\":4,\"name\":\"R\u0103ze\u0219i cu Porumb\"}]},{\"@type\":\"WebSite\",\"@id\":\"https:\\\/\\\/grup-serban.ro\\\/#website\",\"url\":\"https:\\\/\\\/grup-serban.ro\\\/\",\"name\":\"Grup Serban\",\"description\":\"Cu si Despre Oameni\",\"publisher\":{\"@id\":\"https:\\\/\\\/grup-serban.ro\\\/#organization\"},\"potentialAction\":[{\"@type\":\"SearchAction\",\"target\":{\"@type\":\"EntryPoint\",\"urlTemplate\":\"https:\\\/\\\/grup-serban.ro\\\/?s={search_term_string}\"},\"query-input\":{\"@type\":\"PropertyValueSpecification\",\"valueRequired\":true,\"valueName\":\"search_term_string\"}}],\"inLanguage\":\"en-US\"},{\"@type\":\"Organization\",\"@id\":\"https:\\\/\\\/grup-serban.ro\\\/#organization\",\"name\":\"Grup Serban\",\"url\":\"https:\\\/\\\/grup-serban.ro\\\/\",\"logo\":{\"@type\":\"ImageObject\",\"inLanguage\":\"en-US\",\"@id\":\"https:\\\/\\\/grup-serban.ro\\\/#\\\/schema\\\/logo\\\/image\\\/\",\"url\":\"https:\\\/\\\/grup-serban.ro\\\/wp-content\\\/uploads\\\/2022\\\/07\\\/GS-original-300x169-1-1.png\",\"contentUrl\":\"https:\\\/\\\/grup-serban.ro\\\/wp-content\\\/uploads\\\/2022\\\/07\\\/GS-original-300x169-1-1.png\",\"width\":300,\"height\":169,\"caption\":\"Grup Serban\"},\"image\":{\"@id\":\"https:\\\/\\\/grup-serban.ro\\\/#\\\/schema\\\/logo\\\/image\\\/\"},\"sameAs\":[\"https:\\\/\\\/www.facebook.com\\\/GrupSerban\\\/\"]}]}<\/script>\n<!-- \/ Yoast SEO plugin. -->","yoast_head_json":{"title":"R\u0103ze\u0219i cu Porumb - Grup Serban","robots":{"index":"index","follow":"follow","max-snippet":"max-snippet:-1","max-image-preview":"max-image-preview:large","max-video-preview":"max-video-preview:-1"},"canonical":"https:\/\/grup-serban.ro\/en\/panificatie\/gama-razesi\/razesi-cu-porumb\/","og_locale":"en_US","og_type":"article","og_title":"R\u0103ze\u0219i cu Porumb - Grup Serban","og_description":"Granero Panifica\u021bie O p\u00e2ine bun\u0103 se creeaz\u0103 \u00een timp! R\u0103ze\u0219i cu porumb 600 g R\u0103ze\u0219i cu porumb este o p\u00e2ine cu maiele de gr\u00e2u \u0219i secar\u0103, coapt\u0103 pe vatr\u0103.Compozi\u021bia de cartofi \u0219i porumb face ca aceast\u0103 p\u00e2ine s\u0103 fie pufoas\u0103, dens\u0103 \u0219i deosebit\u0103.","og_url":"https:\/\/grup-serban.ro\/en\/panificatie\/gama-razesi\/razesi-cu-porumb\/","og_site_name":"Grup Serban","article_publisher":"https:\/\/www.facebook.com\/GrupSerban\/","article_modified_time":"2023-01-05T08:44:08+00:00","og_image":[{"url":"https:\/\/grup-serban.ro\/wp-content\/uploads\/2022\/08\/RAZESI-PORUMB-404x1024.png","type":"","width":"","height":""}],"twitter_card":"summary_large_image","schema":{"@context":"https:\/\/schema.org","@graph":[{"@type":"WebPage","@id":"https:\/\/grup-serban.ro\/panificatie\/gama-razesi\/razesi-cu-porumb\/","url":"https:\/\/grup-serban.ro\/panificatie\/gama-razesi\/razesi-cu-porumb\/","name":"R\u0103ze\u0219i cu Porumb - Grup Serban","isPartOf":{"@id":"https:\/\/grup-serban.ro\/#website"},"primaryImageOfPage":{"@id":"https:\/\/grup-serban.ro\/panificatie\/gama-razesi\/razesi-cu-porumb\/#primaryimage"},"image":{"@id":"https:\/\/grup-serban.ro\/panificatie\/gama-razesi\/razesi-cu-porumb\/#primaryimage"},"thumbnailUrl":"https:\/\/grup-serban.ro\/wp-content\/uploads\/2023\/01\/RAZESI-PORUMB-382x1024.png","datePublished":"2022-08-09T06:20:34+00:00","dateModified":"2023-01-05T08:44:08+00:00","breadcrumb":{"@id":"https:\/\/grup-serban.ro\/panificatie\/gama-razesi\/razesi-cu-porumb\/#breadcrumb"},"inLanguage":"en-US","potentialAction":[{"@type":"ReadAction","target":["https:\/\/grup-serban.ro\/panificatie\/gama-razesi\/razesi-cu-porumb\/"]}]},{"@type":"ImageObject","inLanguage":"en-US","@id":"https:\/\/grup-serban.ro\/panificatie\/gama-razesi\/razesi-cu-porumb\/#primaryimage","url":"https:\/\/grup-serban.ro\/wp-content\/uploads\/2023\/01\/RAZESI-PORUMB-382x1024.png","contentUrl":"https:\/\/grup-serban.ro\/wp-content\/uploads\/2023\/01\/RAZESI-PORUMB-382x1024.png"},{"@type":"BreadcrumbList","@id":"https:\/\/grup-serban.ro\/panificatie\/gama-razesi\/razesi-cu-porumb\/#breadcrumb","itemListElement":[{"@type":"ListItem","position":1,"name":"Home","item":"https:\/\/grup-serban.ro\/"},{"@type":"ListItem","position":2,"name":"Panificatie","item":"https:\/\/grup-serban.ro\/panificatie\/"},{"@type":"ListItem","position":3,"name":"Gama R\u0103ze\u0219i","item":"https:\/\/grup-serban.ro\/panificatie\/gama-razesi\/"},{"@type":"ListItem","position":4,"name":"R\u0103ze\u0219i cu Porumb"}]},{"@type":"WebSite","@id":"https:\/\/grup-serban.ro\/#website","url":"https:\/\/grup-serban.ro\/","name":"Grup Serban","description":"Cu si Despre Oameni","publisher":{"@id":"https:\/\/grup-serban.ro\/#organization"},"potentialAction":[{"@type":"SearchAction","target":{"@type":"EntryPoint","urlTemplate":"https:\/\/grup-serban.ro\/?s={search_term_string}"},"query-input":{"@type":"PropertyValueSpecification","valueRequired":true,"valueName":"search_term_string"}}],"inLanguage":"en-US"},{"@type":"Organization","@id":"https:\/\/grup-serban.ro\/#organization","name":"Grup Serban","url":"https:\/\/grup-serban.ro\/","logo":{"@type":"ImageObject","inLanguage":"en-US","@id":"https:\/\/grup-serban.ro\/#\/schema\/logo\/image\/","url":"https:\/\/grup-serban.ro\/wp-content\/uploads\/2022\/07\/GS-original-300x169-1-1.png","contentUrl":"https:\/\/grup-serban.ro\/wp-content\/uploads\/2022\/07\/GS-original-300x169-1-1.png","width":300,"height":169,"caption":"Grup Serban"},"image":{"@id":"https:\/\/grup-serban.ro\/#\/schema\/logo\/image\/"},"sameAs":["https:\/\/www.facebook.com\/GrupSerban\/"]}]}},"_links":{"self":[{"href":"https:\/\/grup-serban.ro\/en\/wp-json\/wp\/v2\/pages\/2800","targetHints":{"allow":["GET"]}}],"collection":[{"href":"https:\/\/grup-serban.ro\/en\/wp-json\/wp\/v2\/pages"}],"about":[{"href":"https:\/\/grup-serban.ro\/en\/wp-json\/wp\/v2\/types\/page"}],"author":[{"embeddable":true,"href":"https:\/\/grup-serban.ro\/en\/wp-json\/wp\/v2\/users\/1"}],"replies":[{"embeddable":true,"href":"https:\/\/grup-serban.ro\/en\/wp-json\/wp\/v2\/comments?post=2800"}],"version-history":[{"count":0,"href":"https:\/\/grup-serban.ro\/en\/wp-json\/wp\/v2\/pages\/2800\/revisions"}],"up":[{"embeddable":true,"href":"https:\/\/grup-serban.ro\/en\/wp-json\/wp\/v2\/pages\/1714"}],"wp:attachment":[{"href":"https:\/\/grup-serban.ro\/en\/wp-json\/wp\/v2\/media?parent=2800"}],"curies":[{"name":"wp","href":"https:\/\/api.w.org\/{rel}","templated":true}]}}