{"id":2692,"date":"2022-08-08T13:23:54","date_gmt":"2022-08-08T10:23:54","guid":{"rendered":"https:\/\/grup-serban.ro\/?page_id=2692"},"modified":"2022-10-31T10:49:51","modified_gmt":"2022-10-31T08:49:51","slug":"gama-speciala","status":"publish","type":"page","link":"https:\/\/grup-serban.ro\/en\/panificatie\/gama-speciala\/","title":{"rendered":"Gama Special"},"content":{"rendered":"<div data-elementor-type=\"wp-page\" data-elementor-id=\"2692\" class=\"elementor elementor-2692\">\n\t\t\t\t\t\t<section class=\"elementor-section elementor-top-section elementor-element elementor-element-19c966b elementor-section-full_width elementor-section-stretched elementor-section-height-default elementor-section-height-default\" data-id=\"19c966b\" data-element_type=\"section\" data-e-type=\"section\" data-settings=\"{&quot;stretch_section&quot;:&quot;section-stretched&quot;}\">\n\t\t\t\t\t\t<div class=\"elementor-container elementor-column-gap-no\">\n\t\t\t\t\t<div class=\"elementor-column elementor-col-100 elementor-top-column elementor-element elementor-element-9e0810b\" data-id=\"9e0810b\" data-element_type=\"column\" data-e-type=\"column\">\n\t\t\t<div class=\"elementor-widget-wrap elementor-element-populated\">\n\t\t\t\t\t\t<div class=\"elementor-element elementor-element-af250c5 elementor-align-left elementor-widget elementor-widget-bdevs-banner-other\" data-id=\"af250c5\" data-element_type=\"widget\" data-e-type=\"widget\" data-widget_type=\"bdevs-banner-other.default\">\n\t\t\t\t<div class=\"elementor-widget-container\">\n\t\t\t\t\t  \r\n<section>\r\n    <div class=\"pages-hero\" style=\"background-image:url(https:\/\/grup-serban.ro\/wp-content\/uploads\/2022\/08\/image00003-scaled.jpeg)\">\r\n        <div class=\"container\">\r\n            <div class=\"pages-title\">\r\n            \t                <h5>GRANERO<\/h5>\r\n                                \t            <h1>Bakery<\/h1>\r\n\t            \t                            <p>Good bread is created in time!<\/p>\r\n                            <\/div>\r\n        <\/div>\r\n    <\/div>\r\n<\/section>\r\n\t\t\t\t\t<\/div>\n\t\t\t\t<\/div>\n\t\t\t\t\t<\/div>\n\t\t<\/div>\n\t\t\t\t\t<\/div>\n\t\t<\/section>\n\t\t\t\t<section class=\"elementor-section elementor-top-section elementor-element elementor-element-09cc5e0 elementor-section-boxed elementor-section-height-default elementor-section-height-default\" data-id=\"09cc5e0\" data-element_type=\"section\" data-e-type=\"section\">\n\t\t\t\t\t\t<div class=\"elementor-container elementor-column-gap-default\">\n\t\t\t\t\t<div class=\"elementor-column elementor-col-33 elementor-top-column elementor-element elementor-element-68c9b0f\" data-id=\"68c9b0f\" data-element_type=\"column\" data-e-type=\"column\">\n\t\t\t<div class=\"elementor-widget-wrap elementor-element-populated\">\n\t\t\t\t\t\t<div class=\"elementor-element elementor-element-bd69312 elementor-widget elementor-widget-image\" data-id=\"bd69312\" data-element_type=\"widget\" data-e-type=\"widget\" data-widget_type=\"image.default\">\n\t\t\t\t\t\t\t\t\t\t\t\t\t\t\t<img fetchpriority=\"high\" decoding=\"async\" width=\"618\" height=\"1600\" src=\"https:\/\/grup-serban.ro\/wp-content\/uploads\/2022\/10\/WhatsApp-Image-2022-10-31-at-10.26.14.jpg\" class=\"attachment-full size-full wp-image-4620\" alt=\"\" srcset=\"https:\/\/grup-serban.ro\/wp-content\/uploads\/2022\/10\/WhatsApp-Image-2022-10-31-at-10.26.14.jpg 618w, https:\/\/grup-serban.ro\/wp-content\/uploads\/2022\/10\/WhatsApp-Image-2022-10-31-at-10.26.14-116x300.jpg 116w, https:\/\/grup-serban.ro\/wp-content\/uploads\/2022\/10\/WhatsApp-Image-2022-10-31-at-10.26.14-396x1024.jpg 396w, https:\/\/grup-serban.ro\/wp-content\/uploads\/2022\/10\/WhatsApp-Image-2022-10-31-at-10.26.14-593x1536.jpg 593w, https:\/\/grup-serban.ro\/wp-content\/uploads\/2022\/10\/WhatsApp-Image-2022-10-31-at-10.26.14-5x12.jpg 5w\" sizes=\"(max-width: 618px) 100vw, 618px\" \/>\t\t\t\t\t\t\t\t\t\t\t\t\t\t\t<\/div>\n\t\t\t\t<div class=\"elementor-element elementor-element-5e8cd50 elementor-widget elementor-widget-text-editor\" data-id=\"5e8cd50\" data-element_type=\"widget\" data-e-type=\"widget\" data-widget_type=\"text-editor.default\">\n\t\t\t\t\t\t\t\t\t<h5 style=\"text-align: center;\">SPECIAL\u0102 CU CON\u021aINUT REDUS DE ZAHARURI<\/h5>\t\t\t\t\t\t\t\t<\/div>\n\t\t\t\t<div class=\"elementor-element elementor-element-353751b elementor-button-info elementor-align-center elementor-widget elementor-widget-button\" data-id=\"353751b\" data-element_type=\"widget\" data-e-type=\"widget\" data-widget_type=\"button.default\">\n\t\t\t\t\t\t\t\t\t\t<a class=\"elementor-button elementor-button-link elementor-size-md\" href=\"https:\/\/grup-serban.ro\/en\/panificatie\/gama-speciala\/speciala-continut-redus-de-zahar\/\">\n\t\t\t\t\t\t<span class=\"elementor-button-content-wrapper\">\n\t\t\t\t\t\t\t\t\t<span class=\"elementor-button-text\">View details<\/span>\n\t\t\t\t\t<\/span>\n\t\t\t\t\t<\/a>\n\t\t\t\t\t\t\t\t<\/div>\n\t\t\t\t\t<\/div>\n\t\t<\/div>\n\t\t\t\t<div class=\"elementor-column elementor-col-33 elementor-top-column elementor-element elementor-element-e1ac7f3\" data-id=\"e1ac7f3\" data-element_type=\"column\" data-e-type=\"column\">\n\t\t\t<div class=\"elementor-widget-wrap elementor-element-populated\">\n\t\t\t\t\t\t<div class=\"elementor-element elementor-element-adf7f46 elementor-widget elementor-widget-image\" data-id=\"adf7f46\" data-element_type=\"widget\" data-e-type=\"widget\" data-widget_type=\"image.default\">\n\t\t\t\t\t\t\t\t\t\t\t\t\t\t\t<img decoding=\"async\" width=\"1169\" height=\"2961\" src=\"https:\/\/grup-serban.ro\/wp-content\/uploads\/2022\/08\/SPECIALA-CONTINUT-SCAZUT-DE-SARE.png\" class=\"attachment-full size-full wp-image-3003\" alt=\"\" srcset=\"https:\/\/grup-serban.ro\/wp-content\/uploads\/2022\/08\/SPECIALA-CONTINUT-SCAZUT-DE-SARE.png 1169w, https:\/\/grup-serban.ro\/wp-content\/uploads\/2022\/08\/SPECIALA-CONTINUT-SCAZUT-DE-SARE-118x300.png 118w, https:\/\/grup-serban.ro\/wp-content\/uploads\/2022\/08\/SPECIALA-CONTINUT-SCAZUT-DE-SARE-404x1024.png 404w, https:\/\/grup-serban.ro\/wp-content\/uploads\/2022\/08\/SPECIALA-CONTINUT-SCAZUT-DE-SARE-768x1945.png 768w, https:\/\/grup-serban.ro\/wp-content\/uploads\/2022\/08\/SPECIALA-CONTINUT-SCAZUT-DE-SARE-606x1536.png 606w, https:\/\/grup-serban.ro\/wp-content\/uploads\/2022\/08\/SPECIALA-CONTINUT-SCAZUT-DE-SARE-809x2048.png 809w, https:\/\/grup-serban.ro\/wp-content\/uploads\/2022\/08\/SPECIALA-CONTINUT-SCAZUT-DE-SARE-5x12.png 5w\" sizes=\"(max-width: 1169px) 100vw, 1169px\" \/>\t\t\t\t\t\t\t\t\t\t\t\t\t\t\t<\/div>\n\t\t\t\t<div class=\"elementor-element elementor-element-9c0c5fb elementor-widget elementor-widget-text-editor\" data-id=\"9c0c5fb\" data-element_type=\"widget\" data-e-type=\"widget\" data-widget_type=\"text-editor.default\">\n\t\t\t\t\t\t\t\t\t<h5 style=\"text-align: center;\">SPECIAL\u0102 CON\u021aINUT SC\u0102ZUT DE SARE<\/h5>\t\t\t\t\t\t\t\t<\/div>\n\t\t\t\t<div class=\"elementor-element elementor-element-8dd71f6 elementor-button-info elementor-align-center elementor-widget elementor-widget-button\" data-id=\"8dd71f6\" data-element_type=\"widget\" data-e-type=\"widget\" data-widget_type=\"button.default\">\n\t\t\t\t\t\t\t\t\t\t<a class=\"elementor-button elementor-button-link elementor-size-md\" href=\"https:\/\/grup-serban.ro\/en\/panificatie\/gama-speciala\/speciala-continut-scazut-de-sare\/\">\n\t\t\t\t\t\t<span class=\"elementor-button-content-wrapper\">\n\t\t\t\t\t\t\t\t\t<span class=\"elementor-button-text\">View details<\/span>\n\t\t\t\t\t<\/span>\n\t\t\t\t\t<\/a>\n\t\t\t\t\t\t\t\t<\/div>\n\t\t\t\t\t<\/div>\n\t\t<\/div>\n\t\t\t\t<div class=\"elementor-column elementor-col-33 elementor-top-column elementor-element elementor-element-81697bd\" data-id=\"81697bd\" data-element_type=\"column\" data-e-type=\"column\">\n\t\t\t<div class=\"elementor-widget-wrap\">\n\t\t\t\t\t\t\t<\/div>\n\t\t<\/div>\n\t\t\t\t\t<\/div>\n\t\t<\/section>\n\t\t\t\t<\/div>","protected":false},"excerpt":{"rendered":"<p>GRANERO Panifica\u021bie O p\u00e2ine bun\u0103 se creeaz\u0103 \u00een timp! SPECIAL\u0102 CU CON\u021aINUT REDUS DE ZAHARURI Vezi detalii SPECIAL\u0102 CON\u021aINUT SC\u0102ZUT DE SARE Vezi detalii<\/p>","protected":false},"author":1,"featured_media":0,"parent":1568,"menu_order":0,"comment_status":"closed","ping_status":"closed","template":"","meta":{"footnotes":""},"class_list":["post-2692","page","type-page","status-publish","hentry"],"yoast_head":"<!-- This site is optimized with the Yoast SEO plugin v27.5 - https:\/\/yoast.com\/product\/yoast-seo-wordpress\/ -->\n<title>Gama Special\u0103 - Grup Serban<\/title>\n<meta name=\"robots\" content=\"index, follow, max-snippet:-1, max-image-preview:large, max-video-preview:-1\" \/>\n<link rel=\"canonical\" href=\"https:\/\/grup-serban.ro\/en\/panificatie\/gama-speciala\/\" \/>\n<meta property=\"og:locale\" content=\"en_US\" \/>\n<meta property=\"og:type\" content=\"article\" \/>\n<meta property=\"og:title\" content=\"Gama Special\u0103 - Grup Serban\" \/>\n<meta property=\"og:description\" content=\"GRANERO Panifica\u021bie O p\u00e2ine bun\u0103 se creeaz\u0103 \u00een timp! SPECIAL\u0102 CU CON\u021aINUT REDUS DE ZAHARURI Vezi detalii SPECIAL\u0102 CON\u021aINUT SC\u0102ZUT DE SARE Vezi detalii\" \/>\n<meta property=\"og:url\" content=\"https:\/\/grup-serban.ro\/en\/panificatie\/gama-speciala\/\" \/>\n<meta property=\"og:site_name\" content=\"Grup Serban\" \/>\n<meta property=\"article:publisher\" content=\"https:\/\/www.facebook.com\/GrupSerban\/\" \/>\n<meta property=\"article:modified_time\" content=\"2022-10-31T08:49:51+00:00\" \/>\n<meta property=\"og:image\" content=\"https:\/\/grup-serban.ro\/wp-content\/uploads\/2022\/08\/SPECIALA-CU-CONTINUT-REDUS-DE-ZAHAR.png\" \/>\n<meta name=\"twitter:card\" content=\"summary_large_image\" \/>\n<script type=\"application\/ld+json\" class=\"yoast-schema-graph\">{\"@context\":\"https:\\\/\\\/schema.org\",\"@graph\":[{\"@type\":\"WebPage\",\"@id\":\"https:\\\/\\\/grup-serban.ro\\\/panificatie\\\/gama-speciala\\\/\",\"url\":\"https:\\\/\\\/grup-serban.ro\\\/panificatie\\\/gama-speciala\\\/\",\"name\":\"Gama Special\u0103 - Grup Serban\",\"isPartOf\":{\"@id\":\"https:\\\/\\\/grup-serban.ro\\\/#website\"},\"primaryImageOfPage\":{\"@id\":\"https:\\\/\\\/grup-serban.ro\\\/panificatie\\\/gama-speciala\\\/#primaryimage\"},\"image\":{\"@id\":\"https:\\\/\\\/grup-serban.ro\\\/panificatie\\\/gama-speciala\\\/#primaryimage\"},\"thumbnailUrl\":\"https:\\\/\\\/grup-serban.ro\\\/wp-content\\\/uploads\\\/2022\\\/10\\\/WhatsApp-Image-2022-10-31-at-10.26.14.jpg\",\"datePublished\":\"2022-08-08T10:23:54+00:00\",\"dateModified\":\"2022-10-31T08:49:51+00:00\",\"breadcrumb\":{\"@id\":\"https:\\\/\\\/grup-serban.ro\\\/panificatie\\\/gama-speciala\\\/#breadcrumb\"},\"inLanguage\":\"en-US\",\"potentialAction\":[{\"@type\":\"ReadAction\",\"target\":[\"https:\\\/\\\/grup-serban.ro\\\/panificatie\\\/gama-speciala\\\/\"]}]},{\"@type\":\"ImageObject\",\"inLanguage\":\"en-US\",\"@id\":\"https:\\\/\\\/grup-serban.ro\\\/panificatie\\\/gama-speciala\\\/#primaryimage\",\"url\":\"https:\\\/\\\/grup-serban.ro\\\/wp-content\\\/uploads\\\/2022\\\/10\\\/WhatsApp-Image-2022-10-31-at-10.26.14.jpg\",\"contentUrl\":\"https:\\\/\\\/grup-serban.ro\\\/wp-content\\\/uploads\\\/2022\\\/10\\\/WhatsApp-Image-2022-10-31-at-10.26.14.jpg\"},{\"@type\":\"BreadcrumbList\",\"@id\":\"https:\\\/\\\/grup-serban.ro\\\/panificatie\\\/gama-speciala\\\/#breadcrumb\",\"itemListElement\":[{\"@type\":\"ListItem\",\"position\":1,\"name\":\"Home\",\"item\":\"https:\\\/\\\/grup-serban.ro\\\/\"},{\"@type\":\"ListItem\",\"position\":2,\"name\":\"Panificatie\",\"item\":\"https:\\\/\\\/grup-serban.ro\\\/panificatie\\\/\"},{\"@type\":\"ListItem\",\"position\":3,\"name\":\"Gama Special\u0103\"}]},{\"@type\":\"WebSite\",\"@id\":\"https:\\\/\\\/grup-serban.ro\\\/#website\",\"url\":\"https:\\\/\\\/grup-serban.ro\\\/\",\"name\":\"Grup Serban\",\"description\":\"Cu si Despre Oameni\",\"publisher\":{\"@id\":\"https:\\\/\\\/grup-serban.ro\\\/#organization\"},\"potentialAction\":[{\"@type\":\"SearchAction\",\"target\":{\"@type\":\"EntryPoint\",\"urlTemplate\":\"https:\\\/\\\/grup-serban.ro\\\/?s={search_term_string}\"},\"query-input\":{\"@type\":\"PropertyValueSpecification\",\"valueRequired\":true,\"valueName\":\"search_term_string\"}}],\"inLanguage\":\"en-US\"},{\"@type\":\"Organization\",\"@id\":\"https:\\\/\\\/grup-serban.ro\\\/#organization\",\"name\":\"Grup Serban\",\"url\":\"https:\\\/\\\/grup-serban.ro\\\/\",\"logo\":{\"@type\":\"ImageObject\",\"inLanguage\":\"en-US\",\"@id\":\"https:\\\/\\\/grup-serban.ro\\\/#\\\/schema\\\/logo\\\/image\\\/\",\"url\":\"https:\\\/\\\/grup-serban.ro\\\/wp-content\\\/uploads\\\/2022\\\/07\\\/GS-original-300x169-1-1.png\",\"contentUrl\":\"https:\\\/\\\/grup-serban.ro\\\/wp-content\\\/uploads\\\/2022\\\/07\\\/GS-original-300x169-1-1.png\",\"width\":300,\"height\":169,\"caption\":\"Grup Serban\"},\"image\":{\"@id\":\"https:\\\/\\\/grup-serban.ro\\\/#\\\/schema\\\/logo\\\/image\\\/\"},\"sameAs\":[\"https:\\\/\\\/www.facebook.com\\\/GrupSerban\\\/\"]}]}<\/script>\n<!-- \/ Yoast SEO plugin. -->","yoast_head_json":{"title":"Gama Special\u0103 - Grup Serban","robots":{"index":"index","follow":"follow","max-snippet":"max-snippet:-1","max-image-preview":"max-image-preview:large","max-video-preview":"max-video-preview:-1"},"canonical":"https:\/\/grup-serban.ro\/en\/panificatie\/gama-speciala\/","og_locale":"en_US","og_type":"article","og_title":"Gama Special\u0103 - Grup Serban","og_description":"GRANERO Panifica\u021bie O p\u00e2ine bun\u0103 se creeaz\u0103 \u00een timp! SPECIAL\u0102 CU CON\u021aINUT REDUS DE ZAHARURI Vezi detalii SPECIAL\u0102 CON\u021aINUT SC\u0102ZUT DE SARE Vezi detalii","og_url":"https:\/\/grup-serban.ro\/en\/panificatie\/gama-speciala\/","og_site_name":"Grup Serban","article_publisher":"https:\/\/www.facebook.com\/GrupSerban\/","article_modified_time":"2022-10-31T08:49:51+00:00","og_image":[{"url":"https:\/\/grup-serban.ro\/wp-content\/uploads\/2022\/08\/SPECIALA-CU-CONTINUT-REDUS-DE-ZAHAR.png","type":"","width":"","height":""}],"twitter_card":"summary_large_image","schema":{"@context":"https:\/\/schema.org","@graph":[{"@type":"WebPage","@id":"https:\/\/grup-serban.ro\/panificatie\/gama-speciala\/","url":"https:\/\/grup-serban.ro\/panificatie\/gama-speciala\/","name":"Gama Special\u0103 - Grup Serban","isPartOf":{"@id":"https:\/\/grup-serban.ro\/#website"},"primaryImageOfPage":{"@id":"https:\/\/grup-serban.ro\/panificatie\/gama-speciala\/#primaryimage"},"image":{"@id":"https:\/\/grup-serban.ro\/panificatie\/gama-speciala\/#primaryimage"},"thumbnailUrl":"https:\/\/grup-serban.ro\/wp-content\/uploads\/2022\/10\/WhatsApp-Image-2022-10-31-at-10.26.14.jpg","datePublished":"2022-08-08T10:23:54+00:00","dateModified":"2022-10-31T08:49:51+00:00","breadcrumb":{"@id":"https:\/\/grup-serban.ro\/panificatie\/gama-speciala\/#breadcrumb"},"inLanguage":"en-US","potentialAction":[{"@type":"ReadAction","target":["https:\/\/grup-serban.ro\/panificatie\/gama-speciala\/"]}]},{"@type":"ImageObject","inLanguage":"en-US","@id":"https:\/\/grup-serban.ro\/panificatie\/gama-speciala\/#primaryimage","url":"https:\/\/grup-serban.ro\/wp-content\/uploads\/2022\/10\/WhatsApp-Image-2022-10-31-at-10.26.14.jpg","contentUrl":"https:\/\/grup-serban.ro\/wp-content\/uploads\/2022\/10\/WhatsApp-Image-2022-10-31-at-10.26.14.jpg"},{"@type":"BreadcrumbList","@id":"https:\/\/grup-serban.ro\/panificatie\/gama-speciala\/#breadcrumb","itemListElement":[{"@type":"ListItem","position":1,"name":"Home","item":"https:\/\/grup-serban.ro\/"},{"@type":"ListItem","position":2,"name":"Panificatie","item":"https:\/\/grup-serban.ro\/panificatie\/"},{"@type":"ListItem","position":3,"name":"Gama Special\u0103"}]},{"@type":"WebSite","@id":"https:\/\/grup-serban.ro\/#website","url":"https:\/\/grup-serban.ro\/","name":"Grup Serban","description":"Cu si Despre Oameni","publisher":{"@id":"https:\/\/grup-serban.ro\/#organization"},"potentialAction":[{"@type":"SearchAction","target":{"@type":"EntryPoint","urlTemplate":"https:\/\/grup-serban.ro\/?s={search_term_string}"},"query-input":{"@type":"PropertyValueSpecification","valueRequired":true,"valueName":"search_term_string"}}],"inLanguage":"en-US"},{"@type":"Organization","@id":"https:\/\/grup-serban.ro\/#organization","name":"Grup Serban","url":"https:\/\/grup-serban.ro\/","logo":{"@type":"ImageObject","inLanguage":"en-US","@id":"https:\/\/grup-serban.ro\/#\/schema\/logo\/image\/","url":"https:\/\/grup-serban.ro\/wp-content\/uploads\/2022\/07\/GS-original-300x169-1-1.png","contentUrl":"https:\/\/grup-serban.ro\/wp-content\/uploads\/2022\/07\/GS-original-300x169-1-1.png","width":300,"height":169,"caption":"Grup Serban"},"image":{"@id":"https:\/\/grup-serban.ro\/#\/schema\/logo\/image\/"},"sameAs":["https:\/\/www.facebook.com\/GrupSerban\/"]}]}},"_links":{"self":[{"href":"https:\/\/grup-serban.ro\/en\/wp-json\/wp\/v2\/pages\/2692","targetHints":{"allow":["GET"]}}],"collection":[{"href":"https:\/\/grup-serban.ro\/en\/wp-json\/wp\/v2\/pages"}],"about":[{"href":"https:\/\/grup-serban.ro\/en\/wp-json\/wp\/v2\/types\/page"}],"author":[{"embeddable":true,"href":"https:\/\/grup-serban.ro\/en\/wp-json\/wp\/v2\/users\/1"}],"replies":[{"embeddable":true,"href":"https:\/\/grup-serban.ro\/en\/wp-json\/wp\/v2\/comments?post=2692"}],"version-history":[{"count":0,"href":"https:\/\/grup-serban.ro\/en\/wp-json\/wp\/v2\/pages\/2692\/revisions"}],"up":[{"embeddable":true,"href":"https:\/\/grup-serban.ro\/en\/wp-json\/wp\/v2\/pages\/1568"}],"wp:attachment":[{"href":"https:\/\/grup-serban.ro\/en\/wp-json\/wp\/v2\/media?parent=2692"}],"curies":[{"name":"wp","href":"https:\/\/api.w.org\/{rel}","templated":true}]}}