{"id":2113,"date":"2022-08-02T15:45:38","date_gmt":"2022-08-02T12:45:38","guid":{"rendered":"https:\/\/grup-serban.ro\/?page_id=2113"},"modified":"2022-11-11T09:32:31","modified_gmt":"2022-11-11T07:32:31","slug":"inginer-tehnolog-panificatie-patiserie","status":"publish","type":"page","link":"https:\/\/grup-serban.ro\/en\/cariere\/inginer-tehnolog-panificatie-patiserie\/","title":{"rendered":"Inginer Tehnolog panifica\u021bie-patiserie"},"content":{"rendered":"<div data-elementor-type=\"wp-page\" data-elementor-id=\"2113\" class=\"elementor elementor-2113\">\n\t\t\t\t\t\t<section class=\"elementor-section elementor-top-section elementor-element elementor-element-36fe8da elementor-section-boxed elementor-section-height-default elementor-section-height-default\" data-id=\"36fe8da\" data-element_type=\"section\" data-e-type=\"section\" data-settings=\"{&quot;background_background&quot;:&quot;classic&quot;}\">\n\t\t\t\t\t\t<div class=\"elementor-container elementor-column-gap-no\">\n\t\t\t\t\t<div class=\"elementor-column elementor-col-100 elementor-top-column elementor-element elementor-element-7938510\" data-id=\"7938510\" data-element_type=\"column\" data-e-type=\"column\">\n\t\t\t<div class=\"elementor-widget-wrap elementor-element-populated\">\n\t\t\t\t\t\t<div class=\"elementor-element elementor-element-cfd0590 elementor-align-left elementor-widget elementor-widget-bdevs-banner-other\" data-id=\"cfd0590\" data-element_type=\"widget\" data-e-type=\"widget\" data-widget_type=\"bdevs-banner-other.default\">\n\t\t\t\t<div class=\"elementor-widget-container\">\n\t\t\t\t\t  \r\n<section>\r\n    <div class=\"pages-hero\" style=\"background-image:url(https:\/\/grup-serban.ro\/wp-content\/uploads\/2022\/08\/Investitori.jpeg)\">\r\n        <div class=\"container\">\r\n            <div class=\"pages-title\">\r\n            \t                \t            <h1>Careers<\/h1>\r\n\t            \t                        <\/div>\r\n        <\/div>\r\n    <\/div>\r\n<\/section>\r\n\t\t\t\t\t<\/div>\n\t\t\t\t<\/div>\n\t\t\t\t\t<\/div>\n\t\t<\/div>\n\t\t\t\t\t<\/div>\n\t\t<\/section>\n\t\t\t\t<section class=\"elementor-section elementor-top-section elementor-element elementor-element-d930b66 elementor-section-boxed elementor-section-height-default elementor-section-height-default\" data-id=\"d930b66\" data-element_type=\"section\" data-e-type=\"section\">\n\t\t\t\t\t\t<div class=\"elementor-container elementor-column-gap-default\">\n\t\t\t\t\t<div class=\"elementor-column elementor-col-100 elementor-top-column elementor-element elementor-element-487b9d6\" data-id=\"487b9d6\" data-element_type=\"column\" data-e-type=\"column\">\n\t\t\t<div class=\"elementor-widget-wrap elementor-element-populated\">\n\t\t\t\t\t\t<div class=\"elementor-element elementor-element-12f8710 elementor-widget elementor-widget-text-editor\" data-id=\"12f8710\" data-element_type=\"widget\" data-e-type=\"widget\" data-widget_type=\"text-editor.default\">\n\t\t\t\t\t\t\t\t\t<h2>Inginer Tehnolog panifica\u021bie-patiserie<\/h2>\t\t\t\t\t\t\t\t<\/div>\n\t\t\t\t<div class=\"elementor-element elementor-element-d6fa251 elementor-widget elementor-widget-shortcode\" data-id=\"d6fa251\" data-element_type=\"widget\" data-e-type=\"widget\" data-widget_type=\"shortcode.default\">\n\t\t\t\t\t\t\t<div class=\"elementor-shortcode\">16\/05\/2026<\/div>\n\t\t\t\t\t\t<\/div>\n\t\t\t\t\t<\/div>\n\t\t<\/div>\n\t\t\t\t\t<\/div>\n\t\t<\/section>\n\t\t\t\t<section class=\"elementor-section elementor-top-section elementor-element elementor-element-89489df elementor-section-boxed elementor-section-height-default elementor-section-height-default\" data-id=\"89489df\" data-element_type=\"section\" data-e-type=\"section\">\n\t\t\t\t\t\t<div class=\"elementor-container elementor-column-gap-default\">\n\t\t\t\t\t<div class=\"elementor-column elementor-col-100 elementor-top-column elementor-element elementor-element-60e9a49\" data-id=\"60e9a49\" data-element_type=\"column\" data-e-type=\"column\">\n\t\t\t<div class=\"elementor-widget-wrap elementor-element-populated\">\n\t\t\t\t\t\t<div class=\"elementor-element elementor-element-ccaabe4 elementor-widget elementor-widget-text-editor\" data-id=\"ccaabe4\" data-element_type=\"widget\" data-e-type=\"widget\" data-widget_type=\"text-editor.default\">\n\t\t\t\t\t\t\t\t\t<h4><strong>Cerin\u021be<\/strong>:<\/h4><p>\u2014studii superioare \u00een Stiin\u0163a \u0219i Ingineria Alimentelor;<\/p><p>\u2014disponibilitate pentru program de lucru \u00een ture;<\/p><p>\u2014competen\u021be de Microsoft Office (Office, Word, Excel).<\/p><h4><strong>Principalele responsabilit\u0103\u021bi:<\/strong><\/h4><p>\u2014organizeaz\u0103 procesul \u00een vederea realiz\u0103rii programului de produc\u021bie;<\/p><p>\u2014urm\u0103re\u0219te \u0219i controleaz\u0103 procesul pe faze de produc\u021bie, conform planific\u0103rii;<\/p><p>\u2014analizeaz\u0103 posibilitatea \u00eembun\u0103t\u0103\u021bire a performan\u021belor produselor \u0219i a parametrilor de produc\u021bie;<\/p><p>\u2014realizeaz\u0103 probe de produse<\/p><p>\u2014urm\u0103re\u0219te evolu\u021bia stocului de materie prim\u0103 \u0219i componente \u0219i ia m\u0103suri pentru asigurarea acestora,<\/p><h6>Experien\u0163a pe o pozitie similar\u0103 consituie un avantaj dar nu este obligatorie.<\/h6><h4><strong>Candidatul ideal<\/strong>:<\/h4><p>comunicativ, spirit de echip\u0103, proactiv, responsabil, energic, pasionat de meserie, calitate \u0219i disciplina, eficient, rezistent la stres, cu disponibilitate de a \u00eenv\u0103\u021ba, cu capacitate de analiz\u0103, sintez\u0103 \u0219i stabilire a priorit\u0103\u021bilor; cu abilit\u0103\u021bi excelente de organizare, sistematizare si cu aten\u021bie la detaliu; cu abilit\u0103\u021bi de comunicare \u0219i rela\u021bionare, punctual.<\/p><h4><strong>Loca\u0163ia<\/strong>:<\/h4><p>Filipe\u015fti (zona limitrof\u0103 One\u015fti) com. Bogd\u0103ne\u0219ti, jud. Bac\u0103u.<\/p><h4><strong>Oferim<\/strong>:<\/h4><p>\u2014\u00a0pachet salarial atractiv corelat cu experien\u0163\u0103 \u0219i realizari profesionale (salariu fix+bonus de performan\u021b\u0103);<\/p><p>\u2014posibilitatea de a participa la diverse programe de instruire;<\/p><p>\u2014contract pe perioad\u0103 nedeterminat\u0103;<\/p><p>\u2014oportunitatea de a face parte dintr-o echip\u0103 t\u00e2n\u0103r\u0103 \u0219i ambi\u021bioas\u0103.<\/p>\t\t\t\t\t\t\t\t<\/div>\n\t\t\t\t<div class=\"elementor-element elementor-element-4fdaff6 elementor-widget elementor-widget-button\" data-id=\"4fdaff6\" data-element_type=\"widget\" data-e-type=\"widget\" data-widget_type=\"button.default\">\n\t\t\t\t\t\t\t\t\t\t<a class=\"elementor-button elementor-button-link elementor-size-md\" href=\"https:\/\/grup-serban.ro\/en\/contact\/\" target=\"_blank\">\n\t\t\t\t\t\t<span class=\"elementor-button-content-wrapper\">\n\t\t\t\t\t\t\t\t\t<span class=\"elementor-button-text\">Application<\/span>\n\t\t\t\t\t<\/span>\n\t\t\t\t\t<\/a>\n\t\t\t\t\t\t\t\t<\/div>\n\t\t\t\t\t<\/div>\n\t\t<\/div>\n\t\t\t\t\t<\/div>\n\t\t<\/section>\n\t\t\t\t<\/div>","protected":false},"excerpt":{"rendered":"<p>Cariere Inginer Tehnolog panifica\u021bie-patiserieCerin\u021be:\u2014studii superioare \u00een Stiin\u0163a \u0219i Ingineria Alimentelor;\u2014disponibilitate pentru program de lucru \u00een ture;\u2014competen\u021be de Microsoft Office (Office, Word, Excel).Principalele responsabilit\u0103\u021bi:\u2014organizeaz\u0103 procesul \u00een vederea realiz\u0103rii programului de produc\u021bie;\u2014urm\u0103re\u0219te \u0219i controleaz\u0103 procesul pe faze de produc\u021bie, conform planific\u0103rii;\u2014analizeaz\u0103 posibilitatea \u00eembun\u0103t\u0103\u021bire a performan\u021belor produselor \u0219i a parametrilor de produc\u021bie;\u2014realizeaz\u0103 probe de produse\u2014urm\u0103re\u0219te evolu\u021bia stocului de [&hellip;]<\/p>\n","protected":false},"author":1,"featured_media":0,"parent":77,"menu_order":0,"comment_status":"closed","ping_status":"closed","template":"","meta":{"footnotes":""},"class_list":["post-2113","page","type-page","status-publish","hentry"],"yoast_head":"<!-- This site is optimized with the Yoast SEO plugin v27.5 - https:\/\/yoast.com\/product\/yoast-seo-wordpress\/ -->\n<title>Inginer Tehnolog panifica\u021bie-patiserie - Grup Serban<\/title>\n<meta name=\"robots\" content=\"index, follow, max-snippet:-1, max-image-preview:large, max-video-preview:-1\" \/>\n<link rel=\"canonical\" href=\"https:\/\/grup-serban.ro\/en\/cariere\/inginer-tehnolog-panificatie-patiserie\/\" \/>\n<meta property=\"og:locale\" content=\"en_US\" \/>\n<meta property=\"og:type\" content=\"article\" \/>\n<meta property=\"og:title\" content=\"Inginer Tehnolog panifica\u021bie-patiserie - Grup Serban\" \/>\n<meta property=\"og:description\" content=\"Cariere Inginer Tehnolog panifica\u021bie-patiserieCerin\u021be:\u2014studii superioare \u00een Stiin\u0163a \u0219i Ingineria Alimentelor;\u2014disponibilitate pentru program de lucru \u00een ture;\u2014competen\u021be de Microsoft Office (Office, Word, Excel).Principalele responsabilit\u0103\u021bi:\u2014organizeaz\u0103 procesul \u00een vederea realiz\u0103rii programului de produc\u021bie;\u2014urm\u0103re\u0219te \u0219i controleaz\u0103 procesul pe faze de produc\u021bie, conform planific\u0103rii;\u2014analizeaz\u0103 posibilitatea \u00eembun\u0103t\u0103\u021bire a performan\u021belor produselor \u0219i a parametrilor de produc\u021bie;\u2014realizeaz\u0103 probe de produse\u2014urm\u0103re\u0219te evolu\u021bia stocului de [&hellip;]\" \/>\n<meta property=\"og:url\" content=\"https:\/\/grup-serban.ro\/en\/cariere\/inginer-tehnolog-panificatie-patiserie\/\" \/>\n<meta property=\"og:site_name\" content=\"Grup Serban\" \/>\n<meta property=\"article:publisher\" content=\"https:\/\/www.facebook.com\/GrupSerban\/\" \/>\n<meta property=\"article:modified_time\" content=\"2022-11-11T07:32:31+00:00\" \/>\n<meta name=\"twitter:card\" content=\"summary_large_image\" \/>\n<meta name=\"twitter:label1\" content=\"Est. reading time\" \/>\n\t<meta name=\"twitter:data1\" content=\"1 minute\" \/>\n<script type=\"application\/ld+json\" class=\"yoast-schema-graph\">{\"@context\":\"https:\\\/\\\/schema.org\",\"@graph\":[{\"@type\":\"WebPage\",\"@id\":\"https:\\\/\\\/grup-serban.ro\\\/cariere\\\/inginer-tehnolog-panificatie-patiserie\\\/\",\"url\":\"https:\\\/\\\/grup-serban.ro\\\/cariere\\\/inginer-tehnolog-panificatie-patiserie\\\/\",\"name\":\"Inginer Tehnolog panifica\u021bie-patiserie - Grup Serban\",\"isPartOf\":{\"@id\":\"https:\\\/\\\/grup-serban.ro\\\/#website\"},\"datePublished\":\"2022-08-02T12:45:38+00:00\",\"dateModified\":\"2022-11-11T07:32:31+00:00\",\"breadcrumb\":{\"@id\":\"https:\\\/\\\/grup-serban.ro\\\/cariere\\\/inginer-tehnolog-panificatie-patiserie\\\/#breadcrumb\"},\"inLanguage\":\"en-US\",\"potentialAction\":[{\"@type\":\"ReadAction\",\"target\":[\"https:\\\/\\\/grup-serban.ro\\\/cariere\\\/inginer-tehnolog-panificatie-patiserie\\\/\"]}]},{\"@type\":\"BreadcrumbList\",\"@id\":\"https:\\\/\\\/grup-serban.ro\\\/cariere\\\/inginer-tehnolog-panificatie-patiserie\\\/#breadcrumb\",\"itemListElement\":[{\"@type\":\"ListItem\",\"position\":1,\"name\":\"Home\",\"item\":\"https:\\\/\\\/grup-serban.ro\\\/\"},{\"@type\":\"ListItem\",\"position\":2,\"name\":\"Cariere\",\"item\":\"https:\\\/\\\/grup-serban.ro\\\/cariere\\\/\"},{\"@type\":\"ListItem\",\"position\":3,\"name\":\"Inginer Tehnolog panifica\u021bie-patiserie\"}]},{\"@type\":\"WebSite\",\"@id\":\"https:\\\/\\\/grup-serban.ro\\\/#website\",\"url\":\"https:\\\/\\\/grup-serban.ro\\\/\",\"name\":\"Grup Serban\",\"description\":\"Cu si Despre Oameni\",\"publisher\":{\"@id\":\"https:\\\/\\\/grup-serban.ro\\\/#organization\"},\"potentialAction\":[{\"@type\":\"SearchAction\",\"target\":{\"@type\":\"EntryPoint\",\"urlTemplate\":\"https:\\\/\\\/grup-serban.ro\\\/?s={search_term_string}\"},\"query-input\":{\"@type\":\"PropertyValueSpecification\",\"valueRequired\":true,\"valueName\":\"search_term_string\"}}],\"inLanguage\":\"en-US\"},{\"@type\":\"Organization\",\"@id\":\"https:\\\/\\\/grup-serban.ro\\\/#organization\",\"name\":\"Grup Serban\",\"url\":\"https:\\\/\\\/grup-serban.ro\\\/\",\"logo\":{\"@type\":\"ImageObject\",\"inLanguage\":\"en-US\",\"@id\":\"https:\\\/\\\/grup-serban.ro\\\/#\\\/schema\\\/logo\\\/image\\\/\",\"url\":\"https:\\\/\\\/grup-serban.ro\\\/wp-content\\\/uploads\\\/2022\\\/07\\\/GS-original-300x169-1-1.png\",\"contentUrl\":\"https:\\\/\\\/grup-serban.ro\\\/wp-content\\\/uploads\\\/2022\\\/07\\\/GS-original-300x169-1-1.png\",\"width\":300,\"height\":169,\"caption\":\"Grup Serban\"},\"image\":{\"@id\":\"https:\\\/\\\/grup-serban.ro\\\/#\\\/schema\\\/logo\\\/image\\\/\"},\"sameAs\":[\"https:\\\/\\\/www.facebook.com\\\/GrupSerban\\\/\"]}]}<\/script>\n<!-- \/ Yoast SEO plugin. -->","yoast_head_json":{"title":"Inginer Tehnolog panifica\u021bie-patiserie - Grup Serban","robots":{"index":"index","follow":"follow","max-snippet":"max-snippet:-1","max-image-preview":"max-image-preview:large","max-video-preview":"max-video-preview:-1"},"canonical":"https:\/\/grup-serban.ro\/en\/cariere\/inginer-tehnolog-panificatie-patiserie\/","og_locale":"en_US","og_type":"article","og_title":"Inginer Tehnolog panifica\u021bie-patiserie - Grup Serban","og_description":"Cariere Inginer Tehnolog panifica\u021bie-patiserieCerin\u021be:\u2014studii superioare \u00een Stiin\u0163a \u0219i Ingineria Alimentelor;\u2014disponibilitate pentru program de lucru \u00een ture;\u2014competen\u021be de Microsoft Office (Office, Word, Excel).Principalele responsabilit\u0103\u021bi:\u2014organizeaz\u0103 procesul \u00een vederea realiz\u0103rii programului de produc\u021bie;\u2014urm\u0103re\u0219te \u0219i controleaz\u0103 procesul pe faze de produc\u021bie, conform planific\u0103rii;\u2014analizeaz\u0103 posibilitatea \u00eembun\u0103t\u0103\u021bire a performan\u021belor produselor \u0219i a parametrilor de produc\u021bie;\u2014realizeaz\u0103 probe de produse\u2014urm\u0103re\u0219te evolu\u021bia stocului de [&hellip;]","og_url":"https:\/\/grup-serban.ro\/en\/cariere\/inginer-tehnolog-panificatie-patiserie\/","og_site_name":"Grup Serban","article_publisher":"https:\/\/www.facebook.com\/GrupSerban\/","article_modified_time":"2022-11-11T07:32:31+00:00","twitter_card":"summary_large_image","twitter_misc":{"Est. reading time":"1 minute"},"schema":{"@context":"https:\/\/schema.org","@graph":[{"@type":"WebPage","@id":"https:\/\/grup-serban.ro\/cariere\/inginer-tehnolog-panificatie-patiserie\/","url":"https:\/\/grup-serban.ro\/cariere\/inginer-tehnolog-panificatie-patiserie\/","name":"Inginer Tehnolog panifica\u021bie-patiserie - Grup Serban","isPartOf":{"@id":"https:\/\/grup-serban.ro\/#website"},"datePublished":"2022-08-02T12:45:38+00:00","dateModified":"2022-11-11T07:32:31+00:00","breadcrumb":{"@id":"https:\/\/grup-serban.ro\/cariere\/inginer-tehnolog-panificatie-patiserie\/#breadcrumb"},"inLanguage":"en-US","potentialAction":[{"@type":"ReadAction","target":["https:\/\/grup-serban.ro\/cariere\/inginer-tehnolog-panificatie-patiserie\/"]}]},{"@type":"BreadcrumbList","@id":"https:\/\/grup-serban.ro\/cariere\/inginer-tehnolog-panificatie-patiserie\/#breadcrumb","itemListElement":[{"@type":"ListItem","position":1,"name":"Home","item":"https:\/\/grup-serban.ro\/"},{"@type":"ListItem","position":2,"name":"Cariere","item":"https:\/\/grup-serban.ro\/cariere\/"},{"@type":"ListItem","position":3,"name":"Inginer Tehnolog panifica\u021bie-patiserie"}]},{"@type":"WebSite","@id":"https:\/\/grup-serban.ro\/#website","url":"https:\/\/grup-serban.ro\/","name":"Grup Serban","description":"Cu si Despre Oameni","publisher":{"@id":"https:\/\/grup-serban.ro\/#organization"},"potentialAction":[{"@type":"SearchAction","target":{"@type":"EntryPoint","urlTemplate":"https:\/\/grup-serban.ro\/?s={search_term_string}"},"query-input":{"@type":"PropertyValueSpecification","valueRequired":true,"valueName":"search_term_string"}}],"inLanguage":"en-US"},{"@type":"Organization","@id":"https:\/\/grup-serban.ro\/#organization","name":"Grup Serban","url":"https:\/\/grup-serban.ro\/","logo":{"@type":"ImageObject","inLanguage":"en-US","@id":"https:\/\/grup-serban.ro\/#\/schema\/logo\/image\/","url":"https:\/\/grup-serban.ro\/wp-content\/uploads\/2022\/07\/GS-original-300x169-1-1.png","contentUrl":"https:\/\/grup-serban.ro\/wp-content\/uploads\/2022\/07\/GS-original-300x169-1-1.png","width":300,"height":169,"caption":"Grup Serban"},"image":{"@id":"https:\/\/grup-serban.ro\/#\/schema\/logo\/image\/"},"sameAs":["https:\/\/www.facebook.com\/GrupSerban\/"]}]}},"_links":{"self":[{"href":"https:\/\/grup-serban.ro\/en\/wp-json\/wp\/v2\/pages\/2113","targetHints":{"allow":["GET"]}}],"collection":[{"href":"https:\/\/grup-serban.ro\/en\/wp-json\/wp\/v2\/pages"}],"about":[{"href":"https:\/\/grup-serban.ro\/en\/wp-json\/wp\/v2\/types\/page"}],"author":[{"embeddable":true,"href":"https:\/\/grup-serban.ro\/en\/wp-json\/wp\/v2\/users\/1"}],"replies":[{"embeddable":true,"href":"https:\/\/grup-serban.ro\/en\/wp-json\/wp\/v2\/comments?post=2113"}],"version-history":[{"count":0,"href":"https:\/\/grup-serban.ro\/en\/wp-json\/wp\/v2\/pages\/2113\/revisions"}],"up":[{"embeddable":true,"href":"https:\/\/grup-serban.ro\/en\/wp-json\/wp\/v2\/pages\/77"}],"wp:attachment":[{"href":"https:\/\/grup-serban.ro\/en\/wp-json\/wp\/v2\/media?parent=2113"}],"curies":[{"name":"wp","href":"https:\/\/api.w.org\/{rel}","templated":true}]}}