{"id":1748,"date":"2022-08-01T14:35:04","date_gmt":"2022-08-01T11:35:04","guid":{"rendered":"https:\/\/grup-serban.ro\/?page_id=1748"},"modified":"2024-05-31T11:31:24","modified_gmt":"2024-05-31T08:31:24","slug":"cerele","status":"publish","type":"page","link":"https:\/\/grup-serban.ro\/en\/cerele\/","title":{"rendered":"Grains"},"content":{"rendered":"<div data-elementor-type=\"wp-page\" data-elementor-id=\"1748\" class=\"elementor elementor-1748\">\n\t\t\t\t\t\t<section class=\"elementor-section elementor-top-section elementor-element elementor-element-5ee3c9d elementor-section-height-min-height elementor-section-full_width elementor-section-height-default elementor-section-items-middle\" data-id=\"5ee3c9d\" data-element_type=\"section\" data-e-type=\"section\">\n\t\t\t\t\t\t<div class=\"elementor-container elementor-column-gap-no\">\n\t\t\t\t\t<div class=\"elementor-column elementor-col-100 elementor-top-column elementor-element elementor-element-4cfe660\" data-id=\"4cfe660\" data-element_type=\"column\" data-e-type=\"column\">\n\t\t\t<div class=\"elementor-widget-wrap elementor-element-populated\">\n\t\t\t\t\t\t<div class=\"elementor-element elementor-element-69100ef elementor-align-left elementor-widget elementor-widget-bdevs-banner-other\" data-id=\"69100ef\" data-element_type=\"widget\" data-e-type=\"widget\" data-widget_type=\"bdevs-banner-other.default\">\n\t\t\t\t<div class=\"elementor-widget-container\">\n\t\t\t\t\t  \r\n<section>\r\n    <div class=\"pages-hero\" style=\"background-image:url(https:\/\/grup-serban.ro\/wp-content\/uploads\/2024\/04\/header-site-2.png)\">\r\n        <div class=\"container\">\r\n            <div class=\"pages-title\">\r\n            \t                <h5>Vegetable farm<\/h5>\r\n                                \t            <h1>Grains<\/h1>\r\n\t            \t                            <p>The field is our home!<\/p>\r\n                            <\/div>\r\n        <\/div>\r\n    <\/div>\r\n<\/section>\r\n\t\t\t\t\t<\/div>\n\t\t\t\t<\/div>\n\t\t\t\t\t<\/div>\n\t\t<\/div>\n\t\t\t\t\t<\/div>\n\t\t<\/section>\n\t\t\t\t<section class=\"elementor-section elementor-top-section elementor-element elementor-element-62c862b elementor-section-boxed elementor-section-height-default elementor-section-height-default\" data-id=\"62c862b\" data-element_type=\"section\" data-e-type=\"section\">\n\t\t\t\t\t\t<div class=\"elementor-container elementor-column-gap-default\">\n\t\t\t\t\t<div class=\"elementor-column elementor-col-33 elementor-top-column elementor-element elementor-element-716c46d\" data-id=\"716c46d\" data-element_type=\"column\" data-e-type=\"column\">\n\t\t\t<div class=\"elementor-widget-wrap elementor-element-populated\">\n\t\t\t\t\t\t<div class=\"elementor-element elementor-element-805e9c8 elementor-widget elementor-widget-image\" data-id=\"805e9c8\" data-element_type=\"widget\" data-e-type=\"widget\" data-widget_type=\"image.default\">\n\t\t\t\t\t\t\t\t\t\t\t\t\t\t\t<img fetchpriority=\"high\" decoding=\"async\" width=\"300\" height=\"245\" src=\"https:\/\/grup-serban.ro\/wp-content\/uploads\/2022\/07\/da257706d4d787d140a967b4225ab753_XL-300x245-1.jpg\" class=\"attachment-large size-large wp-image-1582\" alt=\"\" srcset=\"https:\/\/grup-serban.ro\/wp-content\/uploads\/2022\/07\/da257706d4d787d140a967b4225ab753_XL-300x245-1.jpg 300w, https:\/\/grup-serban.ro\/wp-content\/uploads\/2022\/07\/da257706d4d787d140a967b4225ab753_XL-300x245-1-15x12.jpg 15w\" sizes=\"(max-width: 300px) 100vw, 300px\" \/>\t\t\t\t\t\t\t\t\t\t\t\t\t\t\t<\/div>\n\t\t\t\t<div class=\"elementor-element elementor-element-3bfe136 elementor-widget elementor-widget-text-editor\" data-id=\"3bfe136\" data-element_type=\"widget\" data-e-type=\"widget\" data-widget_type=\"text-editor.default\">\n\t\t\t\t\t\t\t\t\t<h4 style=\"text-align: center;\">WHEAT<\/h4><p>\u00a0<\/p>\t\t\t\t\t\t\t\t<\/div>\n\t\t\t\t\t<\/div>\n\t\t<\/div>\n\t\t\t\t<div class=\"elementor-column elementor-col-33 elementor-top-column elementor-element elementor-element-5bc6310\" data-id=\"5bc6310\" data-element_type=\"column\" data-e-type=\"column\">\n\t\t\t<div class=\"elementor-widget-wrap elementor-element-populated\">\n\t\t\t\t\t\t<div class=\"elementor-element elementor-element-bc7c92a elementor-widget elementor-widget-image\" data-id=\"bc7c92a\" data-element_type=\"widget\" data-e-type=\"widget\" data-widget_type=\"image.default\">\n\t\t\t\t\t\t\t\t\t\t\t\t\t\t\t<img decoding=\"async\" width=\"600\" height=\"600\" src=\"https:\/\/grup-serban.ro\/wp-content\/uploads\/2024\/05\/Porumb-popcorn.jpg\" class=\"attachment-large size-large wp-image-6878\" alt=\"\" srcset=\"https:\/\/grup-serban.ro\/wp-content\/uploads\/2024\/05\/Porumb-popcorn.jpg 600w, https:\/\/grup-serban.ro\/wp-content\/uploads\/2024\/05\/Porumb-popcorn-300x300.jpg 300w, https:\/\/grup-serban.ro\/wp-content\/uploads\/2024\/05\/Porumb-popcorn-150x150.jpg 150w, https:\/\/grup-serban.ro\/wp-content\/uploads\/2024\/05\/Porumb-popcorn-12x12.jpg 12w\" sizes=\"(max-width: 600px) 100vw, 600px\" \/>\t\t\t\t\t\t\t\t\t\t\t\t\t\t\t<\/div>\n\t\t\t\t<div class=\"elementor-element elementor-element-73e059b elementor-widget elementor-widget-text-editor\" data-id=\"73e059b\" data-element_type=\"widget\" data-e-type=\"widget\" data-widget_type=\"text-editor.default\">\n\t\t\t\t\t\t\t\t\t<h4>\u00a0 \u00a0 \u00a0 \u00a0 \u00a0 \u00a0 \u00a0<strong>CORN \/ MAIZE<\/strong><\/h4>\t\t\t\t\t\t\t\t<\/div>\n\t\t\t\t\t<\/div>\n\t\t<\/div>\n\t\t\t\t<div class=\"elementor-column elementor-col-33 elementor-top-column elementor-element elementor-element-20492fd\" data-id=\"20492fd\" data-element_type=\"column\" data-e-type=\"column\">\n\t\t\t<div class=\"elementor-widget-wrap elementor-element-populated\">\n\t\t\t\t\t\t<div class=\"elementor-element elementor-element-f2dbd1f elementor-widget elementor-widget-image\" data-id=\"f2dbd1f\" data-element_type=\"widget\" data-e-type=\"widget\" data-widget_type=\"image.default\">\n\t\t\t\t\t\t\t\t\t\t\t\t\t\t\t<img decoding=\"async\" width=\"700\" height=\"700\" src=\"https:\/\/grup-serban.ro\/wp-content\/uploads\/2024\/05\/orz.jpg\" class=\"attachment-large size-large wp-image-6874\" alt=\"\" srcset=\"https:\/\/grup-serban.ro\/wp-content\/uploads\/2024\/05\/orz.jpg 700w, https:\/\/grup-serban.ro\/wp-content\/uploads\/2024\/05\/orz-300x300.jpg 300w, https:\/\/grup-serban.ro\/wp-content\/uploads\/2024\/05\/orz-150x150.jpg 150w, https:\/\/grup-serban.ro\/wp-content\/uploads\/2024\/05\/orz-12x12.jpg 12w\" sizes=\"(max-width: 700px) 100vw, 700px\" \/>\t\t\t\t\t\t\t\t\t\t\t\t\t\t\t<\/div>\n\t\t\t\t<div class=\"elementor-element elementor-element-2d8e390 elementor-widget elementor-widget-text-editor\" data-id=\"2d8e390\" data-element_type=\"widget\" data-e-type=\"widget\" data-widget_type=\"text-editor.default\">\n\t\t\t\t\t\t\t\t\t<h4>\u00a0 \u00a0 \u00a0 \u00a0 \u00a0 \u00a0 <span class=\"TextRun SCXW178941319 BCX0\" lang=\"EN-US\" xml:lang=\"EN-US\" data-contrast=\"auto\"><span class=\"NormalTextRun SCXW178941319 BCX0\">BARLEY<\/span><\/span><\/h4>\t\t\t\t\t\t\t\t<\/div>\n\t\t\t\t\t<\/div>\n\t\t<\/div>\n\t\t\t\t\t<\/div>\n\t\t<\/section>\n\t\t\t\t<section class=\"elementor-section elementor-top-section elementor-element elementor-element-a56bd39 elementor-section-boxed elementor-section-height-default elementor-section-height-default\" data-id=\"a56bd39\" data-element_type=\"section\" data-e-type=\"section\">\n\t\t\t\t\t\t<div class=\"elementor-container elementor-column-gap-default\">\n\t\t\t\t\t<div class=\"elementor-column elementor-col-33 elementor-top-column elementor-element elementor-element-3acd81b\" data-id=\"3acd81b\" data-element_type=\"column\" data-e-type=\"column\">\n\t\t\t<div class=\"elementor-widget-wrap elementor-element-populated\">\n\t\t\t\t\t\t<div class=\"elementor-element elementor-element-60b02df elementor-widget elementor-widget-image\" data-id=\"60b02df\" data-element_type=\"widget\" data-e-type=\"widget\" data-widget_type=\"image.default\">\n\t\t\t\t\t\t\t\t\t\t\t\t\t\t\t<img loading=\"lazy\" decoding=\"async\" width=\"570\" height=\"457\" src=\"https:\/\/grup-serban.ro\/wp-content\/uploads\/2024\/05\/sorg-bun.png\" class=\"attachment-large size-large wp-image-6875\" alt=\"\" srcset=\"https:\/\/grup-serban.ro\/wp-content\/uploads\/2024\/05\/sorg-bun.png 570w, https:\/\/grup-serban.ro\/wp-content\/uploads\/2024\/05\/sorg-bun-300x241.png 300w, https:\/\/grup-serban.ro\/wp-content\/uploads\/2024\/05\/sorg-bun-15x12.png 15w\" sizes=\"(max-width: 570px) 100vw, 570px\" \/>\t\t\t\t\t\t\t\t\t\t\t\t\t\t\t<\/div>\n\t\t\t\t<div class=\"elementor-element elementor-element-af4431e elementor-widget elementor-widget-text-editor\" data-id=\"af4431e\" data-element_type=\"widget\" data-e-type=\"widget\" data-widget_type=\"text-editor.default\">\n\t\t\t\t\t\t\t\t\t<h4 style=\"text-align: center;\"><span class=\"TextRun SCXW178941319 BCX0\" lang=\"EN-US\" xml:lang=\"EN-US\" data-contrast=\"auto\"><span class=\"NormalTextRun SCXW178941319 BCX0\">SORGHUM<\/span><\/span><\/h4>\t\t\t\t\t\t\t\t<\/div>\n\t\t\t\t\t<\/div>\n\t\t<\/div>\n\t\t\t\t<div class=\"elementor-column elementor-col-33 elementor-top-column elementor-element elementor-element-c0084c1\" data-id=\"c0084c1\" data-element_type=\"column\" data-e-type=\"column\">\n\t\t\t<div class=\"elementor-widget-wrap elementor-element-populated\">\n\t\t\t\t\t\t<div class=\"elementor-element elementor-element-44b19c5 elementor-widget elementor-widget-image\" data-id=\"44b19c5\" data-element_type=\"widget\" data-e-type=\"widget\" data-widget_type=\"image.default\">\n\t\t\t\t\t\t\t\t\t\t\t\t\t\t\t<img loading=\"lazy\" decoding=\"async\" width=\"390\" height=\"526\" src=\"https:\/\/grup-serban.ro\/wp-content\/uploads\/2024\/05\/lucerna.png\" class=\"attachment-large size-large wp-image-6876\" alt=\"\" srcset=\"https:\/\/grup-serban.ro\/wp-content\/uploads\/2024\/05\/lucerna.png 390w, https:\/\/grup-serban.ro\/wp-content\/uploads\/2024\/05\/lucerna-222x300.png 222w, https:\/\/grup-serban.ro\/wp-content\/uploads\/2024\/05\/lucerna-9x12.png 9w\" sizes=\"(max-width: 390px) 100vw, 390px\" \/>\t\t\t\t\t\t\t\t\t\t\t\t\t\t\t<\/div>\n\t\t\t\t<div class=\"elementor-element elementor-element-08ef811 elementor-widget elementor-widget-text-editor\" data-id=\"08ef811\" data-element_type=\"widget\" data-e-type=\"widget\" data-widget_type=\"text-editor.default\">\n\t\t\t\t\t\t\t\t\t<h4>\u00a0 \u00a0 \u00a0 \u00a0 \u00a0 \u00a0 <span class=\"TextRun SCXW178941319 BCX0\" lang=\"EN-US\" xml:lang=\"EN-US\" data-contrast=\"auto\"><span class=\"NormalTextRun SpellingErrorV2Themed SCXW178941319 BCX0\">ALFALFA<\/span><\/span><\/h4>\t\t\t\t\t\t\t\t<\/div>\n\t\t\t\t\t<\/div>\n\t\t<\/div>\n\t\t\t\t<div class=\"elementor-column elementor-col-33 elementor-top-column elementor-element elementor-element-3659d6f\" data-id=\"3659d6f\" data-element_type=\"column\" data-e-type=\"column\">\n\t\t\t<div class=\"elementor-widget-wrap elementor-element-populated\">\n\t\t\t\t\t\t<div class=\"elementor-element elementor-element-0b5ea26 elementor-widget elementor-widget-image\" data-id=\"0b5ea26\" data-element_type=\"widget\" data-e-type=\"widget\" data-widget_type=\"image.default\">\n\t\t\t\t\t\t\t\t\t\t\t\t\t\t\t<img loading=\"lazy\" decoding=\"async\" width=\"300\" height=\"250\" src=\"https:\/\/grup-serban.ro\/wp-content\/uploads\/2024\/05\/triticale-bun.png\" class=\"attachment-large size-large wp-image-6877\" alt=\"\" srcset=\"https:\/\/grup-serban.ro\/wp-content\/uploads\/2024\/05\/triticale-bun.png 300w, https:\/\/grup-serban.ro\/wp-content\/uploads\/2024\/05\/triticale-bun-14x12.png 14w\" sizes=\"(max-width: 300px) 100vw, 300px\" \/>\t\t\t\t\t\t\t\t\t\t\t\t\t\t\t<\/div>\n\t\t\t\t<div class=\"elementor-element elementor-element-60ae3eb elementor-widget elementor-widget-text-editor\" data-id=\"60ae3eb\" data-element_type=\"widget\" data-e-type=\"widget\" data-widget_type=\"text-editor.default\">\n\t\t\t\t\t\t\t\t\t<h4>\u00a0 \u00a0 \u00a0 \u00a0 \u00a0 \u00a0TRITICALE<\/h4>\t\t\t\t\t\t\t\t<\/div>\n\t\t\t\t\t<\/div>\n\t\t<\/div>\n\t\t\t\t\t<\/div>\n\t\t<\/section>\n\t\t\t\t<\/div>","protected":false},"excerpt":{"rendered":"<p>Ferm\u0103 vegetal\u0103 Cereale C\u00e2mpul este casa noastr\u0103! GR\u00c2U\u00a0 \u00a0 \u00a0 \u00a0 \u00a0 \u00a0 \u00a0 \u00a0PORUMB \u00a0 \u00a0 \u00a0 \u00a0 \u00a0 \u00a0 ORZ SORG \u00a0 \u00a0 \u00a0 \u00a0 \u00a0 \u00a0 LUCERN\u0102 \u00a0 \u00a0 \u00a0 \u00a0 \u00a0 \u00a0TRITICALE<\/p>","protected":false},"author":1,"featured_media":0,"parent":0,"menu_order":0,"comment_status":"closed","ping_status":"closed","template":"","meta":{"footnotes":""},"class_list":["post-1748","page","type-page","status-publish","hentry"],"yoast_head":"<!-- This site is optimized with the Yoast SEO plugin v27.5 - https:\/\/yoast.com\/product\/yoast-seo-wordpress\/ -->\n<title>Cereale - Grup Serban<\/title>\n<meta name=\"robots\" content=\"index, follow, max-snippet:-1, max-image-preview:large, max-video-preview:-1\" \/>\n<link rel=\"canonical\" href=\"https:\/\/grup-serban.ro\/en\/cerele\/\" \/>\n<meta property=\"og:locale\" content=\"en_US\" \/>\n<meta property=\"og:type\" content=\"article\" \/>\n<meta property=\"og:title\" content=\"Cereale - Grup Serban\" \/>\n<meta property=\"og:description\" content=\"Ferm\u0103 vegetal\u0103 Cereale C\u00e2mpul este casa noastr\u0103! GR\u00c2U\u00a0 \u00a0 \u00a0 \u00a0 \u00a0 \u00a0 \u00a0 \u00a0PORUMB \u00a0 \u00a0 \u00a0 \u00a0 \u00a0 \u00a0 ORZ SORG \u00a0 \u00a0 \u00a0 \u00a0 \u00a0 \u00a0 LUCERN\u0102 \u00a0 \u00a0 \u00a0 \u00a0 \u00a0 \u00a0TRITICALE\" \/>\n<meta property=\"og:url\" content=\"https:\/\/grup-serban.ro\/en\/cerele\/\" \/>\n<meta property=\"og:site_name\" content=\"Grup Serban\" \/>\n<meta property=\"article:publisher\" content=\"https:\/\/www.facebook.com\/GrupSerban\/\" \/>\n<meta property=\"article:modified_time\" content=\"2024-05-31T08:31:24+00:00\" \/>\n<meta property=\"og:image\" content=\"https:\/\/grup-serban.ro\/wp-content\/uploads\/2022\/07\/da257706d4d787d140a967b4225ab753_XL-300x245-1.jpg\" \/>\n<meta name=\"twitter:card\" content=\"summary_large_image\" \/>\n<meta name=\"twitter:label1\" content=\"Est. reading time\" \/>\n\t<meta name=\"twitter:data1\" content=\"2 minutes\" \/>\n<script type=\"application\/ld+json\" class=\"yoast-schema-graph\">{\"@context\":\"https:\\\/\\\/schema.org\",\"@graph\":[{\"@type\":\"WebPage\",\"@id\":\"https:\\\/\\\/grup-serban.ro\\\/cerele\\\/\",\"url\":\"https:\\\/\\\/grup-serban.ro\\\/cerele\\\/\",\"name\":\"Cereale - Grup Serban\",\"isPartOf\":{\"@id\":\"https:\\\/\\\/grup-serban.ro\\\/#website\"},\"primaryImageOfPage\":{\"@id\":\"https:\\\/\\\/grup-serban.ro\\\/cerele\\\/#primaryimage\"},\"image\":{\"@id\":\"https:\\\/\\\/grup-serban.ro\\\/cerele\\\/#primaryimage\"},\"thumbnailUrl\":\"https:\\\/\\\/grup-serban.ro\\\/wp-content\\\/uploads\\\/2022\\\/07\\\/da257706d4d787d140a967b4225ab753_XL-300x245-1.jpg\",\"datePublished\":\"2022-08-01T11:35:04+00:00\",\"dateModified\":\"2024-05-31T08:31:24+00:00\",\"breadcrumb\":{\"@id\":\"https:\\\/\\\/grup-serban.ro\\\/cerele\\\/#breadcrumb\"},\"inLanguage\":\"en-US\",\"potentialAction\":[{\"@type\":\"ReadAction\",\"target\":[\"https:\\\/\\\/grup-serban.ro\\\/cerele\\\/\"]}]},{\"@type\":\"ImageObject\",\"inLanguage\":\"en-US\",\"@id\":\"https:\\\/\\\/grup-serban.ro\\\/cerele\\\/#primaryimage\",\"url\":\"https:\\\/\\\/grup-serban.ro\\\/wp-content\\\/uploads\\\/2022\\\/07\\\/da257706d4d787d140a967b4225ab753_XL-300x245-1.jpg\",\"contentUrl\":\"https:\\\/\\\/grup-serban.ro\\\/wp-content\\\/uploads\\\/2022\\\/07\\\/da257706d4d787d140a967b4225ab753_XL-300x245-1.jpg\"},{\"@type\":\"BreadcrumbList\",\"@id\":\"https:\\\/\\\/grup-serban.ro\\\/cerele\\\/#breadcrumb\",\"itemListElement\":[{\"@type\":\"ListItem\",\"position\":1,\"name\":\"Home\",\"item\":\"https:\\\/\\\/grup-serban.ro\\\/\"},{\"@type\":\"ListItem\",\"position\":2,\"name\":\"Cereale\"}]},{\"@type\":\"WebSite\",\"@id\":\"https:\\\/\\\/grup-serban.ro\\\/#website\",\"url\":\"https:\\\/\\\/grup-serban.ro\\\/\",\"name\":\"Grup Serban\",\"description\":\"Cu si Despre Oameni\",\"publisher\":{\"@id\":\"https:\\\/\\\/grup-serban.ro\\\/#organization\"},\"potentialAction\":[{\"@type\":\"SearchAction\",\"target\":{\"@type\":\"EntryPoint\",\"urlTemplate\":\"https:\\\/\\\/grup-serban.ro\\\/?s={search_term_string}\"},\"query-input\":{\"@type\":\"PropertyValueSpecification\",\"valueRequired\":true,\"valueName\":\"search_term_string\"}}],\"inLanguage\":\"en-US\"},{\"@type\":\"Organization\",\"@id\":\"https:\\\/\\\/grup-serban.ro\\\/#organization\",\"name\":\"Grup Serban\",\"url\":\"https:\\\/\\\/grup-serban.ro\\\/\",\"logo\":{\"@type\":\"ImageObject\",\"inLanguage\":\"en-US\",\"@id\":\"https:\\\/\\\/grup-serban.ro\\\/#\\\/schema\\\/logo\\\/image\\\/\",\"url\":\"https:\\\/\\\/grup-serban.ro\\\/wp-content\\\/uploads\\\/2022\\\/07\\\/GS-original-300x169-1-1.png\",\"contentUrl\":\"https:\\\/\\\/grup-serban.ro\\\/wp-content\\\/uploads\\\/2022\\\/07\\\/GS-original-300x169-1-1.png\",\"width\":300,\"height\":169,\"caption\":\"Grup Serban\"},\"image\":{\"@id\":\"https:\\\/\\\/grup-serban.ro\\\/#\\\/schema\\\/logo\\\/image\\\/\"},\"sameAs\":[\"https:\\\/\\\/www.facebook.com\\\/GrupSerban\\\/\"]}]}<\/script>\n<!-- \/ Yoast SEO plugin. -->","yoast_head_json":{"title":"Cereale - Grup Serban","robots":{"index":"index","follow":"follow","max-snippet":"max-snippet:-1","max-image-preview":"max-image-preview:large","max-video-preview":"max-video-preview:-1"},"canonical":"https:\/\/grup-serban.ro\/en\/cerele\/","og_locale":"en_US","og_type":"article","og_title":"Cereale - Grup Serban","og_description":"Ferm\u0103 vegetal\u0103 Cereale C\u00e2mpul este casa noastr\u0103! GR\u00c2U\u00a0 \u00a0 \u00a0 \u00a0 \u00a0 \u00a0 \u00a0 \u00a0PORUMB \u00a0 \u00a0 \u00a0 \u00a0 \u00a0 \u00a0 ORZ SORG \u00a0 \u00a0 \u00a0 \u00a0 \u00a0 \u00a0 LUCERN\u0102 \u00a0 \u00a0 \u00a0 \u00a0 \u00a0 \u00a0TRITICALE","og_url":"https:\/\/grup-serban.ro\/en\/cerele\/","og_site_name":"Grup Serban","article_publisher":"https:\/\/www.facebook.com\/GrupSerban\/","article_modified_time":"2024-05-31T08:31:24+00:00","og_image":[{"url":"https:\/\/grup-serban.ro\/wp-content\/uploads\/2022\/07\/da257706d4d787d140a967b4225ab753_XL-300x245-1.jpg","type":"","width":"","height":""}],"twitter_card":"summary_large_image","twitter_misc":{"Est. reading time":"2 minutes"},"schema":{"@context":"https:\/\/schema.org","@graph":[{"@type":"WebPage","@id":"https:\/\/grup-serban.ro\/cerele\/","url":"https:\/\/grup-serban.ro\/cerele\/","name":"Cereale - Grup Serban","isPartOf":{"@id":"https:\/\/grup-serban.ro\/#website"},"primaryImageOfPage":{"@id":"https:\/\/grup-serban.ro\/cerele\/#primaryimage"},"image":{"@id":"https:\/\/grup-serban.ro\/cerele\/#primaryimage"},"thumbnailUrl":"https:\/\/grup-serban.ro\/wp-content\/uploads\/2022\/07\/da257706d4d787d140a967b4225ab753_XL-300x245-1.jpg","datePublished":"2022-08-01T11:35:04+00:00","dateModified":"2024-05-31T08:31:24+00:00","breadcrumb":{"@id":"https:\/\/grup-serban.ro\/cerele\/#breadcrumb"},"inLanguage":"en-US","potentialAction":[{"@type":"ReadAction","target":["https:\/\/grup-serban.ro\/cerele\/"]}]},{"@type":"ImageObject","inLanguage":"en-US","@id":"https:\/\/grup-serban.ro\/cerele\/#primaryimage","url":"https:\/\/grup-serban.ro\/wp-content\/uploads\/2022\/07\/da257706d4d787d140a967b4225ab753_XL-300x245-1.jpg","contentUrl":"https:\/\/grup-serban.ro\/wp-content\/uploads\/2022\/07\/da257706d4d787d140a967b4225ab753_XL-300x245-1.jpg"},{"@type":"BreadcrumbList","@id":"https:\/\/grup-serban.ro\/cerele\/#breadcrumb","itemListElement":[{"@type":"ListItem","position":1,"name":"Home","item":"https:\/\/grup-serban.ro\/"},{"@type":"ListItem","position":2,"name":"Cereale"}]},{"@type":"WebSite","@id":"https:\/\/grup-serban.ro\/#website","url":"https:\/\/grup-serban.ro\/","name":"Grup Serban","description":"Cu si Despre Oameni","publisher":{"@id":"https:\/\/grup-serban.ro\/#organization"},"potentialAction":[{"@type":"SearchAction","target":{"@type":"EntryPoint","urlTemplate":"https:\/\/grup-serban.ro\/?s={search_term_string}"},"query-input":{"@type":"PropertyValueSpecification","valueRequired":true,"valueName":"search_term_string"}}],"inLanguage":"en-US"},{"@type":"Organization","@id":"https:\/\/grup-serban.ro\/#organization","name":"Grup Serban","url":"https:\/\/grup-serban.ro\/","logo":{"@type":"ImageObject","inLanguage":"en-US","@id":"https:\/\/grup-serban.ro\/#\/schema\/logo\/image\/","url":"https:\/\/grup-serban.ro\/wp-content\/uploads\/2022\/07\/GS-original-300x169-1-1.png","contentUrl":"https:\/\/grup-serban.ro\/wp-content\/uploads\/2022\/07\/GS-original-300x169-1-1.png","width":300,"height":169,"caption":"Grup Serban"},"image":{"@id":"https:\/\/grup-serban.ro\/#\/schema\/logo\/image\/"},"sameAs":["https:\/\/www.facebook.com\/GrupSerban\/"]}]}},"_links":{"self":[{"href":"https:\/\/grup-serban.ro\/en\/wp-json\/wp\/v2\/pages\/1748","targetHints":{"allow":["GET"]}}],"collection":[{"href":"https:\/\/grup-serban.ro\/en\/wp-json\/wp\/v2\/pages"}],"about":[{"href":"https:\/\/grup-serban.ro\/en\/wp-json\/wp\/v2\/types\/page"}],"author":[{"embeddable":true,"href":"https:\/\/grup-serban.ro\/en\/wp-json\/wp\/v2\/users\/1"}],"replies":[{"embeddable":true,"href":"https:\/\/grup-serban.ro\/en\/wp-json\/wp\/v2\/comments?post=1748"}],"version-history":[{"count":0,"href":"https:\/\/grup-serban.ro\/en\/wp-json\/wp\/v2\/pages\/1748\/revisions"}],"wp:attachment":[{"href":"https:\/\/grup-serban.ro\/en\/wp-json\/wp\/v2\/media?parent=1748"}],"curies":[{"name":"wp","href":"https:\/\/api.w.org\/{rel}","templated":true}]}}