{"id":1714,"date":"2022-08-01T13:51:23","date_gmt":"2022-08-01T10:51:23","guid":{"rendered":"https:\/\/grup-serban.ro\/?page_id=1714"},"modified":"2023-01-05T10:43:28","modified_gmt":"2023-01-05T08:43:28","slug":"gama-razesi","status":"publish","type":"page","link":"https:\/\/grup-serban.ro\/en\/panificatie\/gama-razesi\/","title":{"rendered":"Gama R\u0103ze\u0219i"},"content":{"rendered":"<div data-elementor-type=\"wp-page\" data-elementor-id=\"1714\" class=\"elementor elementor-1714\">\n\t\t\t\t\t\t<section class=\"elementor-section elementor-top-section elementor-element elementor-element-7d331bf elementor-section-full_width elementor-section-stretched elementor-section-height-default elementor-section-height-default\" data-id=\"7d331bf\" data-element_type=\"section\" data-e-type=\"section\" data-settings=\"{&quot;stretch_section&quot;:&quot;section-stretched&quot;}\">\n\t\t\t\t\t\t<div class=\"elementor-container elementor-column-gap-no\">\n\t\t\t\t\t<div class=\"elementor-column elementor-col-100 elementor-top-column elementor-element elementor-element-d881905\" data-id=\"d881905\" data-element_type=\"column\" data-e-type=\"column\">\n\t\t\t<div class=\"elementor-widget-wrap elementor-element-populated\">\n\t\t\t\t\t\t<div class=\"elementor-element elementor-element-7c2f4bb elementor-align-left elementor-widget elementor-widget-bdevs-banner-other\" data-id=\"7c2f4bb\" data-element_type=\"widget\" data-e-type=\"widget\" data-widget_type=\"bdevs-banner-other.default\">\n\t\t\t\t<div class=\"elementor-widget-container\">\n\t\t\t\t\t  \r\n<section>\r\n    <div class=\"pages-hero\" style=\"background-image:url(https:\/\/grup-serban.ro\/wp-content\/uploads\/2022\/08\/image00003-scaled.jpeg)\">\r\n        <div class=\"container\">\r\n            <div class=\"pages-title\">\r\n            \t                <h5>GRANERO<\/h5>\r\n                                \t            <h1>Bakery<\/h1>\r\n\t            \t                            <p>Good bread is created in time!<\/p>\r\n                            <\/div>\r\n        <\/div>\r\n    <\/div>\r\n<\/section>\r\n\t\t\t\t\t<\/div>\n\t\t\t\t<\/div>\n\t\t\t\t\t<\/div>\n\t\t<\/div>\n\t\t\t\t\t<\/div>\n\t\t<\/section>\n\t\t\t\t<section class=\"elementor-section elementor-top-section elementor-element elementor-element-a2c4613 elementor-section-boxed elementor-section-height-default elementor-section-height-default\" data-id=\"a2c4613\" data-element_type=\"section\" data-e-type=\"section\" data-settings=\"{&quot;animation&quot;:&quot;none&quot;}\">\n\t\t\t\t\t\t<div class=\"elementor-container elementor-column-gap-custom\">\n\t\t\t\t\t<div class=\"elementor-column elementor-col-33 elementor-top-column elementor-element elementor-element-2c7ae29\" data-id=\"2c7ae29\" data-element_type=\"column\" data-e-type=\"column\">\n\t\t\t<div class=\"elementor-widget-wrap elementor-element-populated\">\n\t\t\t\t\t\t<div class=\"elementor-element elementor-element-7cfed2b elementor-widget elementor-widget-image\" data-id=\"7cfed2b\" data-element_type=\"widget\" data-e-type=\"widget\" data-widget_type=\"image.default\">\n\t\t\t\t\t\t\t\t\t\t\t\t\t\t\t<img fetchpriority=\"high\" decoding=\"async\" width=\"1408\" height=\"3775\" src=\"https:\/\/grup-serban.ro\/wp-content\/uploads\/2023\/01\/RAZESI-PORUMB.png\" class=\"attachment-full size-full wp-image-5017\" alt=\"\" srcset=\"https:\/\/grup-serban.ro\/wp-content\/uploads\/2023\/01\/RAZESI-PORUMB.png 1408w, https:\/\/grup-serban.ro\/wp-content\/uploads\/2023\/01\/RAZESI-PORUMB-112x300.png 112w, https:\/\/grup-serban.ro\/wp-content\/uploads\/2023\/01\/RAZESI-PORUMB-382x1024.png 382w, https:\/\/grup-serban.ro\/wp-content\/uploads\/2023\/01\/RAZESI-PORUMB-768x2059.png 768w, https:\/\/grup-serban.ro\/wp-content\/uploads\/2023\/01\/RAZESI-PORUMB-573x1536.png 573w, https:\/\/grup-serban.ro\/wp-content\/uploads\/2023\/01\/RAZESI-PORUMB-764x2048.png 764w, https:\/\/grup-serban.ro\/wp-content\/uploads\/2023\/01\/RAZESI-PORUMB-4x12.png 4w\" sizes=\"(max-width: 1408px) 100vw, 1408px\" \/>\t\t\t\t\t\t\t\t\t\t\t\t\t\t\t<\/div>\n\t\t\t\t<div class=\"elementor-element elementor-element-8aa3c34 elementor-widget elementor-widget-text-editor\" data-id=\"8aa3c34\" data-element_type=\"widget\" data-e-type=\"widget\" data-widget_type=\"text-editor.default\">\n\t\t\t\t\t\t\t\t\t<h4>R\u0103ze\u0219i cu Porumb<\/h4><p>Traditional with sourdough<\/p>\t\t\t\t\t\t\t\t<\/div>\n\t\t\t\t<div class=\"elementor-element elementor-element-786f043 elementor-align-center elementor-widget elementor-widget-button\" data-id=\"786f043\" data-element_type=\"widget\" data-e-type=\"widget\" data-widget_type=\"button.default\">\n\t\t\t\t\t\t\t\t\t\t<a class=\"elementor-button elementor-button-link elementor-size-md\" href=\"https:\/\/grup-serban.ro\/en\/panificatie\/gama-razesi\/razesi-cu-porumb\/\">\n\t\t\t\t\t\t<span class=\"elementor-button-content-wrapper\">\n\t\t\t\t\t\t\t\t\t<span class=\"elementor-button-text\">View details<\/span>\n\t\t\t\t\t<\/span>\n\t\t\t\t\t<\/a>\n\t\t\t\t\t\t\t\t<\/div>\n\t\t\t\t\t<\/div>\n\t\t<\/div>\n\t\t\t\t<div class=\"elementor-column elementor-col-33 elementor-top-column elementor-element elementor-element-3961abd\" data-id=\"3961abd\" data-element_type=\"column\" data-e-type=\"column\">\n\t\t\t<div class=\"elementor-widget-wrap elementor-element-populated\">\n\t\t\t\t\t\t<div class=\"elementor-element elementor-element-e9b6051 elementor-widget elementor-widget-image\" data-id=\"e9b6051\" data-element_type=\"widget\" data-e-type=\"widget\" data-widget_type=\"image.default\">\n\t\t\t\t\t\t\t\t\t\t\t\t\t\t\t<img decoding=\"async\" width=\"957\" height=\"2560\" src=\"https:\/\/grup-serban.ro\/wp-content\/uploads\/2022\/10\/razesi-cartofi-scaled.jpg\" class=\"attachment-full size-full wp-image-4343\" alt=\"\" srcset=\"https:\/\/grup-serban.ro\/wp-content\/uploads\/2022\/10\/razesi-cartofi-scaled.jpg 957w, https:\/\/grup-serban.ro\/wp-content\/uploads\/2022\/10\/razesi-cartofi-112x300.jpg 112w, https:\/\/grup-serban.ro\/wp-content\/uploads\/2022\/10\/razesi-cartofi-383x1024.jpg 383w, https:\/\/grup-serban.ro\/wp-content\/uploads\/2022\/10\/razesi-cartofi-768x2054.jpg 768w, https:\/\/grup-serban.ro\/wp-content\/uploads\/2022\/10\/razesi-cartofi-574x1536.jpg 574w, https:\/\/grup-serban.ro\/wp-content\/uploads\/2022\/10\/razesi-cartofi-766x2048.jpg 766w, https:\/\/grup-serban.ro\/wp-content\/uploads\/2022\/10\/razesi-cartofi-4x12.jpg 4w\" sizes=\"(max-width: 957px) 100vw, 957px\" \/>\t\t\t\t\t\t\t\t\t\t\t\t\t\t\t<\/div>\n\t\t\t\t<div class=\"elementor-element elementor-element-56519f0 elementor-widget elementor-widget-text-editor\" data-id=\"56519f0\" data-element_type=\"widget\" data-e-type=\"widget\" data-widget_type=\"text-editor.default\">\n\t\t\t\t\t\t\t\t\t<h4>R\u0103ze\u0219ti cu Fulgi de Cartofi<\/h4><p>Baked on the hearth<\/p>\t\t\t\t\t\t\t\t<\/div>\n\t\t\t\t<div class=\"elementor-element elementor-element-fb1d848 elementor-align-center elementor-widget elementor-widget-button\" data-id=\"fb1d848\" data-element_type=\"widget\" data-e-type=\"widget\" data-widget_type=\"button.default\">\n\t\t\t\t\t\t\t\t\t\t<a class=\"elementor-button elementor-button-link elementor-size-md\" href=\"https:\/\/grup-serban.ro\/en\/panificatie\/gama-razesi\/razesi-cu-fulgi-de-cartofi\/\">\n\t\t\t\t\t\t<span class=\"elementor-button-content-wrapper\">\n\t\t\t\t\t\t\t\t\t<span class=\"elementor-button-text\">View details<\/span>\n\t\t\t\t\t<\/span>\n\t\t\t\t\t<\/a>\n\t\t\t\t\t\t\t\t<\/div>\n\t\t\t\t\t<\/div>\n\t\t<\/div>\n\t\t\t\t<div class=\"elementor-column elementor-col-33 elementor-top-column elementor-element elementor-element-7595522\" data-id=\"7595522\" data-element_type=\"column\" data-e-type=\"column\">\n\t\t\t<div class=\"elementor-widget-wrap elementor-element-populated\">\n\t\t\t\t\t\t<div class=\"elementor-element elementor-element-b1d197f elementor-widget elementor-widget-image\" data-id=\"b1d197f\" data-element_type=\"widget\" data-e-type=\"widget\" data-widget_type=\"image.default\">\n\t\t\t\t\t\t\t\t\t\t\t\t\t\t\t<img decoding=\"async\" width=\"957\" height=\"2547\" src=\"https:\/\/grup-serban.ro\/wp-content\/uploads\/2022\/10\/razesi-1-scaled-e1665140005264.jpg\" class=\"attachment-full size-full wp-image-4348\" alt=\"\" srcset=\"https:\/\/grup-serban.ro\/wp-content\/uploads\/2022\/10\/razesi-1-scaled-e1665140005264.jpg 957w, https:\/\/grup-serban.ro\/wp-content\/uploads\/2022\/10\/razesi-1-scaled-e1665140005264-113x300.jpg 113w, https:\/\/grup-serban.ro\/wp-content\/uploads\/2022\/10\/razesi-1-scaled-e1665140005264-385x1024.jpg 385w, https:\/\/grup-serban.ro\/wp-content\/uploads\/2022\/10\/razesi-1-scaled-e1665140005264-768x2044.jpg 768w, https:\/\/grup-serban.ro\/wp-content\/uploads\/2022\/10\/razesi-1-scaled-e1665140005264-577x1536.jpg 577w, https:\/\/grup-serban.ro\/wp-content\/uploads\/2022\/10\/razesi-1-scaled-e1665140005264-770x2048.jpg 770w, https:\/\/grup-serban.ro\/wp-content\/uploads\/2022\/10\/razesi-1-scaled-e1665140005264-5x12.jpg 5w\" sizes=\"(max-width: 957px) 100vw, 957px\" \/>\t\t\t\t\t\t\t\t\t\t\t\t\t\t\t<\/div>\n\t\t\t\t<div class=\"elementor-element elementor-element-ce47ba0 elementor-widget elementor-widget-text-editor\" data-id=\"ce47ba0\" data-element_type=\"widget\" data-e-type=\"widget\" data-widget_type=\"text-editor.default\">\n\t\t\t\t\t\t\t\t\t<h4>R\u0103ze\u0219i cu T\u0103r\u00e2\u021be \u0219i Secar\u0103<\/h4><p>Nutritive by composition<\/p>\t\t\t\t\t\t\t\t<\/div>\n\t\t\t\t<div class=\"elementor-element elementor-element-448f346 elementor-align-center elementor-widget elementor-widget-button\" data-id=\"448f346\" data-element_type=\"widget\" data-e-type=\"widget\" data-widget_type=\"button.default\">\n\t\t\t\t\t\t\t\t\t\t<a class=\"elementor-button elementor-button-link elementor-size-md\" href=\"https:\/\/grup-serban.ro\/en\/panificatie\/gama-razesi\/razesi-cu-tarate-si-secara\/\">\n\t\t\t\t\t\t<span class=\"elementor-button-content-wrapper\">\n\t\t\t\t\t\t\t\t\t<span class=\"elementor-button-text\">View details<\/span>\n\t\t\t\t\t<\/span>\n\t\t\t\t\t<\/a>\n\t\t\t\t\t\t\t\t<\/div>\n\t\t\t\t\t<\/div>\n\t\t<\/div>\n\t\t\t\t\t<\/div>\n\t\t<\/section>\n\t\t\t\t<\/div>","protected":false},"excerpt":{"rendered":"<p>GRANERO Panifica\u021bie O p\u00e2ine bun\u0103 se creeaz\u0103 \u00een timp! R\u0103ze\u0219i cu PorumbTradi\u021bional cu maia Vezi detalii R\u0103ze\u0219ti cu Fulgi de CartofiCoapt\u0103 pe vatr\u0103 Vezi detalii R\u0103ze\u0219i cu T\u0103r\u00e2\u021be \u0219i Secar\u0103Nutritiv\u0103 prin compozi\u021bie Vezi detalii<\/p>","protected":false},"author":1,"featured_media":0,"parent":1568,"menu_order":0,"comment_status":"closed","ping_status":"closed","template":"","meta":{"footnotes":""},"class_list":["post-1714","page","type-page","status-publish","hentry"],"yoast_head":"<!-- This site is optimized with the Yoast SEO plugin v27.5 - https:\/\/yoast.com\/product\/yoast-seo-wordpress\/ -->\n<title>Gama R\u0103ze\u0219i - Grup Serban<\/title>\n<meta name=\"robots\" content=\"index, follow, max-snippet:-1, max-image-preview:large, max-video-preview:-1\" \/>\n<link rel=\"canonical\" href=\"https:\/\/grup-serban.ro\/en\/panificatie\/gama-razesi\/\" \/>\n<meta property=\"og:locale\" content=\"en_US\" \/>\n<meta property=\"og:type\" content=\"article\" \/>\n<meta property=\"og:title\" content=\"Gama R\u0103ze\u0219i - Grup Serban\" \/>\n<meta property=\"og:description\" content=\"GRANERO Panifica\u021bie O p\u00e2ine bun\u0103 se creeaz\u0103 \u00een timp! R\u0103ze\u0219i cu PorumbTradi\u021bional cu maia Vezi detalii R\u0103ze\u0219ti cu Fulgi de CartofiCoapt\u0103 pe vatr\u0103 Vezi detalii R\u0103ze\u0219i cu T\u0103r\u00e2\u021be \u0219i Secar\u0103Nutritiv\u0103 prin compozi\u021bie Vezi detalii\" \/>\n<meta property=\"og:url\" content=\"https:\/\/grup-serban.ro\/en\/panificatie\/gama-razesi\/\" \/>\n<meta property=\"og:site_name\" content=\"Grup Serban\" \/>\n<meta property=\"article:publisher\" content=\"https:\/\/www.facebook.com\/GrupSerban\/\" \/>\n<meta property=\"article:modified_time\" content=\"2023-01-05T08:43:28+00:00\" \/>\n<meta property=\"og:image\" content=\"https:\/\/grup-serban.ro\/wp-content\/uploads\/2022\/08\/RAZESI-PORUMB.png\" \/>\n<meta name=\"twitter:card\" content=\"summary_large_image\" \/>\n<script type=\"application\/ld+json\" class=\"yoast-schema-graph\">{\"@context\":\"https:\\\/\\\/schema.org\",\"@graph\":[{\"@type\":\"WebPage\",\"@id\":\"https:\\\/\\\/grup-serban.ro\\\/panificatie\\\/gama-razesi\\\/\",\"url\":\"https:\\\/\\\/grup-serban.ro\\\/panificatie\\\/gama-razesi\\\/\",\"name\":\"Gama R\u0103ze\u0219i - Grup Serban\",\"isPartOf\":{\"@id\":\"https:\\\/\\\/grup-serban.ro\\\/#website\"},\"primaryImageOfPage\":{\"@id\":\"https:\\\/\\\/grup-serban.ro\\\/panificatie\\\/gama-razesi\\\/#primaryimage\"},\"image\":{\"@id\":\"https:\\\/\\\/grup-serban.ro\\\/panificatie\\\/gama-razesi\\\/#primaryimage\"},\"thumbnailUrl\":\"https:\\\/\\\/grup-serban.ro\\\/wp-content\\\/uploads\\\/2023\\\/01\\\/RAZESI-PORUMB.png\",\"datePublished\":\"2022-08-01T10:51:23+00:00\",\"dateModified\":\"2023-01-05T08:43:28+00:00\",\"breadcrumb\":{\"@id\":\"https:\\\/\\\/grup-serban.ro\\\/panificatie\\\/gama-razesi\\\/#breadcrumb\"},\"inLanguage\":\"en-US\",\"potentialAction\":[{\"@type\":\"ReadAction\",\"target\":[\"https:\\\/\\\/grup-serban.ro\\\/panificatie\\\/gama-razesi\\\/\"]}]},{\"@type\":\"ImageObject\",\"inLanguage\":\"en-US\",\"@id\":\"https:\\\/\\\/grup-serban.ro\\\/panificatie\\\/gama-razesi\\\/#primaryimage\",\"url\":\"https:\\\/\\\/grup-serban.ro\\\/wp-content\\\/uploads\\\/2023\\\/01\\\/RAZESI-PORUMB.png\",\"contentUrl\":\"https:\\\/\\\/grup-serban.ro\\\/wp-content\\\/uploads\\\/2023\\\/01\\\/RAZESI-PORUMB.png\"},{\"@type\":\"BreadcrumbList\",\"@id\":\"https:\\\/\\\/grup-serban.ro\\\/panificatie\\\/gama-razesi\\\/#breadcrumb\",\"itemListElement\":[{\"@type\":\"ListItem\",\"position\":1,\"name\":\"Home\",\"item\":\"https:\\\/\\\/grup-serban.ro\\\/\"},{\"@type\":\"ListItem\",\"position\":2,\"name\":\"Panificatie\",\"item\":\"https:\\\/\\\/grup-serban.ro\\\/panificatie\\\/\"},{\"@type\":\"ListItem\",\"position\":3,\"name\":\"Gama R\u0103ze\u0219i\"}]},{\"@type\":\"WebSite\",\"@id\":\"https:\\\/\\\/grup-serban.ro\\\/#website\",\"url\":\"https:\\\/\\\/grup-serban.ro\\\/\",\"name\":\"Grup Serban\",\"description\":\"Cu si Despre Oameni\",\"publisher\":{\"@id\":\"https:\\\/\\\/grup-serban.ro\\\/#organization\"},\"potentialAction\":[{\"@type\":\"SearchAction\",\"target\":{\"@type\":\"EntryPoint\",\"urlTemplate\":\"https:\\\/\\\/grup-serban.ro\\\/?s={search_term_string}\"},\"query-input\":{\"@type\":\"PropertyValueSpecification\",\"valueRequired\":true,\"valueName\":\"search_term_string\"}}],\"inLanguage\":\"en-US\"},{\"@type\":\"Organization\",\"@id\":\"https:\\\/\\\/grup-serban.ro\\\/#organization\",\"name\":\"Grup Serban\",\"url\":\"https:\\\/\\\/grup-serban.ro\\\/\",\"logo\":{\"@type\":\"ImageObject\",\"inLanguage\":\"en-US\",\"@id\":\"https:\\\/\\\/grup-serban.ro\\\/#\\\/schema\\\/logo\\\/image\\\/\",\"url\":\"https:\\\/\\\/grup-serban.ro\\\/wp-content\\\/uploads\\\/2022\\\/07\\\/GS-original-300x169-1-1.png\",\"contentUrl\":\"https:\\\/\\\/grup-serban.ro\\\/wp-content\\\/uploads\\\/2022\\\/07\\\/GS-original-300x169-1-1.png\",\"width\":300,\"height\":169,\"caption\":\"Grup Serban\"},\"image\":{\"@id\":\"https:\\\/\\\/grup-serban.ro\\\/#\\\/schema\\\/logo\\\/image\\\/\"},\"sameAs\":[\"https:\\\/\\\/www.facebook.com\\\/GrupSerban\\\/\"]}]}<\/script>\n<!-- \/ Yoast SEO plugin. -->","yoast_head_json":{"title":"Gama R\u0103ze\u0219i - Grup Serban","robots":{"index":"index","follow":"follow","max-snippet":"max-snippet:-1","max-image-preview":"max-image-preview:large","max-video-preview":"max-video-preview:-1"},"canonical":"https:\/\/grup-serban.ro\/en\/panificatie\/gama-razesi\/","og_locale":"en_US","og_type":"article","og_title":"Gama R\u0103ze\u0219i - Grup Serban","og_description":"GRANERO Panifica\u021bie O p\u00e2ine bun\u0103 se creeaz\u0103 \u00een timp! R\u0103ze\u0219i cu PorumbTradi\u021bional cu maia Vezi detalii R\u0103ze\u0219ti cu Fulgi de CartofiCoapt\u0103 pe vatr\u0103 Vezi detalii R\u0103ze\u0219i cu T\u0103r\u00e2\u021be \u0219i Secar\u0103Nutritiv\u0103 prin compozi\u021bie Vezi detalii","og_url":"https:\/\/grup-serban.ro\/en\/panificatie\/gama-razesi\/","og_site_name":"Grup Serban","article_publisher":"https:\/\/www.facebook.com\/GrupSerban\/","article_modified_time":"2023-01-05T08:43:28+00:00","og_image":[{"url":"https:\/\/grup-serban.ro\/wp-content\/uploads\/2022\/08\/RAZESI-PORUMB.png","type":"","width":"","height":""}],"twitter_card":"summary_large_image","schema":{"@context":"https:\/\/schema.org","@graph":[{"@type":"WebPage","@id":"https:\/\/grup-serban.ro\/panificatie\/gama-razesi\/","url":"https:\/\/grup-serban.ro\/panificatie\/gama-razesi\/","name":"Gama R\u0103ze\u0219i - Grup Serban","isPartOf":{"@id":"https:\/\/grup-serban.ro\/#website"},"primaryImageOfPage":{"@id":"https:\/\/grup-serban.ro\/panificatie\/gama-razesi\/#primaryimage"},"image":{"@id":"https:\/\/grup-serban.ro\/panificatie\/gama-razesi\/#primaryimage"},"thumbnailUrl":"https:\/\/grup-serban.ro\/wp-content\/uploads\/2023\/01\/RAZESI-PORUMB.png","datePublished":"2022-08-01T10:51:23+00:00","dateModified":"2023-01-05T08:43:28+00:00","breadcrumb":{"@id":"https:\/\/grup-serban.ro\/panificatie\/gama-razesi\/#breadcrumb"},"inLanguage":"en-US","potentialAction":[{"@type":"ReadAction","target":["https:\/\/grup-serban.ro\/panificatie\/gama-razesi\/"]}]},{"@type":"ImageObject","inLanguage":"en-US","@id":"https:\/\/grup-serban.ro\/panificatie\/gama-razesi\/#primaryimage","url":"https:\/\/grup-serban.ro\/wp-content\/uploads\/2023\/01\/RAZESI-PORUMB.png","contentUrl":"https:\/\/grup-serban.ro\/wp-content\/uploads\/2023\/01\/RAZESI-PORUMB.png"},{"@type":"BreadcrumbList","@id":"https:\/\/grup-serban.ro\/panificatie\/gama-razesi\/#breadcrumb","itemListElement":[{"@type":"ListItem","position":1,"name":"Home","item":"https:\/\/grup-serban.ro\/"},{"@type":"ListItem","position":2,"name":"Panificatie","item":"https:\/\/grup-serban.ro\/panificatie\/"},{"@type":"ListItem","position":3,"name":"Gama R\u0103ze\u0219i"}]},{"@type":"WebSite","@id":"https:\/\/grup-serban.ro\/#website","url":"https:\/\/grup-serban.ro\/","name":"Grup Serban","description":"Cu si Despre Oameni","publisher":{"@id":"https:\/\/grup-serban.ro\/#organization"},"potentialAction":[{"@type":"SearchAction","target":{"@type":"EntryPoint","urlTemplate":"https:\/\/grup-serban.ro\/?s={search_term_string}"},"query-input":{"@type":"PropertyValueSpecification","valueRequired":true,"valueName":"search_term_string"}}],"inLanguage":"en-US"},{"@type":"Organization","@id":"https:\/\/grup-serban.ro\/#organization","name":"Grup Serban","url":"https:\/\/grup-serban.ro\/","logo":{"@type":"ImageObject","inLanguage":"en-US","@id":"https:\/\/grup-serban.ro\/#\/schema\/logo\/image\/","url":"https:\/\/grup-serban.ro\/wp-content\/uploads\/2022\/07\/GS-original-300x169-1-1.png","contentUrl":"https:\/\/grup-serban.ro\/wp-content\/uploads\/2022\/07\/GS-original-300x169-1-1.png","width":300,"height":169,"caption":"Grup Serban"},"image":{"@id":"https:\/\/grup-serban.ro\/#\/schema\/logo\/image\/"},"sameAs":["https:\/\/www.facebook.com\/GrupSerban\/"]}]}},"_links":{"self":[{"href":"https:\/\/grup-serban.ro\/en\/wp-json\/wp\/v2\/pages\/1714","targetHints":{"allow":["GET"]}}],"collection":[{"href":"https:\/\/grup-serban.ro\/en\/wp-json\/wp\/v2\/pages"}],"about":[{"href":"https:\/\/grup-serban.ro\/en\/wp-json\/wp\/v2\/types\/page"}],"author":[{"embeddable":true,"href":"https:\/\/grup-serban.ro\/en\/wp-json\/wp\/v2\/users\/1"}],"replies":[{"embeddable":true,"href":"https:\/\/grup-serban.ro\/en\/wp-json\/wp\/v2\/comments?post=1714"}],"version-history":[{"count":0,"href":"https:\/\/grup-serban.ro\/en\/wp-json\/wp\/v2\/pages\/1714\/revisions"}],"up":[{"embeddable":true,"href":"https:\/\/grup-serban.ro\/en\/wp-json\/wp\/v2\/pages\/1568"}],"wp:attachment":[{"href":"https:\/\/grup-serban.ro\/en\/wp-json\/wp\/v2\/media?parent=1714"}],"curies":[{"name":"wp","href":"https:\/\/api.w.org\/{rel}","templated":true}]}}