{"id":1707,"date":"2022-08-01T13:36:43","date_gmt":"2022-08-01T10:36:43","guid":{"rendered":"https:\/\/grup-serban.ro\/?page_id=1707"},"modified":"2023-11-08T16:42:07","modified_gmt":"2023-11-08T14:42:07","slug":"gama-pro","status":"publish","type":"page","link":"https:\/\/grup-serban.ro\/en\/panificatie\/gama-pro\/","title":{"rendered":"Gama PRO"},"content":{"rendered":"<div data-elementor-type=\"wp-page\" data-elementor-id=\"1707\" class=\"elementor elementor-1707\">\n\t\t\t\t\t\t<section class=\"elementor-section elementor-top-section elementor-element elementor-element-e514ce7 elementor-section-full_width elementor-section-stretched elementor-section-height-default elementor-section-height-default\" data-id=\"e514ce7\" data-element_type=\"section\" data-e-type=\"section\" data-settings=\"{&quot;stretch_section&quot;:&quot;section-stretched&quot;}\">\n\t\t\t\t\t\t<div class=\"elementor-container elementor-column-gap-no\">\n\t\t\t\t\t<div class=\"elementor-column elementor-col-100 elementor-top-column elementor-element elementor-element-4928c37\" data-id=\"4928c37\" data-element_type=\"column\" data-e-type=\"column\">\n\t\t\t<div class=\"elementor-widget-wrap elementor-element-populated\">\n\t\t\t\t\t\t<div class=\"elementor-element elementor-element-b0f8fc3 elementor-align-left elementor-widget elementor-widget-bdevs-banner-other\" data-id=\"b0f8fc3\" data-element_type=\"widget\" data-e-type=\"widget\" data-widget_type=\"bdevs-banner-other.default\">\n\t\t\t\t<div class=\"elementor-widget-container\">\n\t\t\t\t\t  \r\n<section>\r\n    <div class=\"pages-hero\" style=\"background-image:url(https:\/\/grup-serban.ro\/wp-content\/uploads\/2022\/08\/835117d83552a03516d4391bbb64efa8.jpg)\">\r\n        <div class=\"container\">\r\n            <div class=\"pages-title\">\r\n            \t                <h5>GRANERO<\/h5>\r\n                                \t            <h1>Bakery<\/h1>\r\n\t            \t                            <p>Good bread is created in time!<\/p>\r\n                            <\/div>\r\n        <\/div>\r\n    <\/div>\r\n<\/section>\r\n\t\t\t\t\t<\/div>\n\t\t\t\t<\/div>\n\t\t\t\t\t<\/div>\n\t\t<\/div>\n\t\t\t\t\t<\/div>\n\t\t<\/section>\n\t\t\t\t<section class=\"elementor-section elementor-top-section elementor-element elementor-element-1770a6d elementor-section-boxed elementor-section-height-default elementor-section-height-default\" data-id=\"1770a6d\" data-element_type=\"section\" data-e-type=\"section\">\n\t\t\t\t\t\t<div class=\"elementor-container elementor-column-gap-default\">\n\t\t\t\t\t<div class=\"elementor-column elementor-col-33 elementor-top-column elementor-element elementor-element-3baeb0a\" data-id=\"3baeb0a\" data-element_type=\"column\" data-e-type=\"column\">\n\t\t\t<div class=\"elementor-widget-wrap elementor-element-populated\">\n\t\t\t\t\t\t<div class=\"elementor-element elementor-element-7089f51 elementor-widget elementor-widget-image\" data-id=\"7089f51\" data-element_type=\"widget\" data-e-type=\"widget\" data-widget_type=\"image.default\">\n\t\t\t\t\t\t\t\t\t\t\t\t\t\t\t<img fetchpriority=\"high\" decoding=\"async\" width=\"1020\" height=\"2560\" src=\"https:\/\/grup-serban.ro\/wp-content\/uploads\/2022\/10\/PROKORN-scaled.jpg\" class=\"attachment-full size-full wp-image-4320\" alt=\"\" srcset=\"https:\/\/grup-serban.ro\/wp-content\/uploads\/2022\/10\/PROKORN-scaled.jpg 1020w, https:\/\/grup-serban.ro\/wp-content\/uploads\/2022\/10\/PROKORN-120x300.jpg 120w, https:\/\/grup-serban.ro\/wp-content\/uploads\/2022\/10\/PROKORN-408x1024.jpg 408w, https:\/\/grup-serban.ro\/wp-content\/uploads\/2022\/10\/PROKORN-768x1928.jpg 768w, https:\/\/grup-serban.ro\/wp-content\/uploads\/2022\/10\/PROKORN-612x1536.jpg 612w, https:\/\/grup-serban.ro\/wp-content\/uploads\/2022\/10\/PROKORN-816x2048.jpg 816w, https:\/\/grup-serban.ro\/wp-content\/uploads\/2022\/10\/PROKORN-5x12.jpg 5w\" sizes=\"(max-width: 1020px) 100vw, 1020px\" \/>\t\t\t\t\t\t\t\t\t\t\t\t\t\t\t<\/div>\n\t\t\t\t<div class=\"elementor-element elementor-element-ce7150c elementor-widget elementor-widget-text-editor\" data-id=\"ce7150c\" data-element_type=\"widget\" data-e-type=\"widget\" data-widget_type=\"text-editor.default\">\n\t\t\t\t\t\t\t\t\t<h4>Prokorn<\/h4><p>Mix of 8 seeds and grains\u00a0<\/p>\t\t\t\t\t\t\t\t<\/div>\n\t\t\t\t<div class=\"elementor-element elementor-element-d393f40 elementor-button-info elementor-align-center elementor-widget elementor-widget-button\" data-id=\"d393f40\" data-element_type=\"widget\" data-e-type=\"widget\" data-widget_type=\"button.default\">\n\t\t\t\t\t\t\t\t\t\t<a class=\"elementor-button elementor-button-link elementor-size-md\" href=\"https:\/\/grup-serban.ro\/en\/panificatie\/gama-pro\/prokorn\/\">\n\t\t\t\t\t\t<span class=\"elementor-button-content-wrapper\">\n\t\t\t\t\t\t\t\t\t<span class=\"elementor-button-text\">View details<\/span>\n\t\t\t\t\t<\/span>\n\t\t\t\t\t<\/a>\n\t\t\t\t\t\t\t\t<\/div>\n\t\t\t\t\t<\/div>\n\t\t<\/div>\n\t\t\t\t<div class=\"elementor-column elementor-col-33 elementor-top-column elementor-element elementor-element-dee28b6\" data-id=\"dee28b6\" data-element_type=\"column\" data-e-type=\"column\">\n\t\t\t<div class=\"elementor-widget-wrap elementor-element-populated\">\n\t\t\t\t\t\t<div class=\"elementor-element elementor-element-3443803 elementor-widget elementor-widget-image\" data-id=\"3443803\" data-element_type=\"widget\" data-e-type=\"widget\" data-widget_type=\"image.default\">\n\t\t\t\t\t\t\t\t\t\t\t\t\t\t\t<img decoding=\"async\" width=\"411\" height=\"1024\" src=\"https:\/\/grup-serban.ro\/wp-content\/uploads\/2022\/10\/proseeds-411x1024.jpg\" class=\"attachment-large size-large wp-image-4310\" alt=\"\" srcset=\"https:\/\/grup-serban.ro\/wp-content\/uploads\/2022\/10\/proseeds-411x1024.jpg 411w, https:\/\/grup-serban.ro\/wp-content\/uploads\/2022\/10\/proseeds-120x300.jpg 120w, https:\/\/grup-serban.ro\/wp-content\/uploads\/2022\/10\/proseeds-768x1915.jpg 768w, https:\/\/grup-serban.ro\/wp-content\/uploads\/2022\/10\/proseeds-616x1536.jpg 616w, https:\/\/grup-serban.ro\/wp-content\/uploads\/2022\/10\/proseeds-821x2048.jpg 821w, https:\/\/grup-serban.ro\/wp-content\/uploads\/2022\/10\/proseeds-5x12.jpg 5w, https:\/\/grup-serban.ro\/wp-content\/uploads\/2022\/10\/proseeds-scaled.jpg 1027w\" sizes=\"(max-width: 411px) 100vw, 411px\" \/>\t\t\t\t\t\t\t\t\t\t\t\t\t\t\t<\/div>\n\t\t\t\t<div class=\"elementor-element elementor-element-304b7d0 elementor-widget elementor-widget-text-editor\" data-id=\"304b7d0\" data-element_type=\"widget\" data-e-type=\"widget\" data-widget_type=\"text-editor.default\">\n\t\t\t\t\t\t\t\t\t<h4>Proseeds<\/h4><p>16% seed mixture<\/p>\t\t\t\t\t\t\t\t<\/div>\n\t\t\t\t<div class=\"elementor-element elementor-element-9310979 elementor-button-info elementor-align-center elementor-widget elementor-widget-button\" data-id=\"9310979\" data-element_type=\"widget\" data-e-type=\"widget\" data-widget_type=\"button.default\">\n\t\t\t\t\t\t\t\t\t\t<a class=\"elementor-button elementor-button-link elementor-size-md\" href=\"https:\/\/grup-serban.ro\/en\/panificatie\/gama-pro\/proseeds\/\">\n\t\t\t\t\t\t<span class=\"elementor-button-content-wrapper\">\n\t\t\t\t\t\t\t\t\t<span class=\"elementor-button-text\">View details<\/span>\n\t\t\t\t\t<\/span>\n\t\t\t\t\t<\/a>\n\t\t\t\t\t\t\t\t<\/div>\n\t\t\t\t\t<\/div>\n\t\t<\/div>\n\t\t\t\t<div class=\"elementor-column elementor-col-33 elementor-top-column elementor-element elementor-element-5ea5c6a\" data-id=\"5ea5c6a\" data-element_type=\"column\" data-e-type=\"column\">\n\t\t\t<div class=\"elementor-widget-wrap elementor-element-populated\">\n\t\t\t\t\t\t<div class=\"elementor-element elementor-element-ac41d0f elementor-widget elementor-widget-image\" data-id=\"ac41d0f\" data-element_type=\"widget\" data-e-type=\"widget\" data-widget_type=\"image.default\">\n\t\t\t\t\t\t\t\t\t\t\t\t\t\t\t<img decoding=\"async\" width=\"410\" height=\"1024\" src=\"https:\/\/grup-serban.ro\/wp-content\/uploads\/2022\/10\/prospelta-410x1024.jpg\" class=\"attachment-large size-large wp-image-4324\" alt=\"\" srcset=\"https:\/\/grup-serban.ro\/wp-content\/uploads\/2022\/10\/prospelta-410x1024.jpg 410w, https:\/\/grup-serban.ro\/wp-content\/uploads\/2022\/10\/prospelta-120x300.jpg 120w, https:\/\/grup-serban.ro\/wp-content\/uploads\/2022\/10\/prospelta-768x1919.jpg 768w, https:\/\/grup-serban.ro\/wp-content\/uploads\/2022\/10\/prospelta-615x1536.jpg 615w, https:\/\/grup-serban.ro\/wp-content\/uploads\/2022\/10\/prospelta-820x2048.jpg 820w, https:\/\/grup-serban.ro\/wp-content\/uploads\/2022\/10\/prospelta-5x12.jpg 5w, https:\/\/grup-serban.ro\/wp-content\/uploads\/2022\/10\/prospelta-scaled.jpg 1025w\" sizes=\"(max-width: 410px) 100vw, 410px\" \/>\t\t\t\t\t\t\t\t\t\t\t\t\t\t\t<\/div>\n\t\t\t\t<div class=\"elementor-element elementor-element-a2101e4 elementor-widget elementor-widget-text-editor\" data-id=\"a2101e4\" data-element_type=\"widget\" data-e-type=\"widget\" data-widget_type=\"text-editor.default\">\n\t\t\t\t\t\t\t\t\t<h4 style=\"text-align: center;\">Prospelta<\/h4><div style=\"text-align: center;\">Combination with spelt grains<\/div>\t\t\t\t\t\t\t\t<\/div>\n\t\t\t\t<div class=\"elementor-element elementor-element-85e951f elementor-button-info elementor-align-center elementor-widget elementor-widget-button\" data-id=\"85e951f\" data-element_type=\"widget\" data-e-type=\"widget\" data-widget_type=\"button.default\">\n\t\t\t\t\t\t\t\t\t\t<a class=\"elementor-button elementor-button-link elementor-size-md\" href=\"https:\/\/grup-serban.ro\/en\/panificatie\/gama-pro\/prospelta\/\">\n\t\t\t\t\t\t<span class=\"elementor-button-content-wrapper\">\n\t\t\t\t\t\t\t\t\t<span class=\"elementor-button-text\">View details<\/span>\n\t\t\t\t\t<\/span>\n\t\t\t\t\t<\/a>\n\t\t\t\t\t\t\t\t<\/div>\n\t\t\t\t\t<\/div>\n\t\t<\/div>\n\t\t\t\t\t<\/div>\n\t\t<\/section>\n\t\t\t\t<section class=\"elementor-section elementor-top-section elementor-element elementor-element-f132aa6 elementor-section-boxed elementor-section-height-default elementor-section-height-default\" data-id=\"f132aa6\" data-element_type=\"section\" data-e-type=\"section\">\n\t\t\t\t\t\t<div class=\"elementor-container elementor-column-gap-default\">\n\t\t\t\t\t<div class=\"elementor-column elementor-col-33 elementor-top-column elementor-element elementor-element-4caaead\" data-id=\"4caaead\" data-element_type=\"column\" data-e-type=\"column\">\n\t\t\t<div class=\"elementor-widget-wrap elementor-element-populated\">\n\t\t\t\t\t\t<div class=\"elementor-element elementor-element-ff8b848 elementor-widget elementor-widget-image\" data-id=\"ff8b848\" data-element_type=\"widget\" data-e-type=\"widget\" data-widget_type=\"image.default\">\n\t\t\t\t\t\t\t\t\t\t\t\t\t\t\t<img loading=\"lazy\" decoding=\"async\" width=\"888\" height=\"2238\" src=\"https:\/\/grup-serban.ro\/wp-content\/uploads\/2023\/11\/PROINTEGRAL.png\" class=\"attachment-full size-full wp-image-5664\" alt=\"\" srcset=\"https:\/\/grup-serban.ro\/wp-content\/uploads\/2023\/11\/PROINTEGRAL.png 888w, https:\/\/grup-serban.ro\/wp-content\/uploads\/2023\/11\/PROINTEGRAL-119x300.png 119w, https:\/\/grup-serban.ro\/wp-content\/uploads\/2023\/11\/PROINTEGRAL-406x1024.png 406w, https:\/\/grup-serban.ro\/wp-content\/uploads\/2023\/11\/PROINTEGRAL-768x1936.png 768w, https:\/\/grup-serban.ro\/wp-content\/uploads\/2023\/11\/PROINTEGRAL-609x1536.png 609w, https:\/\/grup-serban.ro\/wp-content\/uploads\/2023\/11\/PROINTEGRAL-813x2048.png 813w, https:\/\/grup-serban.ro\/wp-content\/uploads\/2023\/11\/PROINTEGRAL-5x12.png 5w\" sizes=\"(max-width: 888px) 100vw, 888px\" \/>\t\t\t\t\t\t\t\t\t\t\t\t\t\t\t<\/div>\n\t\t\t\t<div class=\"elementor-element elementor-element-3253f70 elementor-widget elementor-widget-text-editor\" data-id=\"3253f70\" data-element_type=\"widget\" data-e-type=\"widget\" data-widget_type=\"text-editor.default\">\n\t\t\t\t\t\t\t\t\t<h4>Prointegral<\/h4><p>Dietetic\u0103<\/p>\t\t\t\t\t\t\t\t<\/div>\n\t\t\t\t<div class=\"elementor-element elementor-element-cd42680 elementor-button-info elementor-align-center elementor-widget elementor-widget-button\" data-id=\"cd42680\" data-element_type=\"widget\" data-e-type=\"widget\" data-widget_type=\"button.default\">\n\t\t\t\t\t\t\t\t\t\t<a class=\"elementor-button elementor-button-link elementor-size-md\" href=\"https:\/\/grup-serban.ro\/en\/panificatie\/gama-pro\/prointegral\/\">\n\t\t\t\t\t\t<span class=\"elementor-button-content-wrapper\">\n\t\t\t\t\t\t\t\t\t<span class=\"elementor-button-text\">View details<\/span>\n\t\t\t\t\t<\/span>\n\t\t\t\t\t<\/a>\n\t\t\t\t\t\t\t\t<\/div>\n\t\t\t\t\t<\/div>\n\t\t<\/div>\n\t\t\t\t<div class=\"elementor-column elementor-col-33 elementor-top-column elementor-element elementor-element-cf047f9\" data-id=\"cf047f9\" data-element_type=\"column\" data-e-type=\"column\">\n\t\t\t<div class=\"elementor-widget-wrap\">\n\t\t\t\t\t\t\t<\/div>\n\t\t<\/div>\n\t\t\t\t<div class=\"elementor-column elementor-col-33 elementor-top-column elementor-element elementor-element-87af64a\" data-id=\"87af64a\" data-element_type=\"column\" data-e-type=\"column\">\n\t\t\t<div class=\"elementor-widget-wrap\">\n\t\t\t\t\t\t\t<\/div>\n\t\t<\/div>\n\t\t\t\t\t<\/div>\n\t\t<\/section>\n\t\t\t\t<\/div>","protected":false},"excerpt":{"rendered":"<p>GRANERO Panifica\u021bie O p\u00e2ine bun\u0103 se creeaz\u0103 \u00een timp! ProkornMix de 8 semin\u021be \u0219i cereale\u00a0 Vezi detalii Proseeds16% amestec de semin\u021be Vezi detalii ProspeltaCombina\u021bie cu boabe de alac Vezi detalii ProintegralDietetic\u0103 Vezi detalii<\/p>","protected":false},"author":1,"featured_media":0,"parent":1568,"menu_order":0,"comment_status":"closed","ping_status":"closed","template":"","meta":{"footnotes":""},"class_list":["post-1707","page","type-page","status-publish","hentry"],"yoast_head":"<!-- This site is optimized with the Yoast SEO plugin v27.5 - https:\/\/yoast.com\/product\/yoast-seo-wordpress\/ -->\n<title>Gama PRO - Grup Serban<\/title>\n<meta name=\"robots\" content=\"index, follow, max-snippet:-1, max-image-preview:large, max-video-preview:-1\" \/>\n<link rel=\"canonical\" href=\"https:\/\/grup-serban.ro\/en\/panificatie\/gama-pro\/\" \/>\n<meta property=\"og:locale\" content=\"en_US\" \/>\n<meta property=\"og:type\" content=\"article\" \/>\n<meta property=\"og:title\" content=\"Gama PRO - Grup Serban\" \/>\n<meta property=\"og:description\" content=\"GRANERO Panifica\u021bie O p\u00e2ine bun\u0103 se creeaz\u0103 \u00een timp! ProkornMix de 8 semin\u021be \u0219i cereale\u00a0 Vezi detalii Proseeds16% amestec de semin\u021be Vezi detalii ProspeltaCombina\u021bie cu boabe de alac Vezi detalii ProintegralDietetic\u0103 Vezi detalii\" \/>\n<meta property=\"og:url\" content=\"https:\/\/grup-serban.ro\/en\/panificatie\/gama-pro\/\" \/>\n<meta property=\"og:site_name\" content=\"Grup Serban\" \/>\n<meta property=\"article:publisher\" content=\"https:\/\/www.facebook.com\/GrupSerban\/\" \/>\n<meta property=\"article:modified_time\" content=\"2023-11-08T14:42:07+00:00\" \/>\n<meta property=\"og:image\" content=\"https:\/\/grup-serban.ro\/wp-content\/uploads\/2022\/10\/PROKORN-scaled.jpg\" \/>\n<meta name=\"twitter:card\" content=\"summary_large_image\" \/>\n<meta name=\"twitter:label1\" content=\"Est. reading time\" \/>\n\t<meta name=\"twitter:data1\" content=\"2 minutes\" \/>\n<script type=\"application\/ld+json\" class=\"yoast-schema-graph\">{\"@context\":\"https:\\\/\\\/schema.org\",\"@graph\":[{\"@type\":\"WebPage\",\"@id\":\"https:\\\/\\\/grup-serban.ro\\\/panificatie\\\/gama-pro\\\/\",\"url\":\"https:\\\/\\\/grup-serban.ro\\\/panificatie\\\/gama-pro\\\/\",\"name\":\"Gama PRO - Grup Serban\",\"isPartOf\":{\"@id\":\"https:\\\/\\\/grup-serban.ro\\\/#website\"},\"primaryImageOfPage\":{\"@id\":\"https:\\\/\\\/grup-serban.ro\\\/panificatie\\\/gama-pro\\\/#primaryimage\"},\"image\":{\"@id\":\"https:\\\/\\\/grup-serban.ro\\\/panificatie\\\/gama-pro\\\/#primaryimage\"},\"thumbnailUrl\":\"https:\\\/\\\/grup-serban.ro\\\/wp-content\\\/uploads\\\/2022\\\/10\\\/PROKORN-scaled.jpg\",\"datePublished\":\"2022-08-01T10:36:43+00:00\",\"dateModified\":\"2023-11-08T14:42:07+00:00\",\"breadcrumb\":{\"@id\":\"https:\\\/\\\/grup-serban.ro\\\/panificatie\\\/gama-pro\\\/#breadcrumb\"},\"inLanguage\":\"en-US\",\"potentialAction\":[{\"@type\":\"ReadAction\",\"target\":[\"https:\\\/\\\/grup-serban.ro\\\/panificatie\\\/gama-pro\\\/\"]}]},{\"@type\":\"ImageObject\",\"inLanguage\":\"en-US\",\"@id\":\"https:\\\/\\\/grup-serban.ro\\\/panificatie\\\/gama-pro\\\/#primaryimage\",\"url\":\"https:\\\/\\\/grup-serban.ro\\\/wp-content\\\/uploads\\\/2022\\\/10\\\/PROKORN-scaled.jpg\",\"contentUrl\":\"https:\\\/\\\/grup-serban.ro\\\/wp-content\\\/uploads\\\/2022\\\/10\\\/PROKORN-scaled.jpg\"},{\"@type\":\"BreadcrumbList\",\"@id\":\"https:\\\/\\\/grup-serban.ro\\\/panificatie\\\/gama-pro\\\/#breadcrumb\",\"itemListElement\":[{\"@type\":\"ListItem\",\"position\":1,\"name\":\"Home\",\"item\":\"https:\\\/\\\/grup-serban.ro\\\/\"},{\"@type\":\"ListItem\",\"position\":2,\"name\":\"Panificatie\",\"item\":\"https:\\\/\\\/grup-serban.ro\\\/panificatie\\\/\"},{\"@type\":\"ListItem\",\"position\":3,\"name\":\"Gama PRO\"}]},{\"@type\":\"WebSite\",\"@id\":\"https:\\\/\\\/grup-serban.ro\\\/#website\",\"url\":\"https:\\\/\\\/grup-serban.ro\\\/\",\"name\":\"Grup Serban\",\"description\":\"Cu si Despre Oameni\",\"publisher\":{\"@id\":\"https:\\\/\\\/grup-serban.ro\\\/#organization\"},\"potentialAction\":[{\"@type\":\"SearchAction\",\"target\":{\"@type\":\"EntryPoint\",\"urlTemplate\":\"https:\\\/\\\/grup-serban.ro\\\/?s={search_term_string}\"},\"query-input\":{\"@type\":\"PropertyValueSpecification\",\"valueRequired\":true,\"valueName\":\"search_term_string\"}}],\"inLanguage\":\"en-US\"},{\"@type\":\"Organization\",\"@id\":\"https:\\\/\\\/grup-serban.ro\\\/#organization\",\"name\":\"Grup Serban\",\"url\":\"https:\\\/\\\/grup-serban.ro\\\/\",\"logo\":{\"@type\":\"ImageObject\",\"inLanguage\":\"en-US\",\"@id\":\"https:\\\/\\\/grup-serban.ro\\\/#\\\/schema\\\/logo\\\/image\\\/\",\"url\":\"https:\\\/\\\/grup-serban.ro\\\/wp-content\\\/uploads\\\/2022\\\/07\\\/GS-original-300x169-1-1.png\",\"contentUrl\":\"https:\\\/\\\/grup-serban.ro\\\/wp-content\\\/uploads\\\/2022\\\/07\\\/GS-original-300x169-1-1.png\",\"width\":300,\"height\":169,\"caption\":\"Grup Serban\"},\"image\":{\"@id\":\"https:\\\/\\\/grup-serban.ro\\\/#\\\/schema\\\/logo\\\/image\\\/\"},\"sameAs\":[\"https:\\\/\\\/www.facebook.com\\\/GrupSerban\\\/\"]}]}<\/script>\n<!-- \/ Yoast SEO plugin. -->","yoast_head_json":{"title":"Gama PRO - Grup Serban","robots":{"index":"index","follow":"follow","max-snippet":"max-snippet:-1","max-image-preview":"max-image-preview:large","max-video-preview":"max-video-preview:-1"},"canonical":"https:\/\/grup-serban.ro\/en\/panificatie\/gama-pro\/","og_locale":"en_US","og_type":"article","og_title":"Gama PRO - Grup Serban","og_description":"GRANERO Panifica\u021bie O p\u00e2ine bun\u0103 se creeaz\u0103 \u00een timp! ProkornMix de 8 semin\u021be \u0219i cereale\u00a0 Vezi detalii Proseeds16% amestec de semin\u021be Vezi detalii ProspeltaCombina\u021bie cu boabe de alac Vezi detalii ProintegralDietetic\u0103 Vezi detalii","og_url":"https:\/\/grup-serban.ro\/en\/panificatie\/gama-pro\/","og_site_name":"Grup Serban","article_publisher":"https:\/\/www.facebook.com\/GrupSerban\/","article_modified_time":"2023-11-08T14:42:07+00:00","og_image":[{"url":"https:\/\/grup-serban.ro\/wp-content\/uploads\/2022\/10\/PROKORN-scaled.jpg","type":"","width":"","height":""}],"twitter_card":"summary_large_image","twitter_misc":{"Est. reading time":"2 minutes"},"schema":{"@context":"https:\/\/schema.org","@graph":[{"@type":"WebPage","@id":"https:\/\/grup-serban.ro\/panificatie\/gama-pro\/","url":"https:\/\/grup-serban.ro\/panificatie\/gama-pro\/","name":"Gama PRO - Grup Serban","isPartOf":{"@id":"https:\/\/grup-serban.ro\/#website"},"primaryImageOfPage":{"@id":"https:\/\/grup-serban.ro\/panificatie\/gama-pro\/#primaryimage"},"image":{"@id":"https:\/\/grup-serban.ro\/panificatie\/gama-pro\/#primaryimage"},"thumbnailUrl":"https:\/\/grup-serban.ro\/wp-content\/uploads\/2022\/10\/PROKORN-scaled.jpg","datePublished":"2022-08-01T10:36:43+00:00","dateModified":"2023-11-08T14:42:07+00:00","breadcrumb":{"@id":"https:\/\/grup-serban.ro\/panificatie\/gama-pro\/#breadcrumb"},"inLanguage":"en-US","potentialAction":[{"@type":"ReadAction","target":["https:\/\/grup-serban.ro\/panificatie\/gama-pro\/"]}]},{"@type":"ImageObject","inLanguage":"en-US","@id":"https:\/\/grup-serban.ro\/panificatie\/gama-pro\/#primaryimage","url":"https:\/\/grup-serban.ro\/wp-content\/uploads\/2022\/10\/PROKORN-scaled.jpg","contentUrl":"https:\/\/grup-serban.ro\/wp-content\/uploads\/2022\/10\/PROKORN-scaled.jpg"},{"@type":"BreadcrumbList","@id":"https:\/\/grup-serban.ro\/panificatie\/gama-pro\/#breadcrumb","itemListElement":[{"@type":"ListItem","position":1,"name":"Home","item":"https:\/\/grup-serban.ro\/"},{"@type":"ListItem","position":2,"name":"Panificatie","item":"https:\/\/grup-serban.ro\/panificatie\/"},{"@type":"ListItem","position":3,"name":"Gama PRO"}]},{"@type":"WebSite","@id":"https:\/\/grup-serban.ro\/#website","url":"https:\/\/grup-serban.ro\/","name":"Grup Serban","description":"Cu si Despre Oameni","publisher":{"@id":"https:\/\/grup-serban.ro\/#organization"},"potentialAction":[{"@type":"SearchAction","target":{"@type":"EntryPoint","urlTemplate":"https:\/\/grup-serban.ro\/?s={search_term_string}"},"query-input":{"@type":"PropertyValueSpecification","valueRequired":true,"valueName":"search_term_string"}}],"inLanguage":"en-US"},{"@type":"Organization","@id":"https:\/\/grup-serban.ro\/#organization","name":"Grup Serban","url":"https:\/\/grup-serban.ro\/","logo":{"@type":"ImageObject","inLanguage":"en-US","@id":"https:\/\/grup-serban.ro\/#\/schema\/logo\/image\/","url":"https:\/\/grup-serban.ro\/wp-content\/uploads\/2022\/07\/GS-original-300x169-1-1.png","contentUrl":"https:\/\/grup-serban.ro\/wp-content\/uploads\/2022\/07\/GS-original-300x169-1-1.png","width":300,"height":169,"caption":"Grup Serban"},"image":{"@id":"https:\/\/grup-serban.ro\/#\/schema\/logo\/image\/"},"sameAs":["https:\/\/www.facebook.com\/GrupSerban\/"]}]}},"_links":{"self":[{"href":"https:\/\/grup-serban.ro\/en\/wp-json\/wp\/v2\/pages\/1707","targetHints":{"allow":["GET"]}}],"collection":[{"href":"https:\/\/grup-serban.ro\/en\/wp-json\/wp\/v2\/pages"}],"about":[{"href":"https:\/\/grup-serban.ro\/en\/wp-json\/wp\/v2\/types\/page"}],"author":[{"embeddable":true,"href":"https:\/\/grup-serban.ro\/en\/wp-json\/wp\/v2\/users\/1"}],"replies":[{"embeddable":true,"href":"https:\/\/grup-serban.ro\/en\/wp-json\/wp\/v2\/comments?post=1707"}],"version-history":[{"count":0,"href":"https:\/\/grup-serban.ro\/en\/wp-json\/wp\/v2\/pages\/1707\/revisions"}],"up":[{"embeddable":true,"href":"https:\/\/grup-serban.ro\/en\/wp-json\/wp\/v2\/pages\/1568"}],"wp:attachment":[{"href":"https:\/\/grup-serban.ro\/en\/wp-json\/wp\/v2\/media?parent=1707"}],"curies":[{"name":"wp","href":"https:\/\/api.w.org\/{rel}","templated":true}]}}