{"id":1568,"date":"2022-07-29T10:45:39","date_gmt":"2022-07-29T07:45:39","guid":{"rendered":"https:\/\/grup-serban.ro\/?page_id=1568"},"modified":"2023-11-08T16:38:36","modified_gmt":"2023-11-08T14:38:36","slug":"panificatie","status":"publish","type":"page","link":"https:\/\/grup-serban.ro\/en\/panificatie\/","title":{"rendered":"Panificatie"},"content":{"rendered":"<div data-elementor-type=\"wp-page\" data-elementor-id=\"1568\" class=\"elementor elementor-1568\">\n\t\t\t\t\t\t<section class=\"elementor-section elementor-top-section elementor-element elementor-element-f725207 elementor-section-full_width elementor-section-stretched elementor-section-height-default elementor-section-height-default\" data-id=\"f725207\" data-element_type=\"section\" data-e-type=\"section\" data-settings=\"{&quot;stretch_section&quot;:&quot;section-stretched&quot;}\">\n\t\t\t\t\t\t<div class=\"elementor-container elementor-column-gap-no\">\n\t\t\t\t\t<div class=\"elementor-column elementor-col-100 elementor-top-column elementor-element elementor-element-887e522\" data-id=\"887e522\" data-element_type=\"column\" data-e-type=\"column\">\n\t\t\t<div class=\"elementor-widget-wrap elementor-element-populated\">\n\t\t\t\t\t\t<div class=\"elementor-element elementor-element-c6c26d7 elementor-align-left elementor-widget elementor-widget-bdevs-banner-other\" data-id=\"c6c26d7\" data-element_type=\"widget\" data-e-type=\"widget\" data-widget_type=\"bdevs-banner-other.default\">\n\t\t\t\t<div class=\"elementor-widget-container\">\n\t\t\t\t\t  \r\n<section>\r\n    <div class=\"pages-hero\" style=\"background-image:url(https:\/\/grup-serban.ro\/wp-content\/uploads\/2022\/08\/image00003-scaled.jpeg)\">\r\n        <div class=\"container\">\r\n            <div class=\"pages-title\">\r\n            \t                <h5>Granero<\/h5>\r\n                                \t            <h1>BAKERY<\/h1>\r\n\t            \t                            <p>Good bread is created in time!<\/p>\r\n                            <\/div>\r\n        <\/div>\r\n    <\/div>\r\n<\/section>\r\n\t\t\t\t\t<\/div>\n\t\t\t\t<\/div>\n\t\t\t\t\t<\/div>\n\t\t<\/div>\n\t\t\t\t\t<\/div>\n\t\t<\/section>\n\t\t\t\t<section class=\"elementor-section elementor-top-section elementor-element elementor-element-29edf53 elementor-section-boxed elementor-section-height-default elementor-section-height-default\" data-id=\"29edf53\" data-element_type=\"section\" data-e-type=\"section\">\n\t\t\t\t\t\t<div class=\"elementor-container elementor-column-gap-default\">\n\t\t\t\t\t<div class=\"elementor-column elementor-col-100 elementor-top-column elementor-element elementor-element-fa69624\" data-id=\"fa69624\" data-element_type=\"column\" data-e-type=\"column\">\n\t\t\t<div class=\"elementor-widget-wrap elementor-element-populated\">\n\t\t\t\t\t\t<div class=\"elementor-element elementor-element-715bca5 elementor-widget elementor-widget-text-editor\" data-id=\"715bca5\" data-element_type=\"widget\" data-e-type=\"widget\" data-widget_type=\"text-editor.default\">\n\t\t\t\t\t\t\t\t\t<h1 style=\"text-align: center;\"><strong>Kneading with Passion<\/strong><\/h1><p style=\"text-align: center;\">\u00a0View our range of bakery products.<\/p><p style=\"text-align: center;\">\u00a0<\/p>\t\t\t\t\t\t\t\t<\/div>\n\t\t\t\t\t<\/div>\n\t\t<\/div>\n\t\t\t\t\t<\/div>\n\t\t<\/section>\n\t\t\t\t<section class=\"elementor-section elementor-top-section elementor-element elementor-element-f4982a8 elementor-section-boxed elementor-section-height-default elementor-section-height-default\" data-id=\"f4982a8\" data-element_type=\"section\" data-e-type=\"section\">\n\t\t\t\t\t\t<div class=\"elementor-container elementor-column-gap-default\">\n\t\t\t\t\t<div class=\"elementor-column elementor-col-50 elementor-top-column elementor-element elementor-element-70263af\" data-id=\"70263af\" data-element_type=\"column\" data-e-type=\"column\">\n\t\t\t<div class=\"elementor-widget-wrap elementor-element-populated\">\n\t\t\t\t\t\t<div class=\"elementor-element elementor-element-b16bfde elementor-widget elementor-widget-text-editor\" data-id=\"b16bfde\" data-element_type=\"widget\" data-e-type=\"widget\" data-widget_type=\"text-editor.default\">\n\t\t\t\t\t\t\t\t\t<h3>Gama PRO<\/h3>\t\t\t\t\t\t\t\t<\/div>\n\t\t\t\t<div class=\"elementor-element elementor-element-6653fdb elementor-widget elementor-widget-image\" data-id=\"6653fdb\" data-element_type=\"widget\" data-e-type=\"widget\" data-widget_type=\"image.default\">\n\t\t\t\t\t\t\t\t\t\t\t\t\t\t\t<img fetchpriority=\"high\" decoding=\"async\" width=\"900\" height=\"900\" src=\"https:\/\/grup-serban.ro\/wp-content\/uploads\/2023\/11\/GAMA-PRO-1024x1024.png\" class=\"attachment-large size-large wp-image-5660\" alt=\"\" srcset=\"https:\/\/grup-serban.ro\/wp-content\/uploads\/2023\/11\/GAMA-PRO-1024x1024.png 1024w, https:\/\/grup-serban.ro\/wp-content\/uploads\/2023\/11\/GAMA-PRO-300x300.png 300w, https:\/\/grup-serban.ro\/wp-content\/uploads\/2023\/11\/GAMA-PRO-150x150.png 150w, https:\/\/grup-serban.ro\/wp-content\/uploads\/2023\/11\/GAMA-PRO-768x768.png 768w, https:\/\/grup-serban.ro\/wp-content\/uploads\/2023\/11\/GAMA-PRO-12x12.png 12w, https:\/\/grup-serban.ro\/wp-content\/uploads\/2023\/11\/GAMA-PRO.png 1477w\" sizes=\"(max-width: 900px) 100vw, 900px\" \/>\t\t\t\t\t\t\t\t\t\t\t\t\t\t\t<\/div>\n\t\t\t\t<div class=\"elementor-element elementor-element-789dd7e elementor-button-info elementor-align-center elementor-widget elementor-widget-button\" data-id=\"789dd7e\" data-element_type=\"widget\" data-e-type=\"widget\" data-widget_type=\"button.default\">\n\t\t\t\t\t\t\t\t\t\t<a class=\"elementor-button elementor-button-link elementor-size-md\" href=\"https:\/\/grup-serban.ro\/en\/panificatie\/gama-pro\/\">\n\t\t\t\t\t\t<span class=\"elementor-button-content-wrapper\">\n\t\t\t\t\t\t\t\t\t<span class=\"elementor-button-text\">View products<\/span>\n\t\t\t\t\t<\/span>\n\t\t\t\t\t<\/a>\n\t\t\t\t\t\t\t\t<\/div>\n\t\t\t\t<div class=\"elementor-element elementor-element-babef62 elementor-widget elementor-widget-text-editor\" data-id=\"babef62\" data-element_type=\"widget\" data-e-type=\"widget\" data-widget_type=\"text-editor.default\">\n\t\t\t\t\t\t\t\t\t<p>Source of Fibres<\/p>\n<p><span style=\"color: var(--paragraph-color); font-family: Jost; font-size: 15px; letter-spacing: 0px; word-spacing: 0.4em;\">Breads with different seeds<\/span><\/p>\t\t\t\t\t\t\t\t<\/div>\n\t\t\t\t\t<\/div>\n\t\t<\/div>\n\t\t\t\t<div class=\"elementor-column elementor-col-50 elementor-top-column elementor-element elementor-element-e3da7bd\" data-id=\"e3da7bd\" data-element_type=\"column\" data-e-type=\"column\">\n\t\t\t<div class=\"elementor-widget-wrap elementor-element-populated\">\n\t\t\t\t\t\t<div class=\"elementor-element elementor-element-4b83563 elementor-widget elementor-widget-text-editor\" data-id=\"4b83563\" data-element_type=\"widget\" data-e-type=\"widget\" data-widget_type=\"text-editor.default\">\n\t\t\t\t\t\t\t\t\t<h3>Gama R\u0103ze\u0219i<\/h3>\t\t\t\t\t\t\t\t<\/div>\n\t\t\t\t<div class=\"elementor-element elementor-element-6105999 elementor-widget elementor-widget-image\" data-id=\"6105999\" data-element_type=\"widget\" data-e-type=\"widget\" data-widget_type=\"image.default\">\n\t\t\t\t\t\t\t\t\t\t\t\t\t\t\t<img decoding=\"async\" width=\"900\" height=\"900\" src=\"https:\/\/grup-serban.ro\/wp-content\/uploads\/2023\/01\/SIMULARI-IMPREUNA-1024x1024.jpg\" class=\"attachment-large size-large wp-image-5013\" alt=\"\" srcset=\"https:\/\/grup-serban.ro\/wp-content\/uploads\/2023\/01\/SIMULARI-IMPREUNA-1024x1024.jpg 1024w, https:\/\/grup-serban.ro\/wp-content\/uploads\/2023\/01\/SIMULARI-IMPREUNA-300x300.jpg 300w, https:\/\/grup-serban.ro\/wp-content\/uploads\/2023\/01\/SIMULARI-IMPREUNA-150x150.jpg 150w, https:\/\/grup-serban.ro\/wp-content\/uploads\/2023\/01\/SIMULARI-IMPREUNA-768x768.jpg 768w, https:\/\/grup-serban.ro\/wp-content\/uploads\/2023\/01\/SIMULARI-IMPREUNA-1536x1536.jpg 1536w, https:\/\/grup-serban.ro\/wp-content\/uploads\/2023\/01\/SIMULARI-IMPREUNA-2048x2048.jpg 2048w, https:\/\/grup-serban.ro\/wp-content\/uploads\/2023\/01\/SIMULARI-IMPREUNA-12x12.jpg 12w\" sizes=\"(max-width: 900px) 100vw, 900px\" \/>\t\t\t\t\t\t\t\t\t\t\t\t\t\t\t<\/div>\n\t\t\t\t<div class=\"elementor-element elementor-element-f4f8660 elementor-button-info elementor-align-center elementor-widget elementor-widget-button\" data-id=\"f4f8660\" data-element_type=\"widget\" data-e-type=\"widget\" data-widget_type=\"button.default\">\n\t\t\t\t\t\t\t\t\t\t<a class=\"elementor-button elementor-button-link elementor-size-md\" href=\"https:\/\/grup-serban.ro\/en\/panificatie\/gama-razesi\/\">\n\t\t\t\t\t\t<span class=\"elementor-button-content-wrapper\">\n\t\t\t\t\t\t\t\t\t<span class=\"elementor-button-text\">View products<\/span>\n\t\t\t\t\t<\/span>\n\t\t\t\t\t<\/a>\n\t\t\t\t\t\t\t\t<\/div>\n\t\t\t\t<div class=\"elementor-element elementor-element-d7f6f5c elementor-widget elementor-widget-text-editor\" data-id=\"d7f6f5c\" data-element_type=\"widget\" data-e-type=\"widget\" data-widget_type=\"text-editor.default\">\n\t\t\t\t\t\t\t\t\t<p>Baked on a hearth with 40% sourdough<\/p><p>Traditional breads<\/p>\t\t\t\t\t\t\t\t<\/div>\n\t\t\t\t\t<\/div>\n\t\t<\/div>\n\t\t\t\t\t<\/div>\n\t\t<\/section>\n\t\t\t\t<section class=\"elementor-section elementor-top-section elementor-element elementor-element-10a342c elementor-section-boxed elementor-section-height-default elementor-section-height-default\" data-id=\"10a342c\" data-element_type=\"section\" data-e-type=\"section\">\n\t\t\t\t\t\t<div class=\"elementor-container elementor-column-gap-default\">\n\t\t\t\t\t<div class=\"elementor-column elementor-col-50 elementor-top-column elementor-element elementor-element-0ef6470\" data-id=\"0ef6470\" data-element_type=\"column\" data-e-type=\"column\">\n\t\t\t<div class=\"elementor-widget-wrap elementor-element-populated\">\n\t\t\t\t\t\t<div class=\"elementor-element elementor-element-493004f elementor-widget elementor-widget-text-editor\" data-id=\"493004f\" data-element_type=\"widget\" data-e-type=\"widget\" data-widget_type=\"text-editor.default\">\n\t\t\t\t\t\t\t\t\t<h3>Gama Special<\/h3>\t\t\t\t\t\t\t\t<\/div>\n\t\t\t\t<div class=\"elementor-element elementor-element-dedf0a4 elementor-widget elementor-widget-image\" data-id=\"dedf0a4\" data-element_type=\"widget\" data-e-type=\"widget\" data-widget_type=\"image.default\">\n\t\t\t\t\t\t\t\t\t\t\t\t\t\t\t<img decoding=\"async\" width=\"1600\" height=\"1600\" src=\"https:\/\/grup-serban.ro\/wp-content\/uploads\/2022\/10\/WhatsApp-Image-2022-10-31-at-10.19.40.jpg\" class=\"attachment-full size-full wp-image-4612\" alt=\"\" srcset=\"https:\/\/grup-serban.ro\/wp-content\/uploads\/2022\/10\/WhatsApp-Image-2022-10-31-at-10.19.40.jpg 1600w, https:\/\/grup-serban.ro\/wp-content\/uploads\/2022\/10\/WhatsApp-Image-2022-10-31-at-10.19.40-300x300.jpg 300w, https:\/\/grup-serban.ro\/wp-content\/uploads\/2022\/10\/WhatsApp-Image-2022-10-31-at-10.19.40-1024x1024.jpg 1024w, https:\/\/grup-serban.ro\/wp-content\/uploads\/2022\/10\/WhatsApp-Image-2022-10-31-at-10.19.40-150x150.jpg 150w, https:\/\/grup-serban.ro\/wp-content\/uploads\/2022\/10\/WhatsApp-Image-2022-10-31-at-10.19.40-768x768.jpg 768w, https:\/\/grup-serban.ro\/wp-content\/uploads\/2022\/10\/WhatsApp-Image-2022-10-31-at-10.19.40-1536x1536.jpg 1536w, https:\/\/grup-serban.ro\/wp-content\/uploads\/2022\/10\/WhatsApp-Image-2022-10-31-at-10.19.40-12x12.jpg 12w\" sizes=\"(max-width: 1600px) 100vw, 1600px\" \/>\t\t\t\t\t\t\t\t\t\t\t\t\t\t\t<\/div>\n\t\t\t\t<div class=\"elementor-element elementor-element-bf5f994 elementor-button-info elementor-align-center elementor-widget elementor-widget-button\" data-id=\"bf5f994\" data-element_type=\"widget\" data-e-type=\"widget\" data-widget_type=\"button.default\">\n\t\t\t\t\t\t\t\t\t\t<a class=\"elementor-button elementor-button-link elementor-size-md\" href=\"https:\/\/grup-serban.ro\/en\/panificatie\/gama-speciala\/\">\n\t\t\t\t\t\t<span class=\"elementor-button-content-wrapper\">\n\t\t\t\t\t\t\t\t\t<span class=\"elementor-button-text\">View products<\/span>\n\t\t\t\t\t<\/span>\n\t\t\t\t\t<\/a>\n\t\t\t\t\t\t\t\t<\/div>\n\t\t\t\t<div class=\"elementor-element elementor-element-da00333 elementor-widget elementor-widget-text-editor\" data-id=\"da00333\" data-element_type=\"widget\" data-e-type=\"widget\" data-widget_type=\"text-editor.default\">\n\t\t\t\t\t\t\t\t\t<p>Special for your health<\/p>\n<p>Dedicated breads&nbsp;<\/p>\t\t\t\t\t\t\t\t<\/div>\n\t\t\t\t\t<\/div>\n\t\t<\/div>\n\t\t\t\t<div class=\"elementor-column elementor-col-50 elementor-top-column elementor-element elementor-element-c1897ef\" data-id=\"c1897ef\" data-element_type=\"column\" data-e-type=\"column\">\n\t\t\t<div class=\"elementor-widget-wrap elementor-element-populated\">\n\t\t\t\t\t\t<div class=\"elementor-element elementor-element-189bfe7 elementor-widget elementor-widget-text-editor\" data-id=\"189bfe7\" data-element_type=\"widget\" data-e-type=\"widget\" data-widget_type=\"text-editor.default\">\n\t\t\t\t\t\t\t\t\t<h3>Gama Super<\/h3>\t\t\t\t\t\t\t\t<\/div>\n\t\t\t\t<div class=\"elementor-element elementor-element-0b030e6 elementor-widget elementor-widget-image\" data-id=\"0b030e6\" data-element_type=\"widget\" data-e-type=\"widget\" data-widget_type=\"image.default\">\n\t\t\t\t\t\t\t\t\t\t\t\t\t\t\t<img loading=\"lazy\" decoding=\"async\" width=\"900\" height=\"900\" src=\"https:\/\/grup-serban.ro\/wp-content\/uploads\/2022\/10\/SUPER-1024x1024.jpg\" class=\"attachment-large size-large wp-image-4372\" alt=\"\" srcset=\"https:\/\/grup-serban.ro\/wp-content\/uploads\/2022\/10\/SUPER-1024x1024.jpg 1024w, https:\/\/grup-serban.ro\/wp-content\/uploads\/2022\/10\/SUPER-300x300.jpg 300w, https:\/\/grup-serban.ro\/wp-content\/uploads\/2022\/10\/SUPER-150x150.jpg 150w, https:\/\/grup-serban.ro\/wp-content\/uploads\/2022\/10\/SUPER-768x768.jpg 768w, https:\/\/grup-serban.ro\/wp-content\/uploads\/2022\/10\/SUPER-1536x1536.jpg 1536w, https:\/\/grup-serban.ro\/wp-content\/uploads\/2022\/10\/SUPER-2048x2048.jpg 2048w, https:\/\/grup-serban.ro\/wp-content\/uploads\/2022\/10\/SUPER-12x12.jpg 12w\" sizes=\"(max-width: 900px) 100vw, 900px\" \/>\t\t\t\t\t\t\t\t\t\t\t\t\t\t\t<\/div>\n\t\t\t\t<div class=\"elementor-element elementor-element-e6a19fa elementor-button-info elementor-align-center elementor-widget elementor-widget-button\" data-id=\"e6a19fa\" data-element_type=\"widget\" data-e-type=\"widget\" data-widget_type=\"button.default\">\n\t\t\t\t\t\t\t\t\t\t<a class=\"elementor-button elementor-button-link elementor-size-md\" href=\"https:\/\/grup-serban.ro\/en\/panificatie\/gama-super\/\">\n\t\t\t\t\t\t<span class=\"elementor-button-content-wrapper\">\n\t\t\t\t\t\t\t\t\t<span class=\"elementor-button-text\">View products<\/span>\n\t\t\t\t\t<\/span>\n\t\t\t\t\t<\/a>\n\t\t\t\t\t\t\t\t<\/div>\n\t\t\t\t<div class=\"elementor-element elementor-element-5ac2d2f elementor-widget elementor-widget-text-editor\" data-id=\"5ac2d2f\" data-element_type=\"widget\" data-e-type=\"widget\" data-widget_type=\"text-editor.default\">\n\t\t\t\t\t\t\t\t\t<p>Authentic Romanian taste, from Romanian wheat<\/p><p>Classic breads with 40% sourdough<\/p>\t\t\t\t\t\t\t\t<\/div>\n\t\t\t\t\t<\/div>\n\t\t<\/div>\n\t\t\t\t\t<\/div>\n\t\t<\/section>\n\t\t\t\t<\/div>","protected":false},"excerpt":{"rendered":"<p>Granero PANIFICA\u021aIE O p\u00e2ine bun\u0103 se creeaz\u0103 \u00een timp! Pl\u0103m\u0103dim cu suflet!\u00a0Vizioaneaz\u0103 gama noastr\u0103 de produse de panifica\u021bie\u00a0Gama PRO Vezi produsele Surs\u0103 de fibre P\u00e2ini cu semin\u021beGama R\u0103ze\u0219i Vezi produsele Coapt\u0103 pe vatr\u0103 cu Maia 40%P\u00e2ini tradi\u021bionaleGama Special\u0103 Vezi produsele Speciale pentru s\u0103n\u0103tatea ta P\u00e2ini dedicate&nbsp;Gama Super Vezi produsele Gust autentic rom\u00e2nesc, din gr\u00e2u rom\u00e2nescP\u00e2ini [&hellip;]<\/p>\n","protected":false},"author":1,"featured_media":0,"parent":0,"menu_order":0,"comment_status":"closed","ping_status":"closed","template":"","meta":{"footnotes":""},"class_list":["post-1568","page","type-page","status-publish","hentry"],"yoast_head":"<!-- This site is optimized with the Yoast SEO plugin v27.5 - https:\/\/yoast.com\/product\/yoast-seo-wordpress\/ -->\n<title>Panificatie - Grup Serban<\/title>\n<meta name=\"robots\" content=\"index, follow, max-snippet:-1, max-image-preview:large, max-video-preview:-1\" \/>\n<link rel=\"canonical\" href=\"https:\/\/grup-serban.ro\/en\/panificatie\/\" \/>\n<meta property=\"og:locale\" content=\"en_US\" \/>\n<meta property=\"og:type\" content=\"article\" \/>\n<meta property=\"og:title\" content=\"Panificatie - Grup Serban\" \/>\n<meta property=\"og:description\" content=\"Granero PANIFICA\u021aIE O p\u00e2ine bun\u0103 se creeaz\u0103 \u00een timp! Pl\u0103m\u0103dim cu suflet!\u00a0Vizioaneaz\u0103 gama noastr\u0103 de produse de panifica\u021bie\u00a0Gama PRO Vezi produsele Surs\u0103 de fibre P\u00e2ini cu semin\u021beGama R\u0103ze\u0219i Vezi produsele Coapt\u0103 pe vatr\u0103 cu Maia 40%P\u00e2ini tradi\u021bionaleGama Special\u0103 Vezi produsele Speciale pentru s\u0103n\u0103tatea ta P\u00e2ini dedicate&nbsp;Gama Super Vezi produsele Gust autentic rom\u00e2nesc, din gr\u00e2u rom\u00e2nescP\u00e2ini [&hellip;]\" \/>\n<meta property=\"og:url\" content=\"https:\/\/grup-serban.ro\/en\/panificatie\/\" \/>\n<meta property=\"og:site_name\" content=\"Grup Serban\" \/>\n<meta property=\"article:publisher\" content=\"https:\/\/www.facebook.com\/GrupSerban\/\" \/>\n<meta property=\"article:modified_time\" content=\"2023-11-08T14:38:36+00:00\" \/>\n<meta property=\"og:image\" content=\"https:\/\/grup-serban.ro\/wp-content\/uploads\/2023\/11\/GAMA-PRO-1024x1024.png\" \/>\n<meta name=\"twitter:card\" content=\"summary_large_image\" \/>\n<meta name=\"twitter:label1\" content=\"Est. reading time\" \/>\n\t<meta name=\"twitter:data1\" content=\"2 minutes\" \/>\n<script type=\"application\/ld+json\" class=\"yoast-schema-graph\">{\"@context\":\"https:\\\/\\\/schema.org\",\"@graph\":[{\"@type\":\"WebPage\",\"@id\":\"https:\\\/\\\/grup-serban.ro\\\/panificatie\\\/\",\"url\":\"https:\\\/\\\/grup-serban.ro\\\/panificatie\\\/\",\"name\":\"Panificatie - Grup Serban\",\"isPartOf\":{\"@id\":\"https:\\\/\\\/grup-serban.ro\\\/#website\"},\"primaryImageOfPage\":{\"@id\":\"https:\\\/\\\/grup-serban.ro\\\/panificatie\\\/#primaryimage\"},\"image\":{\"@id\":\"https:\\\/\\\/grup-serban.ro\\\/panificatie\\\/#primaryimage\"},\"thumbnailUrl\":\"https:\\\/\\\/grup-serban.ro\\\/wp-content\\\/uploads\\\/2023\\\/11\\\/GAMA-PRO-1024x1024.png\",\"datePublished\":\"2022-07-29T07:45:39+00:00\",\"dateModified\":\"2023-11-08T14:38:36+00:00\",\"breadcrumb\":{\"@id\":\"https:\\\/\\\/grup-serban.ro\\\/panificatie\\\/#breadcrumb\"},\"inLanguage\":\"en-US\",\"potentialAction\":[{\"@type\":\"ReadAction\",\"target\":[\"https:\\\/\\\/grup-serban.ro\\\/panificatie\\\/\"]}]},{\"@type\":\"ImageObject\",\"inLanguage\":\"en-US\",\"@id\":\"https:\\\/\\\/grup-serban.ro\\\/panificatie\\\/#primaryimage\",\"url\":\"https:\\\/\\\/grup-serban.ro\\\/wp-content\\\/uploads\\\/2023\\\/11\\\/GAMA-PRO-1024x1024.png\",\"contentUrl\":\"https:\\\/\\\/grup-serban.ro\\\/wp-content\\\/uploads\\\/2023\\\/11\\\/GAMA-PRO-1024x1024.png\"},{\"@type\":\"BreadcrumbList\",\"@id\":\"https:\\\/\\\/grup-serban.ro\\\/panificatie\\\/#breadcrumb\",\"itemListElement\":[{\"@type\":\"ListItem\",\"position\":1,\"name\":\"Home\",\"item\":\"https:\\\/\\\/grup-serban.ro\\\/\"},{\"@type\":\"ListItem\",\"position\":2,\"name\":\"Panificatie\"}]},{\"@type\":\"WebSite\",\"@id\":\"https:\\\/\\\/grup-serban.ro\\\/#website\",\"url\":\"https:\\\/\\\/grup-serban.ro\\\/\",\"name\":\"Grup Serban\",\"description\":\"Cu si Despre Oameni\",\"publisher\":{\"@id\":\"https:\\\/\\\/grup-serban.ro\\\/#organization\"},\"potentialAction\":[{\"@type\":\"SearchAction\",\"target\":{\"@type\":\"EntryPoint\",\"urlTemplate\":\"https:\\\/\\\/grup-serban.ro\\\/?s={search_term_string}\"},\"query-input\":{\"@type\":\"PropertyValueSpecification\",\"valueRequired\":true,\"valueName\":\"search_term_string\"}}],\"inLanguage\":\"en-US\"},{\"@type\":\"Organization\",\"@id\":\"https:\\\/\\\/grup-serban.ro\\\/#organization\",\"name\":\"Grup Serban\",\"url\":\"https:\\\/\\\/grup-serban.ro\\\/\",\"logo\":{\"@type\":\"ImageObject\",\"inLanguage\":\"en-US\",\"@id\":\"https:\\\/\\\/grup-serban.ro\\\/#\\\/schema\\\/logo\\\/image\\\/\",\"url\":\"https:\\\/\\\/grup-serban.ro\\\/wp-content\\\/uploads\\\/2022\\\/07\\\/GS-original-300x169-1-1.png\",\"contentUrl\":\"https:\\\/\\\/grup-serban.ro\\\/wp-content\\\/uploads\\\/2022\\\/07\\\/GS-original-300x169-1-1.png\",\"width\":300,\"height\":169,\"caption\":\"Grup Serban\"},\"image\":{\"@id\":\"https:\\\/\\\/grup-serban.ro\\\/#\\\/schema\\\/logo\\\/image\\\/\"},\"sameAs\":[\"https:\\\/\\\/www.facebook.com\\\/GrupSerban\\\/\"]}]}<\/script>\n<!-- \/ Yoast SEO plugin. -->","yoast_head_json":{"title":"Panificatie - Grup Serban","robots":{"index":"index","follow":"follow","max-snippet":"max-snippet:-1","max-image-preview":"max-image-preview:large","max-video-preview":"max-video-preview:-1"},"canonical":"https:\/\/grup-serban.ro\/en\/panificatie\/","og_locale":"en_US","og_type":"article","og_title":"Panificatie - Grup Serban","og_description":"Granero PANIFICA\u021aIE O p\u00e2ine bun\u0103 se creeaz\u0103 \u00een timp! Pl\u0103m\u0103dim cu suflet!\u00a0Vizioaneaz\u0103 gama noastr\u0103 de produse de panifica\u021bie\u00a0Gama PRO Vezi produsele Surs\u0103 de fibre P\u00e2ini cu semin\u021beGama R\u0103ze\u0219i Vezi produsele Coapt\u0103 pe vatr\u0103 cu Maia 40%P\u00e2ini tradi\u021bionaleGama Special\u0103 Vezi produsele Speciale pentru s\u0103n\u0103tatea ta P\u00e2ini dedicate&nbsp;Gama Super Vezi produsele Gust autentic rom\u00e2nesc, din gr\u00e2u rom\u00e2nescP\u00e2ini [&hellip;]","og_url":"https:\/\/grup-serban.ro\/en\/panificatie\/","og_site_name":"Grup Serban","article_publisher":"https:\/\/www.facebook.com\/GrupSerban\/","article_modified_time":"2023-11-08T14:38:36+00:00","og_image":[{"url":"https:\/\/grup-serban.ro\/wp-content\/uploads\/2023\/11\/GAMA-PRO-1024x1024.png","type":"","width":"","height":""}],"twitter_card":"summary_large_image","twitter_misc":{"Est. reading time":"2 minutes"},"schema":{"@context":"https:\/\/schema.org","@graph":[{"@type":"WebPage","@id":"https:\/\/grup-serban.ro\/panificatie\/","url":"https:\/\/grup-serban.ro\/panificatie\/","name":"Panificatie - Grup Serban","isPartOf":{"@id":"https:\/\/grup-serban.ro\/#website"},"primaryImageOfPage":{"@id":"https:\/\/grup-serban.ro\/panificatie\/#primaryimage"},"image":{"@id":"https:\/\/grup-serban.ro\/panificatie\/#primaryimage"},"thumbnailUrl":"https:\/\/grup-serban.ro\/wp-content\/uploads\/2023\/11\/GAMA-PRO-1024x1024.png","datePublished":"2022-07-29T07:45:39+00:00","dateModified":"2023-11-08T14:38:36+00:00","breadcrumb":{"@id":"https:\/\/grup-serban.ro\/panificatie\/#breadcrumb"},"inLanguage":"en-US","potentialAction":[{"@type":"ReadAction","target":["https:\/\/grup-serban.ro\/panificatie\/"]}]},{"@type":"ImageObject","inLanguage":"en-US","@id":"https:\/\/grup-serban.ro\/panificatie\/#primaryimage","url":"https:\/\/grup-serban.ro\/wp-content\/uploads\/2023\/11\/GAMA-PRO-1024x1024.png","contentUrl":"https:\/\/grup-serban.ro\/wp-content\/uploads\/2023\/11\/GAMA-PRO-1024x1024.png"},{"@type":"BreadcrumbList","@id":"https:\/\/grup-serban.ro\/panificatie\/#breadcrumb","itemListElement":[{"@type":"ListItem","position":1,"name":"Home","item":"https:\/\/grup-serban.ro\/"},{"@type":"ListItem","position":2,"name":"Panificatie"}]},{"@type":"WebSite","@id":"https:\/\/grup-serban.ro\/#website","url":"https:\/\/grup-serban.ro\/","name":"Grup Serban","description":"Cu si Despre Oameni","publisher":{"@id":"https:\/\/grup-serban.ro\/#organization"},"potentialAction":[{"@type":"SearchAction","target":{"@type":"EntryPoint","urlTemplate":"https:\/\/grup-serban.ro\/?s={search_term_string}"},"query-input":{"@type":"PropertyValueSpecification","valueRequired":true,"valueName":"search_term_string"}}],"inLanguage":"en-US"},{"@type":"Organization","@id":"https:\/\/grup-serban.ro\/#organization","name":"Grup Serban","url":"https:\/\/grup-serban.ro\/","logo":{"@type":"ImageObject","inLanguage":"en-US","@id":"https:\/\/grup-serban.ro\/#\/schema\/logo\/image\/","url":"https:\/\/grup-serban.ro\/wp-content\/uploads\/2022\/07\/GS-original-300x169-1-1.png","contentUrl":"https:\/\/grup-serban.ro\/wp-content\/uploads\/2022\/07\/GS-original-300x169-1-1.png","width":300,"height":169,"caption":"Grup Serban"},"image":{"@id":"https:\/\/grup-serban.ro\/#\/schema\/logo\/image\/"},"sameAs":["https:\/\/www.facebook.com\/GrupSerban\/"]}]}},"_links":{"self":[{"href":"https:\/\/grup-serban.ro\/en\/wp-json\/wp\/v2\/pages\/1568","targetHints":{"allow":["GET"]}}],"collection":[{"href":"https:\/\/grup-serban.ro\/en\/wp-json\/wp\/v2\/pages"}],"about":[{"href":"https:\/\/grup-serban.ro\/en\/wp-json\/wp\/v2\/types\/page"}],"author":[{"embeddable":true,"href":"https:\/\/grup-serban.ro\/en\/wp-json\/wp\/v2\/users\/1"}],"replies":[{"embeddable":true,"href":"https:\/\/grup-serban.ro\/en\/wp-json\/wp\/v2\/comments?post=1568"}],"version-history":[{"count":0,"href":"https:\/\/grup-serban.ro\/en\/wp-json\/wp\/v2\/pages\/1568\/revisions"}],"wp:attachment":[{"href":"https:\/\/grup-serban.ro\/en\/wp-json\/wp\/v2\/media?parent=1568"}],"curies":[{"name":"wp","href":"https:\/\/api.w.org\/{rel}","templated":true}]}}